{"id":9968,"date":"2024-03-27T09:12:12","date_gmt":"2024-03-27T02:12:12","guid":{"rendered":"https:\/\/b2c.fairs.vn\/?post_type=product&#038;p=9968"},"modified":"2024-04-19T14:09:56","modified_gmt":"2024-04-19T07:09:56","slug":"nuoc-mam-nhi-ca-com-hoa-hiep-60-do-dam-chai-500ml","status":"publish","type":"product","link":"https:\/\/b2c.fairs.vn\/en\/product\/nuoc-mam-nhi-ca-com-hoa-hiep-60-do-dam-chai-500ml\/","title":{"rendered":"N\u01b0\u1edbc m\u1eafm nh\u0129 c\u00e1 c\u01a1m H\u00f2a Hi\u1ec7p (60 \u0111\u1ed9 \u0111\u1ea1m chai 500ml)"},"content":{"rendered":"<ul>\n<li>\u0110\u1ed9 \u0111\u1ea1m: 60 \u0111\u1ed9 \u0111\u1ea1m<\/li>\n<li>Dung t\u00edch: 500ml<\/li>\n<li>Th\u00e0nh ph\u1ea7n: N\u01b0\u1edbc m\u1eafm c\u00e1 c\u01a1m Ph\u00fa Qu\u1ed1c (98%), ch\u1ea5t \u0111i\u1ec1u v\u1ecb (E950), (E631), (E627)<\/li>\n<li>C\u00e1ch d\u00f9ng: D\u00f9ng l\u00e0m n\u01b0\u1edbc ch\u1ea5m ho\u1eb7c gia v\u1ecb n\u1ea5u \u0103n<\/li>\n<li>B\u1ea3o qu\u1ea3n: N\u01a1i kh\u00f4 r\u00e1o, tho\u00e1ng m\u00e1t, tr\u00e1nh \u00e1nh n\u1eafng tr\u1ef1c ti\u1ebfp, \u0111\u1eady k\u00edn sau khi s\u1eed d\u1ee5ng<\/li>\n<li>Th\u01b0\u01a1ng hi\u1ec7u: H\u00f2a Hi\u1ec7p (Vi\u1ec7t Nam)<\/li>\n<li>S\u1ea3n xu\u1ea5t t\u1ea1i: Vi\u1ec7t Nam<\/li>\n<\/ul>\n<p><img fetchpriority=\"high\" decoding=\"async\" src=\"https:\/\/sieuthido.com\/assets\/uploads\/images\/nuoc-mam-nhi-ca-com-hoa-hiep-60-do-dam-chai-500ml-2020uk.jpg\" alt=\"\" width=\"1024\" height=\"768\" \/><\/p>\n<p><img decoding=\"async\" src=\"https:\/\/sieuthido.com\/assets\/uploads\/images\/nuoc-mam-nhi-ca-com-hoa-hiep-60-do-dam-chai-500ml-2029-.jpg\" alt=\"\" width=\"1024\" height=\"768\" \/><\/p>","protected":false},"excerpt":{"rendered":"<p>\u0110\u1ed9 \u0111\u1ea1m: 60 \u0111\u1ed9 \u0111\u1ea1m Dung t\u00edch: 500ml Th\u00e0nh ph\u1ea7n: N\u01b0\u1edbc m\u1eafm c\u00e1 c\u01a1m Ph\u00fa Qu\u1ed1c (98%), ch\u1ea5t \u0111i\u1ec1u v\u1ecb<\/p>","protected":false},"featured_media":9989,"comment_status":"open","ping_status":"closed","template":"","meta":{"_acf_changed":false},"product_cat":[318,366,367,22,319],"product_tag":[],"class_list":{"0":"post-9968","1":"product","2":"type-product","3":"status-publish","4":"has-post-thumbnail","6":"product_cat-gia-vi","7":"product_cat-hang-cnnt-cap-qg","8":"product_cat-hang-cnnt-cap-qg-2023","9":"product_cat-sanphamthucpham","10":"product_cat-tuong-nuoc-mam-gia-vi-dang-long-khac","12":"first","13":"instock","14":"shipping-taxable","15":"purchasable","16":"product-type-simple"},"acf":[],"_links":{"self":[{"href":"https:\/\/b2c.fairs.vn\/en\/wp-json\/wp\/v2\/product\/9968","targetHints":{"allow":["GET"]}}],"collection":[{"href":"https:\/\/b2c.fairs.vn\/en\/wp-json\/wp\/v2\/product"}],"about":[{"href":"https:\/\/b2c.fairs.vn\/en\/wp-json\/wp\/v2\/types\/product"}],"replies":[{"embeddable":true,"href":"https:\/\/b2c.fairs.vn\/en\/wp-json\/wp\/v2\/comments?post=9968"}],"version-history":[{"count":0,"href":"https:\/\/b2c.fairs.vn\/en\/wp-json\/wp\/v2\/product\/9968\/revisions"}],"wp:featuredmedia":[{"embeddable":true,"href":"https:\/\/b2c.fairs.vn\/en\/wp-json\/wp\/v2\/media\/9989"}],"wp:attachment":[{"href":"https:\/\/b2c.fairs.vn\/en\/wp-json\/wp\/v2\/media?parent=9968"}],"wp:term":[{"taxonomy":"product_cat","embeddable":true,"href":"https:\/\/b2c.fairs.vn\/en\/wp-json\/wp\/v2\/product_cat?post=9968"},{"taxonomy":"product_tag","embeddable":true,"href":"https:\/\/b2c.fairs.vn\/en\/wp-json\/wp\/v2\/product_tag?post=9968"}],"curies":[{"name":"wp","href":"https:\/\/api.w.org\/{rel}","templated":true}]}}