{"id":9877,"date":"2024-03-26T22:53:04","date_gmt":"2024-03-26T15:53:04","guid":{"rendered":"https:\/\/b2c.fairs.vn\/?post_type=product&#038;p=9877"},"modified":"2024-04-08T17:09:33","modified_gmt":"2024-04-08T10:09:33","slug":"gao-hat-ngoc-rong","status":"publish","type":"product","link":"https:\/\/b2c.fairs.vn\/en\/product\/gao-hat-ngoc-rong\/","title":{"rendered":"G\u1ea1o H\u1ea1t Ng\u1ecdc R\u1ed3ng"},"content":{"rendered":"<p>\u0110\u1eb7c t\u00ednh c\u01a1m d\u1ebbo nh\u1eb9, m\u1ec1m, tr\u1eafng, th\u00edch h\u1ee3p cho gia \u0111\u00ecnh, qu\u00e1n c\u01a1m, nh\u00e0 h\u00e0ng.<\/p>","protected":false},"excerpt":{"rendered":"<p>\u0110\u1eb7c t\u00ednh c\u01a1m d\u1ebbo nh\u1eb9, m\u1ec1m, tr\u1eafng, th\u00edch h\u1ee3p cho gia \u0111\u00ecnh, qu\u00e1n c\u01a1m, nh\u00e0 h\u00e0ng.<\/p>","protected":false},"featured_media":9881,"comment_status":"open","ping_status":"closed","template":"","meta":{"_acf_changed":false},"product_cat":[311,366,367,22,310],"product_tag":[],"class_list":{"0":"post-9877","1":"product","2":"type-product","3":"status-publish","4":"has-post-thumbnail","6":"product_cat-gao-ngu-coc-hat-so-che-khac","7":"product_cat-hang-cnnt-cap-qg","8":"product_cat-hang-cnnt-cap-qg-2023","9":"product_cat-sanphamthucpham","10":"product_cat-thuc-pham-tho-so-che","12":"first","13":"instock","14":"shipping-taxable","15":"product-type-simple"},"acf":[],"_links":{"self":[{"href":"https:\/\/b2c.fairs.vn\/en\/wp-json\/wp\/v2\/product\/9877","targetHints":{"allow":["GET"]}}],"collection":[{"href":"https:\/\/b2c.fairs.vn\/en\/wp-json\/wp\/v2\/product"}],"about":[{"href":"https:\/\/b2c.fairs.vn\/en\/wp-json\/wp\/v2\/types\/product"}],"replies":[{"embeddable":true,"href":"https:\/\/b2c.fairs.vn\/en\/wp-json\/wp\/v2\/comments?post=9877"}],"version-history":[{"count":0,"href":"https:\/\/b2c.fairs.vn\/en\/wp-json\/wp\/v2\/product\/9877\/revisions"}],"wp:featuredmedia":[{"embeddable":true,"href":"https:\/\/b2c.fairs.vn\/en\/wp-json\/wp\/v2\/media\/9881"}],"wp:attachment":[{"href":"https:\/\/b2c.fairs.vn\/en\/wp-json\/wp\/v2\/media?parent=9877"}],"wp:term":[{"taxonomy":"product_cat","embeddable":true,"href":"https:\/\/b2c.fairs.vn\/en\/wp-json\/wp\/v2\/product_cat?post=9877"},{"taxonomy":"product_tag","embeddable":true,"href":"https:\/\/b2c.fairs.vn\/en\/wp-json\/wp\/v2\/product_tag?post=9877"}],"curies":[{"name":"wp","href":"https:\/\/api.w.org\/{rel}","templated":true}]}}