{"id":9860,"date":"2024-03-26T22:46:15","date_gmt":"2024-03-26T15:46:15","guid":{"rendered":"https:\/\/b2c.fairs.vn\/?post_type=product&#038;p=9860"},"modified":"2024-04-08T16:24:08","modified_gmt":"2024-04-08T09:24:08","slug":"bang-trang-gao-lut-huu-co","status":"publish","type":"product","link":"https:\/\/b2c.fairs.vn\/en\/product\/bang-trang-gao-lut-huu-co\/","title":{"rendered":"B\u00e1ng tr\u00e1ng gao l\u1ee9t h\u1eefu c\u01a1"},"content":{"rendered":"<p style=\"font-weight: 400;\">B\u00c1NH TR\u00c1NG G\u1ea0O L\u1ee8T H\u1eeeU C\u01a0<\/p>\n<p style=\"font-weight: 400;\">\u0110\u01b0\u1ee3c ch\u00ea\u0301 bi\u00ea\u0301n t\u1eeb nh\u1eefng nguy\u00ean li\u00ea\u0323u h\u1eefu c\u01a1 100 % \u0111\u1ea3m b\u1ea3o an to\u00e0n v\u1ec7 sinh &amp; ch\u1ea5t l\u01b0\u1ee3ng. V\u1edbi c\u00f4ng ngh\u00ea\u0323 ch\u00ea\u0301 bi\u00ea\u0301n theo d\u00e2y chuy\u1ec1n, h\u1ec7 th\u1ed1ng s\u1ea5y trong nh\u00e0 m\u00e1y t\u1ea1o ra s\u1ea3n ph\u1ea9m h\u1eefu c\u01a1, m\u00f9i th\u01a1m \u0111\u1eb7c tr\u01b0ng c\u1ee7a t\u1eebng s\u1ea3n ph\u1ea9m.<\/p>\n<p style=\"font-weight: 400;\">S\u1ea3n ph\u1ea9m \u0111\u01b0\u1ee3c ch\u1ee9ng nh\u1eadn h\u1eefu c\u01a1 c\u1ee7a USDA v\u00e0 EU.<\/p>\n<p style=\"font-weight: 400;\"><b><strong>Th\u00e0nh ph\u1ea7n:<\/strong><\/b><\/p>\n<p style=\"font-weight: 400;\">Tinh b\u1ed9t m\u00ec h\u1eefu c\u01a1, g\u1ea1o l\u1ee9t h\u1eefu c\u01a1, mu\u1ed1i v\u00e0 n\u01b0\u1edbc.<\/p>\n<p style=\"font-weight: 400;\">\u00a0Kh\u00f4ng s\u1eed d\u1ee5ng ch\u1ea5t b\u1ea3o qu\u1ea3n.<\/p>\n<p style=\"font-weight: 400;\"><b><strong>H\u01b0\u1edbng d\u00e2\u0303n s\u1eed d\u1ee5ng:<\/strong><\/b><br \/>\nD\u00f9ng \u0111\u1ec3 ch\u1ebf bi\u1ebfn th\u1ef1c ph\u1ea9m \u0111\u1ec3 cu\u1ed1n<\/p>\n<p style=\"font-weight: 400;\"><b><strong>B\u1ea3o qu\u1ea3n:<\/strong><\/b>\u00a0G\u00f3i k\u00edn v\u00e0 \u0111\u00ea\u0309 n\u01a1i kh\u00f4 r\u00e1o, s\u1ea1ch s\u1ebd &amp; tho\u00e1ng m\u00e1t.<br \/>\n<b><strong>Th\u1eddi h\u1ea1n s\u1eed d\u1ee5ng:\u00a0<\/strong><\/b>1 n\u0103m k\u00ea\u0309 t\u1eeb ng\u00e0y s\u1ea3n xu\u00e2\u0301t.<\/p>","protected":false},"excerpt":{"rendered":"<p>B\u00c1NH TR\u00c1NG G\u1ea0O L\u1ee8T H\u1eeeU C\u01a0 \u0110\u01b0\u1ee3c ch\u00ea\u0301 bi\u00ea\u0301n t\u1eeb nh\u1eefng nguy\u00ean li\u00ea\u0323u h\u1eefu c\u01a1 100 % \u0111\u1ea3m b\u1ea3o an<\/p>","protected":false},"featured_media":9861,"comment_status":"open","ping_status":"closed","template":"","meta":{"_acf_changed":false},"product_cat":[315,366,398,367,22,313],"product_tag":[],"class_list":{"0":"post-9860","1":"product","2":"type-product","3":"status-publish","4":"has-post-thumbnail","6":"product_cat-che-bien-tu-gao-ngu-coc","7":"product_cat-hang-cnnt-cap-qg","8":"product_cat-san-pham-cnnt-tb-cap-qg-2021","9":"product_cat-hang-cnnt-cap-qg-2023","10":"product_cat-sanphamthucpham","11":"product_cat-thuc-pham-che-bien","13":"first","14":"instock","15":"shipping-taxable","16":"product-type-simple"},"acf":[],"_links":{"self":[{"href":"https:\/\/b2c.fairs.vn\/en\/wp-json\/wp\/v2\/product\/9860","targetHints":{"allow":["GET"]}}],"collection":[{"href":"https:\/\/b2c.fairs.vn\/en\/wp-json\/wp\/v2\/product"}],"about":[{"href":"https:\/\/b2c.fairs.vn\/en\/wp-json\/wp\/v2\/types\/product"}],"replies":[{"embeddable":true,"href":"https:\/\/b2c.fairs.vn\/en\/wp-json\/wp\/v2\/comments?post=9860"}],"version-history":[{"count":0,"href":"https:\/\/b2c.fairs.vn\/en\/wp-json\/wp\/v2\/product\/9860\/revisions"}],"wp:featuredmedia":[{"embeddable":true,"href":"https:\/\/b2c.fairs.vn\/en\/wp-json\/wp\/v2\/media\/9861"}],"wp:attachment":[{"href":"https:\/\/b2c.fairs.vn\/en\/wp-json\/wp\/v2\/media?parent=9860"}],"wp:term":[{"taxonomy":"product_cat","embeddable":true,"href":"https:\/\/b2c.fairs.vn\/en\/wp-json\/wp\/v2\/product_cat?post=9860"},{"taxonomy":"product_tag","embeddable":true,"href":"https:\/\/b2c.fairs.vn\/en\/wp-json\/wp\/v2\/product_tag?post=9860"}],"curies":[{"name":"wp","href":"https:\/\/api.w.org\/{rel}","templated":true}]}}