{"id":9840,"date":"2024-03-26T22:36:24","date_gmt":"2024-03-26T15:36:24","guid":{"rendered":"https:\/\/b2c.fairs.vn\/?post_type=product&#038;p=9840"},"modified":"2024-04-08T17:10:41","modified_gmt":"2024-04-08T10:10:41","slug":"nuoc-cot-dua-cap-dong","status":"publish","type":"product","link":"https:\/\/b2c.fairs.vn\/en\/product\/nuoc-cot-dua-cap-dong\/","title":{"rendered":"N\u01b0\u1edbc c\u1ed1t d\u1eeba c\u1ea5p \u0111\u00f4ng"},"content":{"rendered":"<p>&#8211; M\u00e0u tr\u1eafng \u0111\u1ee5c.<\/p>\n<p>&#8211; \u0110\u1ed9 \u0111\u01b0\u1eddng (Bric): t\u1ed1i thi\u1ec3u 12%<\/p>\n<p>&#8211; \u0110\u1ed9 b\u00e9o: t\u1ed1i thi\u1ec3u 28%<\/p>\n<p>&#8211; pH: th\u1ea5p nh\u1ea5t 6<\/p>\n<p>&#8211; Nhi\u1ec7t \u0111\u1ed9 c\u1ea5p \u0111\u00f4ng: t\u1ed1i thi\u1ec3u &#8211; 38<sup>0<\/sup>C<\/p>\n<p>&#8211; Nhi\u1ec7t \u0111\u1ed9 b\u1ea3o qu\u1ea3n: t\u1ed1i thi\u1ec3u &#8211; 18<sup>0<\/sup>C<\/p>\n<p>-Ch\u1ebf bi\u1ebfn s\u1eefa d\u1eeba, d\u1ea7u tinh khi\u1ebft, kem d\u1eeba&#8230;<\/p>\n<p>-Ch\u1ebf bi\u1ebfn th\u1ef1c ph\u1ea9m, b\u00e1nh k\u1eb9o.<\/p>\n<p>-\u1ee8ng d\u1ee5ng kh\u00e1c.<\/p>","protected":false},"excerpt":{"rendered":"<p>&#8211; M\u00e0u tr\u1eafng \u0111\u1ee5c. &#8211; \u0110\u1ed9 \u0111\u01b0\u1eddng (Bric): t\u1ed1i thi\u1ec3u 12% &#8211; \u0110\u1ed9 b\u00e9o: t\u1ed1i thi\u1ec3u 28% &#8211; pH: th\u1ea5p<\/p>","protected":false},"featured_media":9841,"comment_status":"open","ping_status":"closed","template":"","meta":{"_acf_changed":false},"product_cat":[325,331,329,366,367],"product_tag":[],"class_list":{"0":"post-9840","1":"product","2":"type-product","3":"status-publish","4":"has-post-thumbnail","6":"product_cat-san-pham-do-uong","7":"product_cat-do-uong-khong-con-do-uong-khong-con","8":"product_cat-do-uong-khong-con","9":"product_cat-hang-cnnt-cap-qg","10":"product_cat-hang-cnnt-cap-qg-2023","12":"first","13":"instock","14":"shipping-taxable","15":"product-type-simple"},"acf":[],"_links":{"self":[{"href":"https:\/\/b2c.fairs.vn\/en\/wp-json\/wp\/v2\/product\/9840","targetHints":{"allow":["GET"]}}],"collection":[{"href":"https:\/\/b2c.fairs.vn\/en\/wp-json\/wp\/v2\/product"}],"about":[{"href":"https:\/\/b2c.fairs.vn\/en\/wp-json\/wp\/v2\/types\/product"}],"replies":[{"embeddable":true,"href":"https:\/\/b2c.fairs.vn\/en\/wp-json\/wp\/v2\/comments?post=9840"}],"version-history":[{"count":0,"href":"https:\/\/b2c.fairs.vn\/en\/wp-json\/wp\/v2\/product\/9840\/revisions"}],"wp:featuredmedia":[{"embeddable":true,"href":"https:\/\/b2c.fairs.vn\/en\/wp-json\/wp\/v2\/media\/9841"}],"wp:attachment":[{"href":"https:\/\/b2c.fairs.vn\/en\/wp-json\/wp\/v2\/media?parent=9840"}],"wp:term":[{"taxonomy":"product_cat","embeddable":true,"href":"https:\/\/b2c.fairs.vn\/en\/wp-json\/wp\/v2\/product_cat?post=9840"},{"taxonomy":"product_tag","embeddable":true,"href":"https:\/\/b2c.fairs.vn\/en\/wp-json\/wp\/v2\/product_tag?post=9840"}],"curies":[{"name":"wp","href":"https:\/\/api.w.org\/{rel}","templated":true}]}}