{"id":9802,"date":"2024-03-26T22:20:10","date_gmt":"2024-03-26T15:20:10","guid":{"rendered":"https:\/\/b2c.fairs.vn\/?post_type=product&#038;p=9802"},"modified":"2024-04-08T17:11:14","modified_gmt":"2024-04-08T10:11:14","slug":"hat-dieu-say-toi-ot-cagachi","status":"publish","type":"product","link":"https:\/\/b2c.fairs.vn\/en\/product\/hat-dieu-say-toi-ot-cagachi\/","title":{"rendered":"H\u1ea0T \u0110I\u1ec0U S\u1ea4Y T\u1eceI \u1edaT CAGACHI"},"content":{"rendered":"<p>&#8211; Xu\u1ea5t x\u1ee9: Vi\u1ec7t Nam<\/p>\n<p>&#8211; Th\u00e0nh ph\u1ea7n: H\u1ea1t\u00a0\u0111i\u1ec1u (90%), d\u1ea7u th\u1ef1c v\u1eadt, b\u1ed9t n\u1ebfp, \u0111\u01b0\u1eddng, mu\u1ed1i, t\u1ecfi (1,5%), \u1edbt (1%).<\/p>\n<p>&#8211; H\u01b0\u1edbng d\u1eabn b\u1ea3o qu\u1ea3n: B\u1ea3o qu\u1ea3n n\u01a1i kh\u00f4 tho\u00e1ng, tr\u00e1nh\u00a0\u00e1nh n\u1eafng tr\u1ef1c ti\u1ebfp.<\/p>\n<p>&#8211; H\u01b0\u1edbng d\u1eabn s\u1eed d\u1ee5ng: S\u1eed d\u1ee5ng ngay khi m\u1edf h\u1ee7, v\u1eb7n k\u00edn khi kh\u00f4ng s\u1eed d\u1ee5ng.<\/p>\n<p>&#8211; H\u1ea1n s\u1eed d\u1ee5ng: 12\u00a0th\u00e1ng k\u1ec3 t\u1eeb ng\u00e0y s\u1ea3n xu\u1ea5t.<\/p>\n<div class=\"tag\">\n<div class=\"tag_left\"><\/div>\n<\/div>","protected":false},"excerpt":{"rendered":"<p>&#8211; Xu\u1ea5t x\u1ee9: Vi\u1ec7t Nam &#8211; Th\u00e0nh ph\u1ea7n: H\u1ea1t\u00a0\u0111i\u1ec1u (90%), d\u1ea7u th\u1ef1c v\u1eadt, b\u1ed9t n\u1ebfp, \u0111\u01b0\u1eddng, mu\u1ed1i, t\u1ecfi (1,5%), \u1edbt<\/p>","protected":false},"featured_media":9803,"comment_status":"open","ping_status":"closed","template":"","meta":{"_acf_changed":false},"product_cat":[311,366,367,22,310],"product_tag":[],"class_list":{"0":"post-9802","1":"product","2":"type-product","3":"status-publish","4":"has-post-thumbnail","6":"product_cat-gao-ngu-coc-hat-so-che-khac","7":"product_cat-hang-cnnt-cap-qg","8":"product_cat-hang-cnnt-cap-qg-2023","9":"product_cat-sanphamthucpham","10":"product_cat-thuc-pham-tho-so-che","12":"first","13":"instock","14":"shipping-taxable","15":"product-type-simple"},"acf":[],"_links":{"self":[{"href":"https:\/\/b2c.fairs.vn\/en\/wp-json\/wp\/v2\/product\/9802","targetHints":{"allow":["GET"]}}],"collection":[{"href":"https:\/\/b2c.fairs.vn\/en\/wp-json\/wp\/v2\/product"}],"about":[{"href":"https:\/\/b2c.fairs.vn\/en\/wp-json\/wp\/v2\/types\/product"}],"replies":[{"embeddable":true,"href":"https:\/\/b2c.fairs.vn\/en\/wp-json\/wp\/v2\/comments?post=9802"}],"version-history":[{"count":0,"href":"https:\/\/b2c.fairs.vn\/en\/wp-json\/wp\/v2\/product\/9802\/revisions"}],"wp:featuredmedia":[{"embeddable":true,"href":"https:\/\/b2c.fairs.vn\/en\/wp-json\/wp\/v2\/media\/9803"}],"wp:attachment":[{"href":"https:\/\/b2c.fairs.vn\/en\/wp-json\/wp\/v2\/media?parent=9802"}],"wp:term":[{"taxonomy":"product_cat","embeddable":true,"href":"https:\/\/b2c.fairs.vn\/en\/wp-json\/wp\/v2\/product_cat?post=9802"},{"taxonomy":"product_tag","embeddable":true,"href":"https:\/\/b2c.fairs.vn\/en\/wp-json\/wp\/v2\/product_tag?post=9802"}],"curies":[{"name":"wp","href":"https:\/\/api.w.org\/{rel}","templated":true}]}}