{"id":9766,"date":"2024-03-26T21:57:02","date_gmt":"2024-03-26T14:57:02","guid":{"rendered":"https:\/\/b2c.fairs.vn\/?post_type=product&#038;p=9766"},"modified":"2024-04-08T16:50:31","modified_gmt":"2024-04-08T09:50:31","slug":"to-yen-tinh-che-soi-100","status":"publish","type":"product","link":"https:\/\/b2c.fairs.vn\/en\/product\/to-yen-tinh-che-soi-100\/","title":{"rendered":"T\u1ed5 y\u1ebfn tinh ch\u1ebf \u2013 S\u1ee3i 100%"},"content":{"rendered":"<p>T\u1ed5 y\u1ebfn sau khi thu ho\u1ea1ch t\u1eeb h\u1ec7 th\u1ed1ng nh\u00e0 y\u1ebfn c\u1ee7a Y\u1ebfn S\u00e0o Tr\u00ed S\u01a1n, \u0111\u01b0\u1ee3c s\u00e0ng l\u1ecdc k\u1ef9 c\u00e0ng v\u00e0 kh\u1eaft khe \u0111\u1ec3 ch\u1ecdn ra nh\u1eefng t\u1ed5 y\u1ebfn tr\u1eafng, \u0111\u1eb9p v\u00e0 \u00edt t\u1ea1p ch\u1ea5t.<\/p>\n<p>Nh\u00e2n vi\u00ean s\u01a1 ch\u1ebf ph\u1ea3i l\u00e0 th\u1ee3 c\u00f3 tay ngh\u1ec1 cao. T\u1ed5 y\u1ebfn s\u1ebd \u0111\u01b0\u1ee3c r\u1eeda s\u01a1 v\u00e0 ch\u1ec9 \u1ee7 nh\u1eb9 v\u1edbi n\u01b0\u1edbc tinh khi\u1ebft, sau \u0111\u00f3 \u0111\u01b0\u1ee3c x\u1eed l\u00fd l\u00e0m s\u1ea1ch b\u1eb1ng ph\u01b0\u01a1ng ph\u00e1p th\u1ee7 c\u00f4ng \u0111\u1ec3 lo\u1ea1i b\u1ecf c\u00e1c t\u1ea1p ch\u1ea5t, thao t\u00e1c nhanh trong th\u1eddi gian ng\u1eafn nh\u1ea5t, \u0111\u1ec3 c\u00f3 th\u1ec3 gi\u1eef l\u1ea1i \u0111\u01b0\u1ee3c t\u1ed1i \u0111a c\u00e1c d\u01b0\u1ee1ng ch\u1ea5t c\u00f3 trong t\u1ed5 y\u1ebfn, \u0111\u1eb7c bi\u1ec7t l\u00e0 18 lo\u1ea1i axit amin v\u00e0 h\u01a1n 30 nguy\u00ean t\u1ed1 vi l\u01b0\u1ee3ng thi\u1ebft y\u1ebfu<\/p>\n<p><strong>Y\u1ebfn tinh ch\u1ebf s\u1ee3i 100%<\/strong>\u00a0v\u1eabn gi\u1eef nguy\u00ean \u0111\u01b0\u1ee3c m\u00f9i \u0111\u1eb7c tr\u01b0ng c\u1ee7a y\u1ebfn, c\u00f3 s\u1ee3i ph\u1ed3ng, m\u00e0u tr\u1eafng ng\u00e0 v\u00e0 ho\u00e0n to\u00e0n l\u00e0 s\u1ee3i nguy\u00ean, kh\u00f4ng c\u00f3 v\u1ee5n.<\/p>\n<p>Kh\u1ed1i l\u01b0\u1ee3ng ti\u00eau chu\u1ea9n: 10-12 t\u1ed5\/100g<\/p>\n<p>M\u1ed7i t\u1ed5 y\u1ebfn \u0111\u1ec1u \u0111\u01b0\u1ee3c b\u1ecdc k\u00edn b\u1eb1ng m\u00e0ng POF ti\u00eau chu\u1ea9n xu\u1ea5t kh\u1ea9u KH\u00d4NG ch\u1ee9a ch\u1ea5t \u0111\u1ed9c h\u1ea1i.<\/p>\n<p>&nbsp;<\/p>","protected":false},"excerpt":{"rendered":"<p>T\u1ed5 y\u1ebfn sau khi thu ho\u1ea1ch t\u1eeb h\u1ec7 th\u1ed1ng nh\u00e0 y\u1ebfn c\u1ee7a Y\u1ebfn S\u00e0o Tr\u00ed S\u01a1n, \u0111\u01b0\u1ee3c s\u00e0ng l\u1ecdc k\u1ef9<\/p>","protected":false},"featured_media":9767,"comment_status":"open","ping_status":"closed","template":"","meta":{"_acf_changed":false},"product_cat":[312,366,367,22,310],"product_tag":[],"class_list":{"0":"post-9766","1":"product","2":"type-product","3":"status-publish","4":"has-post-thumbnail","6":"product_cat-mat-ong-mat-khac-va-nong-san-thuc-pham-khac","7":"product_cat-hang-cnnt-cap-qg","8":"product_cat-hang-cnnt-cap-qg-2023","9":"product_cat-sanphamthucpham","10":"product_cat-thuc-pham-tho-so-che","12":"first","13":"instock","14":"shipping-taxable","15":"purchasable","16":"product-type-simple"},"acf":[],"_links":{"self":[{"href":"https:\/\/b2c.fairs.vn\/en\/wp-json\/wp\/v2\/product\/9766","targetHints":{"allow":["GET"]}}],"collection":[{"href":"https:\/\/b2c.fairs.vn\/en\/wp-json\/wp\/v2\/product"}],"about":[{"href":"https:\/\/b2c.fairs.vn\/en\/wp-json\/wp\/v2\/types\/product"}],"replies":[{"embeddable":true,"href":"https:\/\/b2c.fairs.vn\/en\/wp-json\/wp\/v2\/comments?post=9766"}],"version-history":[{"count":0,"href":"https:\/\/b2c.fairs.vn\/en\/wp-json\/wp\/v2\/product\/9766\/revisions"}],"wp:featuredmedia":[{"embeddable":true,"href":"https:\/\/b2c.fairs.vn\/en\/wp-json\/wp\/v2\/media\/9767"}],"wp:attachment":[{"href":"https:\/\/b2c.fairs.vn\/en\/wp-json\/wp\/v2\/media?parent=9766"}],"wp:term":[{"taxonomy":"product_cat","embeddable":true,"href":"https:\/\/b2c.fairs.vn\/en\/wp-json\/wp\/v2\/product_cat?post=9766"},{"taxonomy":"product_tag","embeddable":true,"href":"https:\/\/b2c.fairs.vn\/en\/wp-json\/wp\/v2\/product_tag?post=9766"}],"curies":[{"name":"wp","href":"https:\/\/api.w.org\/{rel}","templated":true}]}}