{"id":9746,"date":"2024-03-26T21:48:37","date_gmt":"2024-03-26T14:48:37","guid":{"rendered":"https:\/\/b2c.fairs.vn\/?post_type=product&#038;p=9746"},"modified":"2024-04-08T17:15:17","modified_gmt":"2024-04-08T10:15:17","slug":"huong-tram-sach-cao-cap-38cm","status":"publish","type":"product","link":"https:\/\/b2c.fairs.vn\/en\/product\/huong-tram-sach-cao-cap-38cm\/","title":{"rendered":"B\u1ed9 s\u1ea3n ph\u1ea9m h\u01b0\u01a1ng th\u1eafp"},"content":{"rendered":"<ul>\n<li>\n<h3><strong>Gi\u1edbi thi\u1ec7u s\u1ea3n ph\u1ea9m h\u01b0\u01a1ng tr\u1ea7m:<\/strong><\/h3>\n<p><strong>H\u01b0\u01a1ng Tr\u1ea7m T\u00e2n Nguy\u00ean<\/strong>\u00a0l\u00e0 s\u1ea3n ph\u1ea9m nhang s\u1ea1ch, l\u00e0m t\u1eeb nguy\u00ean li\u1ec7u 100% t\u1ef1 nhi\u00ean t\u1eeb tr\u1ea7m h\u01b0\u01a1ng, keo b\u1eddi l\u1eddi v\u00e0 t\u0103m tre. \u0110\u00e1p \u1ee9ng nhu c\u1ea7u th\u1eafp h\u01b0\u01a1ng, c\u00fang b\u00e1i v\u00e0 \u0111\u1ea3m b\u1ea3o an to\u00e0n cho s\u1ee9c kh\u1ecfe ng\u01b0\u1eddi s\u1eed d\u1ee5ng. T\u1ea5t c\u1ea3 c\u00e1c s\u1ea3n ph\u1ea9m H\u01b0\u01a1ng Tr\u1ea7m T\u00e2n Nguy\u00ean \u0111\u1ec1u \u0111\u00e1p \u1ee9ng quy tr\u00ecnh ki\u1ec3m \u0111\u1ecbnh ch\u1ea5t l\u01b0\u1ee3ng v\u00e0 n\u1ed3ng \u0111\u1ed9 trong kh\u00f3i h\u01b0\u01a1ng \u0111\u1ea1t ti\u00eau chu\u1ea9n c\u1ee7a Trung T\u00e2m K\u1ef9 Thu\u1eadt Ti\u00eau Chu\u1ea9n \u0110o L\u01b0\u1eddng Ch\u1ea5t L\u01b0\u1ee3ng 2 \u2013 Th\u1eeba Thi\u00ean Hu\u1ebf. H\u01b0\u01a1ng Tr\u1ea7m T\u00e2n Nguy\u00ean tr\u1edf th\u00e0nh th\u01b0\u01a1ng hi\u1ec7u h\u01b0\u01a1ng s\u1ea1ch li\u00ean t\u1ee5c \u0111\u01b0\u1ee3c c\u00f4ng nh\u1eadn l\u00e0 S\u1ea3n ph\u1ea9m C\u00f4ng nghi\u1ec7p n\u00f4ng th\u00f4n ti\u00eau bi\u1ec3u c\u1ea5p T\u1ec9nh v\u00e0 c\u1ea5p Khu v\u1ef1c. H\u01b0\u01a1ng Tr\u1ea7m T\u00e2n Nguy\u00ean\u00a0kh\u00f4ng ch\u1ee9a c\u00e1c th\u00e0nh ph\u1ea7n \u0111\u1ed9c h\u1ea1i, \u0111\u1ea3m b\u1ea3o an to\u00e0n s\u1ee9c kh\u1ecfe cho ng\u01b0\u1eddi s\u1eed d\u1ee5ng, \u0111\u1eb7c bi\u1ec7t an to\u00e0n v\u1edbi ng\u01b0\u1eddi b\u1ecb m\u0169i nh\u1ea1y c\u1ea3m.<\/p>\n<p>&nbsp;<\/p>\n<h3><strong>Th\u00f4ng tin chi ti\u1ebft s\u1ea3n ph\u1ea9m:<\/strong><\/h3>\n<ul>\n<li>Th\u00e0nh ph\u1ea7n:\u00a0<strong>B\u1ed9t tr\u1ea7m, b\u1ed9t keo b\u1eddi l\u1eddi, t\u0103m tre\u00a0<\/strong><\/li>\n<li>Quy c\u00e1ch \u0111\u00f3ng g\u00f3i:<strong>\u00a0\u1ed1ng nh\u1ef1a\u00a0ch\u1ed1ng \u1ea9m<\/strong><\/li>\n<li>S\u1ed1 l\u01b0\u1ee3ng:\u00a0<strong>190\u00a0\u2013 195 que<\/strong><\/li>\n<li>Th\u1eddi gian ch\u00e1y:<strong>\u00a065 ph\u00fat<\/strong><\/li>\n<li>Chi\u1ec1u d\u00e0i que h\u01b0\u01a1ng:\u00a0<strong>38\u00a0cm<\/strong><\/li>\n<li>Chi\u1ec1u d\u00e0i ch\u00e2n t\u0103m:\u00a0<strong>11 cm<\/strong><\/li>\n<li>Lo\u1ea1i t\u0103m h\u01b0\u01a1ng:\u00a0<strong>T\u0103m tr\u00f2n kh\u00f4ng cu\u1ed1n t\u00e0n<\/strong><\/li>\n<li>Xu\u1ea5t x\u1ee9:\u00a0<strong>Vi\u1ec7t Nam<\/strong><\/li>\n<\/ul>\n<h3><strong>T\u00e1c d\u1ee5ng:<\/strong><\/h3>\n<ul>\n<li>S\u1eed d\u1ee5ng h\u01b0\u01a1ng tr\u1ea7m trong c\u00fang b\u00e1i, gi\u00fap kh\u00f4ng gian t\u00e2m linh trang nghi\u00eam v\u00e0 \u1ea5m c\u00fang.<\/li>\n<li>Mang l\u1ea1i h\u01a1i \u1ea5m v\u00e0 t\u00e0i v\u01b0\u1ee3ng, may m\u1eafn cho gia ch\u1ee7 theo quan ni\u1ec7m phong th\u1ee7y<\/li>\n<li>H\u01b0\u01a1ng tr\u1ea7m th\u01a1m thanh khi\u1ebft gi\u00fap tinh th\u1ea7n th\u01b0 th\u00e1i, d\u1ec5 ch\u1ecbu, gi\u1ea3m c\u0103ng th\u1eb3ng, t\u0129nh t\u00e2m.<\/li>\n<\/ul>\n<h3><strong>\u01afu \u0111i\u1ec3m c\u1ee7a c\u00e1c s\u1ea3n ph\u1ea9m H\u01b0\u01a1ng S\u1ea1ch T\u00e2n Nguy\u00ean:<\/strong><\/h3>\n<ul>\n<li>100% th\u00e0nh ph\u1ea7n t\u1eeb t\u1ef1 nhi\u00ean: kh\u00f4ng h\u00f3a ch\u1ea5t, kh\u00f4ng h\u01b0\u01a1ng li\u1ec7u, kh\u00f4ng \u0111\u1ed9c h\u1ea1i cho s\u1ee9c kh\u1ecfe ng\u01b0\u1eddi ti\u00eau d\u00f9ng.<\/li>\n<li>S\u1ea3n ph\u1ea9m C\u00f4ng nghi\u1ec7p N\u00f4ng th\u00f4n ti\u00eau bi\u1ec3u c\u1ea5p Qu\u1ed1c gia (B\u1ed9 C\u00f4ng Th\u01b0\u01a1ng)<\/li>\n<li>\n<div dir=\"auto\">\u00a0S\u1ea3n ph\u1ea9m OCOP qu\u1ed1c gia 4 sao (B\u1ed9 N\u00f4ng Nghi\u1ec7p)<\/div>\n<\/li>\n<li>\n<div dir=\"auto\">S\u1ea3n ph\u1ea9m \u0111\u00e3 xu\u1ea5t kh\u1ea9u sang th\u1ecb tr\u01b0\u1eddng Nh\u1eadt B\u1ea3n.<\/div>\n<\/li>\n<li>\n<div dir=\"auto\">T\u1ea5t c\u1ea3 c\u00e1c s\u1ea3n ph\u1ea9m \u0111\u1ec1u \u0111\u01b0\u1ee3c ki\u1ec3m \u0111\u1ecbnh ch\u1ea5t l\u01b0\u1ee3ng v\u00e0 n\u1ed3ng \u0111\u1ed9 trong kh\u00f3i h\u01b0\u01a1ng \u0111\u1ea1t ti\u00eau chu\u1ea9n c\u1ee7a Trung t\u00e2m k\u1ef9 thu\u1eadt ti\u00eau chu\u1ea9n \u0111o l\u01b0\u1eddng ch\u1ea5t l\u01b0\u1ee3ng 2 (Vi\u1ec7t Nam) v\u00e0 Breauer Veritas (Ph\u00e1p).<\/div>\n<\/li>\n<li>\n<div dir=\"auto\">S\u1ea3n ph\u1ea9m \u0111\u00e3 \u0111\u0103ng k\u00ed \u0111\u1ed9c quy\u1ec1n th\u01b0\u01a1ng hi\u1ec7u t\u1ea1i C\u1ee5c s\u1edf h\u1eefu tr\u00ed tu\u1ec7 Vi\u1ec7t Nam.<\/div>\n<\/li>\n<li>\n<div dir=\"auto\">L\u00e0 s\u1ea3n ph\u1ea9m h\u01b0\u01a1ng (nhang) s\u1ea1ch \u0111\u01b0\u1ee3c nhi\u1ec1u k\u00eanh truy\u1ec1n h\u00ecnh VTV1, VTV8, HTV7, TRT, VTC4\u2026 gi\u1edbi thi\u1ec7u \u0111\u1ebfn ng\u01b0\u1eddi ti\u00eau d\u00f9ng c\u1ea3 n\u01b0\u1edbc.<\/div>\n<\/li>\n<li>\n<div dir=\"auto\">L\u00e0 th\u01b0\u01a1ng hi\u1ec7u H\u01af\u01a0NG S\u1ea0CH \u0111\u01b0\u1ee3c t\u00ecm ki\u1ebfm nhi\u1ec1u nh\u1ea5t tr\u00ean google, TOP 1 v\u1edbi t\u1eeb kh\u00f3a \u201ch\u01b0\u01a1ng s\u1ea1ch\u201d.<\/div>\n<\/li>\n<\/ul>\n<h3><strong>H\u01b0\u1edbng d\u1eabn s\u1eed d\u1ee5ng:\u00a0<\/strong><\/h3>\n<ul>\n<li>D\u00f9ng b\u1eadt l\u1eeda \u0111\u1ec3 th\u1eafp m\u1ed9t \u0111\u1ea7u n\u00e9n h\u01b0\u01a1ng (nhang), sau \u0111\u00f3 c\u1eafm v\u00e0o l\u01b0\/ b\u00e1t h\u01b0\u01a1ng cho m\u00f9i h\u01b0\u01a1ng tr\u1ea7m lan t\u1ecfa.<\/li>\n<\/ul>\n<h3><strong>L\u01b0u \u00fd khi s\u1eed d\u1ee5ng:<\/strong><\/h3>\n<ul>\n<li>B\u1ea3o qu\u1ea3n n\u01a1i kh\u00f4 r\u00e1o<\/li>\n<li>\u0110\u00f3ng n\u1eafp h\u1ed9p\u00a0 k\u00edn sau khi s\u1eed d\u1ee5ng.<\/li>\n<li>S\u1ea3n ph\u1ea9m d\u00f9ng \u0111\u01b0\u1ee3c trong ph\u00f2ng m\u00e1y l\u1ea1nh.<\/li>\n<\/ul>\n<\/li>\n<\/ul>","protected":false},"excerpt":{"rendered":"<p>Gi\u1edbi thi\u1ec7u s\u1ea3n ph\u1ea9m h\u01b0\u01a1ng tr\u1ea7m: H\u01b0\u01a1ng Tr\u1ea7m T\u00e2n Nguy\u00ean\u00a0l\u00e0 s\u1ea3n ph\u1ea9m nhang s\u1ea1ch, l\u00e0m t\u1eeb nguy\u00ean li\u1ec7u 100% t\u1ef1<\/p>","protected":false},"featured_media":9747,"comment_status":"open","ping_status":"closed","template":"","meta":{"_acf_changed":false},"product_cat":[520,400,366,398,367],"product_tag":[],"class_list":{"0":"post-9746","1":"product","2":"type-product","3":"status-publish","4":"has-post-thumbnail","6":"product_cat-nha-cua-doi-song","7":"product_cat-noi-that","8":"product_cat-hang-cnnt-cap-qg","9":"product_cat-san-pham-cnnt-tb-cap-qg-2021","10":"product_cat-hang-cnnt-cap-qg-2023","12":"first","13":"instock","14":"shipping-taxable","15":"purchasable","16":"product-type-variable"},"acf":[],"_links":{"self":[{"href":"https:\/\/b2c.fairs.vn\/en\/wp-json\/wp\/v2\/product\/9746","targetHints":{"allow":["GET"]}}],"collection":[{"href":"https:\/\/b2c.fairs.vn\/en\/wp-json\/wp\/v2\/product"}],"about":[{"href":"https:\/\/b2c.fairs.vn\/en\/wp-json\/wp\/v2\/types\/product"}],"replies":[{"embeddable":true,"href":"https:\/\/b2c.fairs.vn\/en\/wp-json\/wp\/v2\/comments?post=9746"}],"version-history":[{"count":0,"href":"https:\/\/b2c.fairs.vn\/en\/wp-json\/wp\/v2\/product\/9746\/revisions"}],"wp:featuredmedia":[{"embeddable":true,"href":"https:\/\/b2c.fairs.vn\/en\/wp-json\/wp\/v2\/media\/9747"}],"wp:attachment":[{"href":"https:\/\/b2c.fairs.vn\/en\/wp-json\/wp\/v2\/media?parent=9746"}],"wp:term":[{"taxonomy":"product_cat","embeddable":true,"href":"https:\/\/b2c.fairs.vn\/en\/wp-json\/wp\/v2\/product_cat?post=9746"},{"taxonomy":"product_tag","embeddable":true,"href":"https:\/\/b2c.fairs.vn\/en\/wp-json\/wp\/v2\/product_tag?post=9746"}],"curies":[{"name":"wp","href":"https:\/\/api.w.org\/{rel}","templated":true}]}}