{"id":9729,"date":"2024-03-26T21:40:27","date_gmt":"2024-03-26T14:40:27","guid":{"rendered":"https:\/\/b2c.fairs.vn\/?post_type=product&#038;p=9729"},"modified":"2024-04-08T17:17:33","modified_gmt":"2024-04-08T10:17:33","slug":"tinh-dau-tram-hue-neo-50ml","status":"publish","type":"product","link":"https:\/\/b2c.fairs.vn\/en\/product\/tinh-dau-tram-hue-neo-50ml\/","title":{"rendered":"TINH D\u1ea6U TR\u00c0M HU\u1ebe NEO (50ML)"},"content":{"rendered":"<ul>\n<li>Tinh d\u1ea7u tr\u00e0m Hu\u1ebf NEO &#8211; tinh d\u1ea7u chi\u1ebft xu\u1ea5t t\u1eeb thi\u00ean nhi\u00ean, ho\u00e0n to\u00e0n nguy\u00ean ch\u1ea5t, kh\u00f4ng g\u00e2y k\u00edch \u1ee9ng, kh\u00f4ng t\u00e1c d\u1ee5ng ph\u1ee5.<\/li>\n<li>Th\u00e0nh ph\u1ea7n: Th\u00e0nh ph\u1ea7n ch\u00ednh l\u00e0 l\u00e1 c\u00e2y Tr\u00e0m gi\u00f3<\/li>\n<li>Dung t\u00edch: 50ml<\/li>\n<li>H\u1ea1n s\u1eed d\u1ee5ng: 36 th\u00e1ng<\/li>\n<li>S\u1ea3n ph\u1ea9m ph\u00f9 h\u1ee3p v\u1edbi m\u1ecdi l\u1ee9a tu\u1ed5i s\u1eed d\u1ee5ng.<\/li>\n<li>An to\u00e0n t\u1eeb thi\u00ean nhi\u00ean.<\/li>\n<\/ul>","protected":false},"excerpt":{"rendered":"<p>Tinh d\u1ea7u tr\u00e0m Hu\u1ebf NEO &#8211; tinh d\u1ea7u chi\u1ebft xu\u1ea5t t\u1eeb thi\u00ean nhi\u00ean, ho\u00e0n to\u00e0n nguy\u00ean ch\u1ea5t, kh\u00f4ng g\u00e2y k\u00edch<\/p>","protected":false},"featured_media":9730,"comment_status":"open","ping_status":"closed","template":"","meta":{"_acf_changed":false},"product_cat":[332,366,367,335],"product_tag":[],"class_list":{"0":"post-9729","1":"product","2":"type-product","3":"status-publish","4":"has-post-thumbnail","6":"product_cat-san-pham-duoc-lieu-va-san-pham-tu-duoc-lieu","7":"product_cat-hang-cnnt-cap-qg","8":"product_cat-hang-cnnt-cap-qg-2023","9":"product_cat-tinh-dau-va-thao-duoc-khac","11":"first","12":"instock","13":"shipping-taxable","14":"purchasable","15":"product-type-simple"},"acf":[],"_links":{"self":[{"href":"https:\/\/b2c.fairs.vn\/en\/wp-json\/wp\/v2\/product\/9729","targetHints":{"allow":["GET"]}}],"collection":[{"href":"https:\/\/b2c.fairs.vn\/en\/wp-json\/wp\/v2\/product"}],"about":[{"href":"https:\/\/b2c.fairs.vn\/en\/wp-json\/wp\/v2\/types\/product"}],"replies":[{"embeddable":true,"href":"https:\/\/b2c.fairs.vn\/en\/wp-json\/wp\/v2\/comments?post=9729"}],"version-history":[{"count":0,"href":"https:\/\/b2c.fairs.vn\/en\/wp-json\/wp\/v2\/product\/9729\/revisions"}],"wp:featuredmedia":[{"embeddable":true,"href":"https:\/\/b2c.fairs.vn\/en\/wp-json\/wp\/v2\/media\/9730"}],"wp:attachment":[{"href":"https:\/\/b2c.fairs.vn\/en\/wp-json\/wp\/v2\/media?parent=9729"}],"wp:term":[{"taxonomy":"product_cat","embeddable":true,"href":"https:\/\/b2c.fairs.vn\/en\/wp-json\/wp\/v2\/product_cat?post=9729"},{"taxonomy":"product_tag","embeddable":true,"href":"https:\/\/b2c.fairs.vn\/en\/wp-json\/wp\/v2\/product_tag?post=9729"}],"curies":[{"name":"wp","href":"https:\/\/api.w.org\/{rel}","templated":true}]}}