{"id":9697,"date":"2024-03-26T21:31:55","date_gmt":"2024-03-26T14:31:55","guid":{"rendered":"https:\/\/b2c.fairs.vn\/?post_type=product&#038;p=9697"},"modified":"2024-04-17T11:05:10","modified_gmt":"2024-04-17T04:05:10","slug":"tinh-dau-tram-hue-125ml","status":"publish","type":"product","link":"https:\/\/b2c.fairs.vn\/en\/product\/tinh-dau-tram-hue-125ml\/","title":{"rendered":"Tinh d\u1ea7u Tr\u00e0m Hu\u1ebf"},"content":{"rendered":"<h3>1: CH\u1ed0NG C\u1ea2M L\u1ea0NH,TR\u00c1NH GI\u00d3 V\u00c0 TR\u00c1NH HO<\/h3>\n<p>Khi th\u1eddi ti\u1ebft chuy\u1ec3n l\u1ea1nh, h\u00e3y cho v\u00e0i gi\u1ecdt\u00a0<a href=\"http:\/\/tinhdautramhue.com.vn\/tinh-dau-tram-hue-80ml-739218.html\" target=\"_blank\" rel=\"noopener noreferrer\">tinh d\u1ea7u<\/a>\u00a0tr\u00e0m Hu\u1ebf v\u00e0o n\u01b0\u1edbc t\u1eafm c\u1ee7a b\u00e9. Nh\u1edb r\u1eeda m\u1eb7t ri\u00eang \u0111\u1ec3 tr\u00e1nh d\u1ea7u v\u00e0o m\u1eaft b\u00e9. B\u00e9 t\u1eafm n\u01b0\u1edbc c\u00f3 tinh d\u1ea7u s\u1ebd gi\u1eef \u0111\u01b0\u1ee3c c\u01a1 th\u1ec3 \u1ea5m \u00e1p, ch\u1ed1ng c\u1ea3m, ch\u1ed1ng ho \u0111\u1ed3ng th\u1eddi ch\u1ed1ng c\u1ea3 mu\u1ed7i n\u1eefa (mu\u1ed7i r\u1ea5t s\u1ee3 m\u00f9i n\u00e0y).<\/p>\n<p>C\u00f3 th\u1ec3 d\u00f9ng s\u1ea3n ph\u1ea9m \u0111\u1ec3 thoa tr\u1ef1c ti\u1ebfp l\u00ean ng\u01b0\u1eddi b\u00e9 (l\u00f2ng b\u00e0n ch\u00e2n, th\u00e1i d\u01b0\u01a1ng\u2026) sau khi t\u1eafm ho\u1eb7c tr\u01b0\u1edbc khi ra ngo\u00e0i tr\u1eddi l\u1ea1nh. \u0110\u1ed1i v\u1edbi b\u00e9 s\u01a1 sinh, t\u1ed1t nh\u1ea5t n\u00ean pha lo\u00e3ng tinh d\u1ea7u trong n\u01b0\u1edbc \u1ea5m r\u1ed3i m\u1edbi thoa, n\u1ebfu k\u1ebft h\u1ee3p v\u1edbi massage c\u00e0ng t\u1ed1t. Bi\u1ec7n ph\u00e1p n\u00e0y ch\u1ec9 \u0111\u1ec3 \u0111\u1ec1 ph\u00f2ng m\u1ed9t s\u1ed1 b\u00e9 c\u00f3 da nh\u1ea1y c\u1ea3m, tinh d\u1ea7u tr\u00e0m \u0111\u01b0\u1ee3c xem l\u00e0 l\u00e0nh t\u00ednh, nhi\u1ec1u c\u00f4ng hi\u1ec7u m\u00e0 kh\u00f4ng c\u00f3 t\u00e1c d\u1ee5ng ph\u1ee5, l\u00e0m \u1ea5m ng\u01b0\u1eddi nh\u01b0ng kh\u00f4ng n\u00f3ng, an to\u00e0n cho s\u1ee9c kh\u1ecfe c\u1ee7a em b\u00e9 c\u0169ng nh\u01b0 ng\u01b0\u1eddi m\u1eb9 tr\u01b0\u1edbc v\u00e0 sau khi sinh.<\/p>\n<p><img fetchpriority=\"high\" decoding=\"async\" class=\"size-medium wp-image-574 aligncenter\" src=\"https:\/\/tinhdaukimvui.com.vn\/wp-content\/uploads\/2019\/08\/tram-80ml-1-300x300.jpg\" sizes=\"(max-width: 300px) 100vw, 300px\" srcset=\"https:\/\/tinhdaukimvui.com.vn\/wp-content\/uploads\/2019\/08\/tram-80ml-1-300x300.jpg 300w, https:\/\/tinhdaukimvui.com.vn\/wp-content\/uploads\/2019\/08\/tram-80ml-1-150x150.jpg 150w, https:\/\/tinhdaukimvui.com.vn\/wp-content\/uploads\/2019\/08\/tram-80ml-1-768x768.jpg 768w, https:\/\/tinhdaukimvui.com.vn\/wp-content\/uploads\/2019\/08\/tram-80ml-1-1024x1024.jpg 1024w, https:\/\/tinhdaukimvui.com.vn\/wp-content\/uploads\/2019\/08\/tram-80ml-1-600x600.jpg 600w, https:\/\/tinhdaukimvui.com.vn\/wp-content\/uploads\/2019\/08\/tram-80ml-1-100x100.jpg 100w, https:\/\/tinhdaukimvui.com.vn\/wp-content\/uploads\/2019\/08\/tram-80ml-1.jpg 1280w\" alt=\"\" width=\"300\" height=\"300\" \/><\/p>\n<h3>2: TINH D\u1ea6U TR\u00c0M\u00a0 HU\u1ebe GI\u00daP KH\u00c1NG KHU\u1ea8N<\/h3>\n<p>M\u1ed9t trong nh\u1eefng \u0111\u1eb7c t\u00ednh \u01b0u vi\u1ec7t c\u1ee7a tinh d\u1ea7u tr\u00e0m Hu\u1ebf l\u00e0 t\u00ednh kh\u00e1ng khu\u1ea9n. Cho v\u00e0i gi\u1ecdt v\u00e0o trong ch\u00e9n n\u01b0\u1edbc n\u00f3ng, ho\u1eb7c th\u1ea5m d\u1ea7u tr\u00e0m trong mi\u1ebfng b\u00f4ng g\u00f2n \u0111\u1ec3 \u1edf c\u00e1c g\u00f3c nh\u00e0 s\u1ebd gi\u00fap b\u1ea7u kh\u00f4ng kh\u00ed trong s\u1ea1ch h\u01a1n, ch\u01b0a k\u1ec3 m\u00f9i h\u01b0\u01a1ng tr\u00e0m Hu\u1ebf thoang tho\u1ea3ng c\u0169ng t\u1ea1o c\u1ea3m gi\u00e1c d\u1ec5 ch\u1ecbu. S\u1ea3n ph\u1ea9m c\u00f2n c\u00f3 t\u00e1c d\u1ee5ng \u1ee9c ch\u1ebf virus, n\u00ean d\u00f9ng tinh d\u1ea7u l\u00e0 m\u1ed9t c\u00e1ch hi\u1ec7u qu\u1ea3 \u0111\u1ec1 ph\u00f2ng c\u00fam.<\/p>\n<h3>3: TINH D\u1ea6U TR\u00c0M HU\u1ebe CH\u1ed0NG V\u00c0 TR\u1eca MU\u1ed6I<\/h3>\n<p>Thoa tinh d\u1ea7u l\u00ean da c\u1ee7a b\u00e9 s\u1ebd gi\u00fap tr\u00e1nh \u0111\u01b0\u1ee3c mu\u1ed7i c\u1eafn \u2013 c\u00e1ch \u0111\u01a1n gi\u1ea3n h\u01a1n l\u00e0 cho b\u00e9 t\u1eafm v\u1edbi n\u01b0\u1edbc c\u00f3 tinh d\u1ea7u. N\u1ebfu ch\u1eb3ng may b\u00e9 l\u1ee1 b\u1ecb mu\u1ed7i c\u1eafn r\u1ed3i th\u00ec thoa l\u00ean v\u1ebft c\u1eafn c\u0169ng l\u00e0m gi\u1ea3m s\u01b0ng v\u00e0 \u0111au ng\u1ee9a r\u1ea5t nhanh.<\/p>\n<p><img decoding=\"async\" class=\"size-medium wp-image-577 aligncenter\" src=\"https:\/\/tinhdaukimvui.com.vn\/wp-content\/uploads\/2019\/08\/tram-80ml-sau-300x300.jpg\" sizes=\"(max-width: 300px) 100vw, 300px\" srcset=\"https:\/\/tinhdaukimvui.com.vn\/wp-content\/uploads\/2019\/08\/tram-80ml-sau-300x300.jpg 300w, https:\/\/tinhdaukimvui.com.vn\/wp-content\/uploads\/2019\/08\/tram-80ml-sau-150x150.jpg 150w, https:\/\/tinhdaukimvui.com.vn\/wp-content\/uploads\/2019\/08\/tram-80ml-sau-768x768.jpg 768w, https:\/\/tinhdaukimvui.com.vn\/wp-content\/uploads\/2019\/08\/tram-80ml-sau-1024x1024.jpg 1024w, https:\/\/tinhdaukimvui.com.vn\/wp-content\/uploads\/2019\/08\/tram-80ml-sau-600x600.jpg 600w, https:\/\/tinhdaukimvui.com.vn\/wp-content\/uploads\/2019\/08\/tram-80ml-sau-100x100.jpg 100w, https:\/\/tinhdaukimvui.com.vn\/wp-content\/uploads\/2019\/08\/tram-80ml-sau.jpg 1280w\" alt=\"\" width=\"300\" height=\"300\" \/><\/p>\n<h3>4: L\u00c0M GI\u1ea2M NG\u1ea0T M\u0168I \u1ede TR\u1eba NH\u1ece<\/h3>\n<p>\u0110\u1eb7c \u0111i\u1ec3m n\u1ed5i b\u1eadt nh\u1ea5t c\u1ee7a tinh d\u1ea7u tr\u00e0m Hu\u1ebf l\u00e0 kh\u00f4ng n\u00f3ng t\u00ed n\u00e0o, kh\u00f4ng c\u00f3 t\u00e1c d\u1ee5ng ph\u1ee5. Bu\u1ed5i \u0111\u00eam tr\u1ebb nh\u1ecf tr\u1eb1n tr\u1ecdc kh\u00f3 ng\u1ee7 v\u00ec ngh\u1eb9t m\u0169i, ch\u1ec9 c\u1ea7n b\u00f4i d\u1ea7u v\u00e0o ng\u00f3n tay c\u1ee7a m\u00ecnh r\u1ed3i \u0111\u01b0a qua \u0111\u01b0a l\u1ea1i m\u0169i c\u1ee7a b\u00e9, b\u00e9 s\u1ebd \u0111\u1ee1 ng\u1ea1t m\u0169i h\u01a1n r\u1ea5t nhi\u1ec1u.<\/p>\n<p>T\u00f3m l\u1ea1i, t\u00e1c d\u1ee5ng c\u1ee7a tinh d\u1ea7u t\u1ed1t cho s\u1ee9c kh\u1ecfe c\u1ee7a b\u00e9 v\u00e0 c\u1ea3 gia \u0111\u00ecnh. D\u1ea7u tr\u00e0m \u0111\u01b0\u1ee3c gi\u1edbi y khoa khuy\u1ebfn kh\u00edch s\u1eed d\u1ee5ng v\u00ec n\u00f3 l\u00e0nh t\u00ednh (kh\u00e1c v\u1edbi d\u1ea7u gi\u00f3 b\u1ecb ch\u1ed1ng ch\u1ec9 \u0111\u1ecbnh trong nhi\u1ec1u tr\u01b0\u1eddng h\u1ee3p). Do v\u1eady, m\u1ed7i gia \u0111\u00ecnh n\u00ean c\u00f3 s\u1eb5n s\u1ea3n ph\u1ea9m tinh d\u1ea7u tr\u00e0m nguy\u00ean ch\u1ea5t trong nh\u00e0- v\u1eeba \u0111\u1ec3 thanh l\u1ecdc kh\u00f4ng kh\u00ed v\u1eeba b\u1ea3o v\u1ec7 s\u1ee9c kh\u1ecfe c\u1ea3 nh\u00e0.<\/p>\n<p><img decoding=\"async\" class=\"size-medium wp-image-575 aligncenter\" src=\"https:\/\/tinhdaukimvui.com.vn\/wp-content\/uploads\/2019\/08\/tram-80ml-ben-300x300.jpg\" sizes=\"(max-width: 300px) 100vw, 300px\" srcset=\"https:\/\/tinhdaukimvui.com.vn\/wp-content\/uploads\/2019\/08\/tram-80ml-ben-300x300.jpg 300w, https:\/\/tinhdaukimvui.com.vn\/wp-content\/uploads\/2019\/08\/tram-80ml-ben-150x150.jpg 150w, https:\/\/tinhdaukimvui.com.vn\/wp-content\/uploads\/2019\/08\/tram-80ml-ben-768x768.jpg 768w, https:\/\/tinhdaukimvui.com.vn\/wp-content\/uploads\/2019\/08\/tram-80ml-ben-1024x1024.jpg 1024w, https:\/\/tinhdaukimvui.com.vn\/wp-content\/uploads\/2019\/08\/tram-80ml-ben-600x600.jpg 600w, https:\/\/tinhdaukimvui.com.vn\/wp-content\/uploads\/2019\/08\/tram-80ml-ben-100x100.jpg 100w, https:\/\/tinhdaukimvui.com.vn\/wp-content\/uploads\/2019\/08\/tram-80ml-ben.jpg 1280w\" alt=\"\" width=\"300\" height=\"300\" \/><\/p>","protected":false},"excerpt":{"rendered":"<p>1: CH\u1ed0NG C\u1ea2M L\u1ea0NH,TR\u00c1NH GI\u00d3 V\u00c0 TR\u00c1NH HO Khi th\u1eddi ti\u1ebft chuy\u1ec3n l\u1ea1nh, h\u00e3y cho v\u00e0i gi\u1ecdt\u00a0tinh d\u1ea7u\u00a0tr\u00e0m Hu\u1ebf v\u00e0o<\/p>","protected":false},"featured_media":9698,"comment_status":"open","ping_status":"closed","template":"","meta":{"_acf_changed":false},"product_cat":[332,366,447,398,367,335],"product_tag":[],"class_list":{"0":"post-9697","1":"product","2":"type-product","3":"status-publish","4":"has-post-thumbnail","6":"product_cat-san-pham-duoc-lieu-va-san-pham-tu-duoc-lieu","7":"product_cat-hang-cnnt-cap-qg","8":"product_cat-san-pham-cnnt-tb-cap-qg-2017","9":"product_cat-san-pham-cnnt-tb-cap-qg-2021","10":"product_cat-hang-cnnt-cap-qg-2023","11":"product_cat-tinh-dau-va-thao-duoc-khac","13":"first","14":"instock","15":"shipping-taxable","16":"purchasable","17":"product-type-variable"},"acf":[],"_links":{"self":[{"href":"https:\/\/b2c.fairs.vn\/en\/wp-json\/wp\/v2\/product\/9697","targetHints":{"allow":["GET"]}}],"collection":[{"href":"https:\/\/b2c.fairs.vn\/en\/wp-json\/wp\/v2\/product"}],"about":[{"href":"https:\/\/b2c.fairs.vn\/en\/wp-json\/wp\/v2\/types\/product"}],"replies":[{"embeddable":true,"href":"https:\/\/b2c.fairs.vn\/en\/wp-json\/wp\/v2\/comments?post=9697"}],"version-history":[{"count":0,"href":"https:\/\/b2c.fairs.vn\/en\/wp-json\/wp\/v2\/product\/9697\/revisions"}],"wp:featuredmedia":[{"embeddable":true,"href":"https:\/\/b2c.fairs.vn\/en\/wp-json\/wp\/v2\/media\/9698"}],"wp:attachment":[{"href":"https:\/\/b2c.fairs.vn\/en\/wp-json\/wp\/v2\/media?parent=9697"}],"wp:term":[{"taxonomy":"product_cat","embeddable":true,"href":"https:\/\/b2c.fairs.vn\/en\/wp-json\/wp\/v2\/product_cat?post=9697"},{"taxonomy":"product_tag","embeddable":true,"href":"https:\/\/b2c.fairs.vn\/en\/wp-json\/wp\/v2\/product_tag?post=9697"}],"curies":[{"name":"wp","href":"https:\/\/api.w.org\/{rel}","templated":true}]}}