{"id":9603,"date":"2024-03-26T21:09:00","date_gmt":"2024-03-26T14:09:00","guid":{"rendered":"https:\/\/b2c.fairs.vn\/?post_type=product&#038;p=9603"},"modified":"2024-04-19T11:16:04","modified_gmt":"2024-04-19T04:16:04","slug":"bun-tuoi-vione","status":"publish","type":"product","link":"https:\/\/b2c.fairs.vn\/en\/product\/bun-tuoi-vione\/","title":{"rendered":"B\u00daN T\u01af\u01a0I VIONE"},"content":{"rendered":"<ul>\n<li>\u0110\u1eb7c \u0111i\u1ec3m: s\u1ee3i b\u00fan dai m\u1ec1m, m\u00e0u tr\u1eafng t\u1ef1 nhi\u00ean, th\u01a1m m\u00f9i g\u1ea1o, kh\u00f4ng v\u1ecb chua.<\/li>\n<li aria-level=\"1\">Quy t\u1eafc ch\u1ea5t l\u01b0\u1ee3ng: S\u1eed d\u1ee5ng nguy\u00ean li\u1ec7u t\u1ef1 nhi\u00ean t\u1eeb g\u1ea1o, n\u01b0\u1edbc, mu\u1ed1i. Cam k\u1ebft kh\u00f4ng s\u1eed d\u1ee5ng h\u00f3a ch\u1ea5t \u0111\u1ed9c h\u1ea1i. Quy tr\u00ecnh s\u1ea3n xu\u1ea5t theo ti\u00eau chu\u1ea9n ISO 22000:2018 v\u1ec1 VSATTP.<\/li>\n<li aria-level=\"1\">Tu\u00e2n th\u1ee7 tuy\u1ec7t \u0111\u1ed1i ti\u00eau ch\u00ed 3 Kh\u00f4ng: Kh\u00f4ng ch\u1ea5t t\u1ea9y tr\u1eafng, Kh\u00f4ng ch\u1ea5t l\u00e0m dai, Kh\u00f4ng v\u1ecb chua.<\/li>\n<\/ul>\n<p><b>H\u1ea1n s\u1eed d\u1ee5ng d\u00e0i (05 ng\u00e0y) \u2013 Ti\u1ec7n l\u1ee3i cho ch\u1ebf bi\u1ebfn:<\/b><\/p>\n<ul>\n<li aria-level=\"1\">B\u1ea3o qu\u1ea3n t\u1ef1 nhi\u00ean \u1edf nhi\u1ec7t \u0111\u1ed9 th\u01b0\u1eddng trong 24h sau khi s\u1ea3n xu\u1ea5t.<\/li>\n<\/ul>\n<p>Ti\u1ec7n l\u1ee3i s\u1eed d\u1ee5ng: M\u1edf g\u00f3i v\u00e0 \u0103n tr\u1ef1c ti\u1ebfp.<\/p>\n<ul>\n<li aria-level=\"1\">B\u1ea3o qu\u1ea3n \u1edf nhi\u1ec7t \u0111\u1ed9 d\u01b0\u1edbi 10 \u0111\u1ed9 C (ng\u0103n m\u00e1t) trong 05 ng\u00e0y sau khi s\u1ea3n xu\u1ea5t.<\/li>\n<\/ul>\n<p>Ti\u1ec7n l\u1ee3i s\u1eed d\u1ee5ng:\u00a0l\u00e0m n\u00f3ng b\u00fan b\u1eb1ng c\u00e1ch ch\u1ea7n qua n\u01b0\u1edbc s\u00f4i\/ h\u1ea5p n\u00f3ng\/ quay l\u00f2 vi s\u00f3ng.<\/p>\n<p>C\u00e1c \u0111\u1ed1i t\u00e1c c\u00f3 nhu c\u1ea7u mua h\u00e0ng, vui l\u00f2ng li\u00ean h\u1ec7 hotline: 098 746 8866 (S\u0110T\/Zalo)<\/p>","protected":false},"excerpt":{"rendered":"<p>\u0110\u1eb7c \u0111i\u1ec3m: s\u1ee3i b\u00fan dai m\u1ec1m, m\u00e0u tr\u1eafng t\u1ef1 nhi\u00ean, th\u01a1m m\u00f9i g\u1ea1o, kh\u00f4ng v\u1ecb chua. Quy t\u1eafc ch\u1ea5t l\u01b0\u1ee3ng:<\/p>","protected":false},"featured_media":9608,"comment_status":"open","ping_status":"closed","template":"","meta":{"_acf_changed":false},"product_cat":[317,366,367,22,313],"product_tag":[],"class_list":{"0":"post-9603","1":"product","2":"type-product","3":"status-publish","4":"has-post-thumbnail","6":"product_cat-che-bien-tu-thit-trung-sua-thuy-san-cac-san-pham-tu-mat-ong-mat-khac-va-nong-san-thuc-pham-khac","7":"product_cat-hang-cnnt-cap-qg","8":"product_cat-hang-cnnt-cap-qg-2023","9":"product_cat-sanphamthucpham","10":"product_cat-thuc-pham-che-bien","12":"first","13":"instock","14":"shipping-taxable","15":"product-type-simple"},"acf":[],"_links":{"self":[{"href":"https:\/\/b2c.fairs.vn\/en\/wp-json\/wp\/v2\/product\/9603","targetHints":{"allow":["GET"]}}],"collection":[{"href":"https:\/\/b2c.fairs.vn\/en\/wp-json\/wp\/v2\/product"}],"about":[{"href":"https:\/\/b2c.fairs.vn\/en\/wp-json\/wp\/v2\/types\/product"}],"replies":[{"embeddable":true,"href":"https:\/\/b2c.fairs.vn\/en\/wp-json\/wp\/v2\/comments?post=9603"}],"version-history":[{"count":0,"href":"https:\/\/b2c.fairs.vn\/en\/wp-json\/wp\/v2\/product\/9603\/revisions"}],"wp:featuredmedia":[{"embeddable":true,"href":"https:\/\/b2c.fairs.vn\/en\/wp-json\/wp\/v2\/media\/9608"}],"wp:attachment":[{"href":"https:\/\/b2c.fairs.vn\/en\/wp-json\/wp\/v2\/media?parent=9603"}],"wp:term":[{"taxonomy":"product_cat","embeddable":true,"href":"https:\/\/b2c.fairs.vn\/en\/wp-json\/wp\/v2\/product_cat?post=9603"},{"taxonomy":"product_tag","embeddable":true,"href":"https:\/\/b2c.fairs.vn\/en\/wp-json\/wp\/v2\/product_tag?post=9603"}],"curies":[{"name":"wp","href":"https:\/\/api.w.org\/{rel}","templated":true}]}}