{"id":9586,"date":"2024-03-26T21:04:05","date_gmt":"2024-03-26T14:04:05","guid":{"rendered":"https:\/\/b2c.fairs.vn\/?post_type=product&#038;p=9586"},"modified":"2024-04-19T11:15:56","modified_gmt":"2024-04-19T04:15:56","slug":"pho-bo-vi-nguyen-ban","status":"publish","type":"product","link":"https:\/\/b2c.fairs.vn\/en\/product\/pho-bo-vi-nguyen-ban\/","title":{"rendered":"PH\u1ede B\u00d2 V\u1eca NGUY\u00caN B\u1ea2N"},"content":{"rendered":"<div class=\"desc-pro\">\n<ul>\n<li>\u0110\u1eb7c \u0111i\u1ec3m: S\u1ee3i ph\u1edf m\u1ec1m m\u01b0\u1edbt, t\u01b0\u01a1i ngon. N\u01b0\u1edbc ph\u1edf th\u01a1m l\u1eebng v\u1ecb Ph\u1edf b\u00f2 truy\u1ec1n th\u1ed1ng. Ch\u1ec9 3 ph\u00fat ch\u1ebf bi\u1ebfn kh\u00f4ng c\u1ea7n n\u1ea5u, c\u00f3 ngay t\u00f4 Ph\u1edf b\u00f2 b\u00e9o ng\u1eady.<\/li>\n<li aria-level=\"1\">Quy t\u1eafc ch\u1ea5t l\u01b0\u1ee3ng: ti\u00eau chu\u1ea9n ISO 22000:2018 v\u00e0 ti\u00eau chu\u1ea9n FSSC 22000 v\u1ec1 VSATTP. Cam k\u1ebft kh\u00f4ng s\u1eed d\u1ee5ng h\u00f3a ch\u1ea5t \u0111\u1ed9c h\u1ea1i.<\/li>\n<li aria-level=\"1\">Tu\u00e2n th\u1ee7 tuy\u1ec7t \u0111\u1ed1i ti\u00eau ch\u00ed 3 Kh\u00f4ng: Kh\u00f4ng ch\u1ea5t t\u1ea9y tr\u1eafng, Kh\u00f4ng ch\u1ea5t l\u00e0m dai, Kh\u00f4ng ch\u1ea5t b\u1ea3o qu\u1ea3n.<\/li>\n<\/ul>\n<p><strong>Chu\u1ea9n v\u1ecb Ph\u1edf b\u00f2 truy\u1ec1n th\u1ed1ng:\u00a0<\/strong><\/p>\n<ul>\n<li aria-level=\"1\">N\u01b0\u1edbc ph\u1edf ng\u1ecdt \u0111\u1eadm t\u1eeb b\u1ed9t th\u1ecbt b\u00f2 b\u00e9o ng\u1eady, h\u00f2a quy\u1ec7n v\u1edbi c\u00e1c lo\u1ea1i th\u1ea3o m\u1ed9c quen thu\u1ed9c: g\u1eebng, m\u00f9i t\u00e0u, h\u00fang\u2026 k\u00edch th\u00edch c\u1ea3m gi\u00e1c th\u00e8m \u0103n.<\/li>\n<li aria-level=\"1\">S\u1ee3i ph\u1edf ng\u00e2m v\u1edbi n\u01b0\u1edbc \u0111un s\u00f4i trong 3 ph\u00fat, s\u1ebd dai m\u1ec1m, quy\u1ec7n gia v\u1ecb b\u00f2, ngon nh\u01b0 ph\u1edf t\u01b0\u01a1i ngo\u00e0i qu\u00e1n.<\/li>\n<\/ul>\n<p><b>Ti\u1ec7n l\u1ee3i \u2013 3 ph\u00fat kh\u00f4ng c\u1ea7n \u0111un n\u1ea5u:<\/b><\/p>\n<p>Kh\u00f4ng c\u1ea7n \u0111un n\u1ea5u, ch\u1ec9 c\u1ea7n ng\u00e2m n\u01b0\u1edbc \u0111un s\u00f4i 3 ph\u00fat, b\u1ea1n s\u1ebd \u0111\u01b0\u1ee3c th\u01b0\u1edfng th\u1ee9c ngay t\u00f4 Ph\u1edf b\u00f2 ngon \u0111\u1eadm \u0111\u00e0.<\/p>\n<p>C\u00e1c \u0111\u1ed1i t\u00e1c c\u00f3 nhu c\u1ea7u mua h\u00e0ng li\u00ean h\u1ec7 qua hotline: 098 746 8866 (S\u0110T\/Zalo)<\/p>\n<\/div>","protected":false},"excerpt":{"rendered":"<p>\u0110\u1eb7c \u0111i\u1ec3m: S\u1ee3i ph\u1edf m\u1ec1m m\u01b0\u1edbt, t\u01b0\u01a1i ngon. N\u01b0\u1edbc ph\u1edf th\u01a1m l\u1eebng v\u1ecb Ph\u1edf b\u00f2 truy\u1ec1n th\u1ed1ng. Ch\u1ec9 3 ph\u00fat<\/p>","protected":false},"featured_media":9587,"comment_status":"open","ping_status":"closed","template":"","meta":{"_acf_changed":false},"product_cat":[317,366,367,22,313],"product_tag":[],"class_list":{"0":"post-9586","1":"product","2":"type-product","3":"status-publish","4":"has-post-thumbnail","6":"product_cat-che-bien-tu-thit-trung-sua-thuy-san-cac-san-pham-tu-mat-ong-mat-khac-va-nong-san-thuc-pham-khac","7":"product_cat-hang-cnnt-cap-qg","8":"product_cat-hang-cnnt-cap-qg-2023","9":"product_cat-sanphamthucpham","10":"product_cat-thuc-pham-che-bien","12":"first","13":"instock","14":"shipping-taxable","15":"product-type-simple"},"acf":[],"_links":{"self":[{"href":"https:\/\/b2c.fairs.vn\/en\/wp-json\/wp\/v2\/product\/9586","targetHints":{"allow":["GET"]}}],"collection":[{"href":"https:\/\/b2c.fairs.vn\/en\/wp-json\/wp\/v2\/product"}],"about":[{"href":"https:\/\/b2c.fairs.vn\/en\/wp-json\/wp\/v2\/types\/product"}],"replies":[{"embeddable":true,"href":"https:\/\/b2c.fairs.vn\/en\/wp-json\/wp\/v2\/comments?post=9586"}],"version-history":[{"count":0,"href":"https:\/\/b2c.fairs.vn\/en\/wp-json\/wp\/v2\/product\/9586\/revisions"}],"wp:featuredmedia":[{"embeddable":true,"href":"https:\/\/b2c.fairs.vn\/en\/wp-json\/wp\/v2\/media\/9587"}],"wp:attachment":[{"href":"https:\/\/b2c.fairs.vn\/en\/wp-json\/wp\/v2\/media?parent=9586"}],"wp:term":[{"taxonomy":"product_cat","embeddable":true,"href":"https:\/\/b2c.fairs.vn\/en\/wp-json\/wp\/v2\/product_cat?post=9586"},{"taxonomy":"product_tag","embeddable":true,"href":"https:\/\/b2c.fairs.vn\/en\/wp-json\/wp\/v2\/product_tag?post=9586"}],"curies":[{"name":"wp","href":"https:\/\/api.w.org\/{rel}","templated":true}]}}