{"id":9581,"date":"2024-03-26T18:20:21","date_gmt":"2024-03-26T11:20:21","guid":{"rendered":"https:\/\/b2c.fairs.vn\/?post_type=product&#038;p=9581"},"modified":"2024-04-19T11:16:13","modified_gmt":"2024-04-19T04:16:13","slug":"may-te-ngo","status":"publish","type":"product","link":"https:\/\/b2c.fairs.vn\/en\/product\/may-te-ngo\/","title":{"rendered":"M\u00e1y t\u1ebd ng\u00f4"},"content":{"rendered":"<p>S\u1ea3n ph\u1ea9m \u201cM\u00c1Y T\u1ebc NG\u00d4 1.0 KW\u201d mang nh\u00e3n hi\u1ec7u\u00a0Thi\u00eanThu\u1eadn<sup>\u00ae<\/sup>\u00a0l\u00e0 s\u1ea3n ph\u1ea9m \u0111\u01b0\u1ee3c\u00a0<em><i>s\u1ea3n xu\u1ea5t nguy\u00ean b\u1ea3n<\/i><\/em>\u00a0b\u1edfi doanh nghi\u1ec7p t\u01b0 nh\u00e2n \u0111i\u1ec7n c\u01a1 Thi\u00ean Thu\u1eadn.<\/p>\n<p>M\u00e1y t\u1ebd ng\u00f4 hay m\u00e1y t\u00e1ch h\u1ea1t ng\u00f4 v\u1edbi c\u00f4ng su\u1ea5t \u0111\u1ed9ng c\u01a1 1.0 kw r\u1ea5t ph\u00f9 h\u1ee3p v\u1edbi v\u00f9ng c\u00f3 \u0111i\u1ec7n \u00e1p th\u1ea5p. m\u00e1y c\u00f3 c\u1eeda n\u1ea1p nguy\u00ean li\u1ec7u r\u1ed9ng n\u00ean r\u1ea5t ti\u1ec7n l\u1ee3i cho ng\u01b0\u1eddi s\u1eed d\u1ee5ng. \u0110\u1ed9ng c\u01a1 c\u1ee7a m\u00e1y \u0111\u01b0\u1ee3c s\u1ea3n nguy\u00ean b\u1ea3n b\u1edfi \u0111i\u1ec7n c\u01a1 Thi\u00ean Thu\u1eadn, v\u1edbi\u00a0d\u00e2y \u0111i\u1ec7n t\u1eeb b\u1eb1ng \u0111\u1ed3ng KOREA\u00a0\u0111\u1ed9ng c\u01a1 ho\u1ea1t \u0111\u1ed9ng \u1ed5n \u0111\u1ecbnh v\u00e0 c\u00f3 \u0111\u1ed9 b\u1ec1n cao.<\/p>","protected":false},"excerpt":{"rendered":"<p>S\u1ea3n ph\u1ea9m \u201cM\u00c1Y T\u1ebc NG\u00d4 1.0 KW\u201d mang nh\u00e3n hi\u1ec7u\u00a0Thi\u00eanThu\u1eadn\u00ae\u00a0l\u00e0 s\u1ea3n ph\u1ea9m \u0111\u01b0\u1ee3c\u00a0s\u1ea3n xu\u1ea5t nguy\u00ean b\u1ea3n\u00a0b\u1edfi doanh nghi\u1ec7p t\u01b0 nh\u00e2n<\/p>","protected":false},"featured_media":9582,"comment_status":"open","ping_status":"closed","template":"","meta":{"_acf_changed":false},"product_cat":[391,366,367,348],"product_tag":[],"class_list":{"0":"post-9581","1":"product","2":"type-product","3":"status-publish","4":"has-post-thumbnail","6":"product_cat-may-nong-nghiep","7":"product_cat-hang-cnnt-cap-qg","8":"product_cat-hang-cnnt-cap-qg-2023","9":"product_cat-thiet-bi-co-khi","11":"first","12":"instock","13":"shipping-taxable","14":"product-type-simple"},"acf":[],"_links":{"self":[{"href":"https:\/\/b2c.fairs.vn\/en\/wp-json\/wp\/v2\/product\/9581","targetHints":{"allow":["GET"]}}],"collection":[{"href":"https:\/\/b2c.fairs.vn\/en\/wp-json\/wp\/v2\/product"}],"about":[{"href":"https:\/\/b2c.fairs.vn\/en\/wp-json\/wp\/v2\/types\/product"}],"replies":[{"embeddable":true,"href":"https:\/\/b2c.fairs.vn\/en\/wp-json\/wp\/v2\/comments?post=9581"}],"version-history":[{"count":0,"href":"https:\/\/b2c.fairs.vn\/en\/wp-json\/wp\/v2\/product\/9581\/revisions"}],"wp:featuredmedia":[{"embeddable":true,"href":"https:\/\/b2c.fairs.vn\/en\/wp-json\/wp\/v2\/media\/9582"}],"wp:attachment":[{"href":"https:\/\/b2c.fairs.vn\/en\/wp-json\/wp\/v2\/media?parent=9581"}],"wp:term":[{"taxonomy":"product_cat","embeddable":true,"href":"https:\/\/b2c.fairs.vn\/en\/wp-json\/wp\/v2\/product_cat?post=9581"},{"taxonomy":"product_tag","embeddable":true,"href":"https:\/\/b2c.fairs.vn\/en\/wp-json\/wp\/v2\/product_tag?post=9581"}],"curies":[{"name":"wp","href":"https:\/\/api.w.org\/{rel}","templated":true}]}}