{"id":9564,"date":"2024-03-26T18:06:22","date_gmt":"2024-03-26T11:06:22","guid":{"rendered":"https:\/\/b2c.fairs.vn\/?post_type=product&#038;p=9564"},"modified":"2024-04-19T13:47:25","modified_gmt":"2024-04-19T06:47:25","slug":"gio-chaly-20","status":"publish","type":"product","link":"https:\/\/b2c.fairs.vn\/en\/product\/gio-chaly-20\/","title":{"rendered":"Gi\u1ecf Chaly 20"},"content":{"rendered":"<p><strong>V\u1eadt li\u1ec7u\u00a0 \u00a0 \u00a0 \u00a0 \u00a0 \u00a0 \u00a0 \u00a0 \u00a0 \u00a0 \u00a0:<\/strong>\u00a0Th\u00e9p b\u1ecdc nh\u1ef1a<\/p>\n<p><strong>Lo\u1ea1i xe ph\u00f9 h\u1ee3p\u00a0 \u00a0 \u00a0 :<\/strong>\u00a0Xe \u0111\u1ea1p 20<\/p>\n<p><strong>Quy c\u00e1ch \u0111\u00f3ng g\u00f3i :<\/strong>\u00a070 c\u00e1i\/bao<\/p>","protected":false},"excerpt":{"rendered":"<p>V\u1eadt li\u1ec7u\u00a0 \u00a0 \u00a0 \u00a0 \u00a0 \u00a0 \u00a0 \u00a0 \u00a0 \u00a0 \u00a0:\u00a0Th\u00e9p b\u1ecdc nh\u1ef1a Lo\u1ea1i xe ph\u00f9 h\u1ee3p\u00a0 \u00a0 \u00a0<\/p>","protected":false},"featured_media":9565,"comment_status":"open","ping_status":"closed","template":"","meta":{"_acf_changed":false},"product_cat":[366,367,336,337,397],"product_tag":[],"class_list":{"0":"post-9564","1":"product","2":"type-product","3":"status-publish","4":"has-post-thumbnail","6":"product_cat-hang-cnnt-cap-qg","7":"product_cat-hang-cnnt-cap-qg-2023","8":"product_cat-san-pham-thu-cong-my-nghe","9":"product_cat-thu-cong-my-nghe-gia-dung-trang-tri","10":"product_cat-thu-cong-my-nghe-khac","12":"first","13":"instock","14":"shipping-taxable","15":"product-type-simple"},"acf":[],"_links":{"self":[{"href":"https:\/\/b2c.fairs.vn\/en\/wp-json\/wp\/v2\/product\/9564","targetHints":{"allow":["GET"]}}],"collection":[{"href":"https:\/\/b2c.fairs.vn\/en\/wp-json\/wp\/v2\/product"}],"about":[{"href":"https:\/\/b2c.fairs.vn\/en\/wp-json\/wp\/v2\/types\/product"}],"replies":[{"embeddable":true,"href":"https:\/\/b2c.fairs.vn\/en\/wp-json\/wp\/v2\/comments?post=9564"}],"version-history":[{"count":0,"href":"https:\/\/b2c.fairs.vn\/en\/wp-json\/wp\/v2\/product\/9564\/revisions"}],"wp:featuredmedia":[{"embeddable":true,"href":"https:\/\/b2c.fairs.vn\/en\/wp-json\/wp\/v2\/media\/9565"}],"wp:attachment":[{"href":"https:\/\/b2c.fairs.vn\/en\/wp-json\/wp\/v2\/media?parent=9564"}],"wp:term":[{"taxonomy":"product_cat","embeddable":true,"href":"https:\/\/b2c.fairs.vn\/en\/wp-json\/wp\/v2\/product_cat?post=9564"},{"taxonomy":"product_tag","embeddable":true,"href":"https:\/\/b2c.fairs.vn\/en\/wp-json\/wp\/v2\/product_tag?post=9564"}],"curies":[{"name":"wp","href":"https:\/\/api.w.org\/{rel}","templated":true}]}}