{"id":9535,"date":"2024-03-26T17:59:30","date_gmt":"2024-03-26T10:59:30","guid":{"rendered":"https:\/\/b2c.fairs.vn\/?post_type=product&#038;p=9535"},"modified":"2024-04-19T11:05:03","modified_gmt":"2024-04-19T04:05:03","slug":"nhat-diep-hao-tra","status":"publish","type":"product","link":"https:\/\/b2c.fairs.vn\/en\/product\/nhat-diep-hao-tra\/","title":{"rendered":"NH\u1ea4T DI\u1ec6P H\u1ea2O TR\u00c0"},"content":{"rendered":"<p>Nh\u1ea5t Di\u1ec7p H\u1ea3o Tr\u00e0\u00a0 L\u00e0 s\u1ea3n ph\u1ea9m tr\u00e0 \u0111inh cao c\u1ea5p c\u1ee7a Htx ch\u00e8 an to\u00e0n Nguy\u00ean Vi\u1ec7t, tr\u00e0 \u0111inh \u0111\u01b0\u1ee3c l\u1ef1a ch\u1ecdn k\u1ef9 l\u01b0\u1ee1ng t\u1eeb nh\u1eefng \u0111\u1ecdt tr\u00e0 non c\u00f2n ng\u1eadm s\u01b0\u01a1ng s\u1edbm v\u00e0\u00a0 tr\u1edf th\u00e0nh tr\u00e0 \u0111\u1eb3ng c\u1ea5p s\u1edf d\u0129 n\u00f3 \u0111\u00f2i h\u1ecfi s\u1ef1 c\u00f4ng phu, t\u1ec9 m\u1ec9 t\u1edbi t\u1eebng c\u00f4ng \u0111o\u1ea1n v\u00e0 ph\u1ea3i l\u00e0 nh\u1eefng ngh\u1ec7 nh\u00e2n l\u00e2u n\u0103m, d\u00e0y d\u1eb7n kinh nghi\u1ec7m m\u1edbi c\u00f3 th\u1ec3 sao, v\u00f2 c\u1ea9n th\u1eadn v\u00e0 cho ra \u0111\u1eddi th\u01b0\u01a1ng ph\u1ea9m tr\u00e0 tuy\u1ec7t h\u1ea3o. Ph\u1ea3i c\u1ea7n \u0111\u1ebfn 5,5 kg n\u00f5n \u0111inh tr\u00e0 t\u01b0\u01a1i m\u1edbi cho ra \u0111\u01b0\u1ee3c 1kg tr\u00e0 \u0111inh th\u00e0nh ph\u1ea9m, ch\u00ednh v\u00ec v\u1eady, lo\u1ea1i tr\u00e0 qu\u00fd n\u00e0y s\u1ebd cho ra h\u01b0\u01a1ng v\u1ecb v\u00f4 c\u00f9ng th\u01a1m ngon, v\u1ecb n\u01b0\u1edbc ch\u00e1t d\u1ecbu v\u00e0 h\u1eadu ng\u1ecdt s\u00e2u l\u00e0m \u0111\u1eafm say bi\u1ebft bao l\u00f2ng ng\u01b0\u1eddi th\u01b0\u1edfng tr\u00e0.<\/p>","protected":false},"excerpt":{"rendered":"<p>Nh\u1ea5t Di\u1ec7p H\u1ea3o Tr\u00e0\u00a0 L\u00e0 s\u1ea3n ph\u1ea9m tr\u00e0 \u0111inh cao c\u1ea5p c\u1ee7a Htx ch\u00e8 an to\u00e0n Nguy\u00ean Vi\u1ec7t, tr\u00e0 \u0111inh<\/p>","protected":false},"featured_media":9548,"comment_status":"open","ping_status":"closed","template":"","meta":{"_acf_changed":false},"product_cat":[321,322,366,367,22],"product_tag":[],"class_list":{"0":"post-9535","1":"product","2":"type-product","3":"status-publish","4":"has-post-thumbnail","6":"product_cat-che","7":"product_cat-che-tuoi-che-bien","8":"product_cat-hang-cnnt-cap-qg","9":"product_cat-hang-cnnt-cap-qg-2023","10":"product_cat-sanphamthucpham","12":"first","13":"instock","14":"shipping-taxable","15":"purchasable","16":"product-type-simple"},"acf":[],"_links":{"self":[{"href":"https:\/\/b2c.fairs.vn\/en\/wp-json\/wp\/v2\/product\/9535","targetHints":{"allow":["GET"]}}],"collection":[{"href":"https:\/\/b2c.fairs.vn\/en\/wp-json\/wp\/v2\/product"}],"about":[{"href":"https:\/\/b2c.fairs.vn\/en\/wp-json\/wp\/v2\/types\/product"}],"replies":[{"embeddable":true,"href":"https:\/\/b2c.fairs.vn\/en\/wp-json\/wp\/v2\/comments?post=9535"}],"version-history":[{"count":0,"href":"https:\/\/b2c.fairs.vn\/en\/wp-json\/wp\/v2\/product\/9535\/revisions"}],"wp:featuredmedia":[{"embeddable":true,"href":"https:\/\/b2c.fairs.vn\/en\/wp-json\/wp\/v2\/media\/9548"}],"wp:attachment":[{"href":"https:\/\/b2c.fairs.vn\/en\/wp-json\/wp\/v2\/media?parent=9535"}],"wp:term":[{"taxonomy":"product_cat","embeddable":true,"href":"https:\/\/b2c.fairs.vn\/en\/wp-json\/wp\/v2\/product_cat?post=9535"},{"taxonomy":"product_tag","embeddable":true,"href":"https:\/\/b2c.fairs.vn\/en\/wp-json\/wp\/v2\/product_tag?post=9535"}],"curies":[{"name":"wp","href":"https:\/\/api.w.org\/{rel}","templated":true}]}}