{"id":9469,"date":"2024-03-26T17:22:24","date_gmt":"2024-03-26T10:22:24","guid":{"rendered":"https:\/\/b2c.fairs.vn\/?post_type=product&#038;p=9469"},"modified":"2024-04-19T13:50:47","modified_gmt":"2024-04-19T06:50:47","slug":"hat-dieu-rang-muoi-cao-cap-xuat-khau","status":"publish","type":"product","link":"https:\/\/b2c.fairs.vn\/en\/product\/hat-dieu-rang-muoi-cao-cap-xuat-khau\/","title":{"rendered":"H\u1ea1t \u0111i\u1ec1u rang mu\u1ed1i cao c\u1ea5p xu\u1ea5t kh\u1ea9u"},"content":{"rendered":"<p id=\"raw-descriptiona\">C\u00e1c s\u1ea3n ph\u1ea9m chi\u00ean ho\u1eb7c rang mu\u1ed1i r\u1ea5t th\u00edch h\u1ee3p l\u00e0m qu\u00e0 t\u1eb7ng trong l\u1ec5 t\u1ebft.\u00a0V\u1edbi ph\u01b0\u01a1ng ch\u00e2m kinh doanh \u201cUy t\u00edn l\u00e0 h\u00e0ng \u0111\u1ea7u\u201d, c\u00f4ng ty Nh\u01b0 Anh cam k\u1ebft b\u1ea3o \u0111\u1ea3m ngu\u1ed3n nguy\u00ean li\u1ec7u lu\u00f4n c\u00f3 ch\u1ee9ng nh\u1eadn xu\u1ea5t x\u1ee9 v\u00e0 x\u00e1c \u0111\u1ecbnh ngu\u1ed3n g\u1ed1c, kh\u00f4ng s\u1eed d\u1ee5ng ngu\u1ed3n n\u1ed5i n\u1ed5i tr\u00ean tr\u01b0\u1eddng.\u00a0Qui tr\u00ecnh \u0111\u00f3ng k\u00edn bi\u1ebfn t\u1eeb l\u00fac mua nguy\u00ean li\u1ec7u \u0111\u1ebfn l\u00fac cu\u1ed1i c\u00f9ng c\u1ee7a c\u00e1c g\u00f3i th\u00e0nh ph\u1ea9m, b\u1ea3o \u0111\u1ea3m t\u1eebng s\u1ea3n ph\u1ea9m c\u1ee7a c\u00f4ng ty \u0111\u1ec1u \u0111\u1ea1t ch\u1ea5t l\u01b0\u1ee3ng t\u1ed1t nh\u1ea5t.<\/p>\n<p id=\"raw-descriptiona\"><strong>Qui c\u00e1ch \u0111\u00f3ng g\u00f3i:<\/strong>\u00a0H\u1ed9p nh\u1ef1a, h\u00fat ch\u00e2n kh\u00f4ng ho\u1eb7c gi\u1ea5y h\u1ed9p.<\/p>\n<p id=\"raw-descriptiona\"><strong>Ch\u1ea5t l\u01b0\u1ee3ng ti\u00eau<\/strong>\u00a0chu\u1ea9n: HACCP chu\u1ea9n bi\u1ebfn ch\u1ebf, c\u00e1c s\u1ea3n ph\u1ea9m v\u00e0 \u0111i\u1ec1u h\u00e0nh \u0111\u00e3 \u0111\u01b0\u1ee3c c\u1ea5p gi\u1ea5y ch\u1ee9ng nh\u1eadn c\u1ee7a b\u1ed9 y t\u1ebf v\u1ec1 ch\u1ea5t l\u01b0\u1ee3ng b\u1ea3o v\u1ec7 sinh an to\u00e0n.<\/p>\n<p>Mua h\u00e0ng li\u00ean h\u1ec7 qua Hotline (+84) 276 3722 889<\/p>","protected":false},"excerpt":{"rendered":"<p>C\u00e1c s\u1ea3n ph\u1ea9m chi\u00ean ho\u1eb7c rang mu\u1ed1i r\u1ea5t th\u00edch h\u1ee3p l\u00e0m qu\u00e0 t\u1eb7ng trong l\u1ec5 t\u1ebft.\u00a0V\u1edbi ph\u01b0\u01a1ng ch\u00e2m kinh doanh<\/p>","protected":false},"featured_media":9470,"comment_status":"open","ping_status":"closed","template":"","meta":{"_acf_changed":false},"product_cat":[316,366,367,22,313],"product_tag":[],"class_list":{"0":"post-9469","1":"product","2":"type-product","3":"status-publish","4":"has-post-thumbnail","6":"product_cat-che-bien-tu-rau-cu-qua-hat","7":"product_cat-hang-cnnt-cap-qg","8":"product_cat-hang-cnnt-cap-qg-2023","9":"product_cat-sanphamthucpham","10":"product_cat-thuc-pham-che-bien","12":"first","13":"instock","14":"shipping-taxable","15":"product-type-simple"},"acf":[],"_links":{"self":[{"href":"https:\/\/b2c.fairs.vn\/en\/wp-json\/wp\/v2\/product\/9469","targetHints":{"allow":["GET"]}}],"collection":[{"href":"https:\/\/b2c.fairs.vn\/en\/wp-json\/wp\/v2\/product"}],"about":[{"href":"https:\/\/b2c.fairs.vn\/en\/wp-json\/wp\/v2\/types\/product"}],"replies":[{"embeddable":true,"href":"https:\/\/b2c.fairs.vn\/en\/wp-json\/wp\/v2\/comments?post=9469"}],"version-history":[{"count":0,"href":"https:\/\/b2c.fairs.vn\/en\/wp-json\/wp\/v2\/product\/9469\/revisions"}],"wp:featuredmedia":[{"embeddable":true,"href":"https:\/\/b2c.fairs.vn\/en\/wp-json\/wp\/v2\/media\/9470"}],"wp:attachment":[{"href":"https:\/\/b2c.fairs.vn\/en\/wp-json\/wp\/v2\/media?parent=9469"}],"wp:term":[{"taxonomy":"product_cat","embeddable":true,"href":"https:\/\/b2c.fairs.vn\/en\/wp-json\/wp\/v2\/product_cat?post=9469"},{"taxonomy":"product_tag","embeddable":true,"href":"https:\/\/b2c.fairs.vn\/en\/wp-json\/wp\/v2\/product_tag?post=9469"}],"curies":[{"name":"wp","href":"https:\/\/api.w.org\/{rel}","templated":true}]}}