{"id":9433,"date":"2024-03-26T17:08:51","date_gmt":"2024-03-26T10:08:51","guid":{"rendered":"https:\/\/b2c.fairs.vn\/?post_type=product&#038;p=9433"},"modified":"2024-04-17T17:12:42","modified_gmt":"2024-04-17T10:12:42","slug":"banh-trang-sieu-mong-tan-nhien","status":"publish","type":"product","link":"https:\/\/b2c.fairs.vn\/en\/product\/banh-trang-sieu-mong-tan-nhien\/","title":{"rendered":"B\u00e1nh tr\u00e1ng si\u00eau m\u1ecfng T\u00e2n Nhi\u00ean"},"content":{"rendered":"<p><strong>B\u00e1nh tr\u00e1ng T\u00e2n Nhi\u00ean<\/strong>\u00a0l\u00e0 lo\u1ea1i \u0111\u1eb7c s\u1ea3n T\u00e2y Ninh g\u1ea7n g\u0169i v\u1edbi h\u1ea7u h\u1ebft m\u1ecdi ng\u01b0\u1eddi, l\u00e0 m\u00f3n \u0103n kh\u00f4ng th\u1ec3 thi\u1ebfu c\u1ee7a ng\u01b0\u1eddi d\u00e2n n\u01a1i \u0111\u00e2y trong c\u00e1c d\u1ecbp l\u1ec5 t\u1ebft. V\u1edbi \u0111\u1eb7c \u0111i\u1ec3m m\u1ecfng, d\u1ebbo dai t\u1ef1 nhi\u00ean v\u00e0 kh\u00f4ng c\u1ea7n nh\u00fang n\u01b0\u1edbc,\u00a0<strong>b\u00e1nh tr\u00e1ng T\u00e2n Nhi\u00ean<\/strong>\u00a0d\u1ec5 d\u00e0ng chinh ph\u1ee5c \u0111\u01b0\u1ee3c nhi\u1ec1u th\u1ef1c kh\u00e1ch.<\/p>\n<p><strong>Th\u00e0nh ph\u1ea7n:\u00a0<\/strong>Tinh b\u1ed9t khoai m\u00ec, mu\u1ed1i \u0103n, n\u01b0\u1edbc.<\/p>\n<p><strong>H\u01b0\u1edbng d\u1eabn s\u1eed d\u1ee5ng:<\/strong>\u00a0D\u00f9ng \u0111\u1ec3 l\u00e0m c\u00e1c m\u00f3n \u0103n nh\u01b0: g\u1ecfi cu\u1ed1n, b\u00ec cu\u1ed1n, b\u00e1nh tr\u00e1ng tr\u1ed9n\u2026 ho\u1eb7c d\u00f9ng k\u00e8m c\u00e1c m\u00f3n n\u01b0\u1edbng, x\u00e0o, th\u1ecbt lu\u1ed9c\u2026<\/p>\n<p><strong>B\u1ea3o qu\u1ea3n:<\/strong>\u00a0\u0110\u1ec3 n\u01a1i kh\u00f4 r\u00e1o tho\u00e1ng m\u00e1t, tr\u00e1nh ngu\u1ed3n nhi\u1ec7t v\u00e0 \u00e1nh n\u1eafng tr\u1ef1c ti\u1ebfp.<\/p>\n<p><strong>Bao b\u00ec:<\/strong>\u00a0hi\u1ec7n \u0111\u1ea1i<\/p>\n<p><strong>Kh\u1ed1i l\u01b0\u1ee3ng:<\/strong>\u00a0250g<\/p>\n<p><strong>H\u1ea1n s\u1eed d\u1ee5ng:<\/strong>\u00a012 th\u00e1ng sau NSX<\/p>\n<p><strong>S\u1ea3n xu\u1ea5t t\u1ea1i:<\/strong>\u00a0S\u1ed1 6 h\u1ebbm 34, Nguy\u1ec5n L\u01b0\u01a1ng B\u1eb1ng, Tr\u01b0\u1eddng \u0110\u00f4ng, Ho\u00e0 Th\u00e0nh, T\u00e2y Ninh.<\/p>\n<p>G\u1ecdi \u0111\u1eb7t mua:\u00a0<strong>078 469 1111<\/strong>\u00a0\u0111\u1ec3 nhanh ch\u00f3ng \u0111\u1eb7t h\u00e0ng<\/p>\n<p>Quy c\u00e1ch \u0111\u00f3ng g\u00f3i 120g-220g-250g-300g-400g-450g-5kg<\/p>","protected":false},"excerpt":{"rendered":"<p>B\u00e1nh tr\u00e1ng T\u00e2n Nhi\u00ean\u00a0l\u00e0 lo\u1ea1i \u0111\u1eb7c s\u1ea3n T\u00e2y Ninh g\u1ea7n g\u0169i v\u1edbi h\u1ea7u h\u1ebft m\u1ecdi ng\u01b0\u1eddi, l\u00e0 m\u00f3n \u0103n kh\u00f4ng<\/p>","protected":false},"featured_media":9439,"comment_status":"open","ping_status":"closed","template":"","meta":{"_acf_changed":false},"product_cat":[316,366,367,22,313],"product_tag":[],"class_list":{"0":"post-9433","1":"product","2":"type-product","3":"status-publish","4":"has-post-thumbnail","6":"product_cat-che-bien-tu-rau-cu-qua-hat","7":"product_cat-hang-cnnt-cap-qg","8":"product_cat-hang-cnnt-cap-qg-2023","9":"product_cat-sanphamthucpham","10":"product_cat-thuc-pham-che-bien","12":"first","13":"instock","14":"shipping-taxable","15":"purchasable","16":"product-type-variable"},"acf":[],"_links":{"self":[{"href":"https:\/\/b2c.fairs.vn\/en\/wp-json\/wp\/v2\/product\/9433","targetHints":{"allow":["GET"]}}],"collection":[{"href":"https:\/\/b2c.fairs.vn\/en\/wp-json\/wp\/v2\/product"}],"about":[{"href":"https:\/\/b2c.fairs.vn\/en\/wp-json\/wp\/v2\/types\/product"}],"replies":[{"embeddable":true,"href":"https:\/\/b2c.fairs.vn\/en\/wp-json\/wp\/v2\/comments?post=9433"}],"version-history":[{"count":0,"href":"https:\/\/b2c.fairs.vn\/en\/wp-json\/wp\/v2\/product\/9433\/revisions"}],"wp:featuredmedia":[{"embeddable":true,"href":"https:\/\/b2c.fairs.vn\/en\/wp-json\/wp\/v2\/media\/9439"}],"wp:attachment":[{"href":"https:\/\/b2c.fairs.vn\/en\/wp-json\/wp\/v2\/media?parent=9433"}],"wp:term":[{"taxonomy":"product_cat","embeddable":true,"href":"https:\/\/b2c.fairs.vn\/en\/wp-json\/wp\/v2\/product_cat?post=9433"},{"taxonomy":"product_tag","embeddable":true,"href":"https:\/\/b2c.fairs.vn\/en\/wp-json\/wp\/v2\/product_tag?post=9433"}],"curies":[{"name":"wp","href":"https:\/\/api.w.org\/{rel}","templated":true}]}}