{"id":9415,"date":"2024-03-26T17:05:20","date_gmt":"2024-03-26T10:05:20","guid":{"rendered":"https:\/\/b2c.fairs.vn\/?post_type=product&#038;p=9415"},"modified":"2024-04-19T11:05:27","modified_gmt":"2024-04-19T04:05:27","slug":"mien-toi-den-viet-cuong-1kg","status":"publish","type":"product","link":"https:\/\/b2c.fairs.vn\/en\/product\/mien-toi-den-viet-cuong-1kg\/","title":{"rendered":"Mi\u1ebfn t\u1ecfi \u0111en Vi\u1ec7t C\u01b0\u1eddng"},"content":{"rendered":"<p>Mi\u1ebfn T\u1ecfi \u0110en Vi\u1ec7t C\u01b0\u1eddng l\u00e0 s\u1ef1 giao thoa gi\u1eefa tinh hoa c\u1ee7a mi\u1ebfn dong v\u00e0 gi\u00e1 tr\u1ecb dinh d\u01b0\u1ee1ng cao t\u1eeb t\u1ecfi \u0111en. t\u1ecfi \u0111en \u0111\u01b0\u1ee3c ch\u1ecdn t\u1eeb lo\u1ea1i t\u1ecfi c\u00f4 \u0111\u01a1n ch\u1ea5t l\u01b0\u1ee3ng cao. T\u1ecfi \u0111en \u0111\u01b0\u1ee3c xay th\u00e0nh b\u1ed9t m\u1ecbn h\u00f2a tan v\u00e0o t\u1eebng s\u1ee3i mi\u1ebfn tr\u00ean d\u00e2y truy\u1ec1n hi\u1ec7n \u0111\u1ea1i ngay tr\u01b0\u1edbc khi t\u1ea1o s\u1ee3i, gi\u00fap gi\u1eef nguy\u00ean gi\u00e1 tr\u1ecb dinh d\u01b0\u1ee1ng c\u1ee7a t\u1ecfi \u0111en. Dong ph\u1ea3i l\u00e0 th\u1ee9 Dong ri\u1ec1ng t\u00eda, ng\u1ecdt m\u00e1t \u0111\u01b0\u1ee3c l\u1ef1a ch\u1ecdn k\u1ef9 c\u00e0ng t\u1eadn v\u00f9ng \u0111\u1ea5t B\u1eafc C\u1ea1n. Dong \u1ea5y \u0111em v\u1ec1 l\u00e0m s\u1ea1ch sau \u0111\u00f3 d\u00f9ng dao nh\u1ecf g\u1ecdt b\u1ecf nh\u1eefng ph\u1ea7n h\u1ecfng, c\u1ea1o v\u1ecf r\u1ed3i cho v\u00e0o m\u00e0i n\u00e1t. Quy tr\u00ecnh ph\u01a1i c\u0169ng ph\u1ea3i c\u00f3 nh\u1eefng b\u00ed k\u00edp ri\u00eang th\u00ec m\u1edbi t\u1ea1o \u0111\u01b0\u1ee3c h\u01b0\u01a1ng v\u1ecb \u0111\u1eb7c bi\u1ec7t cho mi\u1ebfn. \u0110\u1ed9 \u0111\u1eb9p c\u1ee7a mi\u1ebfn ph\u1ee5 thu\u1ed9c nhi\u1ec1u v\u00e0o th\u1eddi ti\u1ebft, ng\u00e0y n\u1eafng \u0111\u1ec1u v\u00e0 kh\u00f4ng g\u1eaft ph\u01a1i mi\u1ebfn l\u00e0 \u0111\u1eb9p nh\u1ea5t, v\u00ec mi\u1ebfn kh\u00f4 ch\u1ee7 y\u1ebfu b\u1eb1ng gi\u00f3 v\u00e0 n\u1eafng nh\u1ea1t, n\u1ebfu n\u1eafng g\u1eaft qu\u00e1 s\u1ebd khi\u1ebfn mi\u1ebfn m\u1ea5t nhi\u1ec7t nhanh d\u1eabn \u0111\u1ebfn s\u1ee3i mi\u1ebfn khi n\u1ea5u b\u1ecb kh\u00f4 v\u00e0 kh\u00f4ng c\u00f2n m\u00e0u trong n\u1eefa. Th\u00f4ng th\u01b0\u1eddng m\u1ed9t m\u1ebb ph\u01a1i \u0111\u1eb9p l\u00e0 kho\u1ea3ng 2 n\u1eafng. Mi\u1ebfn sau khi ph\u01a1i k\u1ef9 s\u1ebd \u0111\u01b0\u1ee3c g\u00f3i l\u1ea1i, \u0111\u1ec3 n\u01a1i cao r\u00e1o tr\u00e1nh \u0111\u1ed9 \u1ea9m v\u00e0 \u0111\u01b0\u1ee3c v\u1eadn chuy\u1ec3n \u0111i kh\u1eafp c\u00e1c v\u00f9ng mi\u1ec1n.<\/p>","protected":false},"excerpt":{"rendered":"<p>Mi\u1ebfn T\u1ecfi \u0110en Vi\u1ec7t C\u01b0\u1eddng l\u00e0 s\u1ef1 giao thoa gi\u1eefa tinh hoa c\u1ee7a mi\u1ebfn dong v\u00e0 gi\u00e1 tr\u1ecb dinh d\u01b0\u1ee1ng<\/p>","protected":false},"featured_media":9429,"comment_status":"open","ping_status":"closed","template":"","meta":{"_acf_changed":false},"product_cat":[315,366,367,22,313],"product_tag":[],"class_list":{"0":"post-9415","1":"product","2":"type-product","3":"status-publish","4":"has-post-thumbnail","6":"product_cat-che-bien-tu-gao-ngu-coc","7":"product_cat-hang-cnnt-cap-qg","8":"product_cat-hang-cnnt-cap-qg-2023","9":"product_cat-sanphamthucpham","10":"product_cat-thuc-pham-che-bien","12":"first","13":"instock","14":"shipping-taxable","15":"purchasable","16":"product-type-variable"},"acf":[],"_links":{"self":[{"href":"https:\/\/b2c.fairs.vn\/en\/wp-json\/wp\/v2\/product\/9415","targetHints":{"allow":["GET"]}}],"collection":[{"href":"https:\/\/b2c.fairs.vn\/en\/wp-json\/wp\/v2\/product"}],"about":[{"href":"https:\/\/b2c.fairs.vn\/en\/wp-json\/wp\/v2\/types\/product"}],"replies":[{"embeddable":true,"href":"https:\/\/b2c.fairs.vn\/en\/wp-json\/wp\/v2\/comments?post=9415"}],"version-history":[{"count":0,"href":"https:\/\/b2c.fairs.vn\/en\/wp-json\/wp\/v2\/product\/9415\/revisions"}],"wp:featuredmedia":[{"embeddable":true,"href":"https:\/\/b2c.fairs.vn\/en\/wp-json\/wp\/v2\/media\/9429"}],"wp:attachment":[{"href":"https:\/\/b2c.fairs.vn\/en\/wp-json\/wp\/v2\/media?parent=9415"}],"wp:term":[{"taxonomy":"product_cat","embeddable":true,"href":"https:\/\/b2c.fairs.vn\/en\/wp-json\/wp\/v2\/product_cat?post=9415"},{"taxonomy":"product_tag","embeddable":true,"href":"https:\/\/b2c.fairs.vn\/en\/wp-json\/wp\/v2\/product_tag?post=9415"}],"curies":[{"name":"wp","href":"https:\/\/api.w.org\/{rel}","templated":true}]}}