{"id":9387,"date":"2024-03-26T16:44:15","date_gmt":"2024-03-26T09:44:15","guid":{"rendered":"https:\/\/b2c.fairs.vn\/?post_type=product&#038;p=9387"},"modified":"2024-03-29T11:17:41","modified_gmt":"2024-03-29T04:17:41","slug":"mien-dong-moc-chau","status":"publish","type":"product","link":"https:\/\/b2c.fairs.vn\/en\/product\/mien-dong-moc-chau\/","title":{"rendered":"Mi\u1ebfn dong M\u1ed9c Ch\u00e2u"},"content":{"rendered":"<div class=\"product-short-description\">\n<p><i class=\"icon-checkmark\"><\/i><strong>Kh\u1ed1i l\u01b0\u1ee3ng t\u1ecbnh: 200 g<\/strong><\/p>\n<p>C\u00f4ng ngh\u1ec7 s\u1ea5y kh\u00ed s\u1ea1ch. \u0110\u1ea3m b\u1ea3o v\u1ec7 sinh ATTP.<br \/>\n<i class=\"icon-checkmark\"><\/i>\u00a0S\u1ea3n ph\u1ea9m \u0111\u01b0\u1ee3c ki\u1ec3m \u0111\u1ecbnh m\u1eabu t\u1ea1i s\u1edf C\u00f4ng th\u01b0\u01a1ng H\u00e0 N\u1ed9i v\u00e0 \u0111\u01b0\u1ee3c c\u00f4ng b\u1ed1 ch\u1ea5t l\u01b0\u1ee3ng tr\u00ean to\u00e0n qu\u1ed1c.<br \/>\n<i class=\"icon-checkmark\"><\/i>\u00a0S\u1eed d\u1ee5ng b\u1ed9t dong nguy\u00ean ch\u1ea5t v\u00e0 n\u01b0\u1edbc l\u1ecdc tinh khi\u1ebft qua h\u1ec7 th\u1ed1ng l\u1ecdc R.O khi tr\u00e1ng.<br \/>\n<i class=\"icon-checkmark\"><\/i>\u00a0S\u1ee3i mi\u1ebfn nh\u1ecf, b\u00f3ng , m\u1ec1m do ren truy\u1ec1n th\u1ed1ng.<br \/>\n<i class=\"icon-checkmark\"><\/i>\u00a0S\u1ea3n ph\u1ea9m c\u00f3 \u0111\u1ea7y \u0111\u1ee7 m\u00e3 s\u1ed1, m\u00e3 v\u1ea1ch do c\u1ee5c \u0111o l\u01b0\u1eddng ch\u1ea5t l\u01b0\u1ee3ng c\u1ea5p.<\/p>\n<\/div>\n<div class=\"social-icons share-icons share-row relative\">\n<p><strong>Th\u00f4ng tin s\u1ea3n ph\u1ea9m<br \/>\n<\/strong>\u2013 Th\u00e0nh ph\u1ea7n: 100% tinh b\u1ed9t dong ri\u1ec1ng Vi\u1ec7t Nam v\u00e0 n\u01b0\u1edbc s\u1ea1ch.<br \/>\n\u2013 H\u01b0\u1edbng d\u1eabn s\u1eed d\u1ee5ng:\u00a0 D\u00f9ng \u0111\u1ec3 ch\u1ebf bi\u1ebfn c\u00e1c m\u00f3n x\u00e0o ho\u1eb7c l\u00e0m nem: Ng\u00e2m v\u1edbi n\u01b0\u1edbc \u1ea5m t\u1eeb 40-50oC t\u1eeb 2-3 ph\u00fat cho mi\u1ebfn m\u1ec1m ra sau \u0111\u00f3 r\u1eeda s\u1ea1ch v\u1edbi n\u01b0\u1edbc, v\u1edbt ra \u0111\u1ec3 r\u00e1o n\u01b0\u1edbc r\u1ed3i ch\u1ebf bi\u1ebfn. D\u00f9ng \u0111\u1ec3 n\u1ea5u canh: R\u1eeda s\u1ea1ch v\u1edbi n\u01b0\u1edbc l\u1ecdc sau \u0111\u00f3 v\u1edbt ra \u0111\u1ec3 r\u00e1o n\u01b0\u1edbc r\u1ed3i ch\u1ebf bi\u1ebfn<br \/>\n\u2013 Ch\u1ea5t li\u1ec7u bao b\u00ec: t\u00fai nilon \u0111\u1ef1ng trong h\u1ed9p gi\u1ea5y<br \/>\n\u2013 Quy c\u00e1ch \u0111\u00f3ng g\u00f3i: H\u1ed9p 200 g<br \/>\n\u2013 B\u1ea3o qu\u1ea3n: \u0110\u1ec3 n\u01a1i kh\u00f4 r\u00e1o, tho\u00e1ng m\u00e1t, tr\u00e1nh \u00e1nh s\u00e1ng tr\u1ef1c ti\u1ebfp<br \/>\n\u2013 Th\u1eddi h\u1ea1n s\u1eed d\u1ee5ng: 24 th\u00e1ng k\u1ec3 t\u1eeb ng\u00e0y s\u1ea3n xu\u1ea5t<br \/>\n\u2013 Th\u00f4ng tin, c\u1ea3nh b\u00e1o: Kh\u00f4ng s\u1eed d\u1ee5ng s\u1ea3n ph\u1ea9m khi b\u1ecb n\u1ea5m m\u1ed1c, c\u00f3 m\u00e0u l\u1ea1<br \/>\n\u2013 S\u1ed1 TCB: 01\/CT KIENSON\/2020<br \/>\n\u2013 Gi\u1ea5y ch\u1ee9ng nh\u1eadn ATTP: S\u1ed1 22\/2018\/GCNATTP-SCT c\u1ea5p ng\u00e0y 10\/12\/2018<br \/>\n\u2013 Gi\u1ea5y ch\u1ee9ng nh\u1eadn HTQL ATTP: ISO 22000:2018 S\u1ed1 20.14791-FMS\/TTP c\u1ea5p ng\u00e0y 12\/08\/2020<br \/>\n\u2013 Xu\u1ea5t x\u1ee9: Vi\u1ec7t Nam*<\/p>\n<p><strong>*C\u00f4ng d\u1ee5ng<\/strong>: D\u00f9ng ch\u1ebf bi\u1ebfn trong c\u00e1c m\u00f3n \u0103n x\u00e0o, n\u1ea5u, nem,\u2026 \u0110\u1eb7c bi\u1ec7t t\u1ed1t cho Ng\u01b0\u1eddi b\u00e9o, ng\u01b0\u1eddi \u0103n chay, ng\u01b0\u1eddi ti\u1ec3u \u0111\u01b0\u1eddng<\/p>\n<p>Dong ri\u1ec1ng \u0111\u01b0\u1ee3c tr\u1ed3ng r\u1ea5t ph\u1ed5 bi\u1ebfn t\u1ea1i M\u1ed9c Ch\u00e2u, n\u01a1i c\u00f3 kh\u00ed h\u1eadu th\u1ed5 nh\u01b0\u1ee1ng r\u1ea5t ph\u00f9 h\u1ee3p cho sinh tr\u01b0\u1edfng, ph\u00e1t tri\u1ec3n c\u1ee7a c\u00e2y dong, cho tinh b\u1ed9t ch\u1ea5t l\u01b0\u1ee3ng cao, mang h\u01b0\u01a1ng v\u1ecb \u0111\u1ed9c \u0111\u00e1o, r\u1ea5t ri\u00eang c\u1ee7a Cao nguy\u00ean M\u1ed9c Ch\u00e2u.<\/p>\n<p>C\u00f4ng ty Ki\u00ean S\u01a1n \u0111\u00e3 x\u00e2y d\u1ef1ng v\u00f9ng tr\u1ed3ng Dong ri\u1ec1ng tr\u00ean c\u01a1 s\u1edf li\u00ean k\u1ebft ch\u1eb7t ch\u1ebd v\u1edbi c\u00e1c h\u1ed9 d\u00e2n \u0111\u1ecba ph\u01b0\u01a1ng, tu\u00e2n th\u1ee7 quy \u0111\u1ecbnh v\u1ec1 an to\u00e0n th\u1ef1c ph\u1ea9m trong tr\u1ed3ng, ch\u0103m s\u00f3c, thu ho\u1ea1ch. C\u1ee7 dong \u0111\u01b0\u1ee3c l\u1ef1a ch\u1ecdn, ki\u1ec3m tra \u0111\u1ea1t ti\u00eau chu\u1ea9n v\u1ec1 ch\u1ea5t l\u01b0\u1ee3ng tr\u01b0\u1edbc khi \u0111\u01b0a v\u00e0o s\u1ea3n xu\u1ea5t.<\/p>\n<\/div>\n<p>Mua h\u00e0ng li\u00ean h\u1ec7 qua Hotline 0985 666 886<\/p>","protected":false},"excerpt":{"rendered":"<p>Kh\u1ed1i l\u01b0\u1ee3ng t\u1ecbnh: 200 g C\u00f4ng ngh\u1ec7 s\u1ea5y kh\u00ed s\u1ea1ch. \u0110\u1ea3m b\u1ea3o v\u1ec7 sinh ATTP. \u00a0S\u1ea3n ph\u1ea9m \u0111\u01b0\u1ee3c ki\u1ec3m \u0111\u1ecbnh<\/p>","protected":false},"featured_media":9389,"comment_status":"open","ping_status":"closed","template":"","meta":{"_acf_changed":false},"product_cat":[316,366,398,367,22,313],"product_tag":[],"class_list":{"0":"post-9387","1":"product","2":"type-product","3":"status-publish","4":"has-post-thumbnail","6":"product_cat-che-bien-tu-rau-cu-qua-hat","7":"product_cat-hang-cnnt-cap-qg","8":"product_cat-san-pham-cnnt-tb-cap-qg-2021","9":"product_cat-hang-cnnt-cap-qg-2023","10":"product_cat-sanphamthucpham","11":"product_cat-thuc-pham-che-bien","13":"first","14":"instock","15":"shipping-taxable","16":"product-type-simple"},"acf":[],"_links":{"self":[{"href":"https:\/\/b2c.fairs.vn\/en\/wp-json\/wp\/v2\/product\/9387","targetHints":{"allow":["GET"]}}],"collection":[{"href":"https:\/\/b2c.fairs.vn\/en\/wp-json\/wp\/v2\/product"}],"about":[{"href":"https:\/\/b2c.fairs.vn\/en\/wp-json\/wp\/v2\/types\/product"}],"replies":[{"embeddable":true,"href":"https:\/\/b2c.fairs.vn\/en\/wp-json\/wp\/v2\/comments?post=9387"}],"version-history":[{"count":0,"href":"https:\/\/b2c.fairs.vn\/en\/wp-json\/wp\/v2\/product\/9387\/revisions"}],"wp:featuredmedia":[{"embeddable":true,"href":"https:\/\/b2c.fairs.vn\/en\/wp-json\/wp\/v2\/media\/9389"}],"wp:attachment":[{"href":"https:\/\/b2c.fairs.vn\/en\/wp-json\/wp\/v2\/media?parent=9387"}],"wp:term":[{"taxonomy":"product_cat","embeddable":true,"href":"https:\/\/b2c.fairs.vn\/en\/wp-json\/wp\/v2\/product_cat?post=9387"},{"taxonomy":"product_tag","embeddable":true,"href":"https:\/\/b2c.fairs.vn\/en\/wp-json\/wp\/v2\/product_tag?post=9387"}],"curies":[{"name":"wp","href":"https:\/\/api.w.org\/{rel}","templated":true}]}}