{"id":9337,"date":"2024-03-26T16:07:38","date_gmt":"2024-03-26T09:07:38","guid":{"rendered":"https:\/\/b2c.fairs.vn\/?post_type=product&#038;p=9337"},"modified":"2024-04-19T11:12:25","modified_gmt":"2024-04-19T04:12:25","slug":"duong-kinh-rs","status":"publish","type":"product","link":"https:\/\/b2c.fairs.vn\/en\/product\/duong-kinh-rs\/","title":{"rendered":"\u0110\u01af\u1edcNG K\u00cdNH RS"},"content":{"rendered":"<div class=\"product-description\">\n<p>\u0110\u01b0\u1eddng \u0111\u01b0\u1ee3c l\u00e0m t\u1eeb nguy\u00ean li\u1ec7u l\u00e0 c\u00e2y m\u00eda t\u01b0\u01a1i v\u00e0 m\u1ed9t s\u1ed1 ph\u1ee5 gia \u0111\u01b0\u1ee3c ph\u00e9p s\u1eed d\u1ee5ng trong l\u0129nh v\u1ef1c ch\u1ebf bi\u1ebfn th\u1ef1c ph\u1ea9m.<br \/>\nHi\u1ec7n nay s\u1ea3n ph\u1ea9m n\u00e0y \u0111ang \u0111\u01b0\u1ee3c c\u00f4ng ty \u0111\u00f3ng g\u00f3i theo ba lo\u1ea1i: t\u00fai 0,5kg, t\u00fai 1 kg v\u00e0 bao 50 kg.<\/p>\n<p>\u0110\u1ec3 \u0111\u1eb7t h\u00e0ng s\u1ed1 l\u01b0\u1ee3ng l\u1edbn, qu\u00fd kh\u00e1ch h\u00e0ng vui l\u00f2ng \u0111\u1ec3 l\u1ea1i th\u00f4ng tin li\u00ean h\u1ec7, ho\u1eb7c li\u00ean h\u1ec7 tr\u1ef1c ti\u1ebfp v\u1edbi ch\u00fang t\u00f4i qua s\u1ed1 \u0111i\u1ec7n tho\u1ea1i: 0223843274 \u0111\u1ec3 \u0111\u01b0\u1ee3c t\u01b0 v\u1ea5n.<\/p>\n<\/div>","protected":false},"excerpt":{"rendered":"<p>\u0110\u01b0\u1eddng \u0111\u01b0\u1ee3c l\u00e0m t\u1eeb nguy\u00ean li\u1ec7u l\u00e0 c\u00e2y m\u00eda t\u01b0\u01a1i v\u00e0 m\u1ed9t s\u1ed1 ph\u1ee5 gia \u0111\u01b0\u1ee3c ph\u00e9p s\u1eed d\u1ee5ng trong<\/p>","protected":false},"featured_media":9344,"comment_status":"open","ping_status":"closed","template":"","meta":{"_acf_changed":false},"product_cat":[318,320,366,367,22],"product_tag":[],"class_list":{"0":"post-9337","1":"product","2":"type-product","3":"status-publish","4":"has-post-thumbnail","6":"product_cat-gia-vi","7":"product_cat-gia-vi-khac","8":"product_cat-hang-cnnt-cap-qg","9":"product_cat-hang-cnnt-cap-qg-2023","10":"product_cat-sanphamthucpham","12":"first","13":"instock","14":"shipping-taxable","15":"product-type-simple"},"acf":[],"_links":{"self":[{"href":"https:\/\/b2c.fairs.vn\/en\/wp-json\/wp\/v2\/product\/9337","targetHints":{"allow":["GET"]}}],"collection":[{"href":"https:\/\/b2c.fairs.vn\/en\/wp-json\/wp\/v2\/product"}],"about":[{"href":"https:\/\/b2c.fairs.vn\/en\/wp-json\/wp\/v2\/types\/product"}],"replies":[{"embeddable":true,"href":"https:\/\/b2c.fairs.vn\/en\/wp-json\/wp\/v2\/comments?post=9337"}],"version-history":[{"count":0,"href":"https:\/\/b2c.fairs.vn\/en\/wp-json\/wp\/v2\/product\/9337\/revisions"}],"wp:featuredmedia":[{"embeddable":true,"href":"https:\/\/b2c.fairs.vn\/en\/wp-json\/wp\/v2\/media\/9344"}],"wp:attachment":[{"href":"https:\/\/b2c.fairs.vn\/en\/wp-json\/wp\/v2\/media?parent=9337"}],"wp:term":[{"taxonomy":"product_cat","embeddable":true,"href":"https:\/\/b2c.fairs.vn\/en\/wp-json\/wp\/v2\/product_cat?post=9337"},{"taxonomy":"product_tag","embeddable":true,"href":"https:\/\/b2c.fairs.vn\/en\/wp-json\/wp\/v2\/product_tag?post=9337"}],"curies":[{"name":"wp","href":"https:\/\/api.w.org\/{rel}","templated":true}]}}