{"id":9328,"date":"2024-03-26T16:15:00","date_gmt":"2024-03-26T09:15:00","guid":{"rendered":"https:\/\/b2c.fairs.vn\/?post_type=product&#038;p=9328"},"modified":"2024-03-26T16:15:01","modified_gmt":"2024-03-26T09:15:01","slug":"mun-dua","status":"publish","type":"product","link":"https:\/\/b2c.fairs.vn\/en\/product\/mun-dua\/","title":{"rendered":"M\u1ee5n d\u1eeba"},"content":{"rendered":"<p><strong><span>\u2217 Ch\u1ea5t li\u1ec7u:<\/span><\/strong><span>\u00a0\u00a0100% g\u00e1o d\u1eeba<\/span><br \/>\n<strong><span>\u2217 C\u1ea3ng:<\/span><\/strong><span>\u00a0\u00a0C\u1ea3ng C\u00e1t L\u00e1i, Th\u00e0nh ph\u1ed1 H\u1ed3 Ch\u00ed Minh, Vi\u1ec7t Nam<\/span><br \/>\n<strong><span>\u2217 Thanh to\u00e1n:<\/span><\/strong><span>\u00a0\u00a0T\/T, L\/C<\/span><br \/>\n<strong><span>\u2217 Xu\u1ea5t x\u1ee9:<\/span><\/strong><span>\u00a0\u00a0B\u1ebfn Tre, Vi\u1ec7t Nam<\/span><br \/>\n<strong><span>\u2217 Cung c\u1ea5p:<\/span><\/strong><span>\u00a0\u00a02000 g\u00f3i\/th\u00e1ng<\/span><\/p>\n<p><span>M\u1ee5n d\u1eeba l\u00e0 m\u1ed9t lo\u1ea1i gi\u00e1 th\u1ec3 \u0111\u01b0\u1ee3c l\u00e0m t\u1eeb v\u1ecf d\u1eeba. V\u1ecf d\u1eeba sau khi \u0111\u01b0\u1ee3c r\u1eeda s\u1ea1ch, s\u1ea5y kh\u00f4 b\u1eb1ng m\u00e1y s\u1ebd \u0111\u01b0\u1ee3c b\u0103m nh\u1ecf th\u00e0nh nh\u1eefng mi\u1ebfng nh\u1ecf t\u1ea1o th\u00e0nh m\u1ee5n d\u1eeba. Than b\u00f9n d\u1eeba \u0111\u01b0\u1ee3c xem l\u00e0 ch\u1ea5t \u0111i\u1ec1u h\u00f2a \u0111\u1ea5t tuy\u1ec7t v\u1eddi v\u00e0 l\u00e0 m\u00f4i tr\u01b0\u1eddng ph\u00e1t tri\u1ec3n l\u00fd t\u01b0\u1edfng cho m\u1ee5c \u0111\u00edch l\u00e0m v\u01b0\u1eddn. M\u1ed9t khi h\u1ea5p th\u1ee5 n\u01b0\u1edbc, than b\u00f9n x\u01a1 d\u1eeba c\u00f3 th\u1ec3 gi\u1eef \u0111\u1ed9 \u1ea9m v\u00e0 gi\u1ea3i ph\u00f3ng n\u00f3 t\u1eeb t\u1eeb, t\u1ea1o \u0111i\u1ec1u ki\u1ec7n tuy\u1ec7t v\u1eddi cho nhi\u1ec1u lo\u1ea1i c\u00e2y kh\u00f4ng c\u1ea7n \u0111\u1ea5t nh\u01b0 hoa lan v\u00e0 h\u1ed3ng m\u00f4n ph\u00e1t tri\u1ec3n. M\u1ee5n d\u1eeba c\u00f3 th\u1ec3 \u0111\u01b0\u1ee3c \u0111\u00f3ng th\u00e0nh bao pp 60x110cm ho\u1eb7c n\u00e9n th\u00e0nh g\u1ea1ch d\u1eeba, ph\u1ea3i ng\u00e2m n\u01b0\u1edbc \u0111\u1ec3 ch\u00fang v\u1ee1 ra.<\/span><\/p>\n<h4><strong><span>M\u1ee5n d\u1eeba d\u00f9ng \u0111\u1ec3 l\u00e0m g\u00ec?<\/span><\/strong><\/h4>\n<ul>\n<li><span>Cung c\u1ea5p m\u00f4i tr\u01b0\u1eddng tr\u1ed3ng cho c\u00e1c lo\u1ea1i c\u00e2y kh\u00f4ng c\u1ea7n \u0111\u1ea5t nh\u01b0 hoa lan<\/span><\/li>\n<li><span>Gi\u1eef \u0111\u1ed9 \u1ea9m cho \u0111\u1ea5t<\/span><\/li>\n<\/ul>","protected":false},"excerpt":{"rendered":"<p>\u2217 Ch\u1ea5t li\u1ec7u:\u00a0\u00a0100% g\u00e1o d\u1eeba \u2217 C\u1ea3ng:\u00a0\u00a0C\u1ea3ng C\u00e1t L\u00e1i, Th\u00e0nh ph\u1ed1 H\u1ed3 Ch\u00ed Minh, Vi\u1ec7t Nam \u2217 Thanh to\u00e1n:\u00a0\u00a0T\/T, L\/C<\/p>","protected":false},"featured_media":9332,"comment_status":"open","ping_status":"closed","template":"","meta":{"_acf_changed":false},"product_cat":[339],"product_tag":[],"class_list":{"0":"post-9328","1":"product","2":"type-product","3":"status-publish","4":"has-post-thumbnail","6":"product_cat-san-pham-sinh-vat-canh","8":"first","9":"instock","10":"shipping-taxable","11":"product-type-simple"},"acf":[],"_links":{"self":[{"href":"https:\/\/b2c.fairs.vn\/en\/wp-json\/wp\/v2\/product\/9328","targetHints":{"allow":["GET"]}}],"collection":[{"href":"https:\/\/b2c.fairs.vn\/en\/wp-json\/wp\/v2\/product"}],"about":[{"href":"https:\/\/b2c.fairs.vn\/en\/wp-json\/wp\/v2\/types\/product"}],"replies":[{"embeddable":true,"href":"https:\/\/b2c.fairs.vn\/en\/wp-json\/wp\/v2\/comments?post=9328"}],"version-history":[{"count":0,"href":"https:\/\/b2c.fairs.vn\/en\/wp-json\/wp\/v2\/product\/9328\/revisions"}],"wp:featuredmedia":[{"embeddable":true,"href":"https:\/\/b2c.fairs.vn\/en\/wp-json\/wp\/v2\/media\/9332"}],"wp:attachment":[{"href":"https:\/\/b2c.fairs.vn\/en\/wp-json\/wp\/v2\/media?parent=9328"}],"wp:term":[{"taxonomy":"product_cat","embeddable":true,"href":"https:\/\/b2c.fairs.vn\/en\/wp-json\/wp\/v2\/product_cat?post=9328"},{"taxonomy":"product_tag","embeddable":true,"href":"https:\/\/b2c.fairs.vn\/en\/wp-json\/wp\/v2\/product_tag?post=9328"}],"curies":[{"name":"wp","href":"https:\/\/api.w.org\/{rel}","templated":true}]}}