{"id":9308,"date":"2024-03-26T16:00:58","date_gmt":"2024-03-26T09:00:58","guid":{"rendered":"https:\/\/b2c.fairs.vn\/?post_type=product&#038;p=9308"},"modified":"2024-04-04T09:05:17","modified_gmt":"2024-04-04T02:05:17","slug":"bang-xo-dua","status":"publish","type":"product","link":"https:\/\/b2c.fairs.vn\/en\/product\/bang-xo-dua\/","title":{"rendered":"B\u0103ng x\u01a1 d\u1eeba"},"content":{"rendered":"<h2 class=\"vc_custom_heading title text-uppercase\">B\u0102NG X\u01a0 D\u1eeaA<\/h2>\n<div><\/div>\n<div class=\"desc text-justify\">\n<p>B\u0103ng x\u01a1 d\u1eeba l\u00e0 t\u1ea5m s\u1ee3i x\u01a1 d\u1eeba d\u00f9ng trong n\u00f4ng nghi\u1ec7p.<\/p>\n<p><strong>B\u0103ng x\u01a1 d\u1eeba d\u00f9ng \u0111\u1ec3<\/strong><br \/>\n\u2013 Gi\u1eef \u1ea9m cho \u0111\u1ea5t<\/p>\n<p>\u2013 Thay r\u01a1m r\u1ea1 (v\u00ec r\u01a1m r\u1ea1 th\u01b0\u1eddng m\u1ecdc n\u1ea5m m\u1ed1c).<\/p>\n<p>&#8211; Ki\u1ec3m so\u00e1t x\u00f3i m\u00f2n.<\/p>\n<p>\u2013 Che ph\u1ee7 g\u1ed1c c\u00e2y<\/p>\n<p>\u2013 K\u1ebft h\u1ee3p v\u1edbi x\u01a1 d\u1eeba v\u00e0 m\u1ee5n d\u1eeba s\u1ebd t\u0103ng hi\u1ec7u qu\u1ea3 gi\u1eef \u1ea9m v\u00e0 \u0111\u1ed9 t\u01a1i x\u1ed1p c\u1ee7a \u0111\u1ea5t.<\/p>\n<p><strong>K\u00edch th\u01b0\u1edbc b\u0103ng x\u01a1 d\u1eeba:<\/strong><\/p>\n<p>\u2013 10 cm x 0,3 cm x 1.000 cm\/cu\u1ed9n \u2013 12 cu\u1ed9n\/th\u00f9ng<\/p>\n<p>\u2013 15 cm x 0,3 cm x 1.000 cm\/cu\u1ed9n \u2013 08 cu\u1ed9n\/th\u00f9ng<\/p>\n<p>\u2013 20 cm x 0,3 cm x 1.000 cm\/cu\u1ed9n- 06 cu\u1ed9n\/th\u00f9ng<\/p>\n<p>\u2013 01 x 40\u201dHQ : th\u00f9ng 830 \u2013 880<\/p>\n<\/div>","protected":false},"excerpt":{"rendered":"<p>B\u0102NG X\u01a0 D\u1eeaA B\u0103ng x\u01a1 d\u1eeba l\u00e0 t\u1ea5m s\u1ee3i x\u01a1 d\u1eeba d\u00f9ng trong n\u00f4ng nghi\u1ec7p. B\u0103ng x\u01a1 d\u1eeba d\u00f9ng \u0111\u1ec3<\/p>","protected":false},"featured_media":9310,"comment_status":"open","ping_status":"closed","template":"","meta":{"_acf_changed":false},"product_cat":[520,400],"product_tag":[],"class_list":{"0":"post-9308","1":"product","2":"type-product","3":"status-publish","4":"has-post-thumbnail","6":"product_cat-nha-cua-doi-song","7":"product_cat-noi-that","9":"first","10":"instock","11":"shipping-taxable","12":"product-type-simple"},"acf":[],"_links":{"self":[{"href":"https:\/\/b2c.fairs.vn\/en\/wp-json\/wp\/v2\/product\/9308","targetHints":{"allow":["GET"]}}],"collection":[{"href":"https:\/\/b2c.fairs.vn\/en\/wp-json\/wp\/v2\/product"}],"about":[{"href":"https:\/\/b2c.fairs.vn\/en\/wp-json\/wp\/v2\/types\/product"}],"replies":[{"embeddable":true,"href":"https:\/\/b2c.fairs.vn\/en\/wp-json\/wp\/v2\/comments?post=9308"}],"version-history":[{"count":0,"href":"https:\/\/b2c.fairs.vn\/en\/wp-json\/wp\/v2\/product\/9308\/revisions"}],"wp:featuredmedia":[{"embeddable":true,"href":"https:\/\/b2c.fairs.vn\/en\/wp-json\/wp\/v2\/media\/9310"}],"wp:attachment":[{"href":"https:\/\/b2c.fairs.vn\/en\/wp-json\/wp\/v2\/media?parent=9308"}],"wp:term":[{"taxonomy":"product_cat","embeddable":true,"href":"https:\/\/b2c.fairs.vn\/en\/wp-json\/wp\/v2\/product_cat?post=9308"},{"taxonomy":"product_tag","embeddable":true,"href":"https:\/\/b2c.fairs.vn\/en\/wp-json\/wp\/v2\/product_tag?post=9308"}],"curies":[{"name":"wp","href":"https:\/\/api.w.org\/{rel}","templated":true}]}}