{"id":9295,"date":"2024-03-26T15:49:49","date_gmt":"2024-03-26T08:49:49","guid":{"rendered":"https:\/\/b2c.fairs.vn\/?post_type=product&#038;p=9295"},"modified":"2024-04-17T16:57:47","modified_gmt":"2024-04-17T09:57:47","slug":"banh-ngon-3-vi-dau-do-la-dua-me-den","status":"publish","type":"product","link":"https:\/\/b2c.fairs.vn\/en\/product\/banh-ngon-3-vi-dau-do-la-dua-me-den\/","title":{"rendered":"B\u00c1NH NGON 3 V\u1eca: \u0110\u1eacU \u0110\u1ece \u2013 L\u00c1 D\u1ee8A \u2013 M\u00c8 \u0110EN"},"content":{"rendered":"<div class=\"product-section\">\n<div class=\"row\">\n<div class=\"large-12 col pb-0 mb-0\">\n<div class=\"panel entry-content entry-content-description\">\n<p><span class=\"x3nfvp2 x1j61x8r x1fcty0u xdj266r xhhsvwb xat24cr xgzva0m xxymvpz xlup9mm x1kky2od\"><img decoding=\"async\" src=\"https:\/\/static.xx.fbcdn.net\/images\/emoji.php\/v9\/tcc\/2\/16\/1f4cd.png\" alt=\"\ud83d\udccd\" width=\"16\" height=\"16\" \/>\u00a0<\/span>B\u00e1nh NGON c\u00f2n \u0111\u01b0\u1ee3c g\u1ecdi l\u00e0 b\u00e1nh \u0110\u1eadu \u0110\u1ecf Tr\u1ee9ng Mu\u1ed1i, l\u00e0 s\u1ef1 k\u1ebft h\u1ee3p c\u1ee7a c\u00e1c nguy\u00ean li\u1ec7u d\u1ec5 t\u00ecm v\u00e0 g\u1ea7n g\u0169i b\u1ed9t m\u00ec, \u0111\u1eadu \u0111\u1ecf, tr\u1ee9ng,\u2026 C\u00f9ng v\u1edbi b\u00e0n tay t\u1ec9 m\u1ec9 v\u00e0 kh\u00e9o l\u00e9o c\u1ee7a ng\u01b0\u1eddi th\u1ee3 b\u00e1nh, t\u1ea5t c\u1ea3 \u0111\u00e3 t\u1ea1o n\u00ean m\u1ed9t chi\u1ebfc b\u00e1nh NGON mang h\u01b0\u01a1ng v\u1ecb \u0111\u1eb7c tr\u01b0ng ch\u01b0a t\u1eebng c\u00f3 tr\u01b0\u1edbc \u0111\u00e2y.<\/p>\n<div class=\"x11i5rnm xat24cr x1mh8g0r x1vvkbs xtlvy1s x126k92a\">\n<div dir=\"auto\"><span class=\"x3nfvp2 x1j61x8r x1fcty0u xdj266r xhhsvwb xat24cr xgzva0m xxymvpz xlup9mm x1kky2od\"><img decoding=\"async\" src=\"https:\/\/static.xx.fbcdn.net\/images\/emoji.php\/v9\/tcc\/2\/16\/1f4cd.png\" alt=\"\ud83d\udccd\" width=\"16\" height=\"16\" \/><\/span>C\u1eafn m\u1ed9t mi\u1ebfng b\u00e1nh, b\u1ea1n s\u1ebd c\u1ea3m nh\u1eadn \u0111\u01b0\u1ee3c t\u1eebng h\u01b0\u01a1ng v\u1ecb ri\u00eang bi\u1ec7t c\u1ee7a chi\u1ebfc b\u00e1nh t\u1eeb ngo\u00e0i v\u00e0o trong th\u00f4ng qua 4 l\u1edbp: l\u1edbp da b\u00e1nh n\u01b0\u1edbng m\u1ec1m th\u01a1m, l\u1edbp d\u1eeba d\u1ebbo b\u00e9o ng\u1eady, l\u1edbp \u0111\u1eadu \u0111\u1ecf thanh ng\u1ecdt v\u00e0 nh\u00e2n tr\u1ee9ng mu\u1ed1i si\u00eau m\u1ecbn tan trong mi\u1ec7ng ngay t\u1eeb gi\u00e2y \u0111\u1ea7u ti\u00ean.<\/div>\n<\/div>\n<\/div>\n<\/div>\n<\/div>\n<\/div>\n<div class=\"product-section\">\n<div class=\"row\">\n<div class=\"large-12 col pb-0 mb-0\">\n<h2 class=\"product-section-title\">TH\u00d4NG TIN S\u1ea2N PH\u1ea8M<\/h2>\n<div class=\"panel entry-content entry-content-additional_information\">\n<table class=\"woocommerce-product-attributes shop_attributes\">\n<tbody>\n<tr class=\"woocommerce-product-attributes-item woocommerce-product-attributes-item--attribute_pa_dac-san\">\n<th class=\"woocommerce-product-attributes-item__label\">\u0110\u1eb7c s\u1ea3n<\/th>\n<td class=\"woocommerce-product-attributes-item__value\">S\u00f3c Tr\u0103ng<\/td>\n<\/tr>\n<tr class=\"woocommerce-product-attributes-item woocommerce-product-attributes-item--attribute_pa_han-su-dung\">\n<th class=\"woocommerce-product-attributes-item__label\">H\u1ea1n s\u1eed d\u1ee5ng<\/th>\n<td class=\"woocommerce-product-attributes-item__value\">45 ng\u00e0y<\/td>\n<\/tr>\n<tr class=\"woocommerce-product-attributes-item woocommerce-product-attributes-item--attribute_pa_thuong-hieu\">\n<th class=\"woocommerce-product-attributes-item__label\">Th\u01b0\u01a1ng hi\u1ec7u<\/th>\n<td class=\"woocommerce-product-attributes-item__value\">DUY T\u00c2N<\/td>\n<\/tr>\n<tr class=\"woocommerce-product-attributes-item woocommerce-product-attributes-item--attribute_pa_trong-luong\">\n<th class=\"woocommerce-product-attributes-item__label\">Tr\u1ecdng l\u01b0\u1ee3ng<\/th>\n<td class=\"woocommerce-product-attributes-item__value\">495g\/9c\u00e1i\/h\u1ed9p<\/td>\n<\/tr>\n<\/tbody>\n<\/table>\n<\/div>\n<\/div>\n<\/div>\n<\/div>","protected":false},"excerpt":{"rendered":"<p>\u00a0B\u00e1nh NGON c\u00f2n \u0111\u01b0\u1ee3c g\u1ecdi l\u00e0 b\u00e1nh \u0110\u1eadu \u0110\u1ecf Tr\u1ee9ng Mu\u1ed1i, l\u00e0 s\u1ef1 k\u1ebft h\u1ee3p c\u1ee7a c\u00e1c nguy\u00ean li\u1ec7u d\u1ec5<\/p>","protected":false},"featured_media":9297,"comment_status":"open","ping_status":"closed","template":"","meta":{"_acf_changed":false},"product_cat":[317,366,367,22,313],"product_tag":[],"class_list":{"0":"post-9295","1":"product","2":"type-product","3":"status-publish","4":"has-post-thumbnail","6":"product_cat-che-bien-tu-thit-trung-sua-thuy-san-cac-san-pham-tu-mat-ong-mat-khac-va-nong-san-thuc-pham-khac","7":"product_cat-hang-cnnt-cap-qg","8":"product_cat-hang-cnnt-cap-qg-2023","9":"product_cat-sanphamthucpham","10":"product_cat-thuc-pham-che-bien","12":"first","13":"instock","14":"shipping-taxable","15":"purchasable","16":"product-type-simple"},"acf":[],"_links":{"self":[{"href":"https:\/\/b2c.fairs.vn\/en\/wp-json\/wp\/v2\/product\/9295","targetHints":{"allow":["GET"]}}],"collection":[{"href":"https:\/\/b2c.fairs.vn\/en\/wp-json\/wp\/v2\/product"}],"about":[{"href":"https:\/\/b2c.fairs.vn\/en\/wp-json\/wp\/v2\/types\/product"}],"replies":[{"embeddable":true,"href":"https:\/\/b2c.fairs.vn\/en\/wp-json\/wp\/v2\/comments?post=9295"}],"version-history":[{"count":0,"href":"https:\/\/b2c.fairs.vn\/en\/wp-json\/wp\/v2\/product\/9295\/revisions"}],"wp:featuredmedia":[{"embeddable":true,"href":"https:\/\/b2c.fairs.vn\/en\/wp-json\/wp\/v2\/media\/9297"}],"wp:attachment":[{"href":"https:\/\/b2c.fairs.vn\/en\/wp-json\/wp\/v2\/media?parent=9295"}],"wp:term":[{"taxonomy":"product_cat","embeddable":true,"href":"https:\/\/b2c.fairs.vn\/en\/wp-json\/wp\/v2\/product_cat?post=9295"},{"taxonomy":"product_tag","embeddable":true,"href":"https:\/\/b2c.fairs.vn\/en\/wp-json\/wp\/v2\/product_tag?post=9295"}],"curies":[{"name":"wp","href":"https:\/\/api.w.org\/{rel}","templated":true}]}}