{"id":9288,"date":"2024-03-26T15:43:17","date_gmt":"2024-03-26T08:43:17","guid":{"rendered":"https:\/\/b2c.fairs.vn\/?post_type=product&#038;p=9288"},"modified":"2024-04-04T09:05:14","modified_gmt":"2024-04-04T02:05:14","slug":"gio-soi","status":"publish","type":"product","link":"https:\/\/b2c.fairs.vn\/en\/product\/gio-soi\/","title":{"rendered":"Gi\u1ecf s\u1ee3i"},"content":{"rendered":"<p>Gi\u1ecf s\u1ee3i t\u1ef1 nhi\u00ean Madagascar, r\u1ea5t h\u1eefu \u00edch cho vi\u1ec7c mua s\u1eafm v\u00e0 ch\u1ea5m d\u1ee9t t\u00fai nh\u1ef1a m\u00e3i m\u00e3i!<br \/>\nN\u00f3 c\u00f3 th\u1ec3 mang t\u1ea3i tr\u1ecdng 15kg.<\/p>\n<p><strong>Gi\u1ecf s\u1ee3i d\u00f9ng cho:<\/strong><\/p>\n<p>V\u1edbi k\u1ebft c\u1ea5u \u0111\u1ed9c \u0111\u00e1o, ng\u01b0\u1eddi mua s\u1eafm n\u00e0y \u0111\u00e3 \u0111\u01b0\u1ee3c ch\u1ebf t\u1ea1o m\u1ed9t c\u00e1ch c\u1ea9n th\u1eadn, s\u1eed d\u1ee5ng k\u1ebft h\u1ee3p m\u1ed9t s\u1ed1 k\u1ef9 thu\u1eadt r\u1ea5t \u0111\u1eb7c bi\u1ec7t \u2013 nhu\u1ed9m t\u1ef1 nhi\u00ean, \u0111ay cu\u1ed9n b\u1eb1ng tay (thay v\u00ec k\u00e9o s\u1ee3i), d\u1ec7t th\u1ee7 c\u00f4ng tr\u00ean khung d\u1ec7t c\u00f3 d\u00e2y \u0111eo sau, macrame th\u1ee7 c\u00f4ng v\u00e0 chi\u1ebfc t\u00fai cu\u1ed1i c\u00f9ng \u0111\u01b0\u1ee3c kh\u00e2u b\u1edfi ph\u1ee5 n\u1eef \u1edf m\u1ed9t trung t\u00e2m s\u1ea3n xu\u1ea5t nh\u1ecf.<\/p>\n<p><strong>K\u00edch th\u01b0\u1edbc gi\u1ecf s\u1ee3i:<\/strong><\/p>\n<p>\u2013 R\u1ed9ng 42cm x cao 45cm<br \/>\n\u2013 Qu\u1ea5n 12cm<br \/>\n\u2013 Tay c\u1ea7m d\u00e0i 42cm x 2<br \/>\n\u2013 Kh\u00f4ng c\u00f3 l\u1edbp l\u00f3t<\/p>","protected":false},"excerpt":{"rendered":"<p>Gi\u1ecf s\u1ee3i t\u1ef1 nhi\u00ean Madagascar, r\u1ea5t h\u1eefu \u00edch cho vi\u1ec7c mua s\u1eafm v\u00e0 ch\u1ea5m d\u1ee9t t\u00fai nh\u1ef1a m\u00e3i m\u00e3i! N\u00f3<\/p>","protected":false},"featured_media":9289,"comment_status":"open","ping_status":"closed","template":"","meta":{"_acf_changed":false},"product_cat":[520,400],"product_tag":[],"class_list":{"0":"post-9288","1":"product","2":"type-product","3":"status-publish","4":"has-post-thumbnail","6":"product_cat-nha-cua-doi-song","7":"product_cat-noi-that","9":"first","10":"instock","11":"shipping-taxable","12":"product-type-simple"},"acf":[],"_links":{"self":[{"href":"https:\/\/b2c.fairs.vn\/en\/wp-json\/wp\/v2\/product\/9288","targetHints":{"allow":["GET"]}}],"collection":[{"href":"https:\/\/b2c.fairs.vn\/en\/wp-json\/wp\/v2\/product"}],"about":[{"href":"https:\/\/b2c.fairs.vn\/en\/wp-json\/wp\/v2\/types\/product"}],"replies":[{"embeddable":true,"href":"https:\/\/b2c.fairs.vn\/en\/wp-json\/wp\/v2\/comments?post=9288"}],"version-history":[{"count":0,"href":"https:\/\/b2c.fairs.vn\/en\/wp-json\/wp\/v2\/product\/9288\/revisions"}],"wp:featuredmedia":[{"embeddable":true,"href":"https:\/\/b2c.fairs.vn\/en\/wp-json\/wp\/v2\/media\/9289"}],"wp:attachment":[{"href":"https:\/\/b2c.fairs.vn\/en\/wp-json\/wp\/v2\/media?parent=9288"}],"wp:term":[{"taxonomy":"product_cat","embeddable":true,"href":"https:\/\/b2c.fairs.vn\/en\/wp-json\/wp\/v2\/product_cat?post=9288"},{"taxonomy":"product_tag","embeddable":true,"href":"https:\/\/b2c.fairs.vn\/en\/wp-json\/wp\/v2\/product_tag?post=9288"}],"curies":[{"name":"wp","href":"https:\/\/api.w.org\/{rel}","templated":true}]}}