{"id":9278,"date":"2024-03-26T15:38:23","date_gmt":"2024-03-26T08:38:23","guid":{"rendered":"https:\/\/b2c.fairs.vn\/?post_type=product&#038;p=9278"},"modified":"2024-04-04T09:16:21","modified_gmt":"2024-04-04T02:16:21","slug":"luoi-xo-dua","status":"publish","type":"product","link":"https:\/\/b2c.fairs.vn\/en\/product\/luoi-xo-dua\/","title":{"rendered":"L\u01b0\u1edbi x\u01a1 d\u1eeba"},"content":{"rendered":"<p><strong>\u2217 Ch\u1ea5t li\u1ec7u:<\/strong>\u00a0\u00a0100% x\u01a1 d\u1eeba<br \/>\n<strong>\u2217 C\u1ea3ng:<\/strong>\u00a0\u00a0C\u1ea3ng C\u00e1t L\u00e1i, TP.HCM, Vi\u1ec7t Nam<br \/>\n<strong>\u2217 Thanh to\u00e1n:<\/strong>\u00a0\u00a0T\/T, L\/C<br \/>\n<strong>\u2217 Xu\u1ea5t x\u1ee9:<\/strong>\u00a0\u00a0B\u1ebfn Tre, Tr\u00e0 Vinh, Vi\u1ec7t Nam<br \/>\n<strong>\u2217 Cung c\u1ea5p:<\/strong>\u00a0\u00a010000 cu\u1ed9n\/th\u00e1ng<\/p>\n<p>L\u01b0\u1edbi x\u01a1 d\u1eeba \u0111\u01b0\u1ee3c l\u00e0m t\u1eeb 100% s\u1ee3i t\u1ef1 nhi\u00ean. L\u01b0\u1edbi x\u01a1 d\u1eeba l\u00e0 nh\u1eefng s\u1ee3i d\u1eeba n\u00e0y \u0111\u01b0\u1ee3c xo\u1eafn th\u00e0nh nh\u1eefng s\u1ee3i d\u00e0y h\u01a1n v\u00e0 ch\u1eafc h\u01a1n sau \u0111\u00f3 \u0111\u01b0\u1ee3c bu\u1ed9c th\u00e0nh th\u1ea3m x\u01a1 d\u1eeba. X\u01a1 d\u1eeba \u0111\u01b0\u1ee3c xo\u1eafn th\u00e0nh d\u00e2y chuy\u1ec1n, sau \u0111\u00f3 \u0111\u01b0\u1ee3c l\u00e0m th\u00e0nh khung \u0111\u1ec3 s\u1ea3n xu\u1ea5t th\u1ea3m x\u01a1 d\u1eeba theo y\u00eau c\u1ea7u c\u1ee7a kh\u00e1ch h\u00e0ng.<\/p>\n<p>L\u01b0\u1edbi x\u01a1 d\u1eeba \u0111\u01b0\u1ee3c s\u1eed d\u1ee5ng \u0111\u1ec3 ch\u1ed1ng x\u00f3i m\u00f2n \u0111\u1ea5t cho trang tr\u1ea1i, ch\u1ed1ng x\u00f3i m\u00f2n m\u00e1i d\u1ed1c tr\u00ean \u0111\u01b0\u1eddng, che ph\u1ee7 \u0111\u1ed3i tr\u1ecdc, trang tr\u00ed ngh\u1ec7 thu\u1eadt t\u1ef1 nhi\u00ean\u2026<\/p>","protected":false},"excerpt":{"rendered":"<p>\u2217 Ch\u1ea5t li\u1ec7u:\u00a0\u00a0100% x\u01a1 d\u1eeba \u2217 C\u1ea3ng:\u00a0\u00a0C\u1ea3ng C\u00e1t L\u00e1i, TP.HCM, Vi\u1ec7t Nam \u2217 Thanh to\u00e1n:\u00a0\u00a0T\/T, L\/C \u2217 Xu\u1ea5t x\u1ee9:\u00a0\u00a0B\u1ebfn Tre,<\/p>","protected":false},"featured_media":9279,"comment_status":"open","ping_status":"closed","template":"","meta":{"_acf_changed":false},"product_cat":[520,400,366,367],"product_tag":[],"class_list":{"0":"post-9278","1":"product","2":"type-product","3":"status-publish","4":"has-post-thumbnail","6":"product_cat-nha-cua-doi-song","7":"product_cat-noi-that","8":"product_cat-hang-cnnt-cap-qg","9":"product_cat-hang-cnnt-cap-qg-2023","11":"first","12":"instock","13":"shipping-taxable","14":"product-type-simple"},"acf":[],"_links":{"self":[{"href":"https:\/\/b2c.fairs.vn\/en\/wp-json\/wp\/v2\/product\/9278","targetHints":{"allow":["GET"]}}],"collection":[{"href":"https:\/\/b2c.fairs.vn\/en\/wp-json\/wp\/v2\/product"}],"about":[{"href":"https:\/\/b2c.fairs.vn\/en\/wp-json\/wp\/v2\/types\/product"}],"replies":[{"embeddable":true,"href":"https:\/\/b2c.fairs.vn\/en\/wp-json\/wp\/v2\/comments?post=9278"}],"version-history":[{"count":0,"href":"https:\/\/b2c.fairs.vn\/en\/wp-json\/wp\/v2\/product\/9278\/revisions"}],"wp:featuredmedia":[{"embeddable":true,"href":"https:\/\/b2c.fairs.vn\/en\/wp-json\/wp\/v2\/media\/9279"}],"wp:attachment":[{"href":"https:\/\/b2c.fairs.vn\/en\/wp-json\/wp\/v2\/media?parent=9278"}],"wp:term":[{"taxonomy":"product_cat","embeddable":true,"href":"https:\/\/b2c.fairs.vn\/en\/wp-json\/wp\/v2\/product_cat?post=9278"},{"taxonomy":"product_tag","embeddable":true,"href":"https:\/\/b2c.fairs.vn\/en\/wp-json\/wp\/v2\/product_tag?post=9278"}],"curies":[{"name":"wp","href":"https:\/\/api.w.org\/{rel}","templated":true}]}}