{"id":9203,"date":"2024-03-26T14:47:50","date_gmt":"2024-03-26T07:47:50","guid":{"rendered":"https:\/\/b2c.fairs.vn\/?post_type=product&#038;p=9203"},"modified":"2024-03-26T14:48:35","modified_gmt":"2024-03-26T07:48:35","slug":"bo-ngua-ran-stretch-mark-treatment-butter","status":"publish","type":"product","link":"https:\/\/b2c.fairs.vn\/en\/product\/bo-ngua-ran-stretch-mark-treatment-butter\/","title":{"rendered":"B\u01a1 ng\u1eeba r\u1ea1n &#8211; Stretch Mark Treatment Butter"},"content":{"rendered":"<p>R\u1ea1n da khi mang thai l\u00e0 m\u1ed1i quan ng\u1ea1i l\u1edbn c\u1ee7a r\u1ea5t nhi\u1ec1u ng\u01b0\u1eddi m\u1eb9. Th\u1ea5u hi\u1ec3u v\u00e0 \u0111\u1ed3ng c\u1ea3m \u0111\u01b0\u1ee3c v\u1edbi \u0111i\u1ec1u n\u00e0y, Cobot\u00e9 \u0111\u00e3 cho ra m\u1eaft d\u00f2ng s\u1ea3n ph\u1ea9m B\u01a1 ng\u1eeba r\u1ea1n gi\u00fap \u0111\u00e1nh bay n\u1ed7i lo r\u1ea1n da c\u1ef1c k\u00ec hi\u1ec7u qu\u1ea3 v\u00e0 v\u00f4 c\u00f9ng l\u00e0nh t\u00ednh!<\/p>\n<p><strong>T\u1ea1i sao n\u00ean ch\u1ecdn Stretch Mark Treatment Butter \u2013 B\u01a1 ng\u1eeba r\u1ea1n Cobot\u00e9?<\/strong><\/p>\n<p>1. L\u00e0nh t\u00ednh: \u00a0Ngu\u1ed3n g\u1ed1c t\u1ef1 nhi\u00ean chi\u1ebft xu\u1ea5t t\u1eeb 100% c\u01a1m d\u1eeba t\u01b0\u01a1i, d\u1ea7u th\u1ef1c v\u1eadt t\u1eeb h\u1ea1t m\u1ee1 v\u00e0 \u00f4-liu, \u0111\u1ea3m b\u1ea3o kh\u00f4ng g\u00e2y n\u00ean b\u1ea5t k\u1ef3 t\u00e1c \u0111\u1ed9ng ti\u00eau c\u1ef1c n\u00e0o \u0111\u1ebfn s\u1ee9c kho\u1ebb c\u1ee7a m\u1eb9 v\u00e0 b\u00e9;<br \/>\n2. Hi\u1ec7u qu\u1ea3: C\u00f4ng th\u1ee9c Coco Deep Moisturising Elasticity\u2122 k\u1ebft h\u1ee3p kh\u1ea3 n\u0103ng d\u01b0\u1ee1ng \u1ea9m v\u01b0\u1ee3t tr\u1ed9i c\u1ee7a d\u1ea7u d\u1eeba t\u01b0\u01a1i c\u00f9ng h\u1ec7 d\u01b0\u1ee1ng ch\u1ea5t th\u1ef1c v\u1eadt thi\u00ean nhi\u00ean th\u1ea5m s\u00e2u v\u00e0o da, b\u1ed5 sung &amp; c\u00e2n b\u1eb1ng \u0111\u1ed9 \u1ea9m, gia t\u0103ng \u0111\u1ed9 \u0111\u00e0n h\u1ed3i c\u1ee7a da, t\u1eeb \u0111\u00f3 h\u1ea1n ch\u1ebf h\u00ecnh th\u00e0nh c\u00e1c v\u1ebft r\u1ea1n cho da m\u1ec1m m\u01b0\u1ee3t v\u00e0 s\u0103n ch\u1eafc;<br \/>\n3. M\u00f9i th\u01a1m d\u1ec5 ch\u1ecbu v\u1edbi h\u1ed7n h\u1ee3p nhi\u1ec1u lo\u1ea1i tinh d\u1ea7u thi\u00ean nhi\u00ean gi\u00fap th\u01b0 gi\u00e3n, mang l\u1ea1i tinh th\u1ea7n nh\u1eb9 nh\u00e0ng v\u00e0 t\u00edch c\u1ef1c, gi\u1ea3m lo \u00e2u v\u00e0 tr\u1ea7m c\u1ea3m cho m\u1eb9;<br \/>\n4. S\u1ea3n ph\u1ea9m kh\u00f4ng ch\u1ee9a d\u1ea7u kho\u00e1ng, silicone, v\u00e0 kh\u00f4ng s\u1eed d\u1ee5ng ch\u1ea5t b\u1ea3o qu\u1ea3n n\u00ean c\u1ef1c k\u1ef3 an to\u00e0n cho ph\u1ee5 n\u1eef mang thai v\u00e0 sau khi sinh.<\/p>\n<p><strong>Th\u00e0nh ph\u1ea7n Stretch Mark Treatment Butter \u2013 B\u01a1 ng\u1eeba r\u1ea1n Cobot\u00e9<\/strong><\/p>\n<p>&#8211; D\u1ea7u d\u1eeba t\u01b0\u01a1i\u2122, \u00a0b\u01a1 h\u1ea1t m\u1ee1 v\u00e0 d\u1ea7u Squalane t\u1eeb \u00d4-liu: Gi\u00fap d\u1ea7u th\u1ea5m nhanh v\u00e0 s\u00e2u, t\u0103ng c\u01b0\u1eddng s\u1ef1 \u0111\u00e0n h\u1ed3i c\u1ee7a da, \u0111\u1ed3ng th\u1eddi c\u00f3 kh\u1ea3 n\u0103ng l\u00e0m m\u1ec1m v\u00e0 gi\u1eef \u1ea9m da hi\u1ec7u qu\u1ea3, sau khi massage th\u1ea5m h\u1ebft b\u01a1 v\u00e0o da, b\u1ea1n s\u1ebd kh\u00f4ng h\u1ec1 c\u00f3 c\u1ea3m gi\u00e1c nh\u1eddn d\u00ednh kh\u00f3 ch\u1ecbu;<br \/>\n&#8211; S\u00e1p ong: T\u1ea1o h\u00e0ng r\u00e0o gi\u1eef \u1ea9m v\u00e0 b\u1ea3o v\u1ec7 da, th\u00fac \u0111\u1ea9y qu\u00e1 tr\u00ecnh t\u00e1i t\u1ea1o da v\u00e0 l\u00e0m gi\u1ea3m s\u1ef1 xu\u1ea5t hi\u1ec7n c\u1ee7a c\u00e1c d\u1ea5u hi\u1ec7u l\u00e3o h\u00f3a;<br \/>\n&#8211; Vitamin E: B\u1ea3o v\u1ec7 da tr\u01b0\u1edbc c\u00e1c g\u1ed1c t\u1ef1 do v\u00e0 t\u00e1c \u0111\u1ed9ng c\u1ee7a tia t\u1eed ngo\u1ea1i t\u1eeb \u00e1nh n\u1eafng.<\/p>\n<p><strong>H\u01b0\u1edbng d\u1eabn s\u1eed d\u1ee5ng Stretch Mark Treatment Butter \u2013 B\u01a1 ng\u1eeba r\u1ea1n Cobot\u00e9<\/strong><\/p>\n<p>&#8211; S\u1eed d\u1ee5ng 2 l\u1ea7n\/ng\u00e0y \u0111\u1ec3 d\u01b0\u1ee1ng v\u00e0 m\u00e1t xa c\u00e1c v\u00f9ng da d\u1ec5 b\u1ecb r\u1ea1n nh\u01b0 b\u1ee5ng, \u0111\u00f9i, m\u00f4ng;<br \/>\n&#8211; Th\u00edch h\u1ee3p cho ph\u1ee5 n\u1eef mang thai, ph\u1ee5 n\u1eef v\u1eeba sinh v\u00e0 ng\u01b0\u1eddi t\u0103ng c\u00e2n \u0111\u1ed9t ng\u1ed9t.<\/p>\n<p>D\u00f9 l\u00e0 gi\u1eef g\u00ecn l\u00e0n da c\u1ee7a thanh xu\u00e2n, hay l\u00e0m m\u1edd nh\u1eefng v\u1ebft r\u1ea1n \u0111\u00e3 h\u00ecnh th\u00e0nh, h\u00e3y \u0111\u1ec3 Stretch Mark Treatment Butter \u2013 B\u01a1 ng\u1eeba r\u1ea1n Cobot\u00e9 gi\u00fap b\u1ea1n ch\u0103m s\u00f3c cho l\u00e0n da hi\u1ec7u qu\u1ea3 m\u00e0 kh\u00f4ng s\u1eed d\u1ee5ng ho\u00e1 ch\u1ea5t. Cobot\u00e9 l\u00e0 s\u1ef1 l\u1ef1a ch\u1ecdn t\u1ed1t nh\u1ea5t cho vi\u1ec7c ch\u0103m s\u00f3c v\u1ebb \u0111\u1eb9p t\u1ef1 nhi\u00ean cho l\u00e0n da c\u1ee7a b\u1ea1n<\/p>","protected":false},"excerpt":{"rendered":"<p>R\u1ea1n da khi mang thai l\u00e0 m\u1ed1i quan ng\u1ea1i l\u1edbn c\u1ee7a r\u1ea5t nhi\u1ec1u ng\u01b0\u1eddi m\u1eb9. Th\u1ea5u hi\u1ec3u v\u00e0 \u0111\u1ed3ng c\u1ea3m<\/p>","protected":false},"featured_media":9222,"comment_status":"open","ping_status":"closed","template":"","meta":{"_acf_changed":false},"product_cat":[332,334],"product_tag":[],"class_list":{"0":"post-9203","1":"product","2":"type-product","3":"status-publish","4":"has-post-thumbnail","6":"product_cat-san-pham-duoc-lieu-va-san-pham-tu-duoc-lieu","7":"product_cat-my-pham-co-thanh-phan-tu-thao-duoc","9":"first","10":"instock","11":"shipping-taxable","12":"product-type-simple"},"acf":[],"_links":{"self":[{"href":"https:\/\/b2c.fairs.vn\/en\/wp-json\/wp\/v2\/product\/9203","targetHints":{"allow":["GET"]}}],"collection":[{"href":"https:\/\/b2c.fairs.vn\/en\/wp-json\/wp\/v2\/product"}],"about":[{"href":"https:\/\/b2c.fairs.vn\/en\/wp-json\/wp\/v2\/types\/product"}],"replies":[{"embeddable":true,"href":"https:\/\/b2c.fairs.vn\/en\/wp-json\/wp\/v2\/comments?post=9203"}],"version-history":[{"count":0,"href":"https:\/\/b2c.fairs.vn\/en\/wp-json\/wp\/v2\/product\/9203\/revisions"}],"wp:featuredmedia":[{"embeddable":true,"href":"https:\/\/b2c.fairs.vn\/en\/wp-json\/wp\/v2\/media\/9222"}],"wp:attachment":[{"href":"https:\/\/b2c.fairs.vn\/en\/wp-json\/wp\/v2\/media?parent=9203"}],"wp:term":[{"taxonomy":"product_cat","embeddable":true,"href":"https:\/\/b2c.fairs.vn\/en\/wp-json\/wp\/v2\/product_cat?post=9203"},{"taxonomy":"product_tag","embeddable":true,"href":"https:\/\/b2c.fairs.vn\/en\/wp-json\/wp\/v2\/product_tag?post=9203"}],"curies":[{"name":"wp","href":"https:\/\/api.w.org\/{rel}","templated":true}]}}