{"id":9196,"date":"2024-03-26T13:54:04","date_gmt":"2024-03-26T06:54:04","guid":{"rendered":"https:\/\/b2c.fairs.vn\/?post_type=product&#038;p=9196"},"modified":"2024-03-26T13:54:04","modified_gmt":"2024-03-26T06:54:04","slug":"dau-tay-trang-va-lam-sach-can-bang-coco-miracle-balanced-and-deep-cleansing-oil-150ml","status":"publish","type":"product","link":"https:\/\/b2c.fairs.vn\/en\/product\/dau-tay-trang-va-lam-sach-can-bang-coco-miracle-balanced-and-deep-cleansing-oil-150ml\/","title":{"rendered":"D\u1ea7u t\u1ea9y trang v\u00e0 l\u00e0m s\u1ea1ch c\u00e2n b\u1eb1ng &#8211; Coco Miracle Balanced and Deep Cleansing Oil 150ml"},"content":{"rendered":"<p>Khai th\u00e1c s\u1ee9c m\u1ea1nh l\u00e0m s\u1ea1ch v\u00e0 d\u01b0\u1ee1ng \u1ea9m s\u00e2u c\u1ee7a D\u1ea7u d\u1eeba Vi\u1ec7t Nam truy\u1ec1n th\u1ed1ng k\u1ebft h\u1ee3p v\u1edbi h\u1ec7 d\u01b0\u1ee1ng ch\u1ea5t th\u1ef1c v\u1eadt thi\u00ean nhi\u00ean trong c\u00f4ng th\u1ee9c l\u00e0m s\u1ea1ch s\u00e2u c\u00e2n b\u1eb1ng Coco Balanced Deep Cleanse\u2122 gi\u00fap cu\u1ed1n tr\u00f4i b\u1ee5i b\u1ea9n, b\u00e3 nh\u1eddn v\u00e0 nh\u1eefng l\u1edbp trang \u0111i\u1ec3m d\u00e0y \u0111\u1eadm s\u00e2u t\u1eadn l\u1ed7 ch\u00e2n l\u00f4ng m\u00e0 n\u01b0\u1edbc t\u1ea9y trang th\u00f4ng th\u01b0\u1eddng kh\u00f4ng l\u00e0m \u0111\u01b0\u1ee3c. \u0110\u1ed3ng th\u1eddi, s\u1ea3n ph\u1ea9m c\u00f2n c\u00f3 t\u00e1c d\u1ee5ng duy tr\u00ec s\u1ef1 c\u00e2n b\u1eb1ng t\u1ef1 nhi\u00ean c\u1ee7a l\u00e0n da, gi\u00fap da s\u1ea1ch kh\u1ecfe v\u00e0 s\u00e1ng m\u1ecbn v\u00e0 m\u00e0 kh\u00f4ng h\u1ec1 t\u1ea1o c\u1ea3m gi\u00e1c b\u00ed b\u00edt kh\u00f3 ch\u1ecbu.<\/p>\n<p><strong>T\u1ea1i sao b\u1ea1n n\u00ean ch\u1ecdn D\u1ea7u t\u1ea9y trang &amp; L\u00e0m s\u1ea1ch c\u00e2n b\u1eb1ng &#8211; Coco Miracle Balanced and Deep Cleansing Oil<\/strong><\/p>\n<p>1. L\u00e0nh t\u00ednh: Ph\u00f9 h\u1ee3p v\u1edbi m\u1ecdi lo\u1ea1i da;<\/p>\n<p>2. Hi\u1ec7u qu\u1ea3: T\u1ea9y trang s\u1ea1ch nh\u1eefng l\u1edbp trang \u0111i\u1ec3m d\u00e0y \u0111\u1eadm v\u00e0 c\u1ea3 nh\u1eefng lo\u1ea1i m\u1ef9 ph\u1ea9m ch\u1ed1ng tr\u00f4i;<\/p>\n<p>3. Th\u00e0nh ph\u1ea7n kh\u00f4ng ch\u1ee9a d\u1ea7u kho\u00e1ng\u00a0g\u1ed3m d\u1ea7u hoa rum, d\u1ea7u th\u1ea7u d\u1ea7u &amp; d\u1ea7u m\u1eafc ca \u00edt g\u00e2y b\u00edt t\u1eafc l\u1ed7 ch\u00e2n l\u00f4ng, l\u00e0m s\u1ea1ch hi\u1ec7u qu\u1ea3 b\u1ee5i b\u1ea9n v\u00e0 b\u00e3 nh\u1eddn hi\u1ec7u qu\u1ea3;<\/p>\n<p>4. S\u1eed d\u1ee5ng ch\u1ea5t nh\u0169 h\u00f3a t\u01b0 ngu\u1ed3n g\u1ed1c t\u1ef1 nhi\u00ean Sorbitan Sesquioleate c\u00f3 ch\u1ee9ng nh\u1eadn ECOCERT v\u00e0 Sorbeth-30 Tetraoleate;<\/p>\n<p>5. S\u1ea3n ph\u1ea9m kh\u00f4ng ch\u1ee9a d\u1ea7u kho\u00e1ng, silicone, v\u00e0 kh\u00f4ng s\u1eed d\u1ee5ng ch\u1ea5t b\u1ea3o qu\u1ea3n n\u00ean kh\u00f4ng g\u00e2y nh\u1eddn d\u00ednh v\u00e0 b\u00ed b\u00edt l\u1ed7 ch\u00e2n l\u00f4ng.<\/p>\n<p><strong>Th\u00e0nh ph\u1ea7n D\u1ea7u t\u1ea9y trang &amp; L\u00e0m s\u1ea1ch c\u00e2n b\u1eb1ng &#8211; Coco Miracle Balanced and Deep Cleansing Oil<\/strong><\/p>\n<p>&#8211; D\u1ea7u d\u1eeba t\u01b0\u01a1i\u2122: D\u1ea7u d\u1eeba t\u01b0\u01a1i\u2122 chi\u1ebft xu\u1ea5t t\u1eeb 100% c\u01a1m d\u1eeba t\u01b0\u01a1i gi\u00e0u Lauric &amp; Capric acid gi\u00fap kh\u00f3a \u1ea9m v\u00e0 l\u1ea5y l\u1ea1i tr\u1ea1ng th\u00e1i c\u00e2n b\u1eb1ng, cho da \u1ea9m m\u01b0\u1ee3t;<\/p>\n<p>&#8211; D\u1ea7u m\u1eafc-ca: Th\u1ea9m th\u1ea5u qua da v\u00ec c\u00e1c th\u00e0nh ph\u1ea7n trong n\u00f3 r\u1ea5t gi\u1ed1ng v\u1edbi d\u1ea7u t\u1ef1 nhi\u00ean c\u1ee7a da, ch\u00ednh v\u00ec v\u1eady c\u00f3 th\u1ec3 d\u1ec5 d\u00e0ng \u0111i s\u00e2u v\u00e0o b\u00ean trong l\u1ed7 ch\u00e2n l\u00f4ng v\u00e0 l\u1ea5y \u0111i ph\u1ea7n b\u00e3 nh\u1eddn b\u1ecb b\u00edt t\u1eafc;<\/p>\n<p>&#8211; D\u1ea7u hoa rum: C\u00f3 kh\u1ea3 n\u0103ng ch\u1ed1ng vi\u00eam m\u00e0 kh\u00f4ng g\u00e2y t\u1eafc ngh\u1ebdn l\u1ed7 ch\u00e2n l\u00f4ng;<\/p>\n<p>&#8211; D\u1ea7u th\u1ea7u d\u1ea7u: C\u00f3 kh\u1ea3 n\u0103ng h\u00f2a tan m\u00e0u kho\u00e1ng t\u1ed1t, d\u1ec5 d\u00e0ng l\u1ea5y \u0111i c\u00e1c b\u1ed9t m\u00e0u trong son m\u00f4i, ch\u00ec k\u1ebb mi m\u00e0y c\u1ee7a b\u1ea1n m\u00e0 kh\u00f4ng c\u1ea7n ph\u1ea3i ch\u00e0 x\u00e1t da qu\u00e1 m\u1ea1nh;<\/p>\n<p>&#8211; Ch\u1ea5t nh\u0169 t\u1ef1 nhi\u00ean Sorbeth-30 Tetraoleate* &amp; Sorbitan Sesquioleate: D\u1ec5 d\u00e0ng cu\u1ed1n tr\u00f4i d\u1ea7u th\u1eeba v\u00e0 b\u1ee5i b\u1ea9n, v\u00e0 c\u00e1c l\u1edbp trang \u0111i\u1ec3m khi r\u1eeda s\u1ea1ch v\u1edbi n\u01b0\u1edbc;<\/p>\n<p><strong>H\u01b0\u1edbng d\u1eabn s\u1eed d\u1ee5ng D\u1ea7u t\u1ea9y trang &amp; L\u00e0m s\u1ea1ch c\u00e2n b\u1eb1ng &#8211; Coco Miracle Balanced and Deep Cleansing Oil<\/strong><\/p>\n<p>B\u01b0\u1edbc 1: R\u1eeda s\u1ea1ch tay v\u00e0 d\u00f9ng kh\u0103n th\u1ea5m kh\u00f4 h\u1ebft n\u01b0\u1edbc tr\u00ean tay. Cho d\u1ea7u t\u1ea9y trang ra l\u00f2ng b\u00e0n tay, xoa nh\u1eb9 hai tay \u0111\u1ec3 l\u00e0m \u1ea5m d\u1ea7u. D\u1ea7u t\u1ea9y trang s\u1ebd ph\u00e1t huy c\u00f4ng d\u1ee5ng hi\u1ec7u qu\u1ea3 nh\u1ea5t khi tay \u1edf t\u00ecnh tr\u1ea1ng kh\u00f4 r\u00e1o;<\/p>\n<p>B\u01b0\u1edbc 2: \u00c1p hai l\u00f2ng b\u00e0n tay tr\u00ean da m\u1eb7t r\u1ed3i ti\u1ebfn h\u00e0nh massage m\u1eb7t theo chuy\u1ec3n \u0111\u1ed9ng tr\u00f2n trong kho\u1ea3ng 2 &#8211; 3 ph\u00fat c\u00e1c \u201cng\u00f5 ng\u00e1ch\u201d c\u1ee7a m\u1eb7t. L\u01b0u \u00fd massage k\u0129 nh\u1eefng v\u00f9ng trang \u0111i\u1ec3m nh\u01b0 v\u00f9ng m\u1eaft, h\u1ed1c m\u1eaft, m\u00f4i, \u0111\u1ec3 lo\u1ea1i b\u1ecf ho\u00e0n to\u00e0n l\u1edbp trang \u0111i\u1ec3m;<\/p>\n<p>B\u01b0\u1edbc 3: B\u01b0\u1edbc quan tr\u1ecdng nh\u1ea5t trong quy tr\u00ecnh t\u1ea9y trang l\u00e0 nh\u0169 h\u00f3a s\u1ea1ch da v\u1edbi d\u1ea7u t\u1ea9y trang, gi\u00fap chuy\u1ec3n h\u00f3a d\u1ea7u th\u00e0nh n\u01b0\u1edbc \u0111\u1ec3 d\u1ec5 d\u00e0ng r\u1eeda tr\u00f4i \u0111i. Sau khi \u0111\u00e3 lo\u1ea1i b\u1ecf \u0111\u01b0\u1ee3c l\u1edbp trang \u0111i\u1ec3m b\u1ea1n l\u1ea5y m\u1ed9t l\u01b0\u1ee3ng n\u01b0\u1edbc v\u1eeba \u0111\u1ee7 \u0111\u1ec3 thoa l\u00ean m\u1eb7t. Ti\u1ebfp t\u1ee5c massage t\u1eeb t\u1eeb cho l\u1edbp d\u1ea7u chuy\u1ec3n th\u00e0nh m\u00e0u tr\u1eafng, l\u1eb7p l\u1ea1i b\u01b0\u1edbc n\u00e0y t\u1ea7m 4 &#8211; 5 l\u1ea7n cho t\u1edbi khi l\u1edbp d\u1ea7u chuy\u1ec3n ho\u00e0n to\u00e0n th\u00e0nh l\u1edbp tr\u1eafng nh\u01b0 s\u1eefa. Sau \u0111\u00f3 r\u1eeda m\u1eb7t s\u1ea1ch, ch\u00fa \u00fd nh\u1eefng n\u01a1i vi\u1ec1n t\u00f3c \u0111\u1ec3 kh\u00f4ng b\u1ecb s\u00f3t d\u1ea7u l\u1ea1i tr\u00ean da;<\/p>\n<p>(B\u01b0\u1edbc nh\u0169 h\u00f3a n\u00e0y gi\u00fap d\u1ea7u t\u1ea9y trang ph\u00e1t huy \u0111\u01b0\u1ee3c t\u1ed1i \u0111a c\u00f4ng d\u1ee5ng, gi\u00fap l\u00e0m s\u1ea1ch s\u00e2u v\u00e0 \u0111\u1ed3ng th\u1eddi cho da \u0111\u01b0\u1ee3c th\u00f4ng tho\u00e1ng, m\u1ecbn m\u00e0ng. N\u1ebfu nh\u0169 h\u00f3a kh\u00f4ng k\u1ef9 s\u1ebd r\u1ea5t d\u1ec5 l\u00e0m da b\u1ecb n\u1ed5i m\u1ee5n ho\u1eb7c k\u00edch \u1ee9ng)<\/p>\n<p>B\u01b0\u1edbc 4: Sau khi d\u00f9ng t\u1ea9y trang d\u1ea1ng d\u1ea7u, b\u1ea1n n\u00ean ti\u1ebfp t\u1ee5c d\u00f9ng th\u00eam m\u1ed9t lo\u1ea1i s\u1eefa r\u1eeda m\u1eb7t n\u1eefa \u0111\u1ec3 l\u00e0m s\u1ea1ch l\u01b0\u1ee3ng d\u1ea7u ch\u1eb3ng may c\u00f2n s\u00f3t l\u1ea1i tr\u00ean da. Sau \u0111\u00f3 th\u1ea5m kh\u00f4 da m\u1eb7t v\u1edbi kh\u0103n b\u00f4ng, k\u1ebft th\u00fac quy tr\u00ecnh l\u00e0m s\u1ea1ch da v\u1edbi d\u1ea7u t\u1ea9y trang.<\/p>\n<p>H\u00e3y \u0111\u1ec3 D\u1ea7u t\u1ea9y trang &amp; L\u00e0m s\u1ea1ch c\u00e2n b\u1eb1ng Coco Miracle Balanced and Deep Cleansing Oil Cobot\u00e9 gi\u00fap b\u1ea1n ch\u0103m s\u00f3c cho l\u00e0n da s\u00e1ng m\u1ecbn, s\u1ea1ch m\u1ee5n m\u00e0 kh\u00f4ng s\u1eed d\u1ee5ng ho\u00e1 ch\u1ea5t. Cobot\u00e9 l\u00e0 s\u1ef1 l\u1ef1a ch\u1ecdn t\u1ed1t nh\u1ea5t cho vi\u1ec7c ch\u0103m s\u00f3c l\u00e0n da t\u1ef1 nhi\u00ean c\u1ee7a b\u1ea1n.<\/p>","protected":false},"excerpt":{"rendered":"<p>Khai th\u00e1c s\u1ee9c m\u1ea1nh l\u00e0m s\u1ea1ch v\u00e0 d\u01b0\u1ee1ng \u1ea9m s\u00e2u c\u1ee7a D\u1ea7u d\u1eeba Vi\u1ec7t Nam truy\u1ec1n th\u1ed1ng k\u1ebft h\u1ee3p v\u1edbi<\/p>","protected":false},"featured_media":9198,"comment_status":"open","ping_status":"closed","template":"","meta":{"_acf_changed":false},"product_cat":[332,334],"product_tag":[],"class_list":{"0":"post-9196","1":"product","2":"type-product","3":"status-publish","4":"has-post-thumbnail","6":"product_cat-san-pham-duoc-lieu-va-san-pham-tu-duoc-lieu","7":"product_cat-my-pham-co-thanh-phan-tu-thao-duoc","9":"first","10":"instock","11":"shipping-taxable","12":"purchasable","13":"product-type-simple"},"acf":[],"_links":{"self":[{"href":"https:\/\/b2c.fairs.vn\/en\/wp-json\/wp\/v2\/product\/9196","targetHints":{"allow":["GET"]}}],"collection":[{"href":"https:\/\/b2c.fairs.vn\/en\/wp-json\/wp\/v2\/product"}],"about":[{"href":"https:\/\/b2c.fairs.vn\/en\/wp-json\/wp\/v2\/types\/product"}],"replies":[{"embeddable":true,"href":"https:\/\/b2c.fairs.vn\/en\/wp-json\/wp\/v2\/comments?post=9196"}],"version-history":[{"count":0,"href":"https:\/\/b2c.fairs.vn\/en\/wp-json\/wp\/v2\/product\/9196\/revisions"}],"wp:featuredmedia":[{"embeddable":true,"href":"https:\/\/b2c.fairs.vn\/en\/wp-json\/wp\/v2\/media\/9198"}],"wp:attachment":[{"href":"https:\/\/b2c.fairs.vn\/en\/wp-json\/wp\/v2\/media?parent=9196"}],"wp:term":[{"taxonomy":"product_cat","embeddable":true,"href":"https:\/\/b2c.fairs.vn\/en\/wp-json\/wp\/v2\/product_cat?post=9196"},{"taxonomy":"product_tag","embeddable":true,"href":"https:\/\/b2c.fairs.vn\/en\/wp-json\/wp\/v2\/product_tag?post=9196"}],"curies":[{"name":"wp","href":"https:\/\/api.w.org\/{rel}","templated":true}]}}