{"id":9180,"date":"2024-03-26T13:45:22","date_gmt":"2024-03-26T06:45:22","guid":{"rendered":"https:\/\/b2c.fairs.vn\/?post_type=product&#038;p=9180"},"modified":"2024-03-26T13:45:23","modified_gmt":"2024-03-26T06:45:23","slug":"xa-phong-ngua-mun-co-the-coco-miracle-anti-acne-soap-100g","status":"publish","type":"product","link":"https:\/\/b2c.fairs.vn\/en\/product\/xa-phong-ngua-mun-co-the-coco-miracle-anti-acne-soap-100g\/","title":{"rendered":"X\u00e0 ph\u00f2ng ng\u1eeba m\u1ee5n c\u01a1 th\u1ec3 &#8211; Coco Miracle Anti Acne Soap 100g"},"content":{"rendered":"<p>Chi\u1ebfc b\u00e1nh x\u00e0 ph\u1ecfng nh\u1ecf g\u1ecdn n\u00e0y l\u00e0 s\u1ef1 k\u1ebft h\u1ee3p c\u1ee7a d\u1ea7u d\u1eeba t\u01b0\u01a1i B\u1ebfn Tre v\u00e0 nh\u1eefng nguy\u00ean li\u1ec7u thi\u00ean nhi\u00ean b\u1ea3n \u0111\u1ecba c\u1ee7a Vi\u1ec7t Nam. S\u1ea3n ph\u1ea9m t\u1ea1o b\u1ecdt r\u1ea5t m\u1ecbn, len l\u1ecfi v\u00e0o c\u00e1c l\u1ed7 ch\u00e2n l\u00f4ng, l\u00e0m s\u1ea1ch b\u00e3 nh\u1eddn v\u00e0 khu\u1ea9n m\u1ee5n hi\u1ec7u qu\u1ea3. \u0110\u1ed3ng th\u1eddi, chi\u1ebft xu\u1ea5t tr\u1ea7u kh\u00f4ng, tr\u00e0m tr\u00e0, ngh\u1ec7 v\u00e0 g\u1eebng trong s\u1ea3n ph\u1ea9m c\u00f2n gi\u00fap kh\u00e1ng vi\u00eam v\u00e0 ng\u0103n ch\u1eb7n vi khu\u1ea9n sinh s\u1ea3n, t\u1eeb \u0111\u00f3 \u0111i\u1ec1u tr\u1ecb v\u00e0 ng\u0103n ng\u1eeba t\u00ecnh tr\u1ea1ng m\u1ee5n k\u1ec3 c\u1ea3 m\u1ee5n vi\u00eam \u0111\u1ecf hay m\u1ee5n m\u1ee7, \u0111\u1ed3ng th\u1eddi th\u00fac \u0111\u1ea9y chu tr\u00ecnh t\u00e1i t\u1ea1o da \u0111\u1ec3 gi\u1ea3m th\u00e2m sau m\u1ee5n. V\u1edbi X\u00e0 ph\u00f2ng ng\u1eeba m\u1ee5n c\u01a1 th\u1ec3 &#8211; Coco Miracle Anti Acne Soap, Cobot\u00e9 cam k\u1ebft mang l\u1ea1i cho b\u1ea1n m\u1ed9t s\u1ea3n ph\u1ea9m ng\u1eeba m\u1ee5n \u201cnh\u1ecf m\u00e0 c\u00f3 v\u00f5\u201d &#8211; v\u00f4 c\u00f9ng hi\u1ec7u qu\u1ea3 v\u00e0 c\u1ef1c k\u00ec l\u00e0nh t\u00ednh.<\/p>\n<p><strong>T\u1ea1i sao b\u1ea1n n\u00ean ch\u1ecdn X\u00e0 ph\u00f2ng ng\u1eeba m\u1ee5n c\u01a1 th\u1ec3- Coco Miracle Anti Acne Soap?<\/strong><br \/>\n1. C\u1ef1c k\u1ef3 d\u1ecbu nh\u1eb9 t\u1eeb th\u00e0nh ph\u1ea7n thi\u00ean nhi\u00ean: N\u1ec1n s\u1ea3n ph\u1ea9m l\u00e0 d\u1ea7u d\u1eeba, b\u01a1 ca cao v\u00e0 d\u1ea7u m\u00e8. Cobot\u00e9 c\u0169ng s\u1eed d\u1ee5ng lo\u1ea1i x\u00fat ti\u00eau chu\u1ea9n th\u1ef1c ph\u1ea9m an to\u00e0n v\u00e0 trung t\u00ednh \u0111\u1ed1i v\u1edbi l\u00e0n da, kh\u00f4ng g\u00e2y k\u00edch \u1ee9ng k\u1ec3 c\u1ea3 v\u1edbi l\u00e0n da nh\u1ea1y c\u1ea3m. C\u00e1c th\u00e0nh ph\u1ea7n tr\u1ecb m\u1ee5n l\u00e0 chi\u1ebft xu\u1ea5t t\u1eeb h\u1ec7 th\u1ea3o m\u1ed9c truy\u1ec1n th\u1ed1ng g\u1ed3m tr\u1ea7u kh\u00f4ng, tr\u00e0m tr\u00e0, g\u1eebng v\u00e0 ngh\u1ec7. V\u00ec v\u1eady, ngay c\u1ea3 v\u1edbi t\u00ecnh tr\u1ea1ng m\u1ee5n n\u1eb7ng, s\u1ea3n ph\u1ea9m v\u1eabn hi\u1ec7u qu\u1ea3 v\u00e0 an to\u00e0n cho ng\u01b0\u1eddi s\u1eed d\u1ee5ng;<br \/>\n2. Hi\u1ec7u qu\u1ea3: C\u00f4ng th\u1ee9c ng\u1eeba m\u1ee5n v\u01b0\u1ee3t tr\u1ed9i Anti Acne Defense\u2122 c\u1ee7a Cobot\u00e9 c\u00f3 kh\u1ea3 n\u0103ng \u0111i\u1ec1u tr\u1ecb v\u00e0 ng\u0103n ng\u1eeba t\u00ecnh tr\u1ea1ng m\u1ee5n k\u1ec3 c\u1ea3 m\u1ee5n vi\u00eam \u0111\u1ecf hay m\u1ee5n m\u1ee7, \u0111\u1ed3ng th\u1eddi th\u00fac \u0111\u1ea9y chu tr\u00ecnh t\u00e1i t\u1ea1o da \u0111\u1ec3 gi\u1ea3m th\u00e2m sau m\u1ee5n;<br \/>\n3. V\u1eeba ng\u1eeba m\u1ee5n, v\u1eeba d\u01b0\u1ee1ng da: H\u1ea1t th\u1ea3o m\u1ed9c trong x\u00e0 ph\u00f2ng c\u00f3 c\u00f4ng d\u1ee5ng massage, gi\u00fap lo\u1ea1i b\u1ecf da ch\u1ebft, c\u1ea3i thi\u1ec7n tu\u1ea7n ho\u00e0n m\u00e1u d\u01b0\u1edbi b\u1ec1 m\u1eb7t, t\u0103ng \u0111\u1ed9 \u0111\u00e0n h\u1ed3i cho da h\u1ed3ng h\u00e0o \u0111\u1ea7y s\u1ee9c s\u1ed1ng;<br \/>\n4. S\u1ea3n ph\u1ea9m kh\u00f4ng \u0111\u1ec3 l\u1ea1i c\u1ea3m gi\u00e1c nh\u1eddn r\u00edt, kh\u00f4ng g\u00e2y k\u00edch \u1ee9ng v\u00e0 kh\u00f4 da sau khi t\u1eafm;<br \/>\n5. Th\u00e2n thi\u1ec7n v\u1edbi m\u00f4i tr\u01b0\u1eddng: C\u00f4ng th\u1ee9c l\u00e0m s\u1ea1ch t\u1ef1 nhi\u00ean kh\u00f4ng nh\u1eddn r\u00edt gi\u00fap ti\u1ebft ki\u1ec7m n\u01b0\u1edbc (x\u1ea3 nhanh), \u0111\u1ed3ng th\u1eddi s\u1eed d\u1ee5ng nguy\u00ean li\u1ec7u b\u1ec1n v\u1eefng v\u1edbi kh\u1ea3 n\u0103ng ph\u00e2n h\u1ee7y sinh h\u1ecdc ho\u00e0n to\u00e0n;<br \/>\n6. M\u00f9i th\u01a1m d\u1ec5 ch\u1ecbu v\u1edbi h\u1ec7 tinh d\u1ea7u th\u1ef1c v\u1eadt t\u1ef1 nhi\u00ean, l\u00e0m t\u0103ng c\u1ea3m gi\u00e1c th\u01b0 gi\u00e3n khi s\u1eed d\u1ee5ng;<br \/>\n7. S\u1ea3n ph\u1ea9m kh\u00f4ng ch\u1ee9a Sulfate, Silicon v\u00e0 Paraben hay b\u1ea5t k\u1ef3 th\u00e0nh ph\u1ea7n g\u00e2y tranh c\u00e3i n\u00e0o.<\/p>\n<p><strong>Th\u00e0nh ph\u1ea7n X\u00e0 ph\u00f2ng ng\u1eeba m\u1ee5n c\u01a1 th\u1ec3- Coco Miracle Anti Acne Soap<\/strong><br \/>\n&#8211; D\u1ea7u d\u1eeba, b\u01a1 ca cao v\u00e0 d\u1ea7u m\u00e8: N\u1ec1n x\u00e0 ph\u00f2ng t\u1ef1 nhi\u00ean l\u00e0nh t\u00ednh;<br \/>\n&#8211; Tr\u1ea7u kh\u00f4ng: S\u00e1t tr\u00f9ng, kh\u00e1ng khu\u1ea9n, lo\u1ea1i b\u1ecf \u0111\u01b0\u1ee3c vi khu\u1ea9n g\u00e2y m\u1ee5n tr\u00ean da, ti\u00eau vi\u00eam, gi\u1ea3m s\u01b0ng do m\u1ee5n, gi\u1ea3m ti\u1ebft d\u1ea7u nh\u1eddn, cho b\u1ea1n m\u1ed9t l\u00e0 da s\u00e1ng kh\u1ecfe;<br \/>\n&#8211; Tr\u00e0m tr\u00e0: Gi\u00fap ki\u1ec3m so\u00e1t b\u00e3 nh\u1eddn;<br \/>\n&#8211; G\u1eebng: S\u00e1t khu\u1ea9n, ti\u00eau vi\u00eam, l\u00e0m s\u1ea1ch b\u00e3 nh\u1edd, thu nh\u1ecf l\u1ed7 ch\u00e2n l\u00f4ng, c\u1ea3i thi\u1ec7n tu\u1ea7n ho\u00e0n m\u00e1u d\u01b0\u1edbi b\u1ec1 m\u1eb7t da, t\u0103ng \u0111\u1ed9 \u0111\u00e0n h\u1ed3i cho da;<br \/>\n&#8211; Ngh\u1ec7: Kh\u1ea3 n\u0103ng t\u00e1i t\u1ea1o da gi\u00fap ph\u1ee5c h\u1ed3i sau m\u1ee5n v\u00e0 d\u01b0\u1ee1ng m\u1edd v\u1ebft th\u00e2m v\u00f4 c\u00f9ng hi\u1ec7u qu\u1ea3.<\/p>\n<p><strong>H\u01b0\u1edbng d\u1eabn s\u1eed d\u1ee5ng X\u00e0 ph\u00f2ng ng\u1eeba m\u1ee5n c\u01a1 th\u1ec3- Coco Miracle Anti Acne Soap<\/strong><br \/>\n&#8211; B\u01b0\u1edbc 1: L\u00e0m \u01b0\u1edbt to\u00e0n b\u1ed9 c\u01a1 th\u1ec3;<br \/>\n&#8211; B\u01b0\u1edbc 2: M\u00e1t-xa nh\u1eb9 nh\u00e0ng \u0111\u1ec3 t\u1ea1o b\u1ecdt;<br \/>\n&#8211; B\u01b0\u1edbc 3: T\u1eafm s\u1ea1ch l\u1ea1i v\u1edbi n\u01b0\u1edbc.<\/p>\n<p>H\u00e3y \u0111\u1ec3 X\u00e0 ph\u00f2ng ng\u1eeba m\u1ee5n c\u01a1 th\u1ec3- Coco Miracle Anti Acne Soap Cobot\u00e9 \u0111em l\u1ea1i cho b\u1ea1n l\u00e0n da m\u1ecbn m\u00e0ng, s\u1ea1ch m\u1ee5n m\u00e0 kh\u00f4ng s\u1eed d\u1ee5ng ho\u00e1 ch\u1ea5t. Cobot\u00e9 l\u00e0 s\u1ef1 l\u1ef1a ch\u1ecdn t\u1ed1t nh\u1ea5t cho vi\u1ec7c ch\u0103m s\u00f3c v\u1ebb \u0111\u1eb9p t\u1ef1 nhi\u00ean cho l\u00e0n da c\u1ee7a b\u1ea1n.<\/p>","protected":false},"excerpt":{"rendered":"<p>Chi\u1ebfc b\u00e1nh x\u00e0 ph\u1ecfng nh\u1ecf g\u1ecdn n\u00e0y l\u00e0 s\u1ef1 k\u1ebft h\u1ee3p c\u1ee7a d\u1ea7u d\u1eeba t\u01b0\u01a1i B\u1ebfn Tre v\u00e0 nh\u1eefng nguy\u00ean<\/p>","protected":false},"featured_media":9186,"comment_status":"open","ping_status":"closed","template":"","meta":{"_acf_changed":false},"product_cat":[332,334],"product_tag":[],"class_list":{"0":"post-9180","1":"product","2":"type-product","3":"status-publish","4":"has-post-thumbnail","6":"product_cat-san-pham-duoc-lieu-va-san-pham-tu-duoc-lieu","7":"product_cat-my-pham-co-thanh-phan-tu-thao-duoc","9":"first","10":"instock","11":"shipping-taxable","12":"purchasable","13":"product-type-simple"},"acf":[],"_links":{"self":[{"href":"https:\/\/b2c.fairs.vn\/en\/wp-json\/wp\/v2\/product\/9180","targetHints":{"allow":["GET"]}}],"collection":[{"href":"https:\/\/b2c.fairs.vn\/en\/wp-json\/wp\/v2\/product"}],"about":[{"href":"https:\/\/b2c.fairs.vn\/en\/wp-json\/wp\/v2\/types\/product"}],"replies":[{"embeddable":true,"href":"https:\/\/b2c.fairs.vn\/en\/wp-json\/wp\/v2\/comments?post=9180"}],"version-history":[{"count":0,"href":"https:\/\/b2c.fairs.vn\/en\/wp-json\/wp\/v2\/product\/9180\/revisions"}],"wp:featuredmedia":[{"embeddable":true,"href":"https:\/\/b2c.fairs.vn\/en\/wp-json\/wp\/v2\/media\/9186"}],"wp:attachment":[{"href":"https:\/\/b2c.fairs.vn\/en\/wp-json\/wp\/v2\/media?parent=9180"}],"wp:term":[{"taxonomy":"product_cat","embeddable":true,"href":"https:\/\/b2c.fairs.vn\/en\/wp-json\/wp\/v2\/product_cat?post=9180"},{"taxonomy":"product_tag","embeddable":true,"href":"https:\/\/b2c.fairs.vn\/en\/wp-json\/wp\/v2\/product_tag?post=9180"}],"curies":[{"name":"wp","href":"https:\/\/api.w.org\/{rel}","templated":true}]}}