{"id":9168,"date":"2024-03-26T11:56:47","date_gmt":"2024-03-26T04:56:47","guid":{"rendered":"https:\/\/b2c.fairs.vn\/?post_type=product&#038;p=9168"},"modified":"2024-03-26T11:56:48","modified_gmt":"2024-03-26T04:56:48","slug":"nuoc-rua-tay-kho-moisturizing-hand-sanitizer-100ml-voi-phun-suong","status":"publish","type":"product","link":"https:\/\/b2c.fairs.vn\/en\/product\/nuoc-rua-tay-kho-moisturizing-hand-sanitizer-100ml-voi-phun-suong\/","title":{"rendered":"N\u01b0\u1edbc r\u1eeda tay kh\u00f4 &#8211; Moisturizing Hand Sanitizer 100ML &#8211; v\u00f2i phun s\u01b0\u01a1ng"},"content":{"rendered":"<p>Cobot\u00e9 Moisturizing Hand Sanitizer ch\u1ee9a h\u00e0m l\u01b0\u1ee3ng c\u1ed3n 70% v\u00e0 c\u00e1c th\u00e0nh ph\u1ea7n d\u01b0\u1ee1ng \u1ea9m da tay t\u1ef1 nhi\u00ean, gi\u00fap s\u00e1t khu\u1ea9n hi\u1ec7u qu\u1ea3 m\u00e0 kh\u00f4ng g\u00e2y h\u1ea1i da tay.<\/p>\n<p>Tinh d\u1ea7u s\u1ea3 t\u1ef1 nhi\u00ean t\u0103ng c\u01b0\u1eddng kh\u1ea3 n\u0103ng kh\u00e1ng khu\u1ea9n v\u00e0 t\u1ea1o c\u1ea3m gi\u00e1c d\u1ec5 ch\u1ecbu khi s\u1eed d\u1ee5ng.<\/p>\n<p>&#8212;&#8212;&#8212;&#8212;&#8212;&#8212;&#8212;<\/p>\n<p><strong>T\u1ea1i sao n\u00ean ch\u1ecdn N\u01b0\u1edbc r\u1eeda tay Cobot\u00e9?<\/strong><br \/>\n\ud83c\udf34 Th\u00e0nh ph\u1ea7n thi\u00ean nhi\u00ean<br \/>\n\ud83c\udf34 Kh\u00f4ng h\u1ea1i da tay<\/p>\n<p>\ud83c\udf34Di\u1ec7t khu\u1ea9n nhanh v\u00e0 d\u1ec5 d\u00e0ng<br \/>\n&#8212;&#8212;&#8212;&#8212;&#8212;&#8212;&#8212;<br \/>\nS\u1ea3n ph\u1ea9m c\u1ee7a Vfarm FCD &#8211; nh\u00e0 s\u1ea3n xu\u1ea5t \u0111\u1ea1t ti\u00eau chu\u1ea9n, an to\u00e0n cho l\u00e0n da, \u0111\u01b0\u1ee3c ki\u1ec3m nghi\u1ec7m v\u00e0 c\u1ea5p ph\u00e9p b\u1edfi S\u1edf Y T\u1ebf T\u1ec9nh B\u1ebfn Tre.<\/p>","protected":false},"excerpt":{"rendered":"<p>Cobot\u00e9 Moisturizing Hand Sanitizer ch\u1ee9a h\u00e0m l\u01b0\u1ee3ng c\u1ed3n 70% v\u00e0 c\u00e1c th\u00e0nh ph\u1ea7n d\u01b0\u1ee1ng \u1ea9m da tay t\u1ef1 nhi\u00ean, gi\u00fap<\/p>","protected":false},"featured_media":9169,"comment_status":"open","ping_status":"closed","template":"","meta":{"_acf_changed":false},"product_cat":[332,335],"product_tag":[],"class_list":{"0":"post-9168","1":"product","2":"type-product","3":"status-publish","4":"has-post-thumbnail","6":"product_cat-san-pham-duoc-lieu-va-san-pham-tu-duoc-lieu","7":"product_cat-tinh-dau-va-thao-duoc-khac","9":"first","10":"instock","11":"shipping-taxable","12":"purchasable","13":"product-type-simple"},"acf":[],"_links":{"self":[{"href":"https:\/\/b2c.fairs.vn\/en\/wp-json\/wp\/v2\/product\/9168","targetHints":{"allow":["GET"]}}],"collection":[{"href":"https:\/\/b2c.fairs.vn\/en\/wp-json\/wp\/v2\/product"}],"about":[{"href":"https:\/\/b2c.fairs.vn\/en\/wp-json\/wp\/v2\/types\/product"}],"replies":[{"embeddable":true,"href":"https:\/\/b2c.fairs.vn\/en\/wp-json\/wp\/v2\/comments?post=9168"}],"version-history":[{"count":0,"href":"https:\/\/b2c.fairs.vn\/en\/wp-json\/wp\/v2\/product\/9168\/revisions"}],"wp:featuredmedia":[{"embeddable":true,"href":"https:\/\/b2c.fairs.vn\/en\/wp-json\/wp\/v2\/media\/9169"}],"wp:attachment":[{"href":"https:\/\/b2c.fairs.vn\/en\/wp-json\/wp\/v2\/media?parent=9168"}],"wp:term":[{"taxonomy":"product_cat","embeddable":true,"href":"https:\/\/b2c.fairs.vn\/en\/wp-json\/wp\/v2\/product_cat?post=9168"},{"taxonomy":"product_tag","embeddable":true,"href":"https:\/\/b2c.fairs.vn\/en\/wp-json\/wp\/v2\/product_tag?post=9168"}],"curies":[{"name":"wp","href":"https:\/\/api.w.org\/{rel}","templated":true}]}}