{"id":9167,"date":"2024-03-26T11:58:00","date_gmt":"2024-03-26T04:58:00","guid":{"rendered":"https:\/\/b2c.fairs.vn\/?post_type=product&#038;p=9167"},"modified":"2024-04-17T17:01:10","modified_gmt":"2024-04-17T10:01:10","slug":"banh-pia-my-hiep-thanh-dac-biet","status":"publish","type":"product","link":"https:\/\/b2c.fairs.vn\/en\/product\/banh-pia-my-hiep-thanh-dac-biet\/","title":{"rendered":"B\u00c1NH P\u00cdA M\u1ef8 HI\u1ec6P TH\u00c0NH \u0110\u1eb6C BI\u1ec6T"},"content":{"rendered":"<div class=\"woocommerce-product-details__short-description\">\n<p>V\u1edbi nguy\u00ean li\u1ec7u \u0111\u01b0\u1ee3c ch\u1ecdn l\u1ecdc k\u0129 c\u00e0ng, bao b\u00ec \u0111\u1eb9p m\u1eaft, quy tr\u00ecnh s\u1ea3n xu\u1ea5t \u0111\u1ea1t ti\u00eau chu\u1ea9n ISO, c\u00e1c s\u1ea3n ph\u1ea9m c\u1ee7a Duy T\u00e2n Food h\u1ee9a h\u1eb9n s\u1ebd mang \u0111\u1ebfn cho b\u1ea1n v\u00e0 nh\u1eefng ng\u01b0\u1eddi th\u00e2n y\u00eau nh\u1eefng ph\u00fat gi\u00e2y th\u01b0\u1edfng th\u1ee9c tr\u1ecdn v\u1eb9n.<\/p>\n<h2 class=\"product-section-title\">TH\u00d4NG TIN S\u1ea2N PH\u1ea8M<\/h2>\n<div class=\"panel entry-content entry-content-additional_information\">\n<table class=\"woocommerce-product-attributes shop_attributes\">\n<tbody>\n<tr class=\"woocommerce-product-attributes-item woocommerce-product-attributes-item--attribute_pa_dac-san\">\n<th class=\"woocommerce-product-attributes-item__label\">\u0110\u1eb7c s\u1ea3n<\/th>\n<td class=\"woocommerce-product-attributes-item__value\">S\u00f3c Tr\u0103ng<\/td>\n<\/tr>\n<tr class=\"woocommerce-product-attributes-item woocommerce-product-attributes-item--attribute_pa_thuong-hieu\">\n<th class=\"woocommerce-product-attributes-item__label\">Th\u01b0\u01a1ng hi\u1ec7u<\/th>\n<td class=\"woocommerce-product-attributes-item__value\">DUY T\u00c2N<\/td>\n<\/tr>\n<tr class=\"woocommerce-product-attributes-item woocommerce-product-attributes-item--attribute_pa_trong-luong\">\n<th class=\"woocommerce-product-attributes-item__label\">Tr\u1ecdng l\u01b0\u1ee3ng<\/th>\n<td class=\"woocommerce-product-attributes-item__value\">670g\/4c\u00e1i\/g\u00f3i<\/td>\n<\/tr>\n<tr class=\"woocommerce-product-attributes-item woocommerce-product-attributes-item--attribute_pa_han-su-dung\">\n<th class=\"woocommerce-product-attributes-item__label\">H\u1ea1n s\u1eed d\u1ee5ng<\/th>\n<td class=\"woocommerce-product-attributes-item__value\">60 ng\u00e0y<\/td>\n<\/tr>\n<\/tbody>\n<\/table>\n<p>Mua h\u00e0ng li\u00ean h\u1ec7 hotline <a href=\"tel:0299 3828282\">0299 3828282<\/a><\/p>\n<\/div>\n<\/div>","protected":false},"excerpt":{"rendered":"<p>V\u1edbi nguy\u00ean li\u1ec7u \u0111\u01b0\u1ee3c ch\u1ecdn l\u1ecdc k\u0129 c\u00e0ng, bao b\u00ec \u0111\u1eb9p m\u1eaft, quy tr\u00ecnh s\u1ea3n xu\u1ea5t \u0111\u1ea1t ti\u00eau chu\u1ea9n ISO,<\/p>","protected":false},"featured_media":9176,"comment_status":"open","ping_status":"closed","template":"","meta":{"_acf_changed":false},"product_cat":[317,366,367,22,313],"product_tag":[],"class_list":{"0":"post-9167","1":"product","2":"type-product","3":"status-publish","4":"has-post-thumbnail","6":"product_cat-che-bien-tu-thit-trung-sua-thuy-san-cac-san-pham-tu-mat-ong-mat-khac-va-nong-san-thuc-pham-khac","7":"product_cat-hang-cnnt-cap-qg","8":"product_cat-hang-cnnt-cap-qg-2023","9":"product_cat-sanphamthucpham","10":"product_cat-thuc-pham-che-bien","12":"first","13":"instock","14":"shipping-taxable","15":"product-type-simple"},"acf":[],"_links":{"self":[{"href":"https:\/\/b2c.fairs.vn\/en\/wp-json\/wp\/v2\/product\/9167","targetHints":{"allow":["GET"]}}],"collection":[{"href":"https:\/\/b2c.fairs.vn\/en\/wp-json\/wp\/v2\/product"}],"about":[{"href":"https:\/\/b2c.fairs.vn\/en\/wp-json\/wp\/v2\/types\/product"}],"replies":[{"embeddable":true,"href":"https:\/\/b2c.fairs.vn\/en\/wp-json\/wp\/v2\/comments?post=9167"}],"version-history":[{"count":0,"href":"https:\/\/b2c.fairs.vn\/en\/wp-json\/wp\/v2\/product\/9167\/revisions"}],"wp:featuredmedia":[{"embeddable":true,"href":"https:\/\/b2c.fairs.vn\/en\/wp-json\/wp\/v2\/media\/9176"}],"wp:attachment":[{"href":"https:\/\/b2c.fairs.vn\/en\/wp-json\/wp\/v2\/media?parent=9167"}],"wp:term":[{"taxonomy":"product_cat","embeddable":true,"href":"https:\/\/b2c.fairs.vn\/en\/wp-json\/wp\/v2\/product_cat?post=9167"},{"taxonomy":"product_tag","embeddable":true,"href":"https:\/\/b2c.fairs.vn\/en\/wp-json\/wp\/v2\/product_tag?post=9167"}],"curies":[{"name":"wp","href":"https:\/\/api.w.org\/{rel}","templated":true}]}}