{"id":9144,"date":"2024-03-26T11:49:01","date_gmt":"2024-03-26T04:49:01","guid":{"rendered":"https:\/\/b2c.fairs.vn\/?post_type=product&#038;p=9144"},"modified":"2024-03-26T11:49:02","modified_gmt":"2024-03-26T04:49:02","slug":"nuoc-suc-mieng-dang-dau-coco-miracle-mouthwash-chai-1l","status":"publish","type":"product","link":"https:\/\/b2c.fairs.vn\/en\/product\/nuoc-suc-mieng-dang-dau-coco-miracle-mouthwash-chai-1l\/","title":{"rendered":"N\u01b0\u1edbc s\u00fac mi\u1ec7ng d\u1ea1ng d\u1ea7u &#8211; Coco Miracle Mouthwash &#8211; Chai 1L"},"content":{"rendered":"<p>D\u1ea7u s\u00fac mi\u1ec7ng Coco Miracle Mouthwash l\u1ea5y c\u1ea3m h\u1ee9ng t\u1eeb\u00a0 li\u1ec7u ph\u00e1p &#8221; s\u00fac d\u1ea7u&#8221; &#8211; oil pulling therapy,\u00a0m\u1ed9t ph\u01b0\u01a1ng ph\u00e1p ch\u0103m s\u00f3c r\u0103ng mi\u1ec7ng \u0111\u00e3 xu\u1ea5t hi\u1ec7n h\u01a1n 1000 n\u0103m tr\u01b0\u1edbc \u1edf \u1ea4n \u0110\u1ed9,\u00a0\u0111em l\u1ea1i r\u1ea5t nhi\u1ec1u c\u00f4ng d\u1ee5ng.<\/p>\n<p>V\u1edbi 100% d\u1ea7u d\u1eeba t\u01b0\u01a1i, chi\u1ebft xu\u1ea5t tr\u1ef1c ti\u1ebfp t\u1eeb c\u01a1m d\u1eeba t\u01b0\u01a1i b\u1eb1ng c\u00f4ng ngh\u1ec7 HPC (High Speed Centrifuge), ch\u1ee9a 48% lauric acid, b\u1ed5 sung tinh ch\u1ea5t cam v\u00e0 b\u1ea1c h\u00e0, gi\u00fap l\u00e0m s\u1ea1ch khoang mi\u1ec7ng v\u00e0 b\u1ea3o v\u1ec7 t\u1ed1i \u01b0u kh\u1ecfi c\u00e1c v\u1ea5n \u0111\u1ec1 v\u1ec1 r\u0103ng mi\u1ec7ng do vi khu\u1ea9n g\u00e2y ra:<\/p>\n<p>&#8211; L\u00e0m s\u1ea1ch mi\u1ec7ng<\/p>\n<p>&#8211; Gi\u1ea3m h\u00f4i mi\u1ec7ng, mang \u0111\u1ebfn h\u01a1i th\u1edf th\u01a1m m\u00e1t,<\/p>\n<p>&#8211; Gi\u1ea3m s\u1ef1 h\u00ecnh th\u00e0nh cao r\u0103ng<\/p>\n<p>&#8211;\u00a0Tr\u00e1nh v\u00e0 gi\u1ea3m kh\u1ea3 n\u0103ng m\u1eafc c\u00e1c b\u1ec7nh v\u1ec1 n\u01b0\u1edbu<\/p>\n<p>&#8212;&#8212;&#8212;&#8212;&#8212;&#8212;&#8212;<\/p>\n<p>T\u1ea1i sao n\u00ean ch\u1ecdn\u00a0Coco Miracle Mouthwash<\/p>\n<p>&#8211; S\u1ea3n ph\u1ea9m ch\u1ee9a \u0111\u1ebfn 60% MCTs (medium chain triglycerides &#8211; acid b\u00e9o m\u1ea1ch no chu\u1ed7i trung b\u00ecnh), 48% lauric acid gi\u00e0u t\u00ednh kh\u00e1ng khu\u1ea9n \u0111\u00e3 \u0111\u01b0\u1ee3c khoa h\u1ecdc ch\u1ee9ng minh.<\/p>\n<p>&#8211; M\u00f9i cam v\u00e0 b\u1ea1c h\u00e0 the m\u00e1t t\u1ea1o c\u1ea3m gi\u00e1c v\u00f4 c\u00f9ng d\u1ec5 ch\u1ecbu khi s\u00fac mi\u1ec7ng.<\/p>\n<p>&#8211; Th\u00e0nh ph\u1ea7n 100% ti\u00eau chu\u1ea9n food grade, an to\u00e0n khi nu\u1ed1t.<\/p>\n<p>&#8211; L\u00e0m s\u1ea1ch r\u0103ng mi\u1ec7ng<\/p>\n<p>&#8212;&#8212;&#8212;&#8212;&#8212;&#8212;&#8212;<br \/>\nS\u1ea3n ph\u1ea9m c\u1ee7a Vfarm FCD &#8211; nh\u00e0 s\u1ea3n xu\u1ea5t \u0111\u1ea1t ti\u00eau chu\u1ea9n, an to\u00e0n cho l\u00e0n da, \u0111\u01b0\u1ee3c ki\u1ec3m nghi\u1ec7m v\u00e0 c\u1ea5p ph\u00e9p b\u1edfi S\u1edf Y T\u1ebf T\u1ec9nh B\u1ebfn Tre.<\/p>","protected":false},"excerpt":{"rendered":"<p>D\u1ea7u s\u00fac mi\u1ec7ng Coco Miracle Mouthwash l\u1ea5y c\u1ea3m h\u1ee9ng t\u1eeb\u00a0 li\u1ec7u ph\u00e1p &#8221; s\u00fac d\u1ea7u&#8221; &#8211; oil pulling therapy,\u00a0m\u1ed9t ph\u01b0\u01a1ng<\/p>","protected":false},"featured_media":9145,"comment_status":"open","ping_status":"closed","template":"","meta":{"_acf_changed":false},"product_cat":[332,334],"product_tag":[],"class_list":{"0":"post-9144","1":"product","2":"type-product","3":"status-publish","4":"has-post-thumbnail","6":"product_cat-san-pham-duoc-lieu-va-san-pham-tu-duoc-lieu","7":"product_cat-my-pham-co-thanh-phan-tu-thao-duoc","9":"first","10":"instock","11":"shipping-taxable","12":"purchasable","13":"product-type-simple"},"acf":[],"_links":{"self":[{"href":"https:\/\/b2c.fairs.vn\/en\/wp-json\/wp\/v2\/product\/9144","targetHints":{"allow":["GET"]}}],"collection":[{"href":"https:\/\/b2c.fairs.vn\/en\/wp-json\/wp\/v2\/product"}],"about":[{"href":"https:\/\/b2c.fairs.vn\/en\/wp-json\/wp\/v2\/types\/product"}],"replies":[{"embeddable":true,"href":"https:\/\/b2c.fairs.vn\/en\/wp-json\/wp\/v2\/comments?post=9144"}],"version-history":[{"count":0,"href":"https:\/\/b2c.fairs.vn\/en\/wp-json\/wp\/v2\/product\/9144\/revisions"}],"wp:featuredmedia":[{"embeddable":true,"href":"https:\/\/b2c.fairs.vn\/en\/wp-json\/wp\/v2\/media\/9145"}],"wp:attachment":[{"href":"https:\/\/b2c.fairs.vn\/en\/wp-json\/wp\/v2\/media?parent=9144"}],"wp:term":[{"taxonomy":"product_cat","embeddable":true,"href":"https:\/\/b2c.fairs.vn\/en\/wp-json\/wp\/v2\/product_cat?post=9144"},{"taxonomy":"product_tag","embeddable":true,"href":"https:\/\/b2c.fairs.vn\/en\/wp-json\/wp\/v2\/product_tag?post=9144"}],"curies":[{"name":"wp","href":"https:\/\/api.w.org\/{rel}","templated":true}]}}