{"id":9137,"date":"2024-03-26T11:44:21","date_gmt":"2024-03-26T04:44:21","guid":{"rendered":"https:\/\/b2c.fairs.vn\/?post_type=product&#038;p=9137"},"modified":"2024-03-26T11:44:22","modified_gmt":"2024-03-26T04:44:22","slug":"dau-tam-goi-toan-than-2in1-coco-miracle-shampoo-and-body-wash-2in1-chai-1l","status":"publish","type":"product","link":"https:\/\/b2c.fairs.vn\/en\/product\/dau-tam-goi-toan-than-2in1-coco-miracle-shampoo-and-body-wash-2in1-chai-1l\/","title":{"rendered":"D\u1ea7u t\u1eafm g\u1ed9i to\u00e0n th\u00e2n 2IN1 &#8211; Coco Miracle Shampoo and Body Wash 2in1 &#8211; Chai 1L"},"content":{"rendered":"<p>D\u1ea7u t\u1eafm g\u1ed9i to\u00e0n th\u00e2n 2 trong 1 Cobot\u00e9 v\u1edbi c\u00f4ng th\u1ee9c Bio:CLEAR l\u00e0m s\u1ea1ch d\u1ecbu nh\u1eb9, b\u1ed5 sung chi\u1ebft xu\u1ea5t t\u1eeb s\u1eefa d\u1eeba c\u00f9ng Vitamin B5, cung c\u1ea5p \u0111\u1ed9 \u1ea9m &amp; d\u01b0\u1ee1ng ch\u1ea5t thi\u1ebft y\u1ebfu cho da v\u00e0 t\u00f3c, mang l\u1ea1i cho b\u1ea1n l\u00e0n da \u1ea9m m\u1ecbn v\u00e0 m\u00e1i t\u00f3c su\u00f4n m\u1ec1m kh\u1ecfe m\u1ea1nh<\/p>\n<p>T\u1ea1i sao n\u00ean ch\u1ecdn D\u1ea7u t\u1eafm g\u1ed9i to\u00e0n th\u00e2n 2 trong 1 Cobot\u00e9 ?<\/p>\n<p>&#8211; An to\u00e0n cho tr\u1ebb nh\u1ecf<\/p>\n<p>&#8211; Ph\u00f9 h\u1ee3p cho kh\u00e1ch h\u00e0ng c\u00f3 t\u00f3c ng\u1eafn<\/p>\n<p>&#8211; L\u00e0m s\u1ea1ch d\u1ecbu nh\u1eb9<\/p>\n<p>&#8211; T\u0103ng c\u01b0\u1eddng \u0111\u1ed9 \u1ea9m cho da<\/p>\n<p>&#8211; Tinh d\u1ea7u tr\u00e0m gi\u00f3 gi\u00fap t\u0103ng s\u1ee9c \u0111\u1ec1 kh\u00e1ng t\u1ef1 nhi\u00ean<\/p>\n<p>&#8212;&#8212;&#8212;&#8212;&#8212;&#8212;&#8212;<br \/>\nS\u1ea3n ph\u1ea9m c\u1ee7a Vfarm FCD &#8211; nh\u00e0 s\u1ea3n xu\u1ea5t \u0111\u1ea1t ti\u00eau chu\u1ea9n, an to\u00e0n cho l\u00e0n da, \u0111\u01b0\u1ee3c ki\u1ec3m nghi\u1ec7m v\u00e0 c\u00f4ng b\u1ed1 t\u1ea1i S\u1edf Y T\u1ebf T\u1ec9nh B\u1ebfn Tre.<\/p>","protected":false},"excerpt":{"rendered":"<p>D\u1ea7u t\u1eafm g\u1ed9i to\u00e0n th\u00e2n 2 trong 1 Cobot\u00e9 v\u1edbi c\u00f4ng th\u1ee9c Bio:CLEAR l\u00e0m s\u1ea1ch d\u1ecbu nh\u1eb9, b\u1ed5 sung chi\u1ebft<\/p>","protected":false},"featured_media":9139,"comment_status":"open","ping_status":"closed","template":"","meta":{"_acf_changed":false},"product_cat":[332,334],"product_tag":[],"class_list":{"0":"post-9137","1":"product","2":"type-product","3":"status-publish","4":"has-post-thumbnail","6":"product_cat-san-pham-duoc-lieu-va-san-pham-tu-duoc-lieu","7":"product_cat-my-pham-co-thanh-phan-tu-thao-duoc","9":"first","10":"instock","11":"shipping-taxable","12":"purchasable","13":"product-type-simple"},"acf":[],"_links":{"self":[{"href":"https:\/\/b2c.fairs.vn\/en\/wp-json\/wp\/v2\/product\/9137","targetHints":{"allow":["GET"]}}],"collection":[{"href":"https:\/\/b2c.fairs.vn\/en\/wp-json\/wp\/v2\/product"}],"about":[{"href":"https:\/\/b2c.fairs.vn\/en\/wp-json\/wp\/v2\/types\/product"}],"replies":[{"embeddable":true,"href":"https:\/\/b2c.fairs.vn\/en\/wp-json\/wp\/v2\/comments?post=9137"}],"version-history":[{"count":0,"href":"https:\/\/b2c.fairs.vn\/en\/wp-json\/wp\/v2\/product\/9137\/revisions"}],"wp:featuredmedia":[{"embeddable":true,"href":"https:\/\/b2c.fairs.vn\/en\/wp-json\/wp\/v2\/media\/9139"}],"wp:attachment":[{"href":"https:\/\/b2c.fairs.vn\/en\/wp-json\/wp\/v2\/media?parent=9137"}],"wp:term":[{"taxonomy":"product_cat","embeddable":true,"href":"https:\/\/b2c.fairs.vn\/en\/wp-json\/wp\/v2\/product_cat?post=9137"},{"taxonomy":"product_tag","embeddable":true,"href":"https:\/\/b2c.fairs.vn\/en\/wp-json\/wp\/v2\/product_tag?post=9137"}],"curies":[{"name":"wp","href":"https:\/\/api.w.org\/{rel}","templated":true}]}}