{"id":9133,"date":"2024-03-26T11:43:26","date_gmt":"2024-03-26T04:43:26","guid":{"rendered":"https:\/\/b2c.fairs.vn\/?post_type=product&#038;p=9133"},"modified":"2024-04-19T13:16:59","modified_gmt":"2024-04-19T06:16:59","slug":"sua-tuoi-tiet-trung-evermilk","status":"publish","type":"product","link":"https:\/\/b2c.fairs.vn\/en\/product\/sua-tuoi-tiet-trung-evermilk\/","title":{"rendered":"S\u1eefa t\u01b0\u01a1i ti\u1ec7t tr\u00f9ng Evermilk"},"content":{"rendered":"<p>S\u1eefa t\u01b0\u01a1i EverMilk \u0111\u01b0\u1ee3c l\u00e0m t\u1eeb 100% s\u1eefa b\u00f2 t\u01b0\u01a1i c\u1ee7a HTX EverGrowth S\u00f3c Tr\u0103ng. Lu\u00f4n lu\u00f4n thu\u1ea7n khi\u1ebft 15 n\u0103m kinh nghi\u1ec7m ch\u0103m s\u00f3c \u0111\u00e0n b\u00f2 v\u00e0 cung c\u1ea5p s\u1eefa t\u01b0\u01a1i nguy\u00ean li\u1ec7u<\/p>\n<p>NGU\u1ed2N S\u1eeeA T\u1eea HTX EVERGROWTH S\u00d3C TR\u0102NG: M\u1ed9t trong nh\u1eefng HTX b\u00f2 s\u1eefa l\u1edbn nh\u1ea5t Vi\u1ec7t Nam v\u1edbi 15 n\u0103m kinh nghi\u1ec7m &amp; 2000 h\u1ed9 n\u00f4ng d\u00e2n t\u1ea1i S\u00f3c Tr\u0103ng. Ngu\u1ed3n s\u1eefa \u0111\u1ea3m b\u1ea3o c\u00e1c ti\u00eau chu\u1ea9n nghi\u00eam ng\u1eb7t nh\u1ea5t, \u0111\u01b0\u1ee3c h\u1ed7 tr\u1ee3 b\u1edfi t\u1ed5 ch\u1ee9c SOCODEVI t\u1eeb Canada.<\/p>\n<p>NH\u00c0 M\u00c1Y &amp; NGU\u1ed2N S\u1eeeA G\u1ea6N NHAU: S\u1eefa v\u1eaft xong s\u1ebd \u0111\u01b0\u1ee3c \u0111\u01b0a ngay v\u00e0o s\u1ea3n xu\u1ea5t gi\u00fap \u0111\u1ea3m b\u1ea3o \u0111\u1ed9 t\u01b0\u01a1i ngon c\u1ee7a s\u1eefa t\u01b0\u01a1i EverMilk.<\/p>\n<p>C\u00d4NG NGH\u1ec6 CH\u1ebe BI\u1ebeN H\u00c0NG \u0110\u1ea6U CH\u00c2U \u00c2U: S\u1eed d\u1ee5ng c\u00f4ng ngh\u1ec7 ti\u1ec7t tr\u00f9ng UHT hi\u1ec7n \u0111\u1ea1i theo ti\u00eau chu\u1ea9n Ch\u00e2u \u00c2u gi\u00fap s\u1eefa t\u01b0\u01a1i EverMilk \u201cLu\u00f4n lu\u00f4n thu\u1ea7n khi\u1ebft\u201d.<\/p>\n<p>HO\u00c0N TO\u00c0N T\u1eea S\u1eeeA T\u01af\u01a0I: S\u1eed d\u1ee5ng 100% s\u1eefa t\u01b0\u01a1i nguy\u00ean ch\u1ea5t, gi\u00fap h\u01b0\u01a1ng v\u1ecb th\u01a1m ngon, m\u00e1t l\u00e0nh.<\/p>\n<p>QUY C\u00c1CH \u0110\u00d3NG G\u00d3I: 1 th\u00f9ng (180ml x 48h\u1ed9p)<\/p>","protected":false},"excerpt":{"rendered":"<p>S\u1eefa t\u01b0\u01a1i EverMilk \u0111\u01b0\u1ee3c l\u00e0m t\u1eeb 100% s\u1eefa b\u00f2 t\u01b0\u01a1i c\u1ee7a HTX EverGrowth S\u00f3c Tr\u0103ng. Lu\u00f4n lu\u00f4n thu\u1ea7n khi\u1ebft 15<\/p>","protected":false},"featured_media":9134,"comment_status":"open","ping_status":"closed","template":"","meta":{"_acf_changed":false},"product_cat":[317,366,367,22,313],"product_tag":[],"class_list":{"0":"post-9133","1":"product","2":"type-product","3":"status-publish","4":"has-post-thumbnail","6":"product_cat-che-bien-tu-thit-trung-sua-thuy-san-cac-san-pham-tu-mat-ong-mat-khac-va-nong-san-thuc-pham-khac","7":"product_cat-hang-cnnt-cap-qg","8":"product_cat-hang-cnnt-cap-qg-2023","9":"product_cat-sanphamthucpham","10":"product_cat-thuc-pham-che-bien","12":"first","13":"instock","14":"shipping-taxable","15":"purchasable","16":"product-type-simple"},"acf":[],"_links":{"self":[{"href":"https:\/\/b2c.fairs.vn\/en\/wp-json\/wp\/v2\/product\/9133","targetHints":{"allow":["GET"]}}],"collection":[{"href":"https:\/\/b2c.fairs.vn\/en\/wp-json\/wp\/v2\/product"}],"about":[{"href":"https:\/\/b2c.fairs.vn\/en\/wp-json\/wp\/v2\/types\/product"}],"replies":[{"embeddable":true,"href":"https:\/\/b2c.fairs.vn\/en\/wp-json\/wp\/v2\/comments?post=9133"}],"version-history":[{"count":0,"href":"https:\/\/b2c.fairs.vn\/en\/wp-json\/wp\/v2\/product\/9133\/revisions"}],"wp:featuredmedia":[{"embeddable":true,"href":"https:\/\/b2c.fairs.vn\/en\/wp-json\/wp\/v2\/media\/9134"}],"wp:attachment":[{"href":"https:\/\/b2c.fairs.vn\/en\/wp-json\/wp\/v2\/media?parent=9133"}],"wp:term":[{"taxonomy":"product_cat","embeddable":true,"href":"https:\/\/b2c.fairs.vn\/en\/wp-json\/wp\/v2\/product_cat?post=9133"},{"taxonomy":"product_tag","embeddable":true,"href":"https:\/\/b2c.fairs.vn\/en\/wp-json\/wp\/v2\/product_tag?post=9133"}],"curies":[{"name":"wp","href":"https:\/\/api.w.org\/{rel}","templated":true}]}}