{"id":9122,"date":"2024-03-26T11:39:55","date_gmt":"2024-03-26T04:39:55","guid":{"rendered":"https:\/\/b2c.fairs.vn\/?post_type=product&#038;p=9122"},"modified":"2024-03-26T11:39:55","modified_gmt":"2024-03-26T04:39:55","slug":"gel-rua-mat-cho-da-dau-mun-nhay-cam-coco-miracle-balanced-and-deep-cleansing-gel","status":"publish","type":"product","link":"https:\/\/b2c.fairs.vn\/en\/product\/gel-rua-mat-cho-da-dau-mun-nhay-cam-coco-miracle-balanced-and-deep-cleansing-gel\/","title":{"rendered":"Gel R\u1eeda m\u1eb7t cho da d\u1ea7u m\u1ee5n nh\u1ea1y c\u1ea3m &#8211; Coco Miracle Balanced and Deep Cleansing Gel"},"content":{"rendered":"<p>L\u00e0m s\u1ea1ch da l\u00e0 b\u01b0\u1edbc kh\u00f4ng th\u1ec3 thi\u1ebfu trong quy tr\u00ecnh ch\u0103m s\u00f3c da. Vi\u1ec7c l\u1ef1a ch\u1ecdn \u0111\u01b0\u1ee3c s\u1ea3n ph\u1ea9m ph\u00f9 h\u1ee3p v\u00e0 an to\u00e0n l\u00e0 \u0111i\u1ec1u t\u1ea5t y\u1ebfu. Hi\u1ec3u \u0111\u01b0\u1ee3c nhu c\u1ea7u \u0111\u00f3, Cobot\u00e9 ra m\u1eaft Gel R\u1eeda m\u1eb7t cho da d\u1ea7u m\u1ee5n nh\u1ea1y c\u1ea3m &#8211; Coco Miracle Balanced and Deep Cleansing Gel. \u0110\u00e2y l\u00e0 s\u1ea3n ph\u1ea9m c\u00f3 chi\u1ebft xu\u1ea5t t\u1eeb d\u1eeba v\u00e0 c\u00e1c lo\u1ea1i th\u1ea3o m\u1ed9c t\u1ef1 nhi\u00ean mang l\u1ea1i hi\u1ec7u qu\u1ea3 cao cho vi\u1ec7c l\u00e0m s\u1ea1ch v\u00e0 h\u1ed7 tr\u1ee3 \u0111i\u1ec1u tr\u1ecb da m\u1ee5n, th\u00edch h\u1ee3p v\u1edbi m\u1ecdi lo\u1ea1i da ngay c\u1ea3 l\u00e0n da nh\u1ea1y c\u1ea3m nh\u1ea5t. \u0110\u1eb7c bi\u1ec7t, Gel R\u1eeda m\u1eb7t c\u1ee7a Cobot\u00e9 l\u00e0m s\u1ea1ch d\u1ecbu nh\u1eb9 an to\u00e0n, k\u1ec3 c\u1ea3 l\u00e0n da em b\u00e9.<\/p>\n<p><strong>T\u1ea1i sao b\u1ea1n n\u00ean ch\u1ecdn Gel R\u1eeda m\u1eb7t cho da d\u1ea7u m\u1ee5n nh\u1ea1y c\u1ea3m &#8211; Coco Miracle Balanced and Deep Cleansing Gel\u00a0<\/strong><\/p>\n<p>1. L\u00e0nh t\u00ednh: Th\u00e0nh ph\u1ea7n c\u00f3 ngu\u1ed3n g\u1ed1c t\u1eeb d\u1eeba v\u00e0 l\u00e0m s\u1ea1ch d\u1ecbu nh\u1eb9 an to\u00e0n v\u1edbi c\u1ea3 l\u00e0n da em b\u00e9, \u0111\u1ea3m b\u1ea3o l\u00e0m s\u1ea1ch tri\u1ec7t \u0111\u1ec3 m\u00e0 kh\u00f4ng ph\u00e1 h\u1ee7y l\u1edbp m\u00e0ng lipid t\u1ef1 nhi\u00ean c\u1ee7a da;<br \/>\n2. Hi\u1ec7u qu\u1ea3: Ph\u00f9 h\u1ee3p m\u1ecdi lo\u1ea1i da, c\u00f3 hi\u1ec7u qu\u1ea3 \u0111\u1eb7c bi\u1ec7t \u0111\u1ed1i v\u1edbi da d\u1ea7u nh\u1ea1y c\u1ea3m, d\u1ea7u m\u1ee5n;<br \/>\n3. \u0110\u1ed9 pH 5.0- 5.5 l\u00fd t\u01b0\u1edfng cho da m\u1eb7t;<br \/>\n4. Th\u00e0nh ph\u1ea7n t\u1ef1 nhi\u00ean gi\u00fap d\u01b0\u1ee1ng \u1ea9m, l\u00e0m d\u1ecbu da nh\u1ea1y c\u1ea3m, mang l\u1ea1i c\u1ea3m gi\u00e1c \u1ea9m m\u01b0\u1ee3t d\u1ec5 ch\u1ecbu sau khi r\u1eeda m\u1eb7t;<br \/>\n5. Ch\u1ea5t gel trong su\u1ed1t, t\u1ea1o b\u1ecdt nh\u1eb9 nh\u00e0ng. S\u1ea3n ph\u1ea9m KH\u00d4NG ch\u1ea5t t\u1ea9y r\u1eeda (Sulfates), KH\u00d4NG h\u01b0\u01a1ng li\u1ec7u ho\u00e1 h\u1ecdc (Fragrance), KH\u00d4NG ch\u1ea5t b\u1ea3n qu\u1ea3n g\u1ed1c Paraben v\u00e0 KH\u00d4NG ch\u1ee9a ch\u1ea5t t\u1ea1o m\u00e0u.<\/p>\n<p><strong>Th\u00e0nh ph\u1ea7n Gel R\u1eeda m\u1eb7t cho da d\u1ea7u m\u1ee5n nh\u1ea1y c\u1ea3m &#8211; Coco Miracle Balanced and Deep Cleansing Gel\u00a0<\/strong><\/p>\n<p>&#8211; D\u1ea7u d\u1eeba: L\u00e0m s\u1ea1ch l\u1ed7 ch\u00e2n l\u00f4ng v\u00e0 b\u1ea3o v\u1ec7 \u0111\u1ed9 \u1ea9m t\u1ef1 nhi\u00ean c\u1ee7a l\u00e0n da ;<br \/>\n&#8211; Tr\u00e0m tr\u00e0 (4-Terpineol &amp; alpha-terpinene): Kh\u00e1ng khu\u1ea9n, l\u00e0m th\u00f4ng tho\u00e1ng l\u1ed7 ch\u00e2n l\u00f4ng, ng\u0103n b\u00edt t\u1eaft v\u00e0 m\u1ee5n \u1ea9n;<br \/>\n&#8211; Ngh\u1ec7 t\u01b0\u01a1i (Vitamin B5 &amp; tinh ch\u1ea5t Cucuminoid): Th\u00fac \u0111\u1ea9y qu\u00e1 tr\u00ecnh t\u00e1i t\u1ea1o da;<br \/>\n&#8211; Allantoin v\u00e0 Glycerin t\u1ef1 nhi\u00ean: Gi\u00fap d\u01b0\u1ee1ng \u1ea9m, l\u00e0m d\u1ecbu da nh\u1ea1y c\u1ea3m, mang l\u1ea1i c\u1ea3m gi\u00e1c \u1ea9m m\u01b0\u1ee3t d\u1ec5 ch\u1ecbu sau khi r\u1eeda m\u1eb7t.<\/p>\n<p><strong>H\u01b0\u1edbng d\u1eabn s\u1eed d\u1ee5ng Gel R\u1eeda m\u1eb7t cho da d\u1ea7u m\u1ee5n nh\u1ea1y c\u1ea3m &#8211; Coco Miracle Balanced and Deep Cleansing Gel\u00a0<\/strong><br \/>\nB\u01b0\u1edbc 1: L\u1ea5y m\u1ed9t l\u01b0\u1ee3ng v\u1eeba \u0111\u1ee7 gel r\u1eeda m\u1eb7t v\u00e0o l\u00f2ng b\u00e0n tay v\u00e0 t\u1ea1o b\u1ecdt;<br \/>\nB\u01b0\u1edbc 2: Massage nh\u1eb9 nh\u00e0ng l\u00ean m\u1eb7t (tr\u00e1nh v\u00f9ng m\u1eaft v\u00e0 mi\u1ec7ng);<br \/>\nB\u01b0\u1edbc 3: R\u1eeda l\u1ea1i b\u1eb1ng n\u01b0\u1edbc \u1ea5m.<\/p>\n<p>S\u1eed d\u1ee5ng h\u1eb1ng ng\u00e0y \u0111\u1ec3 \u0111\u1ea1t hi\u1ec7u qu\u1ea3 t\u1ed1i \u01b0u.<\/p>\n<p>H\u00e3y \u0111\u1ec3 Gel R\u1eeda m\u1eb7t cho da d\u1ea7u m\u1ee5n nh\u1ea1y c\u1ea3m &#8211; Coco Miracle Balanced and Deep Cleansing Gel gi\u00fap b\u1ea1n ch\u0103m s\u00f3c cho l\u00e0n da s\u00e1ng m\u1ecbn, s\u1ea1ch m\u1ee5n m\u00e0 kh\u00f4ng s\u1eed d\u1ee5ng ho\u00e1 ch\u1ea5t. Cobot\u00e9 l\u00e0 s\u1ef1 l\u1ef1a ch\u1ecdn t\u1ed1t nh\u1ea5t cho vi\u1ec7c ch\u0103m s\u00f3c l\u00e0n da t\u1ef1 nhi\u00ean c\u1ee7a b\u1ea1n.<\/p>","protected":false},"excerpt":{"rendered":"<p>L\u00e0m s\u1ea1ch da l\u00e0 b\u01b0\u1edbc kh\u00f4ng th\u1ec3 thi\u1ebfu trong quy tr\u00ecnh ch\u0103m s\u00f3c da. Vi\u1ec7c l\u1ef1a ch\u1ecdn \u0111\u01b0\u1ee3c s\u1ea3n ph\u1ea9m<\/p>","protected":false},"featured_media":9129,"comment_status":"open","ping_status":"closed","template":"","meta":{"_acf_changed":false},"product_cat":[332,334],"product_tag":[],"class_list":{"0":"post-9122","1":"product","2":"type-product","3":"status-publish","4":"has-post-thumbnail","6":"product_cat-san-pham-duoc-lieu-va-san-pham-tu-duoc-lieu","7":"product_cat-my-pham-co-thanh-phan-tu-thao-duoc","9":"first","10":"instock","11":"shipping-taxable","12":"purchasable","13":"product-type-simple"},"acf":[],"_links":{"self":[{"href":"https:\/\/b2c.fairs.vn\/en\/wp-json\/wp\/v2\/product\/9122","targetHints":{"allow":["GET"]}}],"collection":[{"href":"https:\/\/b2c.fairs.vn\/en\/wp-json\/wp\/v2\/product"}],"about":[{"href":"https:\/\/b2c.fairs.vn\/en\/wp-json\/wp\/v2\/types\/product"}],"replies":[{"embeddable":true,"href":"https:\/\/b2c.fairs.vn\/en\/wp-json\/wp\/v2\/comments?post=9122"}],"version-history":[{"count":0,"href":"https:\/\/b2c.fairs.vn\/en\/wp-json\/wp\/v2\/product\/9122\/revisions"}],"wp:featuredmedia":[{"embeddable":true,"href":"https:\/\/b2c.fairs.vn\/en\/wp-json\/wp\/v2\/media\/9129"}],"wp:attachment":[{"href":"https:\/\/b2c.fairs.vn\/en\/wp-json\/wp\/v2\/media?parent=9122"}],"wp:term":[{"taxonomy":"product_cat","embeddable":true,"href":"https:\/\/b2c.fairs.vn\/en\/wp-json\/wp\/v2\/product_cat?post=9122"},{"taxonomy":"product_tag","embeddable":true,"href":"https:\/\/b2c.fairs.vn\/en\/wp-json\/wp\/v2\/product_tag?post=9122"}],"curies":[{"name":"wp","href":"https:\/\/api.w.org\/{rel}","templated":true}]}}