{"id":9113,"date":"2024-03-26T11:36:15","date_gmt":"2024-03-26T04:36:15","guid":{"rendered":"https:\/\/b2c.fairs.vn\/?post_type=product&#038;p=9113"},"modified":"2024-03-26T11:36:15","modified_gmt":"2024-03-26T04:36:15","slug":"duong-nau-tay-te-bao-chet-co-the-body-scrub-paste-250g","status":"publish","type":"product","link":"https:\/\/b2c.fairs.vn\/en\/product\/duong-nau-tay-te-bao-chet-co-the-body-scrub-paste-250g\/","title":{"rendered":"\u0110\u01b0\u1eddng n\u00e2u t\u1ea9y t\u1ebf b\u00e0o ch\u1ebft c\u01a1 th\u1ec3 | Body Scrub Paste 250g"},"content":{"rendered":"<p>Kh\u1edfi ngu\u1ed3n c\u1ee7a m\u1ed9t l\u00e0n da \u0111\u1eb9p ch\u00ednh l\u00e0 l\u00e0n da s\u1ea1ch m\u1ecbn. K\u1ebft h\u1ee3p gi\u1eefa nh\u1eefng h\u1ea1t \u0111\u01b0\u1eddng n\u00e2u v\u00e0 c\u01a1m d\u1eeba s\u1ea5y kh\u00f4 li ti,T\u1ea9y t\u1ebf b\u00e0o ch\u1ebft c\u01a1 th\u1ec3 &#8211; Body Scrub c\u1ee7a Cobot\u00e9 s\u1ebd gi\u00fap lo\u1ea1i b\u1ecf l\u1edbp t\u1ebf b\u00e0o ch\u1ebft tr\u00ean da c\u00f9ng b\u1ee5i b\u1ea9n m\u1ed9t c\u00e1ch nh\u1eb9 nh\u00e0ng, \u0111\u1ec3 l\u1ea1i cho b\u1ea1n l\u00e0n da t\u01b0\u01a1i tr\u1ebb, m\u1ec1m m\u1ecbn, v\u00e0 b\u1eadt t\u00f4ng ngay l\u1eadp t\u1ee9c. Kh\u00f4ng \u0111\u01a1n thu\u1ea7n ch\u1ec9 l\u00e0 m\u1ed9t s\u1ea3n ph\u1ea9m t\u1ea9y t\u1ebf b\u00e0o ch\u1ebft, s\u1ea3n ph\u1ea9m c\u00f2n gi\u00fap kh\u00f3a \u1ea9m v\u1edbi d\u1ea7u d\u1eeba B\u1ebfn Tre v\u00e0 cho b\u1ea1n c\u1ea3m gi\u00e1c th\u01b0 gi\u00e3n tuy\u1ec7t v\u1eddi li\u1ec7u ph\u00e1p tinh d\u1ea7u thi\u00ean nhi\u00ean Aromatherapy.<\/p>\n<p><strong>T\u1ea1i sao n\u00ean ch\u1ecdn T\u1ea9y t\u1ebf b\u00e0o ch\u1ebft \u0111\u01b0\u1eddng n\u00e2u &#8211; Body Scrub Paste?<\/strong><br \/>\n1. C\u1ef1c k\u1ef3 l\u00e0nh t\u00ednh v\u1edbi ngu\u1ed3n g\u1ed1c t\u1ef1 nhi\u00ean: H\u1ea1t \u0111\u01b0\u1eddng n\u00e2u, c\u01a1m d\u1eeba s\u1ea5y, d\u1ea7u d\u1eeba t\u01b0\u01a1i b\u1ebfn tre v\u00e0 h\u1ec7 tinh d\u1ea7u Aromatherapy<br \/>\n2. Kh\u1ea3 n\u0103ng l\u00e0m s\u1ea1ch s\u00e2u nh\u01b0ng c\u1ef1c k\u1ef3 nh\u1eb9 nh\u00e0ng, kh\u00f4ng g\u00e2y t\u1ed5n th\u01b0\u01a1ng cho da, l\u00e0m da b\u1eadt s\u00e1ng ngay sau khi s\u1eed d\u1ee5ng;<br \/>\n3. V\u1eeba l\u00e0m s\u1ea1ch, v\u1eeba d\u01b0\u1ee1ng \u1ea9m v\u1edbi glycerine t\u1ef1 nhi\u00ean v\u00e0 kh\u00f3a \u1ea9m v\u1edbi d\u1ea7u d\u1eeba;<br \/>\n4. Li\u1ec7u ph\u00e1p tinh d\u1ea7u thi\u00ean nhi\u00ean &#8211; Aromatherapy gi\u00fap c\u01a1 th\u1ec3 th\u01b0 gi\u00e3n, gi\u1ea3i t\u1ecfa c\u0103ng th\u1eb3ng v\u00e0 c\u1ea3i thi\u1ec7n t\u00e2m tr\u1ea1ng ngay khi s\u1eed d\u1ee5ng;<br \/>\n5. S\u1ea3n ph\u1ea9m kh\u00f4ng ch\u1ee9a Sulfate, Silicon v\u00e0 Paraben hay b\u1ea5t k\u1ef3 th\u00e0nh ph\u1ea7n g\u00e2y tranh c\u00e3i n\u00e0o.<\/p>\n<p><strong>V\u1ec1 th\u00e0nh ph\u1ea7n c\u1ea5u t\u1ea1o:<\/strong><br \/>\n&#8211; B\u1ed9 \u0111\u00f4i h\u1ea1t \u0111\u01b0\u1eddng n\u00e2u v\u00e0 c\u01a1m d\u1eeba s\u1ea5y kh\u00f4 \u0111\u1ec3 t\u1ea9y t\u1ebf b\u00e0o ch\u1ebft, hi\u1ec7u qu\u1ea3 v\u00e0 c\u1ef1c k\u1ef3 l\u00e0nh t\u00ednh;<br \/>\n&#8211; D\u1ea7u d\u1eeba t\u01b0\u01a1i v\u00e0 glycerine (ch\u1ea5t d\u01b0\u1ee1ng \u1ea9m t\u1ef1 nhi\u00ean) c\u00f3 t\u00e1c d\u1ee5ng c\u1ea5p \u1ea9m v\u00e0 kh\u00f3a \u1ea9m cho da, gi\u00fap da m\u1ec1m m\u1ecbn, kh\u1ecfe m\u1ea1nh t\u1ef1 nhi\u00ean t\u1eeb s\u00e2u b\u00ean trong v\u00e0 ng\u0103n ng\u1eeba l\u00e3o ho\u00e1 cho da;<br \/>\n&#8211; Li\u1ec7u ph\u00e1p tinh d\u1ea7u thi\u00ean nhi\u00ean &#8211; Aromatherapy t\u1eeb h\u1ec7 tinh d\u1ea7u b\u1ea1c h\u00e0 \u00c2u, cam ng\u1ecdt, ng\u1ecdc lan t\u00e2y (Ylang ylang) v\u00e0 ho\u1eafc h\u01b0\u01a1ng (patchouli &#8211; m\u00f9i g\u1ed7) \u0111em l\u1ea1i c\u1ea3m gi\u00e1c th\u01b0 gi\u00e3n s\u00e2u cho c\u01a1 th\u1ec3;<\/p>\n<p><strong>H\u01b0\u1edbng d\u1eabn s\u1eed d\u1ee5ng T\u1ea9y t\u1ebf b\u00e0o ch\u1ebft \u0111\u01b0\u1eddng n\u00e2u &#8211; Body Scrub Paste:<\/strong><br \/>\n&#8211; B\u01b0\u1edbc 1: L\u00e0m \u01b0\u1edbt c\u01a1 th\u1ec3<br \/>\n&#8211; B\u01b0\u1edbc 2: Thoa m\u1ed9t l\u01b0\u1ee3ng s\u1ea3n ph\u1ea9m v\u1eeba \u0111\u1ee7 v\u00e0 massage nh\u1eb9 nh\u00e0ng \u0111\u1ebfn khi \u0111\u01b0\u1eddng tan ho\u00e0n to\u00e0n<br \/>\n&#8211; B\u01b0\u1edbc 3: X\u1ea3 s\u1ea1ch l\u1ea1i v\u1edbi n\u01b0\u1edbc<\/p>\n<p>S\u1eed d\u1ee5ng 1-2 l\u1ea7n h\u00e0ng tu\u1ea7n. N\u1ebfu t\u1eafm l\u1ea1i v\u1edbi x\u00e0 ph\u00f2ng sau khi s\u1eed d\u1ee5ng, b\u1ea1n n\u00ean s\u1eed d\u1ee5ng k\u1ebft h\u1ee3p v\u1edbi D\u1ea7u d\u01b0\u1ee1ng th\u1ec3 th\u01b0 gi\u00e3n \u0111\u1ec3 \u0111\u1ea1t hi\u1ec7u qu\u1ea3 d\u01b0\u1ee1ng da t\u1ed1t nh\u1ea5t.<\/p>\n<p>H\u00e3y \u0111\u1ec3 T\u1ea9y t\u1ebf b\u00e0o ch\u1ebft \u0111\u01b0\u1eddng n\u00e2u &#8211; Body Scrub Paste l\u00e0m s\u1ea1ch s\u00e2u v\u00e0 tr\u1ea3 l\u1ea1i cho b\u1ea1n l\u00e0n da t\u01b0\u01a1i tr\u1ebb v\u00e0 kh\u1ecfe m\u1ea1nh. Cobot\u00e9 l\u00e0 s\u1ef1 l\u1ef1a ch\u1ecdn t\u1ed1t nh\u1ea5t \u0111\u1ec3 ch\u0103m s\u00f3c v\u1ebb \u0111\u1eb9p t\u1ef1 nhi\u00ean cho l\u00e0n da c\u1ee7a b\u1ea1n.<\/p>","protected":false},"excerpt":{"rendered":"<p>Kh\u1edfi ngu\u1ed3n c\u1ee7a m\u1ed9t l\u00e0n da \u0111\u1eb9p ch\u00ednh l\u00e0 l\u00e0n da s\u1ea1ch m\u1ecbn. K\u1ebft h\u1ee3p gi\u1eefa nh\u1eefng h\u1ea1t \u0111\u01b0\u1eddng n\u00e2u<\/p>","protected":false},"featured_media":9118,"comment_status":"open","ping_status":"closed","template":"","meta":{"_acf_changed":false},"product_cat":[332,334],"product_tag":[],"class_list":{"0":"post-9113","1":"product","2":"type-product","3":"status-publish","4":"has-post-thumbnail","6":"product_cat-san-pham-duoc-lieu-va-san-pham-tu-duoc-lieu","7":"product_cat-my-pham-co-thanh-phan-tu-thao-duoc","9":"first","10":"instock","11":"shipping-taxable","12":"purchasable","13":"product-type-simple"},"acf":[],"_links":{"self":[{"href":"https:\/\/b2c.fairs.vn\/en\/wp-json\/wp\/v2\/product\/9113","targetHints":{"allow":["GET"]}}],"collection":[{"href":"https:\/\/b2c.fairs.vn\/en\/wp-json\/wp\/v2\/product"}],"about":[{"href":"https:\/\/b2c.fairs.vn\/en\/wp-json\/wp\/v2\/types\/product"}],"replies":[{"embeddable":true,"href":"https:\/\/b2c.fairs.vn\/en\/wp-json\/wp\/v2\/comments?post=9113"}],"version-history":[{"count":0,"href":"https:\/\/b2c.fairs.vn\/en\/wp-json\/wp\/v2\/product\/9113\/revisions"}],"wp:featuredmedia":[{"embeddable":true,"href":"https:\/\/b2c.fairs.vn\/en\/wp-json\/wp\/v2\/media\/9118"}],"wp:attachment":[{"href":"https:\/\/b2c.fairs.vn\/en\/wp-json\/wp\/v2\/media?parent=9113"}],"wp:term":[{"taxonomy":"product_cat","embeddable":true,"href":"https:\/\/b2c.fairs.vn\/en\/wp-json\/wp\/v2\/product_cat?post=9113"},{"taxonomy":"product_tag","embeddable":true,"href":"https:\/\/b2c.fairs.vn\/en\/wp-json\/wp\/v2\/product_tag?post=9113"}],"curies":[{"name":"wp","href":"https:\/\/api.w.org\/{rel}","templated":true}]}}