{"id":9093,"date":"2024-03-26T11:20:13","date_gmt":"2024-03-26T04:20:13","guid":{"rendered":"https:\/\/b2c.fairs.vn\/?post_type=product&#038;p=9093"},"modified":"2024-03-26T11:24:15","modified_gmt":"2024-03-26T04:24:15","slug":"tay-te-bao-chet-va-ngam-chan-muoi-bien-foot-scrub-soak","status":"publish","type":"product","link":"https:\/\/b2c.fairs.vn\/en\/product\/tay-te-bao-chet-va-ngam-chan-muoi-bien-foot-scrub-soak\/","title":{"rendered":"T\u1ea9y t\u1ebf b\u00e0o ch\u1ebft v\u00e0 ng\u00e2m ch\u00e2n &#8211; mu\u1ed1i bi\u1ec3n | Foot Scrub &#038; Soak"},"content":{"rendered":"<p>Ch\u0103m s\u00f3c b\u1ea3n th\u00e2n t\u1ea1i nh\u00e0 d\u1ec5 d\u00e0ng v\u1edbi hi\u1ec7u qu\u1ea3 \u0111\u1ea1t \u0111\u01b0\u1ee3c nh\u01b0 \u0111\u1ebfn spa v\u1edbi s\u1ea3n ph\u1ea9m t\u1ea9y t\u1ebf b\u00e0o ch\u1ebft b\u00e0n ch\u00e2n \u0111\u1eb7c bi\u1ec7t c\u1ee7a Cobot\u00e9.<\/p>\n<p>S\u1ef1 k\u1ebft h\u1ee3p gi\u1eefa mu\u1ed1i bi\u1ec3n t\u1ef1 nhi\u00ean c\u00f9ng d\u1ea7u d\u1eeba t\u01b0\u01a1i B\u1ebfn Tre v\u00e0 li\u1ec7u ph\u00e1p tinh d\u1ea7u thi\u00ean nhi\u00ean, gi\u00fap g\u00f3t ch\u00e2n b\u1ea1n tr\u1edf n\u00ean m\u1ec1m m\u1ea1i \u0111\u1ea7y s\u1ee9c s\u1ed1ng, mang \u0111\u1ebfn s\u1ef1 th\u01b0 gi\u00e3n tinh th\u1ea7n tuy\u1ec7t v\u1eddi.<\/p>\n<p>&#8212;&#8212;&#8212;&#8212;&#8212;&#8212;&#8212;<\/p>\n<p><strong>T\u1ea1i sao n\u00ean ch\u1ecdn Mu\u1ed1i bi\u1ec3n t\u1ea9y t\u1ebf b\u00e0o ch\u1ebft v\u00e0 ng\u00e2m ch\u00e2n | COCO CITY AND THE BEAUTY FOOT SCRUB &amp; SOAK\u00a0<\/strong><\/p>\n<p><strong>\u00a0V\u1ec1 th\u00e0nh ph\u1ea7n c\u1ea5u t\u1ea1o:<\/strong><\/p>\n<p>&#8211; Mu\u1ed1i bi\u1ec3n Sa Hu\u1ef3nh Qu\u00e3ng Ng\u00e3i tr\u1ea3i qua qu\u00e1 tr\u00ecnh l\u1ecdc \u00edt, v\u1eabn gi\u1eef nguy\u00ean \u0111\u01b0\u1ee3c l\u01b0\u1ee3ng kho\u00e1ng ch\u1ea5t d\u1ed3i d\u00e0o v\u1edbi c\u00e1c ion: iodide (iot), magnesium (magie), potassium (kali), calcium (canxi), ferrous (s\u1eaft), manganese (mangan) =&gt; khi ng\u00e2m ch\u00e2n v\u1edbi n\u01b0\u1edbc \u1ea5m, c\u00e1c \u0111i\u1ec7n gi\u1ea3i n\u00e0y s\u1ebd \u0111\u01b0\u1ee3c truy\u1ec1n v\u00e0o c\u01a1 th\u1ec3 qua c\u01a1 ch\u1ebf khu\u1ebfch t\u00e1n ion (ionic infusion), gi\u00fap c\u00e2n b\u1eb1ng \u0111i\u1ec7n gi\u1ea3i, l\u01b0u th\u00f4ng m\u00e1u huy\u1ebft. Nh\u1edd v\u1eady, s\u1ea3n ph\u1ea9m v\u1eeba hi\u1ec7u qu\u1ea3 trong vi\u1ec7c lo\u1ea1i b\u1ecf l\u1edbp t\u1ebf b\u00e0o ch\u1ebft x\u1ec9n m\u00e0u, v\u1eeba c\u00f3 t\u00e1c d\u1ee5ng kh\u00e1ng khu\u1ea9n, gi\u1ea3m vi\u00eam, mang l\u1ea1i s\u1ee9c s\u1ed1ng m\u1edbi cho l\u00e0n da.<\/p>\n<p>&#8211; D\u1ea7u d\u1eeba ly t\u00e2m v\u00e0 glycerin gi\u00fap cung c\u1ea5p \u0111\u1ed9 \u1ea9m v\u00e0 d\u01b0\u1ee1ng ch\u1ea5t cho v\u00f9ng da th\u00f4 r\u00e1p \u1edf v\u00f9ng g\u00f3t ch\u00e2n ho\u1eb7c khu\u1ef7u tay.<\/p>\n<p>&#8211; S\u1ef1 k\u1ebft h\u1ee3p c\u1ee7a 3 lo\u1ea1i tinh d\u1ea7u (li\u1ec7u ph\u00e1p tinh d\u1ea7u Aroma Therapy): tinh d\u1ea7u s\u1ea3, tinh d\u1ea7u x\u1ea1 h\u01b0\u01a1ng, tinh d\u1ea7u khuynh di\u1ec7p g\u00f3p ph\u1ea7n l\u00e0m gi\u1ea3m \u0111au \u0111\u1ea7u, x\u00f3a tan \u0111i nh\u1eefng m\u1ec7t m\u1ecfi, c\u0103ng th\u1eb3ng v\u00e0 c\u1ea3i thi\u1ec7n t\u00e2m tr\u1ea1ng t\u1ee9c th\u1eddi.<\/p>\n<p><strong>Hi\u1ec7u qu\u1ea3 khi s\u1eed d\u1ee5ng:\u00a0<\/strong><\/p>\n<p>&#8211; L\u00e0m m\u1ec1m, l\u00e0m s\u1ea1ch, l\u1ea5y \u0111i t\u1ebf b\u00e0o ch\u1ebft v\u00f9ng da b\u1ecb s\u1eebng h\u00f3a (g\u00f3t ch\u00e2n, b\u00e0n ch\u00e2n, kh\u1ee7y tay..)<\/p>\n<p>&#8211; B\u1ea3o v\u1ec7 da, t\u0103ng c\u01b0\u1eddng h\u00e0ng r\u00e0o gi\u1eef \u1ea9m, gi\u00fap da m\u1ec1m m\u1ecbn, kh\u1ecfe kho\u1eafn.<\/p>\n<p>&#8211; Gi\u1ea3i t\u1ecfa c\u0103ng th\u1eb3ng.<\/p>\n<p><strong>&#8212;&#8212;&#8212;&#8212;&#8212;&#8212;&#8212;<\/strong><\/p>\n<p><strong>Cobot\u00e9 &#8211; Coconut Natural Beauty Care<\/strong><\/p>\n<p><strong>Chuy\u00ean gia ch\u0103m s\u00f3c v\u1ebb \u0111\u1eb9p t\u1ef1 nhi\u00ean t\u1eeb d\u1eeba<\/strong><\/p>\n<p>&nbsp;<\/p>\n<p><strong>S\u1ea3n ph\u1ea9m c\u1ee7a Vfarm FCD &#8211; Nh\u00e0 s\u1ea3n xu\u1ea5t \u0111\u1ea1t ti\u00eau chu\u1ea9n, l\u00e0nh t\u00ednh &amp; hi\u1ec7u qu\u1ea3, \u0111\u01b0\u1ee3c ki\u1ec3m nghi\u1ec7m v\u00e0 c\u1ea5p ph\u00e9p b\u1edfi S\u1edf Y T\u1ebf T\u1ec9nh B\u1ebfn Tre.<\/strong><\/p>","protected":false},"excerpt":{"rendered":"<p>Ch\u0103m s\u00f3c b\u1ea3n th\u00e2n t\u1ea1i nh\u00e0 d\u1ec5 d\u00e0ng v\u1edbi hi\u1ec7u qu\u1ea3 \u0111\u1ea1t \u0111\u01b0\u1ee3c nh\u01b0 \u0111\u1ebfn spa v\u1edbi s\u1ea3n ph\u1ea9m t\u1ea9y<\/p>","protected":false},"featured_media":9095,"comment_status":"open","ping_status":"closed","template":"","meta":{"_acf_changed":false},"product_cat":[332,334],"product_tag":[],"class_list":{"0":"post-9093","1":"product","2":"type-product","3":"status-publish","4":"has-post-thumbnail","6":"product_cat-san-pham-duoc-lieu-va-san-pham-tu-duoc-lieu","7":"product_cat-my-pham-co-thanh-phan-tu-thao-duoc","9":"first","10":"instock","11":"shipping-taxable","12":"purchasable","13":"product-type-simple"},"acf":[],"_links":{"self":[{"href":"https:\/\/b2c.fairs.vn\/en\/wp-json\/wp\/v2\/product\/9093","targetHints":{"allow":["GET"]}}],"collection":[{"href":"https:\/\/b2c.fairs.vn\/en\/wp-json\/wp\/v2\/product"}],"about":[{"href":"https:\/\/b2c.fairs.vn\/en\/wp-json\/wp\/v2\/types\/product"}],"replies":[{"embeddable":true,"href":"https:\/\/b2c.fairs.vn\/en\/wp-json\/wp\/v2\/comments?post=9093"}],"version-history":[{"count":0,"href":"https:\/\/b2c.fairs.vn\/en\/wp-json\/wp\/v2\/product\/9093\/revisions"}],"wp:featuredmedia":[{"embeddable":true,"href":"https:\/\/b2c.fairs.vn\/en\/wp-json\/wp\/v2\/media\/9095"}],"wp:attachment":[{"href":"https:\/\/b2c.fairs.vn\/en\/wp-json\/wp\/v2\/media?parent=9093"}],"wp:term":[{"taxonomy":"product_cat","embeddable":true,"href":"https:\/\/b2c.fairs.vn\/en\/wp-json\/wp\/v2\/product_cat?post=9093"},{"taxonomy":"product_tag","embeddable":true,"href":"https:\/\/b2c.fairs.vn\/en\/wp-json\/wp\/v2\/product_tag?post=9093"}],"curies":[{"name":"wp","href":"https:\/\/api.w.org\/{rel}","templated":true}]}}