{"id":9058,"date":"2024-03-26T11:13:05","date_gmt":"2024-03-26T04:13:05","guid":{"rendered":"https:\/\/b2c.fairs.vn\/?post_type=product&#038;p=9058"},"modified":"2024-03-26T11:13:05","modified_gmt":"2024-03-26T04:13:05","slug":"dau-goi-duong-sinh-detox-shampoo-100ml","status":"publish","type":"product","link":"https:\/\/b2c.fairs.vn\/en\/product\/dau-goi-duong-sinh-detox-shampoo-100ml\/","title":{"rendered":"D\u1ea7u g\u1ed9i d\u01b0\u1ee1ng sinh &#8211; Detox Shampoo &#8211; 100ml"},"content":{"rendered":"<p>D\u1ea7u g\u1ed9i d\u01b0\u1ee1ng sinh Cobot\u00e9 mang s\u1ee9 m\u1ec7nh nu\u00f4i d\u01b0\u1ee1ng m\u00e1i t\u00f3c kh\u1ecfe m\u1ea1nh t\u1eeb g\u1ed1c \u0111\u1ebfn ng\u1ecdn. L\u1ea5y c\u1ea3m h\u1ee9ng t\u1eeb m\u00e1i t\u00f3c \u0111en \u00f3ng \u1ea3 c\u1ee7a ng\u01b0\u1eddi ph\u1ee5 n\u1eef B\u1ebfn Tre, D\u1ea7u g\u1ed9i d\u01b0\u1ee1ng sinh Cobot\u00e9 l\u00e0 k\u1ebft tinh c\u1ee7a thi\u00ean nhi\u00ean v\u1edbi d\u1ea7u d\u1eeba, b\u1ed3 k\u1ebft, h\u01b0\u01a1ng nhu, nh\u1eefng \u201cth\u1ea7n d\u01b0\u1ee3c\u201d ch\u0103m s\u00f3c t\u00f3c t\u1eeb l\u00e2u \u0111\u1eddi. S\u1ea3n ph\u1ea9m c\u00f3 kh\u1ea3 n\u0103ng l\u00e0m s\u1ea1ch nh\u1eb9 nh\u00e0ng v\u00e0 cung c\u1ea5p cho t\u00f3c nh\u1eefng d\u01b0\u1ee1ng ch\u1ea5t c\u1ea7n thi\u1ebft \u0111\u1ec3 tr\u1edf n\u00ean b\u00f3ng kho\u1ebb su\u00f4n m\u01b0\u1ee3t m\u00e0 kh\u00f4ng d\u00f9ng b\u1ea5t k\u1ef3 ho\u00e1 ch\u1ea5t t\u1ea1o c\u1ea3m gi\u00e1c n\u00e0o.<\/p>\n<p><strong>\u00a0T\u1ea1i sao b\u1ea1n n\u00ean ch\u1ecdn D\u1ea7u g\u1ed9i d\u01b0\u1ee1ng sinh &#8211; Detox Shampoo?<\/strong><\/p>\n<p>1. S\u1ea3n ph\u1ea9m c\u1ef1c k\u1ef3 l\u00e0nh t\u00ednh v\u1edbi ngu\u1ed3n g\u1ed1c t\u1ef1 nhi\u00ean: Chi\u1ebft xu\u1ea5t t\u1eeb d\u1ea7u d\u1eeba v\u00e0 nh\u1eefng th\u1ea3o m\u1ed9c b\u1ea3n \u0111\u1ecba c\u1ee7a Vi\u1ec7t Nam;<\/p>\n<p>2. S\u1ea3n ph\u1ea9m c\u00f3 kh\u1ea3 n\u0103ng l\u00e0m s\u1ea1ch v\u00f4 c\u00f9ng hi\u1ec7u qu\u1ea3, gi\u00fap da \u0111\u1ea7u th\u00f4ng tho\u00e1ng, h\u1ea5p th\u1ee5 \u0111\u01b0\u1ee3c b\u00e3 nh\u1eddn v\u00e0 d\u1ea7u th\u1eeba;<\/p>\n<p>3. D\u01b0\u1ee1ng ch\u1ea5t t\u1eeb d\u1ea7u d\u1eeba, b\u1ed3 k\u1ebft v\u00e0 h\u01b0\u01a1ng nhu, nh\u1eefng \u201cth\u1ea7n d\u01b0\u1ee3c\u201d l\u00e0m \u0111\u1eb9p truy\u1ec1n th\u1ed1ng c\u1ee7a ng\u01b0\u1eddi Vi\u1ec7t Nam, cho b\u1ea1n m\u1ed9t m\u00e1i t\u00f3c m\u01b0\u1ee3t m\u00e0 b\u00f3ng kho\u1ebb;<\/p>\n<p>4. M\u00f9i th\u01a1m d\u1ec5 ch\u1ecbu v\u1edbi h\u1ec7 tinh d\u1ea7u th\u1ef1c v\u1eadt t\u1ef1 nhi\u00ean, l\u00e0m t\u0103ng c\u1ea3m gi\u00e1c th\u01b0 gi\u00e3n khi s\u1eed d\u1ee5ng,<\/p>\n<p>5. S\u1ea3n ph\u1ea9m kh\u00f4ng ch\u1ee9a Sulfate, Silicon v\u00e0 Paraben hay b\u1ea5t k\u1ef3 th\u00e0nh ph\u1ea7n g\u00e2y tranh c\u00e3i n\u00e0o.<\/p>\n<p><strong>Th\u00e0nh ph\u1ea7n D\u1ea7u g\u1ed9i d\u01b0\u1ee1ng sinh &#8211; Detox Shampoo:<\/strong><\/p>\n<p>&#8211; D\u1ea7u d\u1eeba: L\u00e0m s\u1ea1ch nh\u1eb9 nh\u00e0ng, c\u1ee7ng c\u1ed1 l\u1edbp m\u00e0ng lipid b\u1ea3o v\u1ec7 b\u00ean ngo\u00e0i s\u1ee3i t\u00f3c, gi\u1eef c\u00e2n b\u1eb1ng \u0111\u1ed9 \u1ea9m cho t\u00f3c sau khi l\u00e0m s\u1ea1ch, gi\u00fap t\u00f3c m\u1ec1m m\u01b0\u1ee3t, ng\u0103n t\u00f3c ch\u1ebb ng\u1ecdn, x\u01a1 r\u1ed1i, h\u01b0 t\u1ed5n, v\u00e0 ng\u0103n ng\u1eeba g\u00e0u hi\u1ec7u qu\u1ea3.<\/p>\n<p>&#8211; B\u1ed3 k\u1ebft: Kh\u00e1ng vi khu\u1ea9n v\u00e0 gi\u00fap l\u00e0m s\u1ea1ch da \u0111\u1ea7u v\u00e0 ng\u0103n ng\u1eeba c\u00e1c v\u1ea5n \u0111\u1ec1 nh\u01b0 ng\u1ee9a v\u00e0 g\u00e0u.<\/p>\n<p>&#8211; H\u01b0\u01a1ng nhu: Gi\u00fap nang t\u00f3c kho\u1ebb m\u1ea1nh v\u00e0 k\u00edch th\u00edch l\u01b0u th\u00f4ng m\u00e1u d\u01b0\u1edbi da \u0111\u1ea7u \u0111\u1ec3 t\u00f3c m\u1ecdc d\u00e0y v\u00e0 d\u00e0i h\u01a1n, ng\u0103n ng\u1eeba g\u00e0u, n\u1ea5m, c\u1ea3i thi\u1ec7n t\u00ecnh tr\u1ea1ng t\u00f3c b\u1ea1c s\u1edbm, mang l\u1ea1i m\u00e1i t\u00f3c kho\u1ebb b\u00f3ng m\u01b0\u1ee3t.<\/p>\n<p><strong>H\u01b0\u1edbng d\u1eabn s\u1eed d\u1ee5ng D\u1ea7u g\u1ed9i d\u01b0\u1ee1ng sinh &#8211; Detox Shampoo:<\/strong><\/p>\n<p>&#8211; B\u01b0\u1edbc 1: L\u00e0m \u01b0\u1edbt t\u00f3c v\u1edbi n\u01b0\u1edbc<\/p>\n<p>&#8211; B\u01b0\u1edbc 2: L\u1ea5y m\u1ed9t l\u01b0\u1ee3ng s\u1ea3n ph\u1ea9m v\u1eeba \u0111\u1ee7 v\u00e0o tay v\u00e0 t\u1ea1o b\u1ecdt tr\u00ean tay<\/p>\n<p>&#8211; B\u01b0\u1edbc 3: Thoa \u0111\u1ec1u v\u00e0 massage nh\u1eb9 nh\u00e0ng tr\u00ean t\u00f3c v\u00e0 da \u0111\u1ea7u<\/p>\n<p>&#8211; B\u01b0\u1edbc 4: X\u1ea3 l\u1ea1i b\u1eb1ng n\u01b0\u1edbc s\u1ea1ch<\/p>\n<p>N\u00ean s\u1eed d\u1ee5ng k\u1ebft h\u1ee3p v\u1edbi d\u1ea7u \u1ee7 t\u00f3c D\u01b0\u1ee1ng sinh v\u00e0 mu\u1ed1i t\u1ea9y t\u1ebf b\u00e0o ch\u1ebft da \u0111\u1ea7u Cobot\u00e9 \u0111\u1ec3 cho hi\u1ec7u qu\u1ea3 t\u1ed1t nh\u1ea5t.<\/p>\n<p>H\u00e3y \u0111\u1ec3 D\u1ea7u g\u1ed9i d\u01b0\u1ee1ng sinh Cobot\u00e9 gi\u00fap b\u1ea1n ch\u0103m s\u00f3c cho m\u00e1i t\u00f3c c\u1ee7a m\u00ecnh, gi\u00fap t\u00f3c c\u1ee7a b\u1ea1n tr\u1edf n\u00ean m\u1ec1m m\u01b0\u1ee3t, b\u00f3ng kh\u1ecfe m\u00e0 kh\u00f4ng s\u1eed d\u1ee5ng ho\u00e1 ch\u1ea5t. D\u1ea7u g\u1ed9i d\u01b0\u1ee1ng sinh Cobot\u00e9 l\u00e0 s\u1ef1 l\u1ef1a ch\u1ecdn t\u1ed1t nh\u1ea5t cho vi\u1ec7c ch\u0103m s\u00f3c m\u00e1i t\u00f3c c\u1ee7a b\u1ea1n.<\/p>","protected":false},"excerpt":{"rendered":"<p>D\u1ea7u g\u1ed9i d\u01b0\u1ee1ng sinh Cobot\u00e9 mang s\u1ee9 m\u1ec7nh nu\u00f4i d\u01b0\u1ee1ng m\u00e1i t\u00f3c kh\u1ecfe m\u1ea1nh t\u1eeb g\u1ed1c \u0111\u1ebfn ng\u1ecdn. L\u1ea5y c\u1ea3m<\/p>","protected":false},"featured_media":9069,"comment_status":"open","ping_status":"closed","template":"","meta":{"_acf_changed":false},"product_cat":[332,334],"product_tag":[],"class_list":{"0":"post-9058","1":"product","2":"type-product","3":"status-publish","4":"has-post-thumbnail","6":"product_cat-san-pham-duoc-lieu-va-san-pham-tu-duoc-lieu","7":"product_cat-my-pham-co-thanh-phan-tu-thao-duoc","9":"first","10":"instock","11":"shipping-taxable","12":"purchasable","13":"product-type-simple"},"acf":[],"_links":{"self":[{"href":"https:\/\/b2c.fairs.vn\/en\/wp-json\/wp\/v2\/product\/9058","targetHints":{"allow":["GET"]}}],"collection":[{"href":"https:\/\/b2c.fairs.vn\/en\/wp-json\/wp\/v2\/product"}],"about":[{"href":"https:\/\/b2c.fairs.vn\/en\/wp-json\/wp\/v2\/types\/product"}],"replies":[{"embeddable":true,"href":"https:\/\/b2c.fairs.vn\/en\/wp-json\/wp\/v2\/comments?post=9058"}],"version-history":[{"count":0,"href":"https:\/\/b2c.fairs.vn\/en\/wp-json\/wp\/v2\/product\/9058\/revisions"}],"wp:featuredmedia":[{"embeddable":true,"href":"https:\/\/b2c.fairs.vn\/en\/wp-json\/wp\/v2\/media\/9069"}],"wp:attachment":[{"href":"https:\/\/b2c.fairs.vn\/en\/wp-json\/wp\/v2\/media?parent=9058"}],"wp:term":[{"taxonomy":"product_cat","embeddable":true,"href":"https:\/\/b2c.fairs.vn\/en\/wp-json\/wp\/v2\/product_cat?post=9058"},{"taxonomy":"product_tag","embeddable":true,"href":"https:\/\/b2c.fairs.vn\/en\/wp-json\/wp\/v2\/product_tag?post=9058"}],"curies":[{"name":"wp","href":"https:\/\/api.w.org\/{rel}","templated":true}]}}