{"id":9030,"date":"2024-03-26T10:56:22","date_gmt":"2024-03-26T03:56:22","guid":{"rendered":"https:\/\/b2c.fairs.vn\/?post_type=product&#038;p=9030"},"modified":"2024-03-26T10:56:23","modified_gmt":"2024-03-26T03:56:23","slug":"dau-u-duong-sinh-truoc-goi-hair-scalp-detox-oil-60ml","status":"publish","type":"product","link":"https:\/\/b2c.fairs.vn\/en\/product\/dau-u-duong-sinh-truoc-goi-hair-scalp-detox-oil-60ml\/","title":{"rendered":"D\u1ea7u \u1ee7 d\u01b0\u1ee1ng sinh tr\u01b0\u1edbc g\u1ed9i &#8211; Hair &#038; Scalp Detox Oil &#8211; 60ml"},"content":{"rendered":"<p>&nbsp;<\/p>\n<div class=\"tab-float\">\n<div id=\"tab-1\" class=\"tab-content content_extab current\">\n<div class=\"rte\">\n<div class=\"table-wrapper\"><strong>D\u1ea7u \u1ee7 d\u01b0\u1ee1ng sinh tr\u01b0\u1edbc g\u1ed9i Cobot\u00e9 c\u00f3 3 t\u00e1c d\u1ee5ng ch\u00ednh:<\/strong><\/div>\n<p>1. L\u00e0m s\u1ea1ch s\u00e2u, lo\u1ea1i b\u1ecf \u0111\u01b0\u1ee3c c\u1ea3 c\u1eb7n h\u00f3a ch\u1ea5t m\u00e0 d\u1ea7u g\u1ed9i th\u00f4ng th\u01b0\u1eddng kh\u00f4ng th\u1ec3 cu\u1ed1n tr\u00f4i;<\/p>\n<p>2. B\u1ea3o v\u1ec7 t\u00f3c kh\u1ecfi h\u01b0 t\u1ed5n t\u1eeb c\u00e1c t\u00e1c nh\u00e2n \u00f4 nhi\u1ec5m v\u00e0 t\u00e1c \u0111\u1ed9ng nhi\u1ec7t khi t\u1ea1o ki\u1ec3u; v\u00e0<\/p>\n<p>3. D\u01b0\u1ee1ng t\u00f3c kho\u1ebb m\u1ea1nh t\u1eeb b\u00ean trong, t\u1eeb \u0111\u00f3 \u0111\u1eb9p, b\u00f3ng, m\u01b0\u1ee3t b\u00ean ngo\u00e0i m\u00e0 kh\u00f4ng c\u1ea7n h\u00f3a ch\u1ea5t.<\/p>\n<p>V\u1edbi nguy\u00ean li\u1ec7u t\u1eeb thi\u00ean nhi\u00ean &#8211; d\u1ea7u d\u1eeba, d\u1ea7u b\u01a1, v\u00e0 d\u1ea7u th\u1ea7u d\u1ea7u, t\u00e1c d\u1ee5ng l\u00e0m s\u1ea1ch v\u00e0 nu\u00f4i d\u01b0\u1ee1ng c\u1ee7a c\u1ea3 3 th\u00e0nh ph\u1ea7n c\u1ed9ng h\u01b0\u1edfng c\u00f9ng nhau, t\u1ea1o n\u00ean m\u1ed9t s\u1ea3n ph\u1ea9m l\u00e0nh t\u00ednh nh\u01b0ng v\u00f4 c\u00f9ng hi\u1ec7u qu\u1ea3.<\/p>\n<p><strong>T\u1ea1i sao b\u1ea1n n\u00ean ch\u1ecdn D\u1ea7u \u1ee7 d\u01b0\u1ee1ng sinh tr\u01b0\u1edbc g\u1ed9i &#8211; Hair &amp; Scalp Detox Oil<\/strong><\/p>\n<p>&#8211; S\u1ea3n ph\u1ea9m c\u1ef1c k\u1ef3 l\u00e0nh t\u00ednh v\u1edbi ngu\u1ed3n g\u1ed1c t\u1ef1 nhi\u00ean: Chi\u1ebft xu\u1ea5t t\u1eeb d\u1ea7u d\u1eeba v\u00e0 nh\u1eefng nguy\u00ean li\u1ec7u t\u1ef1 nhi\u00ean b\u1ea3n \u0111\u1ecba c\u1ee7a Vi\u1ec7t Nam nh\u01b0 d\u1ea7u b\u01a1 v\u00e0 d\u1ea7u th\u1ea7u d\u1ea7u;<\/p>\n<p>&#8211; S\u1ea3n ph\u1ea9m c\u00f3 kh\u1ea3 n\u0103ng l\u00e0m s\u1ea1ch s\u00e2u, lo\u1ea1i b\u1ecf \u0111\u01b0\u1ee3c c\u00e1c l\u1edbp t\u00edch t\u1ee5 g\u00e2y t\u1ed3n h\u1ea1i cho da \u0111\u1ea7u v\u00e0 t\u00f3c nh\u01b0 b\u00e3 nh\u1eddn, b\u1ee5i b\u1ea9n, \u0111\u1eb7c bi\u1ec7t l\u00e0 c\u1eb7n h\u00f3a ch\u1ea5t t\u00edch t\u1ee5 t\u1eeb r\u1ea5t nhi\u1ec1u s\u1ea3n ph\u1ea9m g\u1ed9i x\u1ea3 v\u00e0 d\u01b0\u1ee1ng t\u00f3c ph\u1ed5 bi\u1ebfn m\u00e0 d\u1ea7u g\u1ed9i kh\u00f4ng th\u1ec3 cu\u1ed1n tr\u00f4i;<\/p>\n<p>&#8211; S\u1ea3n ph\u1ea9m gi\u00fap b\u1ea3o v\u1ec7 kh\u1ecfi h\u01b0 t\u1ed5n v\u00e0 d\u01b0\u1ee1ng t\u00f3c t\u1eeb b\u00ean trong: H\u1ec7 d\u1ea7u thi\u00ean nhi\u00ean t\u1ea1o th\u00e0nh h\u00e0ng r\u00e0o c\u01a1 h\u1ecdc ng\u0103n ch\u1eb7n c\u00e1c t\u00e1c nh\u00e2n \u00f4 nhi\u1ec5m v\u00e0 t\u00e1c \u0111\u1ed9ng nhi\u1ec7t l\u00ean t\u00f3c, \u0111\u1ed3ng th\u1eddi c\u1ee7ng c\u1ed1 l\u1edbp bi\u1ec3u b\u00ec v\u00e0 cung c\u1ea5p d\u01b0\u1ee1ng ch\u1ea5t cho c\u00e1c b\u00f3 s\u1ee3i \u1edf l\u1edbp gi\u1eefa cho t\u00f3c kho\u1ebb \u0111\u1eb9p t\u1eeb trong ra ngo\u00e0i;<\/p>\n<p>&#8211; M\u00f9i th\u01a1m d\u1ec5 ch\u1ecbu v\u1edbi h\u1ec7 tinh d\u1ea7u th\u1ef1c v\u1eadt t\u1ef1 nhi\u00ean, l\u00e0m t\u0103ng c\u1ea3m gi\u00e1c th\u01b0 gi\u00e3n khi s\u1eed d\u1ee5ng;<\/p>\n<p>&#8211; S\u1ea3n ph\u1ea9m kh\u00f4ng ch\u1ee9a Sulfate, Silicon v\u00e0 Paraben hay b\u1ea5t k\u1ef3 th\u00e0nh ph\u1ea7n g\u00e2y tranh c\u00e3i n\u00e0o.<\/p>\n<p><strong>Th\u00e0nh ph\u1ea7n D\u1ea7u \u1ee7 d\u01b0\u1ee1ng sinh tr\u01b0\u1edbc g\u1ed9i &#8211; Hair &amp; Scalp Detox Oil<\/strong><\/p>\n<p>&#8211; D\u1ea7u d\u1eeba, d\u1ea7u b\u01a1 &amp; d\u1ea7u th\u1ea7u d\u1ea7u: Gi\u00fap lo\u1ea1i b\u1ecf d\u1ea7u nh\u1eddn v\u00e0 g\u00e0u, \u0111\u00e0o th\u1ea3i nh\u1eefng c\u1eb7n ho\u00e1 ch\u1ea5t c\u00f2n \u0111\u1ecdng l\u1ea1i tr\u00ean t\u00f3c b\u1eb1ng c\u01a1 ch\u1ebf d\u1ea7u h\u00f2a tan d\u1ea7u. H\u1ec7 d\u1ea7u c\u1ee7ng c\u1ed1 m\u00e0ng lipid s\u1ee3i t\u00f3c v\u00e0 tr\u00e1m v\u00e0o c\u00e1c kho\u1ea3ng kh\u00f4ng b\u00ean trong s\u1ee3i t\u00f3c, t\u1ea1o h\u00e0ng r\u00e0o c\u01a1 h\u1ecdc ng\u0103n s\u1ef1 x\u00e2m nh\u1eadp c\u1ee7a ch\u1ea5t \u00f4 nhi\u1ec5m v\u00e0 t\u00e1c \u0111\u1ed9ng nhi\u1ec7t. H\u01a1n n\u1eefa, triglyceride trong h\u1ec7 d\u1ea7u n\u00e0y c\u00f3 \u00e1i l\u1ef1c cao v\u1edbi Keratin l\u00e0 l\u1edbp bi\u1ec3u b\u00ec ngo\u00e0i c\u00f9ng c\u1ee7a s\u1ee3i t\u00f3c, l\u00e0m t\u00f3c m\u01b0\u1ee3t, b\u00f3ng, v\u00e0 v\u00e0o n\u1ebfp;<\/p>\n<p>&#8211; Tinh d\u1ea7u b\u1ea1c h\u00e0 \u00c2u c\u00f9ng h\u01b0\u01a1ng th\u1ea3o: T\u1ea1o m\u00f9i th\u01a1m c\u1ef1c k\u1ef3 d\u1ec5 ch\u1ecbu v\u00e0 th\u01b0 gi\u00e3n, bi\u1ebfn tr\u1ea3i nghi\u1ec7m d\u01b0\u1ee1ng t\u00f3c c\u1ee7a b\u1ea1n \u201dzen\u201d nh\u01b0 t\u1ea1i spa.<\/p>\n<p><strong>H\u01b0\u1edbng d\u1eabn s\u1eed d\u1ee5ng D\u1ea7u \u1ee7 d\u01b0\u1ee1ng sinh tr\u01b0\u1edbc g\u1ed9i &#8211; Hair &amp; Scalp Detox Oil<\/strong><\/p>\n<p>&#8211; B\u01b0\u1edbc 1: L\u1ea5y m\u1ed9t l\u01b0\u1ee3ng d\u1ea7u v\u1eeba \u0111\u1ee7 v\u00e0o tay<\/p>\n<p>&#8211; B\u01b0\u1edbc 2: Massage nh\u1eb9 nh\u00e0ng l\u00ean t\u00f3c v\u00e0 da \u0111\u1ea7u<\/p>\n<p>&#8211; B\u01b0\u1edbc 3: \u1ee6 trong 15 ph\u00fat \u0111\u1ebfn 20 ph\u00fat \u1edf nhi\u1ec7t \u0111\u1ed9 th\u01b0\u1eddng<\/p>\n<p>&#8211; B\u01b0\u1edbc 4: G\u1ed9i s\u1ea1ch l\u1ea1i b\u1eb1ng d\u1ea7u g\u1ed9i. Khi t\u00f3c kh\u00f4 c\u00f3 th\u1ec3 d\u00f9ng 1-2 gi\u1ecdt d\u1ea7u vu\u1ed1t \u0111\u1ec1u l\u00ean ng\u1ecdn t\u00f3c.<\/p>\n<p>S\u1eed d\u1ee5ng 1-2 l\u1ea7n h\u00e0ng tu\u1ea7n. N\u00ean s\u1eed d\u1ee5ng k\u1ebft h\u1ee3p v\u1edbi d\u1ea7u g\u1ed9i d\u01b0\u1ee1ng sinh v\u00e0 mu\u1ed1i t\u1ea9y t\u1ebf b\u00e0o ch\u1ebft da \u0111\u1ea7u Cobot\u00e9 \u0111\u1ec3 cho hi\u1ec7u qu\u1ea3 t\u1ed1t nh\u1ea5t.<\/p>\n<p>H\u00e3y \u0111\u1ec3 D\u1ea7u \u1ee7 d\u01b0\u1ee1ng sinh tr\u01b0\u1edbc g\u1ed9i Cobot\u00e9 gi\u00fap b\u1ea1n ch\u0103m s\u00f3c cho m\u00e1i t\u00f3c c\u1ee7a m\u00ecnh, gi\u00fap t\u00f3c c\u1ee7a b\u1ea1n tr\u1edf n\u00ean m\u1ec1m m\u01b0\u1ee3t, b\u00f3ng kh\u1ecfe m\u00e0 kh\u00f4ng s\u1eed d\u1ee5ng ho\u00e1 ch\u1ea5t. D\u1ea7u \u1ee7 d\u01b0\u1ee1ng sinh tr\u01b0\u1edbc g\u1ed9i Cobot\u00e9 l\u00e0 s\u1ef1 l\u1ef1a ch\u1ecdn t\u1ed1t nh\u1ea5t cho vi\u1ec7c ch\u0103m s\u00f3c m\u00e1i t\u00f3c c\u1ee7a b\u1ea1n.<\/p>\n<\/div>\n<\/div>\n<\/div>","protected":false},"excerpt":{"rendered":"<p>&nbsp; D\u1ea7u \u1ee7 d\u01b0\u1ee1ng sinh tr\u01b0\u1edbc g\u1ed9i Cobot\u00e9 c\u00f3 3 t\u00e1c d\u1ee5ng ch\u00ednh: 1. L\u00e0m s\u1ea1ch s\u00e2u, lo\u1ea1i b\u1ecf \u0111\u01b0\u1ee3c<\/p>","protected":false},"featured_media":9032,"comment_status":"open","ping_status":"closed","template":"","meta":{"_acf_changed":false},"product_cat":[332,334],"product_tag":[],"class_list":{"0":"post-9030","1":"product","2":"type-product","3":"status-publish","4":"has-post-thumbnail","6":"product_cat-san-pham-duoc-lieu-va-san-pham-tu-duoc-lieu","7":"product_cat-my-pham-co-thanh-phan-tu-thao-duoc","9":"first","10":"instock","11":"shipping-taxable","12":"product-type-simple"},"acf":[],"_links":{"self":[{"href":"https:\/\/b2c.fairs.vn\/en\/wp-json\/wp\/v2\/product\/9030","targetHints":{"allow":["GET"]}}],"collection":[{"href":"https:\/\/b2c.fairs.vn\/en\/wp-json\/wp\/v2\/product"}],"about":[{"href":"https:\/\/b2c.fairs.vn\/en\/wp-json\/wp\/v2\/types\/product"}],"replies":[{"embeddable":true,"href":"https:\/\/b2c.fairs.vn\/en\/wp-json\/wp\/v2\/comments?post=9030"}],"version-history":[{"count":0,"href":"https:\/\/b2c.fairs.vn\/en\/wp-json\/wp\/v2\/product\/9030\/revisions"}],"wp:featuredmedia":[{"embeddable":true,"href":"https:\/\/b2c.fairs.vn\/en\/wp-json\/wp\/v2\/media\/9032"}],"wp:attachment":[{"href":"https:\/\/b2c.fairs.vn\/en\/wp-json\/wp\/v2\/media?parent=9030"}],"wp:term":[{"taxonomy":"product_cat","embeddable":true,"href":"https:\/\/b2c.fairs.vn\/en\/wp-json\/wp\/v2\/product_cat?post=9030"},{"taxonomy":"product_tag","embeddable":true,"href":"https:\/\/b2c.fairs.vn\/en\/wp-json\/wp\/v2\/product_tag?post=9030"}],"curies":[{"name":"wp","href":"https:\/\/api.w.org\/{rel}","templated":true}]}}