{"id":9003,"date":"2024-03-26T10:49:49","date_gmt":"2024-03-26T03:49:49","guid":{"rendered":"https:\/\/b2c.fairs.vn\/?post_type=product&#038;p=9003"},"modified":"2024-03-26T10:49:50","modified_gmt":"2024-03-26T03:49:50","slug":"tay-te-bao-chet-da-dau-hair-scalp-detox-scrub-75g","status":"publish","type":"product","link":"https:\/\/b2c.fairs.vn\/en\/product\/tay-te-bao-chet-da-dau-hair-scalp-detox-scrub-75g\/","title":{"rendered":"T\u1ea9y t\u1ebf b\u00e0o ch\u1ebft da \u0111\u1ea7u &#8211; Hair &#038; Scalp Detox Scrub &#8211; 75g"},"content":{"rendered":"<p>Khai th\u00e1c s\u1ee9c m\u1ea1nh c\u1ee7a D\u1ea7u d\u1eeba Vi\u1ec7t Nam truy\u1ec1n th\u1ed1ng k\u1ebft h\u1ee3p v\u1edbi l\u00e1 neem v\u00e0 than ho\u1ea1t t\u00ednh &#8211; Mu\u1ed1i t\u1ea9y t\u1ebf b\u00e0o ch\u1ebft da \u0111\u1ea7u Cobot\u00e9 gi\u00fap b\u1ea1n nh\u1eb9 nh\u00e0ng lo\u1ea1i b\u1ecf c\u00e1c t\u1ebf b\u00e0o da th\u1eeba v\u00e0 g\u00e0u tr\u00ean t\u00f3c, l\u00e0m da \u0111\u1ea7u th\u00f4ng tho\u00e1ng \u0111\u1ec3 t\u1ea1o \u0111i\u1ec1u ki\u1ec7n cho t\u00f3c m\u1ecdc d\u1ec5 d\u00e0ng<\/p>\n<p><strong>\ud83c\udf34 T\u1ea1i sao b\u1ea1n n\u00ean ch\u1ecdn T\u1ea9y t\u1ebf b\u00e0o ch\u1ebft da \u0111\u1ea7u &#8211; Hair &amp; Scalp Detox Scrub?<\/strong><\/p>\n<p>&#8211; S\u1ea3n ph\u1ea9m c\u1ef1c k\u1ef3 l\u00e0nh t\u00ednh v\u1edbi ngu\u1ed3n g\u1ed1c t\u1ef1 nhi\u00ean: Chi\u1ebft xu\u1ea5t t\u1eeb d\u1ea7u d\u1eeba k\u1ebft h\u1ee3p v\u1edbi b\u1ed9 \u0111\u00f4i l\u00e1 neem v\u00e0 than ho\u1ea1t t\u00ednh;<\/p>\n<p>&#8211; T\u1ea5t c\u1ea3 c\u00e1c th\u00e0nh ph\u1ea7n tr\u00ean \u0111\u1ec1u c\u00f3 ch\u1ee9c n\u0103ng l\u00e0m s\u1ea1ch, kh\u00e1ng khu\u1ea9n, nay \u0111\u01b0\u1ee3c k\u1ebft h\u1ee3p c\u00f9ng nhau gi\u00fap t\u00e1c \u0111\u1ed9ng nh\u00e2n ba, gi\u00fap b\u1ea1n detox da \u0111\u1ea7u nh\u1eb9 nh\u00e0ng nh\u01b0ng c\u1ef1c k\u1ef3 hi\u1ec7u qu\u1ea3;<\/p>\n<p>&#8211; Ngo\u00e0i kh\u1ea3 n\u0103ng t\u1ea9y t\u1ebf b\u00e0o ch\u1ebft da \u0111\u1ea7u, Mu\u1ed1i t\u1ea9y TBC c\u1ee7a Cobot\u00e9 c\u00f2n gi\u00fap c\u1ea3i thi\u1ec7n t\u00ecnh tr\u1ea1ng g\u00e0u, n\u1ea5m hay vi\u00eam ng\u1ee9a ch\u1ec9 sau 1 l\u1ea7n s\u1eed d\u1ee5ng;<\/p>\n<p>&#8211; M\u00f9i th\u01a1m d\u1ec5 ch\u1ecbu l\u00e0m t\u0103ng c\u1ea3m gi\u00e1c th\u01b0 gi\u00e3n khi s\u1eed d\u1ee5ng, cho b\u1ea1n c\u1ea3m gi\u00e1c nh\u01b0 \u0111ang \u0111\u01b0\u1ee3c ch\u0103m s\u00f3c t\u1ea1i spa;<\/p>\n<p>&#8211; S\u1ea3n ph\u1ea9m kh\u00f4ng ch\u1ee9a Sulfate, Silicon, Paraben, v\u00e0 b\u1ea5t k\u1ef3 th\u00e0nh ph\u1ea7n g\u00e2y tranh c\u00e3i n\u00e0o.<\/p>\n<p><strong>Th\u00e0nh ph\u1ea7n T\u1ea9y t\u1ebf b\u00e0o ch\u1ebft da \u0111\u1ea7u &#8211; Hair &amp; Scalp Detox Scrub:<\/strong>\u00a0D\u1ea7u d\u1eeba, l\u00e1 neem v\u00e0 than ho\u1ea1t t\u00ednh \u0111\u1ec1u c\u00f3 t\u00e1c d\u1ee5ng l\u00e0m s\u1ea1ch v\u00e0 kh\u00e1ng khu\u1ea9n gi\u00fap gi\u1ea3i quy\u1ebft c\u00e1c v\u1ea5n \u0111\u1ec1 v\u1ec1 g\u00e0u, n\u1ea5m, ng\u1ee9a\u2026 C\u1ea3 3 th\u00e0nh ph\u1ea7n k\u1ebft h\u1ee3p c\u00f9ng nhau t\u1ea1o n\u00ean hi\u1ec7u \u1ee9ng c\u1ed9ng h\u01b0\u1edfng l\u00e0m t\u0103ng cao hi\u1ec7u qu\u1ea3 s\u1ea3n ph\u1ea9m. Ngo\u00e0i ra, m\u1ed7i th\u00e0nh ph\u1ea7n l\u1ea1i mang nh\u1eefng th\u1ebf m\u1ea1nh \u0111\u1eb7c bi\u1ec7t:<\/p>\n<p>&#8211; D\u1ea7u d\u1eeba: Gi\u1eef c\u00e2n b\u1eb1ng \u0111\u1ed9 \u1ea9m cho da \u0111\u1ea7u sau khi l\u00e0m s\u1ea1ch<\/p>\n<p>&#8211; L\u00e1 neem: Kh\u00f4ng ch\u1ec9 gi\u1ea3i \u0111\u01b0\u1ee3c quy\u1ebft \u0111\u01b0\u1ee3c g\u00e0u n\u1ea5m m\u00e0 c\u00f2n c\u00f3 kh\u1ea3 n\u0103ng ti\u00eau di\u1ec7t v\u00e0 ng\u0103n ng\u1eeba c\u00e1c lo\u1ea1i c\u00f4n tr\u00f9ng tr\u00ean t\u00f3c<\/p>\n<p>&#8211; Than ho\u1ea1t t\u00ednh: H\u1ea5p th\u1ee5 b\u00e3 nh\u1eddn, d\u1ea7u th\u1eeba tr\u00ean t\u00f3c, v\u00e0 lo\u1ea1i b\u1ecf \u0111\u01b0\u1ee3c nhi\u1ec1u lo\u1ea1i \u0111\u1ed9c t\u1ed1 t\u00edch t\u1ee5 tr\u00ean da \u0111\u1ea7u<\/p>\n<p><strong>H\u01b0\u1edbng d\u1eabn s\u1eed d\u1ee5ng T\u1ea9y t\u1ebf b\u00e0o ch\u1ebft da \u0111\u1ea7u &#8211; Hair &amp; Scalp Detox Scrub<\/strong><\/p>\n<p>&#8211; B\u01b0\u1edbc 1: L\u00e0m \u01b0\u1edbt t\u00f3c b\u1eb1ng n\u01b0\u1edbc<\/p>\n<p>&#8211; B\u01b0\u1edbc 2: L\u1ea5y m\u1ed9t l\u01b0\u1ee3ng s\u1ea3n ph\u1ea9m v\u1eeba \u0111\u1ee7 v\u00e0o tay v\u00e0 tr\u1ea3i \u0111\u1ec1u l\u00ean c\u00e1c \u0111\u1ea7u ng\u00f3n tay<\/p>\n<p>&#8211; B\u01b0\u1edbc 3: D\u00f9ng \u0111\u1ea7u ng\u00f3n tay thoa \u0111\u1ec1u v\u00e0 massage nh\u1eb9 nh\u00e0ng tr\u00ean t\u00f3c v\u00e0 da \u0111\u1ea7u<\/p>\n<p>&#8211; B\u01b0\u1edbc 4: G\u1ed9i l\u1ea1i b\u1eb1ng n\u01b0\u1edbc s\u1ea1ch<\/p>\n<p>N\u00ean s\u1eed d\u1ee5ng k\u1ebft h\u1ee3p v\u1edbi d\u1ea7u \u1ee7 t\u00f3c D\u01b0\u1ee1ng sinh v\u00e0 d\u1ea7u g\u1ed9i D\u01b0\u1ee1ng sinh Cobot\u00e9 \u0111\u1ec3 \u0111\u1ea1t hi\u1ec7u qu\u1ea3 t\u1ed1t nh\u1ea5t.<\/p>\n<p>H\u00e3y \u0111\u1ec3 T\u1ea9y t\u1ebf b\u00e0o ch\u1ebft da \u0111\u1ea7u Cobot\u00e9 gi\u00fap b\u1ea1n ch\u0103m s\u00f3c cho m\u00e1i t\u00f3c c\u1ee7a m\u00ecnh, gi\u00fap t\u00f3c c\u1ee7a b\u1ea1n tr\u1edf n\u00ean m\u1ec1m m\u01b0\u1ee3t, b\u00f3ng kh\u1ecfe m\u00e0 kh\u00f4ng s\u1eed d\u1ee5ng ho\u00e1 ch\u1ea5t. T\u1ea9y t\u1ebf b\u00e0o ch\u1ebft da \u0111\u1ea7u Cobot\u00e9 l\u00e0 s\u1ef1 l\u1ef1a ch\u1ecdn t\u1ed1t nh\u1ea5t cho vi\u1ec7c ch\u0103m s\u00f3c m\u00e1i t\u00f3c c\u1ee7a b\u1ea1n.<\/p>","protected":false},"excerpt":{"rendered":"<p>Khai th\u00e1c s\u1ee9c m\u1ea1nh c\u1ee7a D\u1ea7u d\u1eeba Vi\u1ec7t Nam truy\u1ec1n th\u1ed1ng k\u1ebft h\u1ee3p v\u1edbi l\u00e1 neem v\u00e0 than ho\u1ea1t t\u00ednh<\/p>","protected":false},"featured_media":9004,"comment_status":"open","ping_status":"closed","template":"","meta":{"_acf_changed":false},"product_cat":[332,334],"product_tag":[],"class_list":{"0":"post-9003","1":"product","2":"type-product","3":"status-publish","4":"has-post-thumbnail","6":"product_cat-san-pham-duoc-lieu-va-san-pham-tu-duoc-lieu","7":"product_cat-my-pham-co-thanh-phan-tu-thao-duoc","9":"first","10":"instock","11":"shipping-taxable","12":"purchasable","13":"product-type-simple"},"acf":[],"_links":{"self":[{"href":"https:\/\/b2c.fairs.vn\/en\/wp-json\/wp\/v2\/product\/9003","targetHints":{"allow":["GET"]}}],"collection":[{"href":"https:\/\/b2c.fairs.vn\/en\/wp-json\/wp\/v2\/product"}],"about":[{"href":"https:\/\/b2c.fairs.vn\/en\/wp-json\/wp\/v2\/types\/product"}],"replies":[{"embeddable":true,"href":"https:\/\/b2c.fairs.vn\/en\/wp-json\/wp\/v2\/comments?post=9003"}],"version-history":[{"count":0,"href":"https:\/\/b2c.fairs.vn\/en\/wp-json\/wp\/v2\/product\/9003\/revisions"}],"wp:featuredmedia":[{"embeddable":true,"href":"https:\/\/b2c.fairs.vn\/en\/wp-json\/wp\/v2\/media\/9004"}],"wp:attachment":[{"href":"https:\/\/b2c.fairs.vn\/en\/wp-json\/wp\/v2\/media?parent=9003"}],"wp:term":[{"taxonomy":"product_cat","embeddable":true,"href":"https:\/\/b2c.fairs.vn\/en\/wp-json\/wp\/v2\/product_cat?post=9003"},{"taxonomy":"product_tag","embeddable":true,"href":"https:\/\/b2c.fairs.vn\/en\/wp-json\/wp\/v2\/product_tag?post=9003"}],"curies":[{"name":"wp","href":"https:\/\/api.w.org\/{rel}","templated":true}]}}