{"id":8991,"date":"2024-03-26T10:43:43","date_gmt":"2024-03-26T03:43:43","guid":{"rendered":"https:\/\/b2c.fairs.vn\/?post_type=product&#038;p=8991"},"modified":"2024-03-26T10:43:43","modified_gmt":"2024-03-26T03:43:43","slug":"dau-goi-dua-coco-miracle-shampoo-480ml-huong-hoa-quyt-hong","status":"publish","type":"product","link":"https:\/\/b2c.fairs.vn\/en\/product\/dau-goi-dua-coco-miracle-shampoo-480ml-huong-hoa-quyt-hong\/","title":{"rendered":"D\u1ea7u g\u1ed9i d\u1eeba &#8211; Coco Miracle Shampoo 480ml- H\u01b0\u01a1ng hoa qu\u00fdt h\u1ed3ng"},"content":{"rendered":"<p>L\u00e0m s\u1ea1ch b\u1ee5i b\u1ea9n v\u00e0 m\u1ed3 h\u00f4i b\u00e1m tr\u00ean da v\u00e0 t\u00f3c v\u1edbi d\u1ea7u d\u1eeba, cam th\u1ea3o, r\u1ec5 c\u00e2y li\u00ean m\u1ed9c v\u00e0 Vitamin B5. D\u1ea7u g\u1ed9i d\u1eeba Coco Miracle c\u00f9ng hai m\u00f9i h\u01b0\u01a1ng m\u1edbi l\u00e0 hoa qu\u00fdt thanh t\u01b0\u01a1i &amp; b\u1ea1c h\u00e0 m\u00e1t l\u1ea1nh gi\u00fap da \u0111\u1ea7u s\u1ea1ch s\u1ebd, kh\u1ecfe m\u1ea1nh, cho m\u00e1i t\u00f3c b\u00f3ng m\u01b0\u1ee3t t\u1ef1 nhi\u00ean m\u00e0 kh\u00f4ng d\u00f9ng b\u1ea5t k\u1ef3 ho\u00e1 ch\u1ea5t t\u1ea1o c\u1ea3m gi\u00e1c n\u00e0o.<\/p>\n<p><strong>T\u1ea1i sao n\u00ean ch\u1ecdn D\u1ea7u g\u1ed9i d\u1eeba Cobot\u00e9 &#8211; Coco Miracle Shampoo?<\/strong><\/p>\n<p>1. Ho\u00e0n to\u00e0n KH\u00d4NG H\u00d3A CH\u1ea4T: S\u1ea3n ph\u1ea9m c\u1ef1c k\u1ef3 l\u00e0nh t\u00ednh v\u1edbi ngu\u1ed3n g\u1ed1c t\u1ef1 nhi\u00ean, chi\u1ebft xu\u1ea5t t\u1eeb d\u1ea7u d\u1eeba v\u00e0 nh\u1eefng th\u1ea3o m\u1ed9c b\u1ea3n \u0111\u1ecba c\u1ee7a Vi\u1ec7t Nam;<br \/>\n2. S\u1ea3n ph\u1ea9m c\u00f3 kh\u1ea3 n\u0103ng l\u00e0m s\u1ea1ch v\u00f4 c\u00f9ng hi\u1ec7u qu\u1ea3, gi\u00fap da \u0111\u1ea7u th\u00f4ng tho\u00e1ng, cho m\u00e1i t\u00f3c kho\u1ebb m\u1ea1nh v\u00e0 b\u00f3ng m\u01b0\u1ee3t;<br \/>\n3. S\u1ea3n ph\u1ea9m kh\u00f4ng ch\u1ee9a Sulfate, Silicon v\u00e0 Paraben hay b\u1ea5t k\u1ef3 th\u00e0nh ph\u1ea7n g\u00e2y tranh c\u00e3i n\u00e0o.<\/p>\n<p><strong>Th\u00e0nh ph\u1ea7n D\u1ea7u g\u1ed9i d\u1eeba Cobot\u00e9 &#8211; Coco Miracle Shampoo:<\/strong><\/p>\n<p>&#8211; D\u1ea7u d\u1eeba: L\u00e0m s\u1ea1ch nh\u1eb9 nh\u00e0ng, c\u1ee7ng c\u1ed1 l\u1edbp m\u00e0ng lipid b\u1ea3o v\u1ec7 b\u00ean ngo\u00e0i s\u1ee3i t\u00f3c, gi\u1eef c\u00e2n b\u1eb1ng \u0111\u1ed9 \u1ea9m cho t\u00f3c sau khi l\u00e0m s\u1ea1ch, gi\u00fap t\u00f3c m\u1ec1m m\u01b0\u1ee3t v\u00e0 ng\u0103n ng\u1eeba g\u00e0u hi\u1ec7u qu\u1ea3;<br \/>\n&#8211; R\u1ec5 c\u00e2y cam th\u1ea3o: Gi\u00fap \u0111i\u1ec1u h\u00f2a da \u0111\u1ea7u v\u1edbi \u0111\u1eb7c t\u00ednh ch\u1ed1ng vi\u00eam v\u00e0 l\u00e0m d\u1ecbu da;<br \/>\n&#8211; Vitamin B5 k\u1ebft h\u1ee3p v\u1edbi chi\u1ebft xu\u1ea5t r\u1ec5 c\u00e2y li\u00ean m\u1ed9c: D\u01b0\u1ee1ng \u1ea9m t\u1ef1 nhi\u00ean, gi\u00fap da \u0111\u1ea7u kh\u1ecfe m\u1ea1nh v\u00e0 t\u00f3c b\u00f3ng m\u01b0\u1ee3t.<\/p>\n<p><strong>H\u01b0\u1edbng d\u1eabn s\u1eed d\u1ee5ng D\u1ea7u g\u1ed9i d\u1eeba Cobot\u00e9 &#8211; Coco Miracle Shampoo:<\/strong><\/p>\n<p>&#8211; B\u01b0\u1edbc 1: L\u00e0m \u01b0\u1edbt t\u00f3c v\u1edbi n\u01b0\u1edbc;<br \/>\n&#8211; B\u01b0\u1edbc 2: L\u1ea5y m\u1ed9t l\u01b0\u1ee3ng s\u1ea3n ph\u1ea9m v\u1eeba \u0111\u1ee7 v\u00e0o tay v\u00e0 t\u1ea1o b\u1ecdt tr\u00ean tay;<br \/>\n&#8211; B\u01b0\u1edbc 3: Thoa \u0111\u1ec1u v\u00e0 massage nh\u1eb9 nh\u00e0ng tr\u00ean t\u00f3c v\u00e0 da \u0111\u1ea7u;<br \/>\n&#8211; B\u01b0\u1edbc 4: X\u1ea3 l\u1ea1i b\u1eb1ng n\u01b0\u1edbc s\u1ea1ch.<\/p>\n<p>H\u00e3y \u0111\u1ec3 D\u1ea7u g\u1ed9i d\u1eeba Cobot\u00e9 &#8211; Coco Miracle Shampoo: gi\u00fap b\u1ea1n ch\u0103m s\u00f3c cho m\u00e1i t\u00f3c c\u1ee7a m\u00ecnh, gi\u00fap t\u00f3c c\u1ee7a b\u1ea1n tr\u1edf n\u00ean m\u1ec1m m\u01b0\u1ee3t, b\u00f3ng kh\u1ecfe b\u1eb1ng c\u00e1c th\u00e0nh ph\u1ea7n t\u1ef1 nhi\u00ean. D\u1ea7u g\u1ed9i d\u1eeba Cobot\u00e9 l\u00e0 s\u1ef1 l\u1ef1a ch\u1ecdn t\u1ed1t nh\u1ea5t cho vi\u1ec7c ch\u0103m s\u00f3c v\u1ebb \u0111\u1eb9p t\u1ef1 nhi\u00ean cho m\u00e1i t\u00f3c c\u1ee7a b\u1ea1n<\/p>","protected":false},"excerpt":{"rendered":"<p>L\u00e0m s\u1ea1ch b\u1ee5i b\u1ea9n v\u00e0 m\u1ed3 h\u00f4i b\u00e1m tr\u00ean da v\u00e0 t\u00f3c v\u1edbi d\u1ea7u d\u1eeba, cam th\u1ea3o, r\u1ec5 c\u00e2y li\u00ean<\/p>","protected":false},"featured_media":8993,"comment_status":"open","ping_status":"closed","template":"","meta":{"_acf_changed":false},"product_cat":[332,334],"product_tag":[],"class_list":{"0":"post-8991","1":"product","2":"type-product","3":"status-publish","4":"has-post-thumbnail","6":"product_cat-san-pham-duoc-lieu-va-san-pham-tu-duoc-lieu","7":"product_cat-my-pham-co-thanh-phan-tu-thao-duoc","9":"first","10":"instock","11":"shipping-taxable","12":"purchasable","13":"product-type-simple"},"acf":[],"_links":{"self":[{"href":"https:\/\/b2c.fairs.vn\/en\/wp-json\/wp\/v2\/product\/8991","targetHints":{"allow":["GET"]}}],"collection":[{"href":"https:\/\/b2c.fairs.vn\/en\/wp-json\/wp\/v2\/product"}],"about":[{"href":"https:\/\/b2c.fairs.vn\/en\/wp-json\/wp\/v2\/types\/product"}],"replies":[{"embeddable":true,"href":"https:\/\/b2c.fairs.vn\/en\/wp-json\/wp\/v2\/comments?post=8991"}],"version-history":[{"count":0,"href":"https:\/\/b2c.fairs.vn\/en\/wp-json\/wp\/v2\/product\/8991\/revisions"}],"wp:featuredmedia":[{"embeddable":true,"href":"https:\/\/b2c.fairs.vn\/en\/wp-json\/wp\/v2\/media\/8993"}],"wp:attachment":[{"href":"https:\/\/b2c.fairs.vn\/en\/wp-json\/wp\/v2\/media?parent=8991"}],"wp:term":[{"taxonomy":"product_cat","embeddable":true,"href":"https:\/\/b2c.fairs.vn\/en\/wp-json\/wp\/v2\/product_cat?post=8991"},{"taxonomy":"product_tag","embeddable":true,"href":"https:\/\/b2c.fairs.vn\/en\/wp-json\/wp\/v2\/product_tag?post=8991"}],"curies":[{"name":"wp","href":"https:\/\/api.w.org\/{rel}","templated":true}]}}