{"id":8985,"date":"2024-03-26T10:35:49","date_gmt":"2024-03-26T03:35:49","guid":{"rendered":"https:\/\/b2c.fairs.vn\/?post_type=product&#038;p=8985"},"modified":"2024-03-26T10:35:49","modified_gmt":"2024-03-26T03:35:49","slug":"sua-tam-dua-coco-miracle-body-soap-450-huong-bac-ha","status":"publish","type":"product","link":"https:\/\/b2c.fairs.vn\/en\/product\/sua-tam-dua-coco-miracle-body-soap-450-huong-bac-ha\/","title":{"rendered":"S\u1eefa t\u1eafm d\u1eeba &#8211; Coco Miracle Body Soap 450 &#8211; H\u01b0\u01a1ng b\u1ea1c h\u00e0"},"content":{"rendered":"<p>S\u1eefa t\u1eafm d\u1eeba Coco Miracle Body Soap ch\u1ee9a th\u00e0nh ph\u1ea7n l\u00e0m s\u1ea1ch t\u1eeb d\u1eeba, gi\u00fap t\u1ea1o b\u1ecdt m\u1ecbn m\u00e0ng, l\u00e0m s\u1ea1ch hi\u1ec7u qu\u1ea3 m\u00e0 v\u1eabn duy tr\u00ec \u0111\u01b0\u1ee3c h\u00e0ng r\u00e0o b\u1ea3o v\u1ec7 da. Chi\u1ebft xu\u1ea5t r\u1ec5 c\u00e2y li\u00ean m\u1ed9c v\u00e0 Vitamin B5 gi\u00fap duy tr\u00ec \u0111\u1ed9 \u1ea9m t\u1ef1 nhi\u00ean c\u1ee7a da c\u00f9ng h\u01b0\u01a1ng th\u01a1m t\u01b0\u01a1i m\u00e1t mang l\u1ea1i c\u1ea3m gi\u00e1c s\u1ea3ng kho\u00e1i su\u1ed1t ng\u00e0y d\u00e0i.<\/p>\n<p><strong>H\u01b0\u1edbng d\u1eabn s\u1eed d\u1ee5ng S\u1eefa t\u1eafm d\u1eeba Cobot\u00e9 &#8211; Coco Miracle Body Soap:<\/strong><\/p>\n<p>&#8211; B\u01b0\u1edbc 1: L\u00e0m \u01b0\u1edbt c\u01a1 th\u1ec3 v\u1edbi n\u01b0\u1edbc;<br \/>\n&#8211; B\u01b0\u1edbc 2: L\u1ea5y m\u1ed9t l\u01b0\u1ee3ng s\u1ea3n ph\u1ea9m v\u1eeba \u0111\u1ee7 v\u00e0o tay v\u00e0 t\u1ea1o b\u1ecdt tr\u00ean tay;<br \/>\n&#8211; B\u01b0\u1edbc 3: Thoa \u0111\u1ec1u v\u00e0 massage nh\u1eb9 nh\u00e0ng;<br \/>\n&#8211; B\u01b0\u1edbc 4: X\u1ea3 l\u1ea1i b\u1eb1ng n\u01b0\u1edbc s\u1ea1ch.<\/p>","protected":false},"excerpt":{"rendered":"<p>S\u1eefa t\u1eafm d\u1eeba Coco Miracle Body Soap ch\u1ee9a th\u00e0nh ph\u1ea7n l\u00e0m s\u1ea1ch t\u1eeb d\u1eeba, gi\u00fap t\u1ea1o b\u1ecdt m\u1ecbn m\u00e0ng, l\u00e0m<\/p>","protected":false},"featured_media":8987,"comment_status":"open","ping_status":"closed","template":"","meta":{"_acf_changed":false},"product_cat":[332,334],"product_tag":[],"class_list":{"0":"post-8985","1":"product","2":"type-product","3":"status-publish","4":"has-post-thumbnail","6":"product_cat-san-pham-duoc-lieu-va-san-pham-tu-duoc-lieu","7":"product_cat-my-pham-co-thanh-phan-tu-thao-duoc","9":"first","10":"instock","11":"shipping-taxable","12":"purchasable","13":"product-type-simple"},"acf":[],"_links":{"self":[{"href":"https:\/\/b2c.fairs.vn\/en\/wp-json\/wp\/v2\/product\/8985","targetHints":{"allow":["GET"]}}],"collection":[{"href":"https:\/\/b2c.fairs.vn\/en\/wp-json\/wp\/v2\/product"}],"about":[{"href":"https:\/\/b2c.fairs.vn\/en\/wp-json\/wp\/v2\/types\/product"}],"replies":[{"embeddable":true,"href":"https:\/\/b2c.fairs.vn\/en\/wp-json\/wp\/v2\/comments?post=8985"}],"version-history":[{"count":0,"href":"https:\/\/b2c.fairs.vn\/en\/wp-json\/wp\/v2\/product\/8985\/revisions"}],"wp:featuredmedia":[{"embeddable":true,"href":"https:\/\/b2c.fairs.vn\/en\/wp-json\/wp\/v2\/media\/8987"}],"wp:attachment":[{"href":"https:\/\/b2c.fairs.vn\/en\/wp-json\/wp\/v2\/media?parent=8985"}],"wp:term":[{"taxonomy":"product_cat","embeddable":true,"href":"https:\/\/b2c.fairs.vn\/en\/wp-json\/wp\/v2\/product_cat?post=8985"},{"taxonomy":"product_tag","embeddable":true,"href":"https:\/\/b2c.fairs.vn\/en\/wp-json\/wp\/v2\/product_tag?post=8985"}],"curies":[{"name":"wp","href":"https:\/\/api.w.org\/{rel}","templated":true}]}}