{"id":8894,"date":"2024-03-26T10:09:54","date_gmt":"2024-03-26T03:09:54","guid":{"rendered":"https:\/\/b2c.fairs.vn\/?post_type=product&#038;p=8894"},"modified":"2024-03-26T10:20:40","modified_gmt":"2024-03-26T03:20:40","slug":"nuoc-xa-toc-detox-detox-hair-rinse-100ml","status":"publish","type":"product","link":"https:\/\/b2c.fairs.vn\/en\/product\/nuoc-xa-toc-detox-detox-hair-rinse-100ml\/","title":{"rendered":"N\u01b0\u1edbc X\u1ea3 T\u00f3c Detox &#8211; Detox Hair Rinse &#8211; 100ml"},"content":{"rendered":"<p>N\u01b0\u1edbc x\u1ea3 t\u00f3c m\u1eadt hoa d\u1eeba Cobot\u00e9 Hair Rinse l\u00e0 gi\u1ea3i ph\u00e1p T\u1ef0 NHI\u00caN thay th\u1ebf cho d\u1ea7u x\u1ea3 \u0111\u1ea7u ti\u00ean v\u00e0 duy nh\u1ea5t t\u1ea1i Vi\u1ec7t Nam (\u0110\u00e3 \u0111\u0103ng k\u00fd b\u1ea3n quy\u1ec1n). V\u1edbi hydrosol m\u1eadt hoa d\u1eeba, s\u1ea3n ph\u1ea9m gi\u00fap ng\u0103n ng\u1eeba t\u00ecnh tr\u1ea1ng t\u00f3c kh\u00f4 v\u00e0 g\u00e3y r\u1ee5ng, gi\u1ea3m r\u1ed1i t\u00f3c khi ch\u1ea3i, ki\u1ec3m so\u00e1t d\u1ea7u t\u1ef1 nhi\u00ean v\u00e0 h\u1ed7 tr\u1ee3 c\u00e2n b\u1eb1ng pH c\u1ee7a t\u00f3c v\u00e0 da \u0111\u1ea7u\u00a0M\u00f9i th\u1ea3o m\u1ed9c, c\u00f3 b\u1ed5 sung tinh d\u1ea7u b\u01b0\u1edfi, h\u01b0\u01a1ng th\u1ea3o v\u00e0 b\u1ea1c h\u00e0, k\u00edch th\u00edch m\u1ecdc t\u00f3c kh\u1ecfe.<\/p>\n<p><strong>T\u1ea1i sao n\u00ean ch\u1ecdn N\u01b0\u1edbc x\u1ea3 t\u00f3c m\u1eadt hoa d\u1eeba ?<\/strong><\/p>\n<p>1. C\u00e2n B\u1eb1ng pH Da \u0110\u1ea7u V\u00e0 T\u00f3c: S\u1ea3n ph\u1ea9m kh\u00f4ng ch\u1ec9 l\u00e0m t\u00f3c tr\u1edf n\u00ean m\u1ec1m m\u01b0\u1ee3t m\u00e0 c\u00f2n c\u00e2n b\u1eb1ng pH t\u1ef1 nhi\u00ean, gi\u00fap da \u0111\u1ea7u c\u1ee7a b\u1ea1n lu\u00f4n kh\u1ecfe m\u1ea1nh.<\/p>\n<p>2. T\u00e1i T\u1ea1o T\u00f3c T\u1eeb B\u00ean Trong: Axit acetic t\u1ef1 nhi\u00ean trong m\u1eadt hoa d\u1eeba gi\u00fap lo\u1ea1i b\u1ecf t\u1ea1p ch\u1ea5t v\u00e0 c\u1eb7n v\u00f4i t\u1eeb n\u01b0\u1edbc c\u1ee9ng, \u0111\u1ed3ng th\u1eddi t\u00e1i t\u1ea1o ch\u1ea5t k\u1ebft d\u00ednh gi\u1eefa c\u00e1c l\u1edbp v\u1ea3y Keratin tr\u00ean bi\u1ec3u b\u00ec ngo\u00e0i c\u00f9ng c\u1ee7a t\u00f3c. T\u00f3c ch\u1eafc kh\u1ecfe, su\u00f4n m\u1ec1m v\u00e0 b\u00f3ng m\u01b0\u1ee3t sau ch\u1ec9 v\u00e0i l\u1ea7n s\u1eed d\u1ee5ng.<\/p>\n<p>3. Ph\u00f9 H\u1ee3p Cho T\u00f3c Nhu\u1ed9m: \u0110\u1ed1i v\u1edbi nh\u1eefng ai y\u00eau th\u00edch t\u00f3c nhu\u1ed9m, s\u1ea3n ph\u1ea9m n\u00e0y gi\u00fap duy tr\u00ec m\u00e0u s\u1eafc t\u01b0\u01a1i \u0111\u1eb9p v\u00e0 b\u1ec1n l\u00e2u h\u01a1n, \u0111\u1ed3ng th\u1eddi t\u00e1i t\u1ea1o s\u1ee9c s\u1ed1ng cho t\u00f3c nhu\u1ed9m.<\/p>\n<p><strong>Th\u00e0nh ph\u1ea7n N\u01b0\u1edbc x\u1ea3 t\u00f3c m\u1eadt hoa d\u1eeba:\u00a0<\/strong>C\u00f4ng Th\u1ee9c T\u1ef1 Nhi\u00ean, Th\u00e2n Thi\u1ec7n M\u00f4i Tr\u01b0\u1eddng<\/p>\n<p>1. 100% Plant-Based: S\u1ea3n ph\u1ea9m ho\u00e0n to\u00e0n kh\u00f4ng ch\u1ee9a th\u00e0nh ph\u1ea7n v\u00e0 d\u1eabn xu\u1ea5t t\u1eeb \u0111\u1ed9ng v\u1eadt. 99% th\u00e0nh ph\u1ea7n trong c\u00f4ng th\u1ee9c c\u00f3 ngu\u1ed3n g\u1ed1c t\u1eeb t\u1ef1 nhi\u00ean;<\/p>\n<p>2. Th\u00e2n thi\u1ec7n m\u00f4i tr\u01b0\u1eddng- Nh\u1ef1a t\u00e1i ch\u1ebf v\u00e0 ti\u1ebft ki\u1ec7m n\u01b0\u1edbc: S\u1ea3n ph\u1ea9m \u0111\u01b0\u1ee3c \u0111\u00f3ng g\u00f3i trong chai nh\u1ef1a c\u00f3 th\u1ec3 t\u00e1i sinh. S\u1ea3n ph\u1ea9m n\u00e0y \u0111\u01b0\u1ee3c d\u1ec5 d\u00e0ng l\u00e0m s\u1ea1ch sau khi x\u1ea3, gi\u00fap ti\u1ebft ki\u1ec7m \u0111\u00e1ng k\u1ec3 l\u01b0\u1ee3ng n\u01b0\u1edbc c\u1ea7n d\u00f9ng \u0111\u1ec3 l\u00e0m s\u1ea1ch (so v\u1edbi d\u1ea7u x\u1ea3 th\u00f4ng th\u01b0\u1eddng);<\/p>\n<p>3. Kh\u00f4ng Ch\u1ee9a Paraben, Silicone v\u00e0 Ch\u1ea5t T\u1ea1o M\u00e0u: Cobot\u00e9 lo\u1ea1i b\u1ecf c\u00e1c th\u00e0nh ph\u1ea7n g\u00e2y h\u1ea1i n\u00e0y kh\u1ecfi s\u1ea3n ph\u1ea9m, gi\u00fap b\u1ea3o v\u1ec7 m\u00e1i t\u00f3c c\u1ee7a b\u1ea1n m\u1ed9t c\u00e1ch t\u1ed1t nh\u1ea5t.<\/p>\n<p>4.Th\u00e0nh Ph\u1ea7n M\u1eadt Hoa D\u1eeba \u0110\u1ed9c Quy\u1ec1n: Cobot\u00e9 t\u1ef1 h\u00e0o l\u00e0 th\u01b0\u01a1ng hi\u1ec7u \u0111\u1ea7u ti\u00ean v\u00e0 duy nh\u1ea5t t\u1ea1i Vi\u1ec7t Nam s\u1eed d\u1ee5ng th\u00e0nh ph\u1ea7n m\u1eadt hoa d\u1eeba \u0111\u1ed9c quy\u1ec1n trong s\u1ea3n ph\u1ea9m n\u00e0y- s\u1ea3n ph\u1ea9m \u0111\u00e3 \u0111\u01b0\u1ee3c \u0111\u0103ng k\u00fd s\u00e1ng ch\u1ebf;<\/p>\n<p><strong>H\u01b0\u1edbng d\u1eabn s\u1eed d\u1ee5ng N\u01b0\u1edbc x\u1ea3 t\u00f3c m\u1eadt hoa d\u1eeba:<\/strong><\/p>\n<p>&#8211; B\u01b0\u1edbc 1: Sau khi g\u1ed9i \u0111\u1ea7u v\u00e0 s\u1eed d\u1ee5ng d\u1ea7u g\u1ed9i, \u0111\u1ed5 m\u1ed9t l\u01b0\u1ee3ng n\u01b0\u1edbc x\u1ea3 l\u00ean to\u00e0n b\u1ed9 da \u0111\u1ea7u v\u00e0 th\u00e2n t\u00f3c;<\/p>\n<p>&#8211; B\u01b0\u1edbc 2: D\u00f9ng tay m\u00e1t-xa nh\u1eb9 v\u00f9ng da \u0111\u1ea7u v\u00e0 vu\u1ed1t nh\u1eb9, xoa \u0111\u1ec1u c\u00e1c s\u1ee3i t\u00f3c;<\/p>\n<p>&#8211; B\u01b0\u1edbc 3: X\u1ea3 t\u00f3c s\u1ea1ch l\u1ea1i v\u1edbi n\u01b0\u1edbc v\u00e0 s\u1ea5y kh\u00f4.<\/p>\n<p>Hi\u1ec7u qu\u1ea3 m\u1ec1m m\u01b0\u1ee3t r\u00f5 r\u1ec7t nh\u1ea5t sau khi s\u1eed d\u1ee5ng d\u1ea7u g\u1ed9i Cobot\u00e9.<\/p>","protected":false},"excerpt":{"rendered":"<p>N\u01b0\u1edbc x\u1ea3 t\u00f3c m\u1eadt hoa d\u1eeba Cobot\u00e9 Hair Rinse l\u00e0 gi\u1ea3i ph\u00e1p T\u1ef0 NHI\u00caN thay th\u1ebf cho d\u1ea7u x\u1ea3 \u0111\u1ea7u<\/p>","protected":false},"featured_media":8902,"comment_status":"open","ping_status":"closed","template":"","meta":{"_acf_changed":false},"product_cat":[332,334],"product_tag":[],"class_list":{"0":"post-8894","1":"product","2":"type-product","3":"status-publish","4":"has-post-thumbnail","6":"product_cat-san-pham-duoc-lieu-va-san-pham-tu-duoc-lieu","7":"product_cat-my-pham-co-thanh-phan-tu-thao-duoc","9":"first","10":"instock","11":"shipping-taxable","12":"purchasable","13":"product-type-simple"},"acf":[],"_links":{"self":[{"href":"https:\/\/b2c.fairs.vn\/en\/wp-json\/wp\/v2\/product\/8894","targetHints":{"allow":["GET"]}}],"collection":[{"href":"https:\/\/b2c.fairs.vn\/en\/wp-json\/wp\/v2\/product"}],"about":[{"href":"https:\/\/b2c.fairs.vn\/en\/wp-json\/wp\/v2\/types\/product"}],"replies":[{"embeddable":true,"href":"https:\/\/b2c.fairs.vn\/en\/wp-json\/wp\/v2\/comments?post=8894"}],"version-history":[{"count":0,"href":"https:\/\/b2c.fairs.vn\/en\/wp-json\/wp\/v2\/product\/8894\/revisions"}],"wp:featuredmedia":[{"embeddable":true,"href":"https:\/\/b2c.fairs.vn\/en\/wp-json\/wp\/v2\/media\/8902"}],"wp:attachment":[{"href":"https:\/\/b2c.fairs.vn\/en\/wp-json\/wp\/v2\/media?parent=8894"}],"wp:term":[{"taxonomy":"product_cat","embeddable":true,"href":"https:\/\/b2c.fairs.vn\/en\/wp-json\/wp\/v2\/product_cat?post=8894"},{"taxonomy":"product_tag","embeddable":true,"href":"https:\/\/b2c.fairs.vn\/en\/wp-json\/wp\/v2\/product_tag?post=8894"}],"curies":[{"name":"wp","href":"https:\/\/api.w.org\/{rel}","templated":true}]}}