{"id":8858,"date":"2024-03-26T10:01:01","date_gmt":"2024-03-26T03:01:01","guid":{"rendered":"https:\/\/b2c.fairs.vn\/?post_type=product&#038;p=8858"},"modified":"2024-04-23T15:40:55","modified_gmt":"2024-04-23T08:40:55","slug":"xa-phong-tay-te-bao-chet-coco-miracle-body-scrub-soap-huong-dua","status":"publish","type":"product","link":"https:\/\/b2c.fairs.vn\/en\/product\/xa-phong-tay-te-bao-chet-coco-miracle-body-scrub-soap-huong-dua\/","title":{"rendered":"X\u00c0 PH\u00d2NG T\u1ea8Y T\u1ebe B\u00c0O CH\u1ebeT &#8211; Coco Miracle Body Scrub Soap &#8211; H\u01b0\u01a1ng d\u1eeba"},"content":{"rendered":"<p>Cobot\u00e9 Handmade Coconut Body Scrub Soap \u2013 X\u00e0 b\u00f4ng t\u1ea9y t\u1ebf b\u00e0o ch\u1ebft Cobot\u00e9 \u0111\u01b0\u1ee3c l\u00e0m trong m\u1ed9t quy tr\u00ecnh kh\u00e9p k\u00edn. C\u00f4ng th\u1ee9c D\u1eeba To\u00e0n Ph\u1ea7n\u00a0CocoComplete\u2122\u00a0s\u1eed d\u1ee5ng 100% nguy\u00ean li\u1ec7u \u0103n \u0111\u01b0\u1ee3c t\u1eeb nh\u1eefng tr\u00e1i d\u1eeba h\u1ea3o h\u1ea1ng B\u1ebfn Tre t\u1ea1o ra m\u1ed9t s\u1ea3n ph\u1ea9m ho\u00e0n to\u00e0n t\u1ef1 nhi\u00ean v\u00e0 an to\u00e0n, gi\u00fap lo\u1ea1i b\u1ecf t\u1ebf b\u00e0o ch\u1ebft, th\u00fac \u0111\u1ea9y tu\u1ea7n ho\u00e0n m\u00e1u d\u01b0\u1edbi da v\u00e0 d\u01b0\u1ee1ng \u1ea9m hi\u1ec7u qu\u1ea3, mang l\u1ea1i m\u1ed9t v\u1ebb \u0111\u1eb9p t\u1ef1 nhi\u00ean v\u00e0 m\u1ed9t l\u00e0n da s\u00e1ng m\u1ecbn, \u0111\u1ec1u m\u00e0u, kh\u1ecfe m\u1ea1nh.<br \/>\nH\u01b0\u01a1ng d\u1eeba t\u1ef1 nhi\u00ean d\u1ecbu nh\u1eb9 mang l\u1ea1i c\u1ea3m gi\u00e1c s\u1ea3ng kho\u00e1i v\u00e0 th\u01b0 gi\u00e3n khi s\u1eed d\u1ee5ng.<br \/>\n&#8212;&#8212;&#8212;&#8212;&#8212;&#8212;&#8212;<\/p>\n<p><strong>T\u1ea1i sao n\u00ean ch\u1ecdn X\u00e0 b\u00f4ng T\u1ea9y t\u1ebf b\u00e0o ch\u1ebft Cobot\u00e9?<\/strong><br \/>\n\ud83c\udf34 Th\u00e0nh ph\u1ea7n 100% t\u1eeb d\u1eeba B\u1ebfn Tre, \u0111\u01b0\u1ee3c tuy\u1ec3n ch\u1ecdn k\u1ef9 l\u01b0\u1ee1ng gi\u00fap l\u00e0m s\u1ea1ch s\u00e2u, lo\u1ea1i b\u1ecf b\u1ee5i b\u1ea9n v\u00e0 l\u1edbp da ch\u1ebft c\u1ef1c k\u1ef3 hi\u1ec7u qu\u1ea3, \u0111\u1ed3ng th\u1eddi gi\u00fap tr\u1ebb h\u00f3a l\u00e0n da t\u1eeb b\u00ean trong<br \/>\n\ud83c\udf34 C\u00f4ng th\u1ee9c D\u1eeba To\u00e0n Ph\u1ea7n CocoComplete\u2122 \u0111\u1ed9c \u0111\u00e1o, s\u1eed d\u1ee5ng to\u00e0n b\u1ed9 c\u00e1c th\u00e0nh ph\u1ea7n \u0103n \u0111\u01b0\u1ee3c c\u1ee7a tr\u00e1i d\u1eeba, t\u1ea1o n\u00ean m\u1ed9t s\u1ea3n ph\u1ea9m ch\u0103m s\u00f3c da an to\u00e0n t\u1eeb thi\u00ean nhi\u00ean<br \/>\n\ud83c\udf34 D\u01b0\u1ee1ng \u1ea9m v\u01b0\u1ee3t tr\u1ed9i nh\u1edd s\u1eed d\u1ee5ng D\u1ea7u d\u1eeba t\u01b0\u01a1i\u2122 100%, \u0111\u01b0\u1ee3c chi\u1ebft xu\u1ea5t b\u1eb1ng c\u00f4ng ngh\u1ec7 t\u00e1ch pha nhanh HPC, kh\u00f4ng d\u00f9ng nhi\u1ec7t \u0111\u1ed9 cao v\u00e0 h\u00f3a ch\u1ea5t n\u00ean l\u01b0u gi\u1eef \u0111\u01b0\u1ee3c to\u00e0n b\u1ed9 vitamin c\u00f9ng d\u01b0\u1ee1ng ch\u1ea5t c\u1ee7a d\u1eeba.<br \/>\n\ud83c\udf34 L\u00e0m da m\u1ec1m v\u00e0 c\u0103ng m\u01b0\u1ee3t h\u01a1n nh\u1edd d\u01b0\u1ee1ng ch\u1ea5t c\u00f3 trong s\u1eefa d\u1eeba v\u00e0 n\u01b0\u1edbc d\u1eeba<br \/>\n\ud83c\udf34 Gi\u00fap da kh\u1ecfe m\u1ea1nh h\u01a1n nh\u1edd c\u00f4ng th\u1ee9c ch\u1ee9a mu\u1ed1i t\u1ef1 nhi\u00ean, h\u00ecnh th\u00e0nh t\u1eeb Lauric, Capric v\u00e0 Caprylic Acid trong d\u1ea7u d\u1eeba, t\u1ea1o n\u00ean m\u1ed9t l\u1edbp m\u00e0ng kh\u00e1ng vi\u00eam hi\u1ec7u qu\u1ea3, b\u1ea3o v\u1ec7 l\u00e0n da kh\u1ecfi nh\u1eefng t\u00e1c nh\u00e2n g\u00e2y b\u1ec7nh t\u1eeb b\u00ean ngo\u00e0i<br \/>\n\ud83c\udf34 S\u1eed d\u1ee5ng h\u1ea1t c\u01a1m d\u1eeba li ti gi\u00fap t\u1ea9y t\u1ebf b\u00e0o ch\u1ebft m\u1ed9t c\u00e1ch nh\u1eb9 nh\u00e0ng, mang l\u1ea1i 1 l\u00e0n da s\u00e1ng m\u1ecbn v\u00e0 tr\u1ebb trung h\u01a1n<br \/>\n\ud83c\udf34 S\u1ea3n ph\u1ea9m c\u1ef1c an to\u00e0n v\u00e0 th\u00e2n thi\u1ec7n v\u1edbi m\u00f4i tr\u01b0\u1eddng<br \/>\n\ud83c\udf34 Tinh d\u1ea7u thi\u00ean nhi\u00ean th\u01a1m m\u00e1t t\u1ea1o c\u1ea3m gi\u00e1c s\u1ea3ng kho\u00e1i v\u00e0 d\u1ec5 ch\u1ecbu khi t\u1eafm. S\u1ea3n ph\u1ea9m l\u00e0 m\u1ed9t gi\u1ea3i ph\u00e1p h\u1ed7 tr\u1ee3 th\u01b0 gi\u00e3n tinh th\u1ea7n hi\u1ec7u qu\u1ea3.<br \/>\n&#8212;&#8212;&#8212;&#8212;&#8212;&#8212;&#8212;<br \/>\nS\u1ea3n ph\u1ea9m c\u1ee7a Vfarm FCD &#8211; nh\u00e0 s\u1ea3n xu\u1ea5t \u0111\u1ea1t ti\u00eau chu\u1ea9n, an to\u00e0n cho l\u00e0n da, \u0111\u01b0\u1ee3c ki\u1ec3m nghi\u1ec7m v\u00e0 c\u1ea5p ph\u00e9p b\u1edfi S\u1edf Y T\u1ebf T\u1ec9nh B\u1ebfn Tre.<\/p>","protected":false},"excerpt":{"rendered":"<p>Cobot\u00e9 Handmade Coconut Body Scrub Soap \u2013 X\u00e0 b\u00f4ng t\u1ea9y t\u1ebf b\u00e0o ch\u1ebft Cobot\u00e9 \u0111\u01b0\u1ee3c l\u00e0m trong m\u1ed9t quy tr\u00ecnh<\/p>","protected":false},"featured_media":8859,"comment_status":"open","ping_status":"closed","template":"","meta":{"_acf_changed":false},"product_cat":[332,334,366,367],"product_tag":[],"class_list":{"0":"post-8858","1":"product","2":"type-product","3":"status-publish","4":"has-post-thumbnail","6":"product_cat-san-pham-duoc-lieu-va-san-pham-tu-duoc-lieu","7":"product_cat-my-pham-co-thanh-phan-tu-thao-duoc","8":"product_cat-hang-cnnt-cap-qg","9":"product_cat-hang-cnnt-cap-qg-2023","11":"first","12":"instock","13":"shipping-taxable","14":"purchasable","15":"product-type-simple"},"acf":[],"_links":{"self":[{"href":"https:\/\/b2c.fairs.vn\/en\/wp-json\/wp\/v2\/product\/8858","targetHints":{"allow":["GET"]}}],"collection":[{"href":"https:\/\/b2c.fairs.vn\/en\/wp-json\/wp\/v2\/product"}],"about":[{"href":"https:\/\/b2c.fairs.vn\/en\/wp-json\/wp\/v2\/types\/product"}],"replies":[{"embeddable":true,"href":"https:\/\/b2c.fairs.vn\/en\/wp-json\/wp\/v2\/comments?post=8858"}],"version-history":[{"count":0,"href":"https:\/\/b2c.fairs.vn\/en\/wp-json\/wp\/v2\/product\/8858\/revisions"}],"wp:featuredmedia":[{"embeddable":true,"href":"https:\/\/b2c.fairs.vn\/en\/wp-json\/wp\/v2\/media\/8859"}],"wp:attachment":[{"href":"https:\/\/b2c.fairs.vn\/en\/wp-json\/wp\/v2\/media?parent=8858"}],"wp:term":[{"taxonomy":"product_cat","embeddable":true,"href":"https:\/\/b2c.fairs.vn\/en\/wp-json\/wp\/v2\/product_cat?post=8858"},{"taxonomy":"product_tag","embeddable":true,"href":"https:\/\/b2c.fairs.vn\/en\/wp-json\/wp\/v2\/product_tag?post=8858"}],"curies":[{"name":"wp","href":"https:\/\/api.w.org\/{rel}","templated":true}]}}