{"id":8713,"date":"2024-03-26T09:30:50","date_gmt":"2024-03-26T02:30:50","guid":{"rendered":"https:\/\/b2c.fairs.vn\/?post_type=product&#038;p=8713"},"modified":"2024-03-26T09:30:50","modified_gmt":"2024-03-26T02:30:50","slug":"vo-shin-cau-be-but-chi-2","status":"publish","type":"product","link":"https:\/\/b2c.fairs.vn\/en\/product\/vo-shin-cau-be-but-chi-2\/","title":{"rendered":"V\u1ede SHIN &#8211; C\u1eacU B\u00c9 B\u00daT CH\u00cc"},"content":{"rendered":"<p>KT 170X240, B\u00ccA CAO C\u1ea4P IN 3D, \u0110L100g\/m2, \u0110T 95ISO<\/p>","protected":false},"excerpt":{"rendered":"<p>KT 170X240, B\u00ccA CAO C\u1ea4P IN 3D, \u0110L100g\/m2, \u0110T 95ISO<\/p>","protected":false},"featured_media":8717,"comment_status":"open","ping_status":"closed","template":"","meta":{"_acf_changed":false},"product_cat":[336,368],"product_tag":[],"class_list":{"0":"post-8713","1":"product","2":"type-product","3":"status-publish","4":"has-post-thumbnail","6":"product_cat-san-pham-thu-cong-my-nghe","7":"product_cat-van-phong-pham","9":"first","10":"instock","11":"shipping-taxable","12":"product-type-simple"},"acf":[],"_links":{"self":[{"href":"https:\/\/b2c.fairs.vn\/en\/wp-json\/wp\/v2\/product\/8713","targetHints":{"allow":["GET"]}}],"collection":[{"href":"https:\/\/b2c.fairs.vn\/en\/wp-json\/wp\/v2\/product"}],"about":[{"href":"https:\/\/b2c.fairs.vn\/en\/wp-json\/wp\/v2\/types\/product"}],"replies":[{"embeddable":true,"href":"https:\/\/b2c.fairs.vn\/en\/wp-json\/wp\/v2\/comments?post=8713"}],"version-history":[{"count":0,"href":"https:\/\/b2c.fairs.vn\/en\/wp-json\/wp\/v2\/product\/8713\/revisions"}],"wp:featuredmedia":[{"embeddable":true,"href":"https:\/\/b2c.fairs.vn\/en\/wp-json\/wp\/v2\/media\/8717"}],"wp:attachment":[{"href":"https:\/\/b2c.fairs.vn\/en\/wp-json\/wp\/v2\/media?parent=8713"}],"wp:term":[{"taxonomy":"product_cat","embeddable":true,"href":"https:\/\/b2c.fairs.vn\/en\/wp-json\/wp\/v2\/product_cat?post=8713"},{"taxonomy":"product_tag","embeddable":true,"href":"https:\/\/b2c.fairs.vn\/en\/wp-json\/wp\/v2\/product_tag?post=8713"}],"curies":[{"name":"wp","href":"https:\/\/api.w.org\/{rel}","templated":true}]}}