{"id":8703,"date":"2024-03-26T09:35:20","date_gmt":"2024-03-26T02:35:20","guid":{"rendered":"https:\/\/b2c.fairs.vn\/?post_type=product&#038;p=8703"},"modified":"2024-04-23T15:41:47","modified_gmt":"2024-04-23T08:41:47","slug":"xa-phong-la-mang-di-coco-miracle-soap-to-go","status":"publish","type":"product","link":"https:\/\/b2c.fairs.vn\/en\/product\/xa-phong-la-mang-di-coco-miracle-soap-to-go\/","title":{"rendered":"X\u00c0 PH\u00d2NG L\u00c1 MANG \u0110I &#8211; Coco Miracle Soap to Go"},"content":{"rendered":"<p>Cobot\u00e9 Coco Miracle Soap-to-go (x\u00e0 ph\u00f2ng l\u00e1) \u0111\u01b0\u1ee3c s\u1ea3n xu\u1ea5t th\u1ee7 c\u00f4ng theo quy tr\u00ecnh x\u00e0 ph\u00f2ng ngu\u1ed9i truy\u1ec1n th\u1ed1ng. X\u00e0 ph\u00f2ng r\u1eeda tay l\u00e0m t\u1eeb d\u1ea7u d\u1eeba c\u00f3 ch\u1ee9a lauric acid, sau ph\u1ea3n \u1ee9ng x\u00e0 ph\u00f2ng h\u00f3a t\u1ea1o th\u00e0nh sodium laureate, t\u1ea1o r\u1ea5t nhi\u1ec1u b\u1ecdt khi r\u1eeda v\u00e0 c\u00f3 kh\u1ea3 n\u0103ng l\u00e0m s\u1ea1ch m\u1ea1nh m\u1ebd.<br \/>\nH\u01b0\u01a1ng d\u1eeba t\u1ef1 nhi\u00ean d\u1ecbu nh\u1eb9 mang l\u1ea1i c\u1ea3m gi\u00e1c s\u1ea3ng kho\u00e1i v\u00e0 th\u01b0 gi\u00e3n khi s\u1eed d\u1ee5ng.<br \/>\n&#8212;&#8212;&#8212;&#8212;&#8212;&#8212;&#8212;<\/p>\n<p><strong>T\u1ea1i sao n\u00ean ch\u1ecdn X\u00e0 b\u00f4ng r\u1eeda tay Cobot\u00e9?<\/strong><br \/>\n\ud83c\udf34 Th\u00e0nh ph\u1ea7n x\u00e0 ph\u00f2ng h\u00f3a ch\u1ee7 y\u1ebfu t\u1eeb d\u1ea7u d\u1eeba t\u01b0\u01a1i c\u00f3 \u0111\u1ebfn 48% th\u00e0nh ph\u1ea7n acid b\u00e9o l\u00e0 lauric acid \u0111\u00e3 \u0111\u01b0\u1ee3c ch\u1ee9ng minh c\u00f3 t\u00e1c d\u1ee5ng kh\u00e1ng vi\u00eam, kh\u00e1ng khu\u1ea9n hi\u1ec7u qu\u1ea3, c\u0169ng nh\u01b0 c\u00f3 ti\u1ec1m n\u0103ng trong vi\u1ec7c ti\u00eau di\u1ec7t virus.<\/p>\n<p>\ud83c\udf34C\u00f3 ki\u1ec3m nghi\u1ec7m c\u1ee7a vi\u1ec7n Pasteur kh\u1ea3 n\u0103ng di\u1ec7t khu\u1ea9n 99.9%<\/p>\n<p>\ud83c\udf34 S\u1ea3n ph\u1ea9m an to\u00e0n v\u00e0 th\u00e2n thi\u1ec7n v\u1edbi m\u00f4i tr\u01b0\u1eddng<\/p>","protected":false},"excerpt":{"rendered":"<p>Cobot\u00e9 Coco Miracle Soap-to-go (x\u00e0 ph\u00f2ng l\u00e1) \u0111\u01b0\u1ee3c s\u1ea3n xu\u1ea5t th\u1ee7 c\u00f4ng theo quy tr\u00ecnh x\u00e0 ph\u00f2ng ngu\u1ed9i truy\u1ec1n th\u1ed1ng.<\/p>","protected":false},"featured_media":8704,"comment_status":"open","ping_status":"closed","template":"","meta":{"_acf_changed":false},"product_cat":[332,334,366,367],"product_tag":[],"class_list":{"0":"post-8703","1":"product","2":"type-product","3":"status-publish","4":"has-post-thumbnail","6":"product_cat-san-pham-duoc-lieu-va-san-pham-tu-duoc-lieu","7":"product_cat-my-pham-co-thanh-phan-tu-thao-duoc","8":"product_cat-hang-cnnt-cap-qg","9":"product_cat-hang-cnnt-cap-qg-2023","11":"first","12":"instock","13":"shipping-taxable","14":"purchasable","15":"product-type-simple"},"acf":[],"_links":{"self":[{"href":"https:\/\/b2c.fairs.vn\/en\/wp-json\/wp\/v2\/product\/8703","targetHints":{"allow":["GET"]}}],"collection":[{"href":"https:\/\/b2c.fairs.vn\/en\/wp-json\/wp\/v2\/product"}],"about":[{"href":"https:\/\/b2c.fairs.vn\/en\/wp-json\/wp\/v2\/types\/product"}],"replies":[{"embeddable":true,"href":"https:\/\/b2c.fairs.vn\/en\/wp-json\/wp\/v2\/comments?post=8703"}],"version-history":[{"count":0,"href":"https:\/\/b2c.fairs.vn\/en\/wp-json\/wp\/v2\/product\/8703\/revisions"}],"wp:featuredmedia":[{"embeddable":true,"href":"https:\/\/b2c.fairs.vn\/en\/wp-json\/wp\/v2\/media\/8704"}],"wp:attachment":[{"href":"https:\/\/b2c.fairs.vn\/en\/wp-json\/wp\/v2\/media?parent=8703"}],"wp:term":[{"taxonomy":"product_cat","embeddable":true,"href":"https:\/\/b2c.fairs.vn\/en\/wp-json\/wp\/v2\/product_cat?post=8703"},{"taxonomy":"product_tag","embeddable":true,"href":"https:\/\/b2c.fairs.vn\/en\/wp-json\/wp\/v2\/product_tag?post=8703"}],"curies":[{"name":"wp","href":"https:\/\/api.w.org\/{rel}","templated":true}]}}