{"id":8629,"date":"2024-03-25T23:57:35","date_gmt":"2024-03-25T16:57:35","guid":{"rendered":"https:\/\/b2c.fairs.vn\/?post_type=product&#038;p=8629"},"modified":"2024-04-23T15:44:54","modified_gmt":"2024-04-23T08:44:54","slug":"tinh-bot-san-day","status":"publish","type":"product","link":"https:\/\/b2c.fairs.vn\/en\/product\/tinh-bot-san-day\/","title":{"rendered":"Tinh b\u1ed9t s\u1eafn d\u00e2y"},"content":{"rendered":"<p>B\u1ed9t S\u1eafn D\u00e2y Nguy\u00ean Ch\u1ea5t 100g<br \/>\n\u2611\ufe0fTh\u00e0nh Ph\u1ea7n: Nguy\u00ean Ch\u1ea5t 100% B\u1ed9t S\u1eafn D\u00e2y<br \/>\n\u2611\ufe0fKh\u1ed1i L\u01b0\u1ee3ng: 100g<br \/>\n\u2611\ufe0fNguy\u00ean li\u1ec7u t\u1ef1 nhi\u00ean<br \/>\n\u2611\ufe0fKh\u00f4ng l\u1eabn t\u1ea1p ch\u1ea5t<br \/>\n\u2611\ufe0fKh\u00f4ng C02.SO2<br \/>\n\u2611\ufe0f\u0110\u1ed9 \u1ea9m &lt; 10%<br \/>\n\u2611\ufe0fB\u1ea3o qu\u1ea3n: N\u01a1i kh\u00f4 r\u00e1o tho\u00e1ng m\u00e1t<br \/>\n\u2611\ufe0fHSD: 12 th\u00e1ng<br \/>\n\u2611\ufe0fXu\u1ea5t X\u1ee9: Vi\u1ec7t Nam<\/p>\n<p>\u270d\ufe0fC\u00f4ng D\u1ee5ng C\u1ee7a B\u1ed9t S\u1eafn D\u00e2y<\/p>\n<p>\u2022 \u2714\ufe0f G\u00f3p ph\u1ea7n c\u1ea3i thi\u1ec7n l\u00e0n da cho b\u1ea1n tr\u1edf n\u00ean tr\u1ebb trung, \u0111\u1eb9p m\u1ecbn m\u00e0ng, h\u1ed3ng h\u00e0o t\u1eeb s\u00e2u b\u00ean trong da, gi\u1ea3m m\u1ee5n nh\u1ecdt, lo\u1ea1i b\u1ecf s\u1eafc t\u1ed1 nh\u01b0 t\u00e0n nhang, ch\u0103m s\u00f3c s\u1eafc \u0111\u1eb9p r\u1ea5t hi\u1ec7u qu\u1ea3.<br \/>\n\u2022 \u2714\ufe0f Khi u\u1ed1ng b\u1ed9t s\u1eafn d\u00e2y c\u00f2n gi\u00fap ch\u1ecb em ph\u1ee5 n\u1eef t\u0103ng k\u00edch th\u01b0\u1edbk v\u00f2ng 1. gi\u1ea3m c\u00e2n l\u1ea5y l\u1ea1i v\u00f2ng eo mong mu\u1ed1n<br \/>\n\u2022 \u2714\ufe0f Gi\u1ea3i c\u1ea3m s\u1ed1t, nh\u1ee9c \u0111\u1ea7u, kh\u00e1t n\u01b0\u1edbc.<br \/>\n\u2022 \u2714\ufe0f Pha n\u01b0\u1edbc u\u1ed1ng, n\u1ea5u ch\u00e8 nh\u01b0 n\u01b0\u1edbc gi\u1ea3i kh\u00e1t hay m\u00f3n \u0103n ch\u01a1i.. l\u00e0m m\u00e1t c\u01a1 th\u1ec3<br \/>\n\u2022 \u2714\ufe0f C\u00e2n b\u1eb1ng huy\u1ebft \u00e1p, gi\u1ea3m cholesterol trong m\u00e1u, ch\u1ed1ng l\u1ea1i c\u00e1c b\u1ec7nh v\u1ec1 tim m\u1ea1ch,<br \/>\n\u2022 \u2714\ufe0f T\u00e1c d\u1ee5ng gi\u1ea3i \u0111\u1ed9c r\u01b0\u1ee3k v\u00e0 thanh l\u1ecdc, gi\u1ea3i nhi\u1ec7t, b\u1ed3i b\u1ed5 c\u01a1 th\u1ec3, t\u0103ng c\u01b0\u1eddng s\u1ee9c kho\u1ebb.<\/p>\n<p>\u270d\ufe0fC\u00e1ch S\u1eed D\u1ee5ng B\u1ed9t S\u1eafn D\u00e2y<\/p>\n<p>\u2013 U\u1ed1ng b\u1ed9t s\u1eafn d\u00e2y: Cho b\u1ed9t v\u00e0o ly \u0111\u1ed5 n\u01b0\u1edbc kho\u1ea3ng h\u01a1n n\u1eefa l\u00fd v\u00e0 khu\u1ea5y \u0111\u1ec1u cho tan h\u1ebft ra, c\u00f3 th\u1ec3 b\u1ecf 1 ch\u00fat \u0111\u00e1 cho l\u1ea1nh s\u1ebd ngon h\u01a1n, th\u00eam 1 mu\u1ed7ng \u0111\u01b0\u1eddng khu\u1ea5y \u0111\u1ec1u tay. Tuy nhi\u00ean khi b\u1ee5ng y\u1ebfu b\u1ea1n n\u00ean c\u00e2n nh\u1eafc \u0111\u1ec3 kh\u00f4ng g\u00e2y \u1ea3nh h\u01b0\u1edfng \u0111\u1ebfn s\u1ee9c kh\u1ecfe.<br \/>\nCh\u1ebf u\u1ed1ng ch\u00edn, cho kho\u1ea3ng 3 mu\u1ed7ng s\u1eafn d\u00e2y \u0111\u1ed5 th\u00eam 1 \u00edt n\u01b0\u1edbc ngu\u1ed9i v\u00e0o khu\u1ea5y cho b\u1ed9t s\u1eafn d\u00e2y tan ra s\u1ec1n s\u1ec7t. Ti\u1ebfp t\u1ee5c cho n\u01b0\u1edbc s\u00f4i v\u1eeba \u0111\u1ee7 t\u1eeb t\u1eeb v\u00e0o v\u00e0 khu\u1ea5y \u0111\u1ec1u cho \u0111\u1ebfn khi v\u1eeba u\u1ed1ng. U\u1ed1ng l\u00fac c\u00f2n \u1ea5m \u1ea5m<\/p>\n<p>\u2013 L\u00e0m m\u1eb7t n\u1ea1, \u0111\u1eafp 3 l\u1ea7n m\u1ed7i tu\u1ea7n: Cho 1 \u00edt b\u1ed9t ra b\u00e1t, th\u00eam \u00edt n\u01b0\u1edbc v\u00e0 khu\u1ea5y cho s\u1ec1n s\u1ec7t th\u00eam 1 ch\u00fat m\u1eadt ong \u0111\u1eafp l\u00ean m\u1eb7t massage trong 15 ph\u00fat r\u1ed3i r\u1eeda s\u1ea1ch l\u1ea1i v\u1edbi n\u01b0\u1edbc. K\u1ebft h\u1ee3p c\u00e0 u\u1ed1ng v\u00e0o b\u00ean trong c\u01a1 th\u1ec3 v\u1edbi b\u00f4i b\u00ean ngo\u00e0i l\u00e0 1 ph\u01b0\u01a1ng ph\u00e1p l\u00e0m \u0111\u1eb9p v\u00f4 c\u00f9ng hi\u1ec7u qu\u1ea3 m\u00e0 c\u00e1c ch\u1ecb em ph\u1ee5 n\u1eef n\u00ean \u00e1p d\u1ee5ng.<\/p>","protected":false},"excerpt":{"rendered":"<p>B\u1ed9t S\u1eafn D\u00e2y Nguy\u00ean Ch\u1ea5t 100g \u2611\ufe0fTh\u00e0nh Ph\u1ea7n: Nguy\u00ean Ch\u1ea5t 100% B\u1ed9t S\u1eafn D\u00e2y \u2611\ufe0fKh\u1ed1i L\u01b0\u1ee3ng: 100g \u2611\ufe0fNguy\u00ean li\u1ec7u t\u1ef1<\/p>","protected":false},"featured_media":8637,"comment_status":"open","ping_status":"closed","template":"","meta":{"_acf_changed":false},"product_cat":[317,366,367,22,313],"product_tag":[],"class_list":{"0":"post-8629","1":"product","2":"type-product","3":"status-publish","4":"has-post-thumbnail","6":"product_cat-che-bien-tu-thit-trung-sua-thuy-san-cac-san-pham-tu-mat-ong-mat-khac-va-nong-san-thuc-pham-khac","7":"product_cat-hang-cnnt-cap-qg","8":"product_cat-hang-cnnt-cap-qg-2023","9":"product_cat-sanphamthucpham","10":"product_cat-thuc-pham-che-bien","12":"first","13":"instock","14":"shipping-taxable","15":"purchasable","16":"product-type-simple"},"acf":[],"_links":{"self":[{"href":"https:\/\/b2c.fairs.vn\/en\/wp-json\/wp\/v2\/product\/8629","targetHints":{"allow":["GET"]}}],"collection":[{"href":"https:\/\/b2c.fairs.vn\/en\/wp-json\/wp\/v2\/product"}],"about":[{"href":"https:\/\/b2c.fairs.vn\/en\/wp-json\/wp\/v2\/types\/product"}],"replies":[{"embeddable":true,"href":"https:\/\/b2c.fairs.vn\/en\/wp-json\/wp\/v2\/comments?post=8629"}],"version-history":[{"count":0,"href":"https:\/\/b2c.fairs.vn\/en\/wp-json\/wp\/v2\/product\/8629\/revisions"}],"wp:featuredmedia":[{"embeddable":true,"href":"https:\/\/b2c.fairs.vn\/en\/wp-json\/wp\/v2\/media\/8637"}],"wp:attachment":[{"href":"https:\/\/b2c.fairs.vn\/en\/wp-json\/wp\/v2\/media?parent=8629"}],"wp:term":[{"taxonomy":"product_cat","embeddable":true,"href":"https:\/\/b2c.fairs.vn\/en\/wp-json\/wp\/v2\/product_cat?post=8629"},{"taxonomy":"product_tag","embeddable":true,"href":"https:\/\/b2c.fairs.vn\/en\/wp-json\/wp\/v2\/product_tag?post=8629"}],"curies":[{"name":"wp","href":"https:\/\/api.w.org\/{rel}","templated":true}]}}