{"id":8615,"date":"2024-03-25T23:39:54","date_gmt":"2024-03-25T16:39:54","guid":{"rendered":"https:\/\/b2c.fairs.vn\/?post_type=product&#038;p=8615"},"modified":"2024-04-19T13:38:41","modified_gmt":"2024-04-19T06:38:41","slug":"den-tru-dt01-den-mai-tranh","status":"publish","type":"product","link":"https:\/\/b2c.fairs.vn\/en\/product\/den-tru-dt01-den-mai-tranh\/","title":{"rendered":"\u0110\u00e8n Tr\u1ee5 &#8211; DT01 &#8211; \u0110\u00e8n M\u00e1i Tranh"},"content":{"rendered":"<p>Chi\u1ec1u Cao \/ H: 40cm<\/p>\n<p>R\u1ed9ng \/ W: 32cm<\/p>\n<p>Ch\u1ea5t li\u1ec7u\/ Material: \u0110\u1ea5t s\u00e9t nung \/ Terra Cotta<\/p>\n<p>M\u00e0u S\u1eafc \/ Color: M\u00e0u \u0110\u1ea5t Nung \/ Terra Cotta<\/p>\n<p>Do k\u00edch th\u01b0\u1edbc c\u1ee7a s\u1ea3n ph\u1ea9m, \u0111\u1ec3 \u0111\u1ea3m b\u1ea3o an to\u00e0n, shop ch\u1ec9 nh\u1eadn ship b\u1eb1ng xe kh\u00e1ch.<\/p>","protected":false},"excerpt":{"rendered":"<p>Chi\u1ec1u Cao \/ H: 40cm R\u1ed9ng \/ W: 32cm Ch\u1ea5t li\u1ec7u\/ Material: \u0110\u1ea5t s\u00e9t nung \/ Terra Cotta M\u00e0u S\u1eafc<\/p>","protected":false},"featured_media":8616,"comment_status":"open","ping_status":"closed","template":"","meta":{"_acf_changed":false},"product_cat":[366,367,336,337,397],"product_tag":[],"class_list":{"0":"post-8615","1":"product","2":"type-product","3":"status-publish","4":"has-post-thumbnail","6":"product_cat-hang-cnnt-cap-qg","7":"product_cat-hang-cnnt-cap-qg-2023","8":"product_cat-san-pham-thu-cong-my-nghe","9":"product_cat-thu-cong-my-nghe-gia-dung-trang-tri","10":"product_cat-thu-cong-my-nghe-khac","12":"first","13":"instock","14":"shipping-taxable","15":"purchasable","16":"product-type-simple"},"acf":[],"_links":{"self":[{"href":"https:\/\/b2c.fairs.vn\/en\/wp-json\/wp\/v2\/product\/8615","targetHints":{"allow":["GET"]}}],"collection":[{"href":"https:\/\/b2c.fairs.vn\/en\/wp-json\/wp\/v2\/product"}],"about":[{"href":"https:\/\/b2c.fairs.vn\/en\/wp-json\/wp\/v2\/types\/product"}],"replies":[{"embeddable":true,"href":"https:\/\/b2c.fairs.vn\/en\/wp-json\/wp\/v2\/comments?post=8615"}],"version-history":[{"count":0,"href":"https:\/\/b2c.fairs.vn\/en\/wp-json\/wp\/v2\/product\/8615\/revisions"}],"wp:featuredmedia":[{"embeddable":true,"href":"https:\/\/b2c.fairs.vn\/en\/wp-json\/wp\/v2\/media\/8616"}],"wp:attachment":[{"href":"https:\/\/b2c.fairs.vn\/en\/wp-json\/wp\/v2\/media?parent=8615"}],"wp:term":[{"taxonomy":"product_cat","embeddable":true,"href":"https:\/\/b2c.fairs.vn\/en\/wp-json\/wp\/v2\/product_cat?post=8615"},{"taxonomy":"product_tag","embeddable":true,"href":"https:\/\/b2c.fairs.vn\/en\/wp-json\/wp\/v2\/product_tag?post=8615"}],"curies":[{"name":"wp","href":"https:\/\/api.w.org\/{rel}","templated":true}]}}