{"id":8610,"date":"2024-03-25T23:37:58","date_gmt":"2024-03-25T16:37:58","guid":{"rendered":"https:\/\/b2c.fairs.vn\/?post_type=product&#038;p=8610"},"modified":"2024-04-19T13:38:18","modified_gmt":"2024-04-19T06:38:18","slug":"den-ap-tuong-dat-nung-dat37","status":"publish","type":"product","link":"https:\/\/b2c.fairs.vn\/en\/product\/den-ap-tuong-dat-nung-dat37\/","title":{"rendered":"\u0110\u00e8n \u00c1p T\u01b0\u1eddng \u0110\u1ea5t Nung &#8211; DAT37"},"content":{"rendered":"","protected":false},"excerpt":{"rendered":"","protected":false},"featured_media":8611,"comment_status":"open","ping_status":"closed","template":"","meta":{"_acf_changed":false},"product_cat":[366,367,336,337,397],"product_tag":[],"class_list":{"0":"post-8610","1":"product","2":"type-product","3":"status-publish","4":"has-post-thumbnail","6":"product_cat-hang-cnnt-cap-qg","7":"product_cat-hang-cnnt-cap-qg-2023","8":"product_cat-san-pham-thu-cong-my-nghe","9":"product_cat-thu-cong-my-nghe-gia-dung-trang-tri","10":"product_cat-thu-cong-my-nghe-khac","12":"first","13":"instock","14":"shipping-taxable","15":"purchasable","16":"product-type-simple"},"acf":[],"_links":{"self":[{"href":"https:\/\/b2c.fairs.vn\/en\/wp-json\/wp\/v2\/product\/8610","targetHints":{"allow":["GET"]}}],"collection":[{"href":"https:\/\/b2c.fairs.vn\/en\/wp-json\/wp\/v2\/product"}],"about":[{"href":"https:\/\/b2c.fairs.vn\/en\/wp-json\/wp\/v2\/types\/product"}],"replies":[{"embeddable":true,"href":"https:\/\/b2c.fairs.vn\/en\/wp-json\/wp\/v2\/comments?post=8610"}],"version-history":[{"count":0,"href":"https:\/\/b2c.fairs.vn\/en\/wp-json\/wp\/v2\/product\/8610\/revisions"}],"wp:featuredmedia":[{"embeddable":true,"href":"https:\/\/b2c.fairs.vn\/en\/wp-json\/wp\/v2\/media\/8611"}],"wp:attachment":[{"href":"https:\/\/b2c.fairs.vn\/en\/wp-json\/wp\/v2\/media?parent=8610"}],"wp:term":[{"taxonomy":"product_cat","embeddable":true,"href":"https:\/\/b2c.fairs.vn\/en\/wp-json\/wp\/v2\/product_cat?post=8610"},{"taxonomy":"product_tag","embeddable":true,"href":"https:\/\/b2c.fairs.vn\/en\/wp-json\/wp\/v2\/product_tag?post=8610"}],"curies":[{"name":"wp","href":"https:\/\/api.w.org\/{rel}","templated":true}]}}