{"id":8592,"date":"2024-03-25T23:32:45","date_gmt":"2024-03-25T16:32:45","guid":{"rendered":"https:\/\/b2c.fairs.vn\/?post_type=product&#038;p=8592"},"modified":"2024-04-19T13:22:46","modified_gmt":"2024-04-19T06:22:46","slug":"cao-dinh-lang-mai-thi-thuy-100g","status":"publish","type":"product","link":"https:\/\/b2c.fairs.vn\/en\/product\/cao-dinh-lang-mai-thi-thuy-100g\/","title":{"rendered":"Cao \u0110inh L\u0103ng Mai Th\u1ecb Th\u1ee7y 100g"},"content":{"rendered":"<p><strong>Xu\u1ea5t X\u1ee9:\u00a0<\/strong>L\u00e0ng Ngh\u1ec1 \u0110\u1ecbnh S\u01a1n-Cam Ngh\u0129a-Cam L\u1ed9-Qu\u1ea3ng Tr\u1ecb<\/p>\n<p><strong>Quy c\u00e1ch \u0111\u00f3ng g\u00f3i:<\/strong>\u00a0L\u1ecd th\u1ee7y tinh 100g<\/p>\n<p><strong>Th\u00e0nh ph\u1ea7n nguy\u00ean li\u1ec7u:<\/strong>\u00a0100% r\u1ec5 c\u00e2y \u0111inh l\u0103ng k\u1ebft h\u1ee3p v\u1edbi n\u01b0\u1edbc tinh khi\u1ebft \u0111\u01b0\u1ee3c c\u00f4 \u0111\u1eb7c theo c\u00f4ng th\u1ee9c gia truy\u1ec1n..<\/p>\n<p>C\u00f4ng d\u1ee5ng: Cao \u0111inh l\u0103ng \u0111\u01b0\u1ee3c chi\u1ebft xu\u1ea5t t\u1eeb nh\u1eefng g\u00ec tinh tu\u00fd nh\u1ea5t c\u1ee7a c\u00e2y \u0111inh l\u0103ng c\u00f3 t\u00e1c d\u1ee5ng gi\u1ea3i nhi\u1ec7t, b\u1ed3i b\u1ed5 c\u01a1 th\u1ec3, t\u0103ng c\u01b0\u1eddng sinh l\u1ef1c, t\u0103ng c\u01b0\u1eddng tr\u00ed nh\u1edb. Ngo\u00e0i ra, cao \u0111inh l\u0103ng c\u00f2n c\u00f3 t\u00e1c d\u1ee5ng k\u00edch th\u00edch tuy\u1ebfn s\u1eefa c\u1ee7a m\u1eb9 sau sinh, h\u1ed7 tr\u1ee3 \u0111i\u1ec1u tr\u1ecb \u0111au l\u01b0ng, m\u1ecfi g\u1ed1i, ch\u00e2n tay t\u00ea th\u1ea5p.<\/p>\n<div class=\"text_exposed_show\">\n<p>Ch\u00fa \u00fd: Kh\u00f4ng d\u00f9ng Cao \u0111inh l\u0103ng cho ph\u1ee5 n\u1eef \u0111ang mang thai v\u00e0 tr\u1ebb em d\u01b0\u1edbi 10 tu\u1ed5i.<\/p>\n<\/div>","protected":false},"excerpt":{"rendered":"<p>Xu\u1ea5t X\u1ee9:\u00a0L\u00e0ng Ngh\u1ec1 \u0110\u1ecbnh S\u01a1n-Cam Ngh\u0129a-Cam L\u1ed9-Qu\u1ea3ng Tr\u1ecb Quy c\u00e1ch \u0111\u00f3ng g\u00f3i:\u00a0L\u1ecd th\u1ee7y tinh 100g Th\u00e0nh ph\u1ea7n nguy\u00ean li\u1ec7u:\u00a0100% r\u1ec5<\/p>","protected":false},"featured_media":8600,"comment_status":"open","ping_status":"closed","template":"","meta":{"_acf_changed":false},"product_cat":[332,366,367,333],"product_tag":[],"class_list":{"0":"post-8592","1":"product","2":"type-product","3":"status-publish","4":"has-post-thumbnail","6":"product_cat-san-pham-duoc-lieu-va-san-pham-tu-duoc-lieu","7":"product_cat-hang-cnnt-cap-qg","8":"product_cat-hang-cnnt-cap-qg-2023","9":"product_cat-thuc-pham-chuc-nang-thuoc-duoc-lieu-thuoc-y-hoc-co-truyen","11":"first","12":"instock","13":"shipping-taxable","14":"purchasable","15":"product-type-simple"},"acf":[],"_links":{"self":[{"href":"https:\/\/b2c.fairs.vn\/en\/wp-json\/wp\/v2\/product\/8592","targetHints":{"allow":["GET"]}}],"collection":[{"href":"https:\/\/b2c.fairs.vn\/en\/wp-json\/wp\/v2\/product"}],"about":[{"href":"https:\/\/b2c.fairs.vn\/en\/wp-json\/wp\/v2\/types\/product"}],"replies":[{"embeddable":true,"href":"https:\/\/b2c.fairs.vn\/en\/wp-json\/wp\/v2\/comments?post=8592"}],"version-history":[{"count":0,"href":"https:\/\/b2c.fairs.vn\/en\/wp-json\/wp\/v2\/product\/8592\/revisions"}],"wp:featuredmedia":[{"embeddable":true,"href":"https:\/\/b2c.fairs.vn\/en\/wp-json\/wp\/v2\/media\/8600"}],"wp:attachment":[{"href":"https:\/\/b2c.fairs.vn\/en\/wp-json\/wp\/v2\/media?parent=8592"}],"wp:term":[{"taxonomy":"product_cat","embeddable":true,"href":"https:\/\/b2c.fairs.vn\/en\/wp-json\/wp\/v2\/product_cat?post=8592"},{"taxonomy":"product_tag","embeddable":true,"href":"https:\/\/b2c.fairs.vn\/en\/wp-json\/wp\/v2\/product_tag?post=8592"}],"curies":[{"name":"wp","href":"https:\/\/api.w.org\/{rel}","templated":true}]}}