{"id":8550,"date":"2024-03-25T23:09:59","date_gmt":"2024-03-25T16:09:59","guid":{"rendered":"https:\/\/b2c.fairs.vn\/?post_type=product&#038;p=8550"},"modified":"2024-04-19T13:22:30","modified_gmt":"2024-04-19T06:22:30","slug":"ca-phe-phin-giay","status":"publish","type":"product","link":"https:\/\/b2c.fairs.vn\/en\/product\/ca-phe-phin-giay\/","title":{"rendered":"C\u00e0 ph\u00ea phin gi\u1ea5y"},"content":{"rendered":"<p>C\u00e0 ph\u00ea phin gi\u1ea5y Drip coffee c\u1ee7a Pun Coffee\u00a0 \u0111\u01b0\u1ee3c \u0111\u00f3ng g\u00f3i \u00a0t\u1eeb nh\u1eefng h\u1ea1t c\u00e0 ph\u00ea\u00a0 \u0111\u01b0\u1ee3c ch\u1ee9ng nh\u1eadn \u0111\u1eb7c s\u1ea3n, k\u1ebft h\u1ee3p k\u1ef9 thu\u1eadt rang xay theo ch\u01b0\u01a1ng tr\u00ecnh \u0111\u00e0o t\u1ea1o c\u1ee7a Hi\u1ec7p h\u1ed9i c\u00e0 ph\u00ea \u0111\u1eb7c s\u1ea3n th\u1ebf gi\u1edbi SCA, c\u00e0 ph\u00ea phi gi\u1ea5y nh\u00e0 Pun Coffee mang phong v\u1ecb h\u01b0\u01a1ng th\u01a1m lu\u00f4n lu\u00f4n t\u01b0\u01a1i m\u1edbi, ng\u1ecdt h\u1eadu d\u00e0i, \u0111\u1eafng nh\u1eb9, chua thanh g\u00f3i g\u1ecdn l\u1ea1i trong g\u00f3i phin gi\u1ea5y 13 gam.\u00a0 B\u1ea1n c\u00f3 th\u1ec3 c\u1ea7m theo m\u1ed9t ly c\u00e0 ph\u00ea v\u1edbi nh\u1eefng gi\u1ecdt c\u00e0 ph\u00ea \u0111ang ch\u1ea3y t\u1eebng gi\u1ecdt \u0111\u1ebfn b\u1ea5t c\u1ee9 n\u01a1i n\u00e0o m\u00e0 b\u1ea1n mu\u1ed1n.<\/p>\n<p>V\u00e0 Pun Coffee mang \u0111\u1ebfn cho b\u1ea1n 2 s\u1ef1 l\u1ef1a ch\u1ecdn: 100% arabica &amp; blend gi\u1eefa arabica v\u00e0 robusta.<\/p>\n<p id=\"hmenuid2\"><strong>\u0110\u1eb7c \u0111i\u1ec3m n\u1ed5i b\u1eadt c\u1ee7a c\u00e0 ph\u00ea phin gi\u1ea5y so v\u1edbi c\u00e1c lo\u1ea1i kh\u00e1c<\/strong><\/p>\n<p><b>Ti\u1ebft ki\u1ec7m th\u1eddi gian:<\/b>\u00a0S\u1eed d\u1ee5ng c\u00e0 ph\u00ea phin gi\u1ea5y r\u1ea5t ti\u1ebft ki\u1ec7m th\u1eddi gian v\u00ec b\u1ea1n c\u00f3 th\u1ec3 v\u1eeba pha ch\u00fang v\u00e0 v\u1eeba mang ch\u00fang \u0111i kh\u1eafp n\u01a1i r\u1ed3i th\u01b0\u1edfng th\u1ee9c ch\u1ee9 kh\u00f4ng ph\u1ea3i ng\u1ed3i ch\u1edd c\u00e0 ph\u00ea pha xong m\u1edbi mang \u0111i \u0111\u01b0\u1ee3c.<\/p>\n<p><b>B\u1ea3o v\u1ec7 m\u00f4i tr\u01b0\u1eddng:<\/b>\u00a0Khi b\u1ea1n mua m\u1ed9t ly c\u00e0 ph\u00ea ven \u0111\u01b0\u1eddng l\u00fac \u0111i l\u00e0m, c\u00f3 th\u1ec3 b\u1ea1n s\u1ebd nh\u1eadn \u0111\u01b0\u1ee3c m\u1ed9t ly c\u00e0 ph\u00ea nh\u1ef1a, ho\u1eb7c khi pha c\u00e0 ph\u00ea g\u00f3i b\u1ea1n s\u1ebd x\u1ea3 nh\u1eefng g\u00f3i r\u00e1c ra l\u00e0m \u00f4 nhi\u1ec5m m\u00f4i tr\u01b0\u1eddng. V\u1edbi c\u00e0 ph\u00ea phin gi\u1ea5y b\u1ea1n s\u1ebd h\u1ea1n ch\u1ebf \u0111\u01b0\u1ee3c r\u1ea5t nhi\u1ec1u nh\u1ef1a, g\u00f3p ph\u1ea7n b\u1ea3o v\u1ec7 m\u00f4i tr\u01b0\u1eddng.<\/p>\n<p><b>T\u1ed1t cho s\u1ee9c kh\u1ecfe v\u00e0 tr\u00ed tu\u1ec7:<\/b>\u00a0H\u00e0m l\u01b0\u1ee3ng caffein v\u1eeba \u0111\u1ee7 \u0111\u1ec3 b\u1ea1n c\u00f3 th\u1ec3 t\u1eadn h\u01b0\u1edfng tr\u1ecdn v\u1eb9n h\u01b0\u01a1ng v\u1ecb v\u00e0 c\u00f3 m\u1ed9t tr\u00ed tu\u1ec7 minh m\u1eabn, nhi\u1ec1u \u00fd t\u01b0\u1edfng m\u1edbi sau khi u\u1ed1ng.<\/p>\n<p><b>Ti\u1ec7n l\u1ee3i, mang \u0111i \u0111\u01b0\u1ee3c nhi\u1ec1u n\u01a1i:<\/b>\u00a0Khi \u0111i du l\u1ecbch ho\u1eb7c c\u00f4ng t\u00e1c b\u1ea1n c\u0169ng c\u00f3 th\u1ec3 mang theo v\u00e0 th\u01b0\u1edfng th\u1ee9c tr\u1ecdn v\u1eb9n h\u01b0\u01a1ng v\u1ecb c\u00e0 ph\u00ea m\u00e0 m\u00ecnh y\u00eau th\u00edch.<\/p>\n<p><b>N\u00f3i kh\u00f4ng v\u1edbi h\u00f3a ch\u1ea5t:<\/b>\u00a0H\u00f3a ch\u1ea5t \u0111\u1ec3 t\u1ea1o m\u00e0u v\u00e0 ch\u1ea5t b\u1ea3o qu\u1ea3n s\u1ebd l\u00e0m \u1ea3nh h\u01b0\u1edfng \u0111\u1ebfn kh\u1ea9u v\u1ecb c\u1ee7a b\u1ea1n. C\u00e0 ph\u00ea phin gi\u1ea5y l\u00e0 c\u00e0 ph\u00ea rang xay nguy\u00ean ch\u1ea5t 100% v\u00e0 cam k\u1ebft n\u00f3i kh\u00f4ng v\u1edbi h\u00f3a ch\u1ea5t.<\/p>","protected":false},"excerpt":{"rendered":"<p>C\u00e0 ph\u00ea phin gi\u1ea5y Drip coffee c\u1ee7a Pun Coffee\u00a0 \u0111\u01b0\u1ee3c \u0111\u00f3ng g\u00f3i \u00a0t\u1eeb nh\u1eefng h\u1ea1t c\u00e0 ph\u00ea\u00a0 \u0111\u01b0\u1ee3c ch\u1ee9ng nh\u1eadn<\/p>","protected":false},"featured_media":8552,"comment_status":"open","ping_status":"closed","template":"","meta":{"_acf_changed":false},"product_cat":[324,366,367,22],"product_tag":[],"class_list":{"0":"post-8550","1":"product","2":"type-product","3":"status-publish","4":"has-post-thumbnail","6":"product_cat-ca-phe-ca-cao","7":"product_cat-hang-cnnt-cap-qg","8":"product_cat-hang-cnnt-cap-qg-2023","9":"product_cat-sanphamthucpham","11":"first","12":"instock","13":"shipping-taxable","14":"purchasable","15":"product-type-simple"},"acf":[],"_links":{"self":[{"href":"https:\/\/b2c.fairs.vn\/en\/wp-json\/wp\/v2\/product\/8550","targetHints":{"allow":["GET"]}}],"collection":[{"href":"https:\/\/b2c.fairs.vn\/en\/wp-json\/wp\/v2\/product"}],"about":[{"href":"https:\/\/b2c.fairs.vn\/en\/wp-json\/wp\/v2\/types\/product"}],"replies":[{"embeddable":true,"href":"https:\/\/b2c.fairs.vn\/en\/wp-json\/wp\/v2\/comments?post=8550"}],"version-history":[{"count":0,"href":"https:\/\/b2c.fairs.vn\/en\/wp-json\/wp\/v2\/product\/8550\/revisions"}],"wp:featuredmedia":[{"embeddable":true,"href":"https:\/\/b2c.fairs.vn\/en\/wp-json\/wp\/v2\/media\/8552"}],"wp:attachment":[{"href":"https:\/\/b2c.fairs.vn\/en\/wp-json\/wp\/v2\/media?parent=8550"}],"wp:term":[{"taxonomy":"product_cat","embeddable":true,"href":"https:\/\/b2c.fairs.vn\/en\/wp-json\/wp\/v2\/product_cat?post=8550"},{"taxonomy":"product_tag","embeddable":true,"href":"https:\/\/b2c.fairs.vn\/en\/wp-json\/wp\/v2\/product_tag?post=8550"}],"curies":[{"name":"wp","href":"https:\/\/api.w.org\/{rel}","templated":true}]}}