{"id":8532,"date":"2024-03-25T23:00:28","date_gmt":"2024-03-25T16:00:28","guid":{"rendered":"https:\/\/b2c.fairs.vn\/?post_type=product&#038;p=8532"},"modified":"2024-04-17T17:11:17","modified_gmt":"2024-04-17T10:11:17","slug":"bo-kho-thu-ba","status":"publish","type":"product","link":"https:\/\/b2c.fairs.vn\/en\/product\/bo-kho-thu-ba\/","title":{"rendered":"B\u00f2 kh\u00f4 mi\u1ebfng 500g Thu Ba"},"content":{"rendered":"<p><strong>B\u00f2 kh\u00f4 mi\u1ebfng<\/strong>\u00a0\u0111\u01b0\u1ee3c ch\u00fang t\u00f4i ch\u1ebf bi\u1ebfn v\u00e0 s\u1ea3n xu\u1ea5t theo c\u00f4ng th\u1ee9c gia truy\u1ec1n, cho ra nh\u1eefng mi\u1ebfng th\u1ecbt b\u00f2 kh\u00f4 th\u01a1m, ngon nh\u1ea5t khi s\u1eed d\u1ee5ng.<\/p>\n<p>Th\u1ecbt b\u00f2 kh\u00f4 mi\u1ebfng Thu Ba \u0111\u01b0\u1ee3c ch\u1ebf bi\u1ebfn chung v\u1edbi c\u00e1c lo\u1ea1i gia v\u1ecb nh\u01b0 t\u1ecfi L\u00fd S\u01a1n, s\u1ea3, \u1edbt \u2026 cho b\u1ea1n c\u1ea3m gi\u00e1c cay cay \u1edf \u0111\u1ea7u l\u01b0\u1ee1i, th\u01a1m m\u00f9i t\u1ecfi \u0111\u1eb7c bi\u1ec7t c\u1ee7a L\u00fd S\u01a1n v\u00e0 h\u01b0\u01a1ng v\u1ecb th\u1ecbt b\u00f2 ngon ng\u1ecdt s\u1ebd h\u00f2a quy\u1ec7n trong mi\u1ec7ng t\u1ea1o n\u00ean m\u1ed9t h\u01b0\u01a1ng v\u1ecb \u0111\u1eb7c bi\u1ec7t ngon.<\/p>\n<h2><strong>C\u00c1C TH\u00c0NH PH\u1ea6N C\u00d3 TRONG TH\u1ecaT B\u00d2 KH\u00d4 MI\u1ebeNG THU BA<\/strong><\/h2>\n<p>\u0110\u01b0\u1eddng RS, g\u1eebng, s\u00e3, \u1edbt, t\u1ecfi, b\u1ed9t ng\u1ecdt, mu\u1ed1i \u0103n.<\/p>\n<p>Th\u1ecbt b\u00f2 kh\u00f4 mi\u1ebfng c\u1ee7a Thu Ba s\u1ea3n xu\u1ea5t \u0111\u1ea3m b\u1ea3o ti\u00eau chu\u1ea9n v\u1ec1 an to\u00e0n v\u1ec7 sinh th\u1ef1c ph\u1ea9m v\u00e0 \u0111\u00f3ng g\u00f3i \u0111\u00fang v\u1edbi tr\u1ecdng l\u01b0\u1ee3ng c\u0169ng nh\u01b0 \u0111\u1ea3m b\u1ea3o v\u1edbi kh\u00e1ch h\u00e0ng\u00a0<strong>th\u1ecbt b\u00f2 kh\u00f4<\/strong>\u00a0100%, kh\u00f4ng pha tr\u1ed9n v\u1edbi b\u1ea5t k\u1ef3 lo\u1ea1i th\u1ecbt n\u00e0o kh\u00e1c.<\/p>\n<h2><strong>H\u01af\u1edaNG D\u1eaaN C\u00c1CH B\u1ea2O QU\u1ea2N TH\u1ecaT B\u00d2 KH\u00d4<\/strong><br \/>\n<strong>LU\u00d4N \u0110\u01af\u1ee2C TH\u01a0M NGON<\/strong><\/h2>\n<p>Th\u1ecbt b\u00f2 kh\u00f4 Thu Ba sau khi s\u1ea3n xu\u1ea5t \u0111\u00e3 \u0111\u01b0\u1ee3c \u0111\u00f3ng g\u00f3i r\u1ea5t k\u0129 c\u00f3 h\u1ea1n s\u1eed d\u1ee5ng trong th\u1eddi gian m\u1ed9t n\u0103m v\u1edbi \u0111i\u1ec1u ki\u1ec7n b\u1ea3o qu\u1ea3n n\u01a1i tho\u00e1ng m\u00e1t, v\u00e0 ch\u01b0a b\u00f3c bao b\u00ec, v\u00ec sau khi m\u1edf bao b\u00ec, th\u1ecbt b\u00f2 kh\u00f4 r\u1ea5t d\u1ec5 b\u1ecb c\u00e1c vi khu\u1ea9n hi\u1ebfu kh\u00ed c\u00f3 s\u1eb5n trong m\u00f4i tr\u01b0\u1eddng t\u1ea5n c\u00f4ng. B\u1ea3n th\u00e2n kh\u00f4 b\u00f2 v\u1eabn c\u00f2n \u0111\u1ed9 \u1ea9m, c\u00e1c vi khu\u1ea9n n\u1ea5m m\u1ed1c, b\u1ee5i b\u1eb7m c\u0169ng l\u00e0m cho th\u1ecbt b\u00f2 tr\u1edf n\u00ean d\u1ec5 h\u1ecfng h\u01a1n bao gi\u1edd h\u1ebft.<\/p>\n<p>Th\u00f4ng th\u01b0\u1eddng th\u1eddi h\u1ea1n s\u1eed d\u1ee5ng cho th\u1ecbt b\u00f2 kh\u00f4 sau khi ti\u1ebfp x\u00fac v\u1edbi m\u00f4i tr\u01b0\u1eddng l\u00e0 1 \u2013 5 th\u00e1ng t\u00f9y theo c\u00e1ch b\u1ea3o qu\u1ea3n c\u1ee7a ng\u01b0\u1eddi ti\u00eau d\u00f9ng. M\u00f4i tr\u01b0\u1eddng ti\u1ebfp x\u00fac c\u00e0ng \u1ea9m, c\u00e0ng nhi\u1ec1u vi khu\u1ea9n th\u00ec nguy c\u01a1 b\u1ecb h\u1ecfng, m\u1ed1c c\u00e0ng cao.<\/p>\n<p>C\u00e1ch b\u1ea3o qu\u1ea3n t\u1ed1t nh\u1ea5t l\u00e0\u00a0gi\u1eef th\u1ecbt n\u01a1i kh\u00f4 r\u00e1o, tr\u00e1nh \u00e1nh n\u1eafng tr\u1ef1c ti\u1ebfp v\u00e0 n\u00ean b\u1ea3o qu\u1ea3n l\u1ea1nh. Kh\u00f4ng n\u00ean m\u1edf bao b\u00ec, ho\u1eb7c kh\u00f4ng cho kh\u00f4ng kh\u00ed l\u1ecdt v\u00e0o b\u00ean trong.<\/p>\n<p>C\u00f2n n\u1ebfu s\u1eed d\u1ee5ng kh\u00f4ng h\u1ebft, b\u1ea1n n\u00ean t\u00ecm c\u00e1ch r\u00fat ch\u00e2n kh\u00f4ng l\u1ea1i th\u00ec t\u1ed1t h\u01a1n. Trong tr\u01b0\u1eddng h\u1ee3p b\u1ea1n kh\u00f4ng c\u00f3 s\u1eb5n m\u00e1y r\u00fat ch\u00e2n kh\u00f4ng \u1edf nh\u00e0 th\u00ec n\u00ean b\u1ecf v\u00e0o h\u1ed9p v\u00e0 \u0111\u00f3ng ch\u1eb7t, ho\u1eb7c b\u1ecf v\u00e0o b\u1ecdc ni-lon, \u00e9p h\u1ebft kh\u00f4ng kh\u00ed ra ngo\u00e0i r\u1ed3i b\u1ecf v\u00e0o ng\u0103n \u0111\u00e1 c\u1ee7a t\u1ee7 l\u1ea1nh \u0111\u1ec3 h\u1ea1n ch\u1ebf vi khu\u1ea9n t\u1ea5n c\u00f4ng.<\/p>\n<p><strong>ch\u00fa \u00fd:\u00a0<\/strong>C\u1ea7n c\u1ea3nh b\u00e1o b\u1ea1n r\u1eb1ng, th\u1ecbt c\u00e0ng \u0111\u1ec3 l\u00e2u th\u00ec \u0111\u1ed9 ngon s\u1ebd gi\u1ea3m, t\u1ed1t nh\u1ea5t l\u00e0 s\u1eed d\u1ee5ng h\u1ebft trong v\u00f2ng 1-2 th\u00e1ng. Ch\u1ec9 c\u00f3 c\u00e1ch r\u00fat ch\u00e2n kh\u00f4ng, s\u1ebd gi\u00fap b\u1ea1n gi\u1eef th\u1ecbt ngon l\u00e2u h\u01a1n, \u0111\u1ed9 ngon c\u00f3 th\u1ec3 k\u00e9o d\u00e0i \u0111\u01b0\u1ee3c t\u1edbi 4-5 th\u00e1ng. Trong tr\u01b0\u1eddng h\u1ee3p th\u1ea5y xu\u1ea5t hi\u1ec7n m\u1ed1c tr\u00ean b\u1ea5t c\u1ee9 mi\u1ebfng th\u1ecbt b\u00f2 kh\u00f4 n\u00e0o, t\u1ed1t nh\u1ea5t n\u00ean lo\u1ea1i b\u1ecf lu\u00f4n l\u1ed1c th\u1ecbt \u0111\u00f3 v\u00ec ch\u00fang \u0111\u00e3 b\u1ecb nhi\u1ec5m n\u1ea5m.<\/p>\n<h2><strong>H\u01af\u1edaNG D\u1eaaN S\u1eec D\u1ee4NG TH\u1ecaT B\u00d2 KH\u00d4<\/strong><\/h2>\n<h3><strong>S\u1eed d\u1ee5ng tr\u1ef1c ti\u1ebfp<\/strong><\/h3>\n<p>B\u1ea1n c\u00f3 th\u1ec3 m\u1edf bao b\u00ec v\u00e0 th\u01b0\u1edfng th\u1ee9c ngay l\u1eadp t\u1ee9c, \u0111\u1eebng qu\u00ean cho th\u00eam v\u00e0i gi\u1ecdt chanh l\u00ean mi\u1ebfng th\u1ecbt b\u00f2 kh\u00f4 nh\u00e9, n\u00f3 s\u1ebd l\u00e0m cho h\u01b0\u01a1ng v\u1ecb c\u1ee7a b\u00f2 kh\u00f4 ngon h\u01a1n \u0111\u1ea5y!<\/p>\n<h3><strong>S\u1eed d\u1ee5ng k\u1ebft h\u1ee3p v\u1edbi \u0111\u1ed3 u\u1ed1ng<\/strong><\/h3>\n<p>C\u00f2n g\u00ec tuy\u1ec7t v\u1eddi h\u01a1n khi ng\u1ed3i c\u00f9ng gia \u0111\u00ecnh, b\u1ea1n b\u00e8, nh\u00e2m nhi mi\u1ebfng b\u00f2 kh\u00f4 k\u1ebft h\u1ee3p v\u1edbi m\u1ed9t c\u1ed1c bia, ho\u1eb7c v\u00e0i ly r\u01b0\u1ee3u nh\u1ec9.<\/p>\n<h3><strong>S\u1eed d\u1ee5ng l\u00e0m nguy\u00ean li\u1ec7u \u0111\u1ec3 ch\u1ebf bi\u1ebfn v\u1edbi c\u00e1c lo\u1ea1i s\u1ea3n ph\u1ea9m kh\u00e1c<\/strong><\/h3>\n<p>Kh\u00f4ng bi\u1ebft b\u1ea1n \u0111\u00e3 t\u1eebng d\u00f9ng b\u00f2 kh\u00f4 l\u00e0m nguy\u00ean li\u1ec7u \u0111\u1ec3 ch\u1ebf bi\u1ebfn m\u00f3n \u0103n l\u1ea7n n\u00e0o ch\u01b0a nh\u1ec9, n\u1ebfu ch\u01b0a th\u00ec h\u00e3y th\u1eed ngay \u0111i nh\u00e9. B\u00f2 kh\u00f4 l\u00e0 m\u1ed9t trong nh\u1eefng lo\u1ea1i nguy\u00ean li\u1ec7u tuy\u1ec7t v\u1eddi kh\u00f4ng th\u1ec3 thi\u1ebfu \u0111\u1ec3 ch\u1ebf bi\u1ebfn m\u1ed9t s\u1ed1 m\u00f3n \u0103n nh\u01b0:<\/p>\n<ul>\n<li>N\u1ed9m b\u00f2 kh\u00f4 chua cay<\/li>\n<li>B\u00e1nh tr\u00e1ng tr\u1ed9n b\u00f2 kh\u00f4<\/li>\n<li>G\u1ecfi kh\u00f4 b\u00f2 tr\u1ee9 danh<\/li>\n<li>G\u1ecfi xo\u00e0i th\u1ecbt b\u00f2 kh\u00f4<\/li>\n<\/ul>","protected":false},"excerpt":{"rendered":"<p>B\u00f2 kh\u00f4 mi\u1ebfng\u00a0\u0111\u01b0\u1ee3c ch\u00fang t\u00f4i ch\u1ebf bi\u1ebfn v\u00e0 s\u1ea3n xu\u1ea5t theo c\u00f4ng th\u1ee9c gia truy\u1ec1n, cho ra nh\u1eefng mi\u1ebfng th\u1ecbt<\/p>","protected":false},"featured_media":8620,"comment_status":"open","ping_status":"closed","template":"","meta":{"_acf_changed":false},"product_cat":[317,366,367,22,313],"product_tag":[],"class_list":{"0":"post-8532","1":"product","2":"type-product","3":"status-publish","4":"has-post-thumbnail","6":"product_cat-che-bien-tu-thit-trung-sua-thuy-san-cac-san-pham-tu-mat-ong-mat-khac-va-nong-san-thuc-pham-khac","7":"product_cat-hang-cnnt-cap-qg","8":"product_cat-hang-cnnt-cap-qg-2023","9":"product_cat-sanphamthucpham","10":"product_cat-thuc-pham-che-bien","12":"first","13":"instock","14":"shipping-taxable","15":"purchasable","16":"product-type-simple"},"acf":[],"_links":{"self":[{"href":"https:\/\/b2c.fairs.vn\/en\/wp-json\/wp\/v2\/product\/8532","targetHints":{"allow":["GET"]}}],"collection":[{"href":"https:\/\/b2c.fairs.vn\/en\/wp-json\/wp\/v2\/product"}],"about":[{"href":"https:\/\/b2c.fairs.vn\/en\/wp-json\/wp\/v2\/types\/product"}],"replies":[{"embeddable":true,"href":"https:\/\/b2c.fairs.vn\/en\/wp-json\/wp\/v2\/comments?post=8532"}],"version-history":[{"count":0,"href":"https:\/\/b2c.fairs.vn\/en\/wp-json\/wp\/v2\/product\/8532\/revisions"}],"wp:featuredmedia":[{"embeddable":true,"href":"https:\/\/b2c.fairs.vn\/en\/wp-json\/wp\/v2\/media\/8620"}],"wp:attachment":[{"href":"https:\/\/b2c.fairs.vn\/en\/wp-json\/wp\/v2\/media?parent=8532"}],"wp:term":[{"taxonomy":"product_cat","embeddable":true,"href":"https:\/\/b2c.fairs.vn\/en\/wp-json\/wp\/v2\/product_cat?post=8532"},{"taxonomy":"product_tag","embeddable":true,"href":"https:\/\/b2c.fairs.vn\/en\/wp-json\/wp\/v2\/product_tag?post=8532"}],"curies":[{"name":"wp","href":"https:\/\/api.w.org\/{rel}","templated":true}]}}